{"id":1498,"date":"2019-03-03T08:57:18","date_gmt":"2019-03-03T07:57:18","guid":{"rendered":"http:\/\/demo.sparklewpthemes.com\/fitnessparkpro\/?page_id=1498"},"modified":"2019-12-26T15:39:53","modified_gmt":"2019-12-26T14:39:53","slug":"oman","status":"publish","type":"page","link":"http:\/\/sailing-palava.com\/en\/oman\/","title":{"rendered":"Soust\u0159ed\u011bn\u00ed v Omanu 2019"},"content":{"rendered":"<div style=\"height:51px\" aria-hidden=\"true\" class=\"wp-block-spacer\"><\/div>\n\n\n\n<div class=\"wp-block-columns has-2-columns is-layout-flex wp-container-core-columns-is-layout-9d6595d7 wp-block-columns-is-layout-flex\">\n<div class=\"wp-block-column is-layout-flow wp-block-column-is-layout-flow\">\n<figure><iframe width=\"800\" height=\"450\" src=\"https:\/\/www.youtube.com\/embed\/-nR_QkU9tmE\" allowfullscreen=\"\"><\/iframe><\/figure>\n<\/div>\n\n\n\n<div class=\"wp-block-column is-layout-flow wp-block-column-is-layout-flow\">\n<p>Klubov\u00ed \u010dleni na expedici v Om\u00e1nu. <\/p>\n<\/div>\n<\/div>","protected":false},"excerpt":{"rendered":"<p>Klubov\u00ed \u010dleni na expedici v Om\u00e1nu.<\/p>","protected":false},"author":1,"featured_media":2604,"parent":0,"menu_order":0,"comment_status":"closed","ping_status":"closed","template":"","meta":{"footnotes":""},"class_list":["post-1498","page","type-page","status-publish","has-post-thumbnail","hentry"],"_links":{"self":[{"href":"http:\/\/sailing-palava.com\/en\/wp-json\/wp\/v2\/pages\/1498","targetHints":{"allow":["GET"]}}],"collection":[{"href":"http:\/\/sailing-palava.com\/en\/wp-json\/wp\/v2\/pages"}],"about":[{"href":"http:\/\/sailing-palava.com\/en\/wp-json\/wp\/v2\/types\/page"}],"author":[{"embeddable":true,"href":"http:\/\/sailing-palava.com\/en\/wp-json\/wp\/v2\/users\/1"}],"replies":[{"embeddable":true,"href":"http:\/\/sailing-palava.com\/en\/wp-json\/wp\/v2\/comments?post=1498"}],"version-history":[{"count":15,"href":"http:\/\/sailing-palava.com\/en\/wp-json\/wp\/v2\/pages\/1498\/revisions"}],"predecessor-version":[{"id":2649,"href":"http:\/\/sailing-palava.com\/en\/wp-json\/wp\/v2\/pages\/1498\/revisions\/2649"}],"wp:featuredmedia":[{"embeddable":true,"href":"http:\/\/sailing-palava.com\/en\/wp-json\/wp\/v2\/media\/2604"}],"wp:attachment":[{"href":"http:\/\/sailing-palava.com\/en\/wp-json\/wp\/v2\/media?parent=1498"}],"curies":[{"name":"wp","href":"https:\/\/api.w.org\/{rel}","templated":true}]}}