{"id":1536,"date":"2019-03-04T04:33:46","date_gmt":"2019-03-04T03:33:46","guid":{"rendered":"http:\/\/demo.sparklewpthemes.com\/fitnessparkpro\/?page_id=1536"},"modified":"2025-11-03T13:48:18","modified_gmt":"2025-11-03T12:48:18","slug":"vojtech-koska","status":"publish","type":"page","link":"http:\/\/sailing-palava.com\/en\/vojtech-koska\/","title":{"rendered":"Vojt\u011bch Ko\u0161ka"},"content":{"rendered":"<div data-elementor-type=\"wp-page\" data-elementor-id=\"1536\" class=\"elementor elementor-1536\">\n\t\t\t\t\t\t<section class=\"elementor-section elementor-top-section elementor-element elementor-element-8c60c02 elementor-section-boxed elementor-section-height-default elementor-section-height-default\" data-id=\"8c60c02\" data-element_type=\"section\" data-e-type=\"section\">\n\t\t\t\t\t\t<div class=\"elementor-container elementor-column-gap-default\">\n\t\t\t\t\t<div class=\"elementor-column elementor-col-100 elementor-top-column elementor-element elementor-element-61672569\" data-id=\"61672569\" data-element_type=\"column\" data-e-type=\"column\">\n\t\t\t<div class=\"elementor-widget-wrap elementor-element-populated\">\n\t\t\t\t\t\t<div class=\"elementor-element elementor-element-30fde902 elementor-widget elementor-widget-text-editor\" data-id=\"30fde902\" data-element_type=\"widget\" data-e-type=\"widget\" data-widget_type=\"text-editor.default\">\n\t\t\t\t<div class=\"elementor-widget-container\">\n\t\t\t\t\t\t\t\t\t<p><\/p>\n<div class=\"wp-block-columns has-6-columns\" style=\"text-align: left;\">\n<div class=\"wp-block-column\">\n<h3>VOJT\u011aCH KO\u0160KA<\/h3>\n<p>\u00a0<\/p>\n<p><a href=\"https:\/\/www.facebook.com\/sailingpalava\"><img decoding=\"async\" class=\"alignleft wp-image-2409\" src=\"http:\/\/sailing-palava.com\/wp-content\/uploads\/2019\/10\/facebook-300x263.png\" alt=\"\" width=\"73\" height=\"64\" srcset=\"http:\/\/sailing-palava.com\/wp-content\/uploads\/2019\/10\/facebook-300x263.png 300w, http:\/\/sailing-palava.com\/wp-content\/uploads\/2019\/10\/facebook.png 701w\" sizes=\"(max-width: 73px) 100vw, 73px\" \/><\/a><\/p>\n<h3><a href=\"https:\/\/www.instagram.com\/vojtechkoska\/\"><img decoding=\"async\" class=\"alignleft wp-image-2406\" src=\"http:\/\/sailing-palava.com\/wp-content\/uploads\/2019\/10\/instagram-300x263.png\" alt=\"\" width=\"74\" height=\"65\" srcset=\"http:\/\/sailing-palava.com\/wp-content\/uploads\/2019\/10\/instagram-300x263.png 300w, http:\/\/sailing-palava.com\/wp-content\/uploads\/2019\/10\/instagram.png 701w\" sizes=\"(max-width: 74px) 100vw, 74px\" \/><\/a><\/h3>\n<h3>\u00a0<\/h3>\n<h3>\u00a0<\/h3>\n<h3><strong style=\"color: #000000; font-size: 15px; font-family: var( --e-global-typography-text-font-family ), Sans-serif;\">\u010clen: <span style=\"font-weight: 400;\">TJ Sailing P\u00e1lava, \u010cesk\u00fd svaz jachtingu, Olymp<\/span><\/strong><\/h3>\n<p><span style=\"color: #000000;\">Narozen: 2005<\/span><br \/><span style=\"color: #000000;\">Kiteboarding: od roku 2014<\/span><br \/><span style=\"color: #000000;\">Discipl\u00edna: Formula Kite<\/span><\/p>\n<p><span style=\"color: #000000;\"><strong>Nejv\u00fdznamn\u011bj\u0161\u00ed \u00fasp\u011bchy:<\/strong><\/span><\/p>\n<p><span style=\"color: #000000;\"><strong>Voda<\/strong><\/span><\/p>\n<p><span style=\"color: #000000;\">2025 <\/span><\/p>\n<ul>\n<li><span style=\"color: #000000;\">3. m\u00edsto Olympic Classes Regatta, Long Beach, USA<\/span><\/li>\n<li><span style=\"color: #000000;\">3. m\u00edsto MSJ Formula Kite U21, Praia da Vitoria, Azory, Portugalsko<\/span><\/li>\n<li><span style=\"color: #000000;\">3. m\u00edsto MEJ Formula Kite U21, Gizzeria, It\u00e1lie<\/span><\/li>\n<li><span style=\"color: #000000;\">6. m\u00edsto ME Formula Kite, Urla, Turecko<\/span><\/li>\n<li><span style=\"color: #000000;\">5. m\u00edsto Sv\u011btov\u00fd poh\u00e1r Formula Kite, Hyeres, Francie<\/span><\/li>\n<li><span style=\"color: #000000;\">7. m\u00edsto Sv\u011btov\u00fd poh\u00e1r Formula Kite, Mallorca<br \/><\/span><span style=\"color: #000000;\"><br \/>2024<br \/><\/span><\/li>\n<li><span style=\"color: #000000;\">4. m\u00edsto MSJ Formula Kite U21, Gizzeria, It\u00e1lie<\/span><\/li>\n<li><span style=\"color: #000000;\">6. m\u00edsto MEJ Formula Kite U21, Torre Grande, Sardinie<\/span><\/li>\n<li><span style=\"color: #000000;\">9. m\u00edsto Last Chance Regatta Formula Kite, Hyeres, Francie<\/span><\/li>\n<li><span style=\"color: #000000;\">25. m\u00edsto MS Formula Kite Hyeres, Francie \u2013 5. m\u00edsto U21<\/span><\/li>\n<li><span style=\"color: #000000;\">24. m\u00edsto ME Formula Kite, Los Alc\u00e1zares, \u0160pan\u011blsko<\/span><\/li>\n<li><span style=\"color: #000000;\">12. m\u00edsto sv\u011btov\u00fd poh\u00e1r Formula Kite Sardinie<\/span><\/li>\n<li><span style=\"color: #000000;\">17. m\u00edsto sv\u011btov\u00fd poh\u00e1r Formula Kite Mallorca<\/span>\n<p>\u00a0<\/p>\n<span style=\"color: #000000;\">2023 <\/span><\/li>\n<li><span style=\"color: #000000;\">7. m\u00edsto MSJ WS Buzios, Braz\u00edlie<\/span><\/li>\n<li><span style=\"color: #000000;\">3. m\u00edsto MEJ U21 Formula Kite, Sardinie, It\u00e1lie<\/span><\/li>\n<li><span style=\"color: #000000;\">9. m\u00edsto MSJ Formula Kite U21, Gizzeria, It\u00e1lie<\/span>\n<p>\u00a0<\/p>\n<span style=\"color: #000000;\">2022 <\/span><\/li>\n<li><span style=\"color: #000000;\">4. m\u00edsto The Haag<\/span><\/li>\n<li><span style=\"color: #000000;\">5. m\u00edsto <span style=\"font-weight: 400;\">Youth world championship Torre Grande Sardinia<\/span><\/span>\n<p>\u00a0<\/p>\n<span style=\"color: #000000;\">2021 <\/span><\/li>\n<li><span style=\"color: #000000;\"><span style=\"font-weight: 400;\">2. m\u00edsto (U19) Kite foil series Cagliari<\/span><\/span><\/li>\n<li><span style=\"color: #000000;\"><span style=\"font-weight: 400;\">1. m\u00edsto Greece champion<\/span><\/span>\n<p>\u00a0<\/p>\n<span style=\"color: #000000;\">2020 <\/span><\/li>\n<li><span style=\"color: #000000;\"><span style=\"font-weight: 400;\">2. m\u00edsto (Junior) Czech Foil race Lipno<\/span><\/span><\/li>\n<li><span style=\"color: #000000;\"><span style=\"font-weight: 400;\">1. m\u00edsto 4 mile race\u00a0 Podersdorf Games<\/span><\/span>\n<p>\u00a0<\/p>\n<span style=\"color: #000000;\">2019 <\/span><\/li>\n<li><span style=\"color: #000000;\"><span style=\"font-weight: 400;\">3. m\u00edsto Junior Slalom Multivan Kitesurf Masters<\/span><\/span><\/li>\n<\/ul>\n<p><span style=\"color: #000000;\"><strong>Jeho sen:<\/strong> Nominovat se na olympijsk\u00e9 hry 2028<\/span><br \/><span style=\"color: #000000;\"><strong>Vybaven\u00ed:<\/strong> OZONE, Mystic<\/span><br \/><span style=\"color: #000000;\"><strong>Z\u00e1jmy:<\/strong> surfing, wakeboarding, snowboarding, skateboarding, hudba,<\/span> <span style=\"color: #000000;\">kresba<\/span><br \/><span style=\"color: #000000;\"><strong>Dom\u00e1c\u00ed spot:<\/strong> MKB Mushow Kite Beach<\/span><br \/><span style=\"color: #000000;\"><strong>Obl\u00edben\u00fd spot:<\/strong> El Medano<\/span><\/p>\n<\/div>\n<\/div>\n<figure class=\"wp-block-gallery has-nested-images columns-default is-cropped\">\n<p>\u00a0<\/p>\n<figure class=\"wp-block-image\"><\/figure>\n<p><\/p>\n<\/figure>\n<p><!-- \/wp:gallery --><!-- wp:gallery {\"linkTo\":\"none\"} --><\/p>\n<figure class=\"wp-block-gallery has-nested-images columns-default is-cropped\"><!-- wp:image {\"id\":1899,\"linkDestination\":\"none\"} -->\n<p>\u00a0<\/p>\n<figure class=\"wp-block-image\"><\/figure>\n<p><!-- \/wp:image --><\/p>\n<\/figure>\n<p><!-- \/wp:gallery --><\/p>\t\t\t\t\t\t\t\t<\/div>\n\t\t\t\t<\/div>\n\t\t\t\t\t<\/div>\n\t\t<\/div>\n\t\t\t\t\t<\/div>\n\t\t<\/section>\n\t\t\t\t<\/div>","protected":false},"excerpt":{"rendered":"<p>\u00a0<\/p>","protected":false},"author":1,"featured_media":3612,"parent":0,"menu_order":0,"comment_status":"closed","ping_status":"closed","template":"","meta":{"footnotes":""},"class_list":["post-1536","page","type-page","status-publish","has-post-thumbnail","hentry"],"_links":{"self":[{"href":"http:\/\/sailing-palava.com\/en\/wp-json\/wp\/v2\/pages\/1536","targetHints":{"allow":["GET"]}}],"collection":[{"href":"http:\/\/sailing-palava.com\/en\/wp-json\/wp\/v2\/pages"}],"about":[{"href":"http:\/\/sailing-palava.com\/en\/wp-json\/wp\/v2\/types\/page"}],"author":[{"embeddable":true,"href":"http:\/\/sailing-palava.com\/en\/wp-json\/wp\/v2\/users\/1"}],"replies":[{"embeddable":true,"href":"http:\/\/sailing-palava.com\/en\/wp-json\/wp\/v2\/comments?post=1536"}],"version-history":[{"count":54,"href":"http:\/\/sailing-palava.com\/en\/wp-json\/wp\/v2\/pages\/1536\/revisions"}],"predecessor-version":[{"id":4252,"href":"http:\/\/sailing-palava.com\/en\/wp-json\/wp\/v2\/pages\/1536\/revisions\/4252"}],"wp:featuredmedia":[{"embeddable":true,"href":"http:\/\/sailing-palava.com\/en\/wp-json\/wp\/v2\/media\/3612"}],"wp:attachment":[{"href":"http:\/\/sailing-palava.com\/en\/wp-json\/wp\/v2\/media?parent=1536"}],"curies":[{"name":"wp","href":"https:\/\/api.w.org\/{rel}","templated":true}]}}