{"id":1842,"date":"2019-10-18T14:45:51","date_gmt":"2019-10-18T12:45:51","guid":{"rendered":"http:\/\/sailing-palava.com\/?page_id=1842"},"modified":"2025-07-20T17:01:47","modified_gmt":"2025-07-20T15:01:47","slug":"jeremy-burlando","status":"publish","type":"page","link":"http:\/\/sailing-palava.com\/en\/jeremy-burlando\/","title":{"rendered":"Jeremy Burlando"},"content":{"rendered":"<div data-elementor-type=\"wp-page\" data-elementor-id=\"1842\" class=\"elementor elementor-1842\">\n\t\t\t\t\t\t<section class=\"elementor-section elementor-top-section elementor-element elementor-element-4a86934c elementor-section-boxed elementor-section-height-default elementor-section-height-default\" data-id=\"4a86934c\" data-element_type=\"section\" data-e-type=\"section\">\n\t\t\t\t\t\t<div class=\"elementor-container elementor-column-gap-default\">\n\t\t\t\t\t<div class=\"elementor-column elementor-col-100 elementor-top-column elementor-element elementor-element-3389469b\" data-id=\"3389469b\" data-element_type=\"column\" data-e-type=\"column\">\n\t\t\t<div class=\"elementor-widget-wrap elementor-element-populated\">\n\t\t\t\t\t\t<div class=\"elementor-element elementor-element-60cc988f elementor-widget elementor-widget-text-editor\" data-id=\"60cc988f\" data-element_type=\"widget\" data-e-type=\"widget\" data-widget_type=\"text-editor.default\">\n\t\t\t\t<div class=\"elementor-widget-container\">\n\t\t\t\t\t\t\t\t\t\n<div class=\"wp-block-columns has-6-columns\">\n<div class=\"&quot;wp-block-column\u201c\">\n<h3>JEREMY BURLANDO<\/h3>\n<\/div>\n<\/div>\n<div class=\"wp-block-columns has-6-columns\">\n<div class=\"&quot;wp-block-column\u201c\">\n<figure class=\"wp-block-image is-resized\"><span style=\"color: #000000;\"><a style=\"color: #000000;\" href=\"https:\/\/www.facebook.com\/jeremyburlandokiter\/\"><img decoding=\"async\" class=\"alignnone wp-image-2409\" src=\"http:\/\/sailing-palava.com\/wp-content\/uploads\/2019\/10\/facebook-300x263.png\" alt=\"\" width=\"73\" height=\"64\" srcset=\"http:\/\/sailing-palava.com\/wp-content\/uploads\/2019\/10\/facebook-300x263.png 300w, http:\/\/sailing-palava.com\/wp-content\/uploads\/2019\/10\/facebook.png 701w\" sizes=\"(max-width: 73px) 100vw, 73px\" \/><img decoding=\"async\" class=\"alignnone wp-image-2406\" src=\"http:\/\/sailing-palava.com\/wp-content\/uploads\/2019\/10\/instagram-300x263.png\" alt=\"\" width=\"73\" height=\"64\" srcset=\"http:\/\/sailing-palava.com\/wp-content\/uploads\/2019\/10\/instagram-300x263.png 300w, http:\/\/sailing-palava.com\/wp-content\/uploads\/2019\/10\/instagram.png 701w\" sizes=\"(max-width: 73px) 100vw, 73px\" \/><\/a><\/span><a href=\"https:\/\/www.youtube.com\/channel\/UCfcMSfF2L0ELFTgix5-B2-g\" target=\"_blank\" rel=\"noreferrer noopener\"><img decoding=\"async\" class=\"wp-image-2418\" src=\"http:\/\/sailing-palava.com\/wp-content\/uploads\/2019\/10\/youtube.png\" alt=\"\" width=\"71\" height=\"72\" srcset=\"http:\/\/sailing-palava.com\/wp-content\/uploads\/2019\/10\/youtube-150x150.png 150w, http:\/\/sailing-palava.com\/wp-content\/uploads\/2019\/10\/youtube-500x500.png 500w\" sizes=\"(max-width: 71px) 100vw, 71px\" \/><\/a><\/figure>\n<\/div>\n<\/div>\n<p>\u00a0 \u00a0 \u00a0 \u00a0 \u00a0 \u00a0 \u00a0 \u00a0 \u00a0 \u00a0 \u00a0 \u00a0 \u00a0 \u00a0 \u00a0 \u00a0 \u00a0 \u00a0 \u00a0 \u00a0 \u00a0 \u00a0\u00a0<\/p>\n<figure class=\"wp-block-image\">\n<p style=\"text-align: left;\"><span style=\"color: #000000;\"><strong>Hostuj\u00edc\u00ed \u010dlen: <\/strong>TJ Sailing P\u00e1lava<\/span><\/p>\n<p style=\"text-align: left;\"><span style=\"color: #000000;\">Narozen: 2005<\/span><br \/><span style=\"color: #000000;\">Kiteboarding: od 9 let<\/span><br \/><span style=\"color: #000000;\">Discipl\u00edna: Kiteboarding freestyle<\/span><\/p>\n<p style=\"text-align: left;\"><span style=\"color: #000000;\"><strong>Nejv\u00fdznamn\u011bj\u0161\u00ed \u00fasp\u011bchy:<\/strong><\/span><\/p>\n<p style=\"text-align: left;\"><span style=\"color: #000000;\">2024<\/span><\/p>\n<ul style=\"text-align: left;\">\n<li><span style=\"color: #000000;\">WORLD CHAMPION BIG AIR, Grand Canaria<\/span><\/li>\n<\/ul>\n<p style=\"text-align: left;\"><span style=\"color: #000000;\">2023<\/span><\/p>\n<ul style=\"text-align: left;\">\n<li><span style=\"color: #000000;\">3. m\u00edsto Redbull King of the Air Ji\u017en\u00ed Afrika<\/span><\/li>\n<\/ul>\n<p style=\"text-align: left;\"><span style=\"color: #000000;\">2020<\/span><\/p>\n<ul style=\"text-align: left;\">\n<li><span style=\"color: #000000;\">2. m\u00edsto Podersdorf Surf Games &#8211; Freestyle<\/span>\n<p>\u00a0<\/p>\n<p><span style=\"color: #000000;\">2019<\/span><\/p>\n<\/li>\n<li><span style=\"color: #000000;\">1. m\u00edsto Junior Spain Kiteboarding League Tarifa<\/span><\/li>\n<li><span style=\"color: #000000;\">1. m\u00edsto Adult &amp; Junior Copa Open Air Battle Spain Champ<\/span><\/li>\n<li><span style=\"color: #000000;\">JUNIOR WORLD CHAMPION U16<\/span>\n<p>\u00a0<\/p>\n<p><span style=\"color: #000000;\">2018<\/span><\/p>\n<\/li>\n<li><span style=\"color: #000000;\">JUNIOR WORLD CHAMPION U14<\/span><\/li>\n<li><span style=\"color: #000000;\">1. m\u00edsto\u00a0Juniors Air Battle Gran Canaria<\/span><\/li>\n<li><span style=\"color: #000000;\">2. m\u00edsto\u00a0Adults Air Battle Gran Canaria<\/span><\/li>\n<li><span style=\"color: #000000;\">3. m\u00edsto\u00a0Full Power Balneario Tarifa<\/span>\n<p>\u00a0<\/p>\n<p><span style=\"color: #000000;\">2017<\/span><\/p>\n<\/li>\n<li><span style=\"color: #000000;\">WKL YOUTH WORLD CHAMPION U11<\/span><\/li>\n<\/ul>\n<p style=\"text-align: left;\"><span style=\"color: #000000;\"><strong>Jeho sen:<\/strong> To be champion \ud83d\ude42 \u00fa\u010dast na Red Bull King of The Year<\/span><br \/><span style=\"color: #000000;\"><strong>Vybaven\u00ed: <\/strong>Slingshot<\/span><br \/><span style=\"color: #000000;\"><strong>Z\u00e1jmy:<\/strong> surfing, skateboarding, fotbal (Inter Milan)<\/span><br \/><span style=\"color: #000000;\"><strong>Dom\u00e1c\u00ed spot:<\/strong> El Medano<\/span><br \/><span style=\"color: #000000;\"><strong>Obl\u00edben\u00fd spot:<\/strong> Soma Bay Egypt<\/span><\/p>\n<\/figure>\n\t\t\t\t\t\t\t\t<\/div>\n\t\t\t\t<\/div>\n\t\t\t\t\t<\/div>\n\t\t<\/div>\n\t\t\t\t\t<\/div>\n\t\t<\/section>\n\t\t\t\t<\/div>","protected":false},"excerpt":{"rendered":"","protected":false},"author":1,"featured_media":3757,"parent":0,"menu_order":0,"comment_status":"closed","ping_status":"closed","template":"","meta":{"footnotes":""},"class_list":["post-1842","page","type-page","status-publish","has-post-thumbnail","hentry"],"_links":{"self":[{"href":"http:\/\/sailing-palava.com\/en\/wp-json\/wp\/v2\/pages\/1842","targetHints":{"allow":["GET"]}}],"collection":[{"href":"http:\/\/sailing-palava.com\/en\/wp-json\/wp\/v2\/pages"}],"about":[{"href":"http:\/\/sailing-palava.com\/en\/wp-json\/wp\/v2\/types\/page"}],"author":[{"embeddable":true,"href":"http:\/\/sailing-palava.com\/en\/wp-json\/wp\/v2\/users\/1"}],"replies":[{"embeddable":true,"href":"http:\/\/sailing-palava.com\/en\/wp-json\/wp\/v2\/comments?post=1842"}],"version-history":[{"count":66,"href":"http:\/\/sailing-palava.com\/en\/wp-json\/wp\/v2\/pages\/1842\/revisions"}],"predecessor-version":[{"id":4510,"href":"http:\/\/sailing-palava.com\/en\/wp-json\/wp\/v2\/pages\/1842\/revisions\/4510"}],"wp:featuredmedia":[{"embeddable":true,"href":"http:\/\/sailing-palava.com\/en\/wp-json\/wp\/v2\/media\/3757"}],"wp:attachment":[{"href":"http:\/\/sailing-palava.com\/en\/wp-json\/wp\/v2\/media?parent=1842"}],"curies":[{"name":"wp","href":"https:\/\/api.w.org\/{rel}","templated":true}]}}