{"id":2640,"date":"2019-12-26T15:17:26","date_gmt":"2019-12-26T14:17:26","guid":{"rendered":"http:\/\/sailing-palava.com\/?page_id=2640"},"modified":"2025-11-26T11:18:50","modified_gmt":"2025-11-26T10:18:50","slug":"clenstvi","status":"publish","type":"page","link":"http:\/\/sailing-palava.com\/en\/clenstvi\/","title":{"rendered":"\u010cLENSTV\u00cd"},"content":{"rendered":"<div data-elementor-type=\"wp-page\" data-elementor-id=\"2640\" class=\"elementor elementor-2640\">\n\t\t\t\t\t\t<section class=\"elementor-section elementor-top-section elementor-element elementor-element-9bd7ad2 elementor-section-boxed elementor-section-height-default elementor-section-height-default\" data-id=\"9bd7ad2\" data-element_type=\"section\" data-e-type=\"section\">\n\t\t\t\t\t\t<div class=\"elementor-container elementor-column-gap-default\">\n\t\t\t\t\t<div class=\"elementor-column elementor-col-100 elementor-top-column elementor-element elementor-element-97149aa\" data-id=\"97149aa\" data-element_type=\"column\" data-e-type=\"column\">\n\t\t\t<div class=\"elementor-widget-wrap elementor-element-populated\">\n\t\t\t\t\t\t<div class=\"elementor-element elementor-element-36cc247 elementor-widget elementor-widget-heading\" data-id=\"36cc247\" data-element_type=\"widget\" data-e-type=\"widget\" data-widget_type=\"heading.default\">\n\t\t\t\t<div class=\"elementor-widget-container\">\n\t\t\t\t\t<h3 class=\"elementor-heading-title elementor-size-default\">Do you want to join the junior section of TJ Sailing P\u00e1lava?<\/h3>\t\t\t\t<\/div>\n\t\t\t\t<\/div>\n\t\t\t\t\t<\/div>\n\t\t<\/div>\n\t\t\t\t\t<\/div>\n\t\t<\/section>\n\t\t\t\t<section class=\"elementor-section elementor-top-section elementor-element elementor-element-4c39977 elementor-section-boxed elementor-section-height-default elementor-section-height-default\" data-id=\"4c39977\" data-element_type=\"section\" data-e-type=\"section\">\n\t\t\t\t\t\t<div class=\"elementor-container elementor-column-gap-default\">\n\t\t\t\t\t<div class=\"elementor-column elementor-col-100 elementor-top-column elementor-element elementor-element-e780cf8\" data-id=\"e780cf8\" data-element_type=\"column\" data-e-type=\"column\">\n\t\t\t<div class=\"elementor-widget-wrap elementor-element-populated\">\n\t\t\t\t\t\t<div class=\"elementor-element elementor-element-5a44071 elementor-widget elementor-widget-text-editor\" data-id=\"5a44071\" data-element_type=\"widget\" data-e-type=\"widget\" data-widget_type=\"text-editor.default\">\n\t\t\t\t<div class=\"elementor-widget-container\">\n\t\t\t\t\t\t\t\t\t<h3><b>Basic Membership<\/b><\/h3><p style=\"margin-bottom: 0cm;\"><strong><span style=\"text-decoration: underline;\">Membership benefits:<\/span><\/strong><\/p><ul><li><p style=\"margin-bottom: 0cm;\">Joint training sessions and training camp trips<\/p><\/li><li><p style=\"margin-bottom: 0cm;\">Entry fees paid for selected races (international and Czech Republic)<\/p><\/li><li><p style=\"margin-bottom: 0cm;\">covered training sessions with expert supervision from club and external coaches<\/p><\/li><li><p style=\"margin-bottom: 0cm;\">Hire of racing and non-racing equipment if needed and by arrangement<\/p><\/li><li><p style=\"margin-bottom: 0cm;\">Preparing for a racing career<\/p><\/li><li><p style=\"margin-bottom: 0cm;\">Further personal development and leadership in sports<\/p><\/li><\/ul><p style=\"margin-bottom: 0cm;\"><strong><span style=\"text-decoration: underline;\">Membership conditions:<\/span><\/strong><\/p><ul><li><p style=\"margin-bottom: 0cm;\">attendance at least twice a year at a joint training camp (with parents present for younger participants)<\/p><\/li><li><p style=\"margin-bottom: 0cm;\">age: 10\u201318 years<\/p><\/li><li><p style=\"margin-bottom: 0cm;\">add quarterly 10 photos where the logos of TJ Sailing P\u00e1lava z.s. partners will be visible.<\/p><ul><li><p style=\"margin-bottom: 0cm;\">in an email <a style=\"background-color: #ffffff; outline: 0px;\" href=\"mailto:ludmila@hulova.cz\">ludmila@hulova.cz<\/a><\/p><\/li><\/ul><\/li><li><p style=\"margin-bottom: 0cm;\">represent the TJ Sailing P\u00e1lava z.s. team (wear clothing at competitions with the TJ Sailing P\u00e1lava z.s. logo \u2013 you will receive it)<\/p><\/li><\/ul><p style=\"margin-bottom: 0cm;\"><strong><span style=\"text-decoration: underline;\">Finance<\/span><\/strong><\/p><ul><li><p style=\"margin-bottom: 0cm;\">The annual club membership fee is 5,000 CZK\/year.<\/p><\/li><li><p style=\"margin-bottom: 0cm;\">Is it paid for the whole year<\/p><\/li><li><p style=\"margin-bottom: 0cm;\">The amount will be sent to the account of TJ Sailing P\u00e1lava z.s.<\/p><ul><li><p style=\"margin-bottom: 0cm;\">Account number: 2364004319 \/ 0800<\/p><\/li><li><p style=\"margin-bottom: 0cm;\">Variable symbol: Member's birth registration number<\/p><\/li><\/ul><\/li><li><p style=\"margin-bottom: 0cm;\">expenditure above (see above) will be covered by the fund of TJ Sailing P\u00e1lava z.s.<\/p><\/li><\/ul><p style=\"margin-bottom: 0cm;\">In practice, this will mean that you will go on several joint training camps in the Czech Republic or abroad with other club members a few times a year, and possibly also for long weekends and competitions. You will cover all your own expenses for these events. The club's fund will cover the cost of the coach, equipment rental, and entry fees for selected races. You can also nominate yourself for the club's selection.<\/p><h3><span style=\"color: #00ccff;\">Do you want to be part of the most successful junior kitesurfing team in the Czech Republic?<\/span><\/h3>\t\t\t\t\t\t\t\t<\/div>\n\t\t\t\t<\/div>\n\t\t\t\t\t<\/div>\n\t\t<\/div>\n\t\t\t\t\t<\/div>\n\t\t<\/section>\n\t\t\t\t<section class=\"elementor-section elementor-top-section elementor-element elementor-element-1501c6c elementor-section-boxed elementor-section-height-default elementor-section-height-default\" data-id=\"1501c6c\" data-element_type=\"section\" data-e-type=\"section\">\n\t\t\t\t\t\t<div class=\"elementor-container elementor-column-gap-default\">\n\t\t\t\t\t<div class=\"elementor-column elementor-col-100 elementor-top-column elementor-element elementor-element-eddd7d2\" data-id=\"eddd7d2\" data-element_type=\"column\" data-e-type=\"column\">\n\t\t\t<div class=\"elementor-widget-wrap elementor-element-populated\">\n\t\t\t\t\t\t<div class=\"elementor-element elementor-element-3536cf9 elementor-widget elementor-widget-image\" data-id=\"3536cf9\" data-element_type=\"widget\" data-e-type=\"widget\" data-widget_type=\"image.default\">\n\t\t\t\t<div class=\"elementor-widget-container\">\n\t\t\t\t\t\t\t\t\t\t\t\t\t\t\t<img fetchpriority=\"high\" decoding=\"async\" width=\"1024\" height=\"407\" src=\"https:\/\/sailing-palava.com\/wp-content\/uploads\/2020\/01\/team_mikiny_2019.jpg\" class=\"attachment-fitness-park-slider size-fitness-park-slider wp-image-2709\" alt=\"\" srcset=\"https:\/\/sailing-palava.com\/wp-content\/uploads\/2020\/01\/team_mikiny_2019.jpg 1024w, https:\/\/sailing-palava.com\/wp-content\/uploads\/2020\/01\/team_mikiny_2019-300x119.jpg 300w, https:\/\/sailing-palava.com\/wp-content\/uploads\/2020\/01\/team_mikiny_2019-768x305.jpg 768w\" sizes=\"(max-width: 1024px) 100vw, 1024px\" \/>\t\t\t\t\t\t\t\t\t\t\t\t\t\t\t<\/div>\n\t\t\t\t<\/div>\n\t\t\t\t\t<\/div>\n\t\t<\/div>\n\t\t\t\t\t<\/div>\n\t\t<\/section>\n\t\t\t\t<section class=\"elementor-section elementor-top-section elementor-element elementor-element-49eb485 elementor-section-boxed elementor-section-height-default elementor-section-height-default\" data-id=\"49eb485\" data-element_type=\"section\" data-e-type=\"section\">\n\t\t\t\t\t\t<div class=\"elementor-container elementor-column-gap-default\">\n\t\t\t\t\t<div class=\"elementor-column elementor-col-100 elementor-top-column elementor-element elementor-element-a470259\" data-id=\"a470259\" data-element_type=\"column\" data-e-type=\"column\">\n\t\t\t<div class=\"elementor-widget-wrap elementor-element-populated\">\n\t\t\t\t\t\t<div class=\"elementor-element elementor-element-01d27f2 elementor-widget elementor-widget-text-editor\" data-id=\"01d27f2\" data-element_type=\"widget\" data-e-type=\"widget\" data-widget_type=\"text-editor.default\">\n\t\t\t\t<div class=\"elementor-widget-container\">\n\t\t\t\t\t\t\t\t\t<h3><b>Club selection<\/b><\/h3><p><strong><span style=\"text-decoration: underline;\">Membership benefits:<\/span><\/strong><\/p><ul><li><p>always partially or fully reimbursed travel expenses for the purpose of joint training sessions and training camps (approx. once a month)<\/p><\/li><li><p>covered travel, accommodation and entry fees for selected races (international and Czech Republic)<\/p><\/li><li><p>supervised training sessions with club and external trainers<\/p><\/li><li><p>Rental of racing and non-racing equipment if needed<\/p><\/li><li><p>Further personal development and leadership in sports<\/p><\/li><\/ul><p><strong><span style=\"text-decoration: underline;\">Discounted membership conditions:<\/span><\/strong><\/p><ul><li><p>attendance at training sessions and camps of the TJ Sailing P\u00e1lava z.s. selection (at least 70 % of all events)<\/p><\/li><li><p>participation in international and national competitions (at least 2 winter and 2 summer competitions)<\/p><\/li><li><p>visible progress in results<\/p><\/li><li><p>smooth sailing at school<\/p><\/li><\/ul><p><strong><span style=\"text-decoration: underline;\">Further membership conditions:<\/span><\/strong><\/p><ul><li><p>placement of advertising for TJ Sailing P\u00e1lava z.s. partners on visible surfaces (skis, boards, kiteboards, cars, etc.), stickers will be supplied<\/p><\/li><li><p>further unspecified partner promotion<\/p><\/li><li><p>add quarterly 10 photos where the logos of TJ Sailing P\u00e1lava z.s. partners will be visible.<\/p><ul><li><p>in an email <a href=\"mailto:ludmila@hulova.cz\">ludmila@hulova.cz<\/a><\/p><\/li><\/ul><\/li><li><p>represent the TJ Sailing P\u00e1lava z.s. team (wear clothing at competitions with the TJ Sailing P\u00e1lava z.s. logo \u2013 you will receive it)<\/p><\/li><\/ul>\t\t\t\t\t\t\t\t<\/div>\n\t\t\t\t<\/div>\n\t\t\t\t\t<\/div>\n\t\t<\/div>\n\t\t\t\t\t<\/div>\n\t\t<\/section>\n\t\t\t\t<\/div>","protected":false},"excerpt":{"rendered":"<p>Chce\u0161 se st\u00e1t \u010dlenem juniorsk\u00e9ho odd\u00edlu TJ Sailing P\u00e1lava? Z\u00e1kladn\u00ed \u010dlenstv\u00ed P\u0159\u00ednos \u010dlenstv\u00ed: spole\u010dn\u00e9 tr\u00e9ninky a v\u00fdjezdy na soust\u0159ed\u011bn\u00ed hrazen\u00e9 startovn\u00e9 na vybran\u00fdch z\u00e1vodech (mezin\u00e1rodn\u00ed i \u010cR) hrazen\u00e9 tr\u00e9ninky s odborn\u00fdm dohledem klubov\u00fdch i extern\u00edch tren\u00e9r\u016f zap\u016fj\u010den\u00ed z\u00e1vodn\u00edho i nez\u00e1vodn\u00edho vybaven\u00ed v p\u0159\u00edpad\u011b pot\u0159eby a po domluv\u011b p\u0159\u00edprava na z\u00e1vodn\u00ed kari\u00e9ru dal\u0161\u00ed osobn\u00ed rozvoj a&hellip;<\/p>","protected":false},"author":1,"featured_media":0,"parent":0,"menu_order":0,"comment_status":"closed","ping_status":"closed","template":"","meta":{"footnotes":""},"class_list":["post-2640","page","type-page","status-publish","hentry"],"_links":{"self":[{"href":"http:\/\/sailing-palava.com\/en\/wp-json\/wp\/v2\/pages\/2640","targetHints":{"allow":["GET"]}}],"collection":[{"href":"http:\/\/sailing-palava.com\/en\/wp-json\/wp\/v2\/pages"}],"about":[{"href":"http:\/\/sailing-palava.com\/en\/wp-json\/wp\/v2\/types\/page"}],"author":[{"embeddable":true,"href":"http:\/\/sailing-palava.com\/en\/wp-json\/wp\/v2\/users\/1"}],"replies":[{"embeddable":true,"href":"http:\/\/sailing-palava.com\/en\/wp-json\/wp\/v2\/comments?post=2640"}],"version-history":[{"count":24,"href":"http:\/\/sailing-palava.com\/en\/wp-json\/wp\/v2\/pages\/2640\/revisions"}],"predecessor-version":[{"id":4306,"href":"http:\/\/sailing-palava.com\/en\/wp-json\/wp\/v2\/pages\/2640\/revisions\/4306"}],"wp:attachment":[{"href":"http:\/\/sailing-palava.com\/en\/wp-json\/wp\/v2\/media?parent=2640"}],"curies":[{"name":"wp","href":"https:\/\/api.w.org\/{rel}","templated":true}]}}