{"id":2871,"date":"2020-10-26T09:45:41","date_gmt":"2020-10-26T08:45:41","guid":{"rendered":"http:\/\/sailing-palava.com\/?page_id=2871"},"modified":"2020-10-26T09:51:25","modified_gmt":"2020-10-26T08:51:25","slug":"soustredeni-fehmarn-07-2020","status":"publish","type":"page","link":"http:\/\/sailing-palava.com\/en\/soustredeni-fehmarn-07-2020\/","title":{"rendered":"Soust\u0159ed\u011bn\u00ed Fehmarn 07\/2020"},"content":{"rendered":"<div data-elementor-type=\"wp-page\" data-elementor-id=\"2871\" class=\"elementor elementor-2871\">\n\t\t\t\t\t\t<section class=\"elementor-section elementor-top-section elementor-element elementor-element-d6e7408 elementor-section-boxed elementor-section-height-default elementor-section-height-default\" data-id=\"d6e7408\" data-element_type=\"section\" data-e-type=\"section\">\n\t\t\t\t\t\t<div class=\"elementor-container elementor-column-gap-default\">\n\t\t\t\t\t<div class=\"elementor-column elementor-col-50 elementor-top-column elementor-element elementor-element-a5f3e8f\" data-id=\"a5f3e8f\" data-element_type=\"column\" data-e-type=\"column\">\n\t\t\t<div class=\"elementor-widget-wrap elementor-element-populated\">\n\t\t\t\t\t\t<div class=\"elementor-element elementor-element-ddeec48 elementor-widget elementor-widget-text-editor\" data-id=\"ddeec48\" data-element_type=\"widget\" data-e-type=\"widget\" data-widget_type=\"text-editor.default\">\n\t\t\t\t<div class=\"elementor-widget-container\">\n\t\t\t\t\t\t\t\t\t<p>V \u010dervenci jsme byli na t\u00fddenn\u00edm hydrofoiling soust\u0159ed\u011bn\u00ed na ostrov\u011b Fehmarn. Tr\u00e9novali jsme si j\u00edzdu na bojky, oto\u010dky protiv\u011btru i pov\u011btru. Kluci m\u011bli spoustu prostoru pro zlep\u0161ov\u00e1n\u00ed techniky a mnohokr\u00e1t se n\u00e1m hodil motorov\u00fd \u010dlun, kter\u00fd fungoval jako z\u00e1chrann\u00fd i pro \u00fa\u010dely rozvozu b\u00f3jek. V\u0161ichni zaznamenali obrovsk\u00fd v\u00fdkonnostn\u00ed skok za tento t\u00fdden a o to n\u00e1m \u0161lo p\u0159edev\u0161\u00edm. Spali jsme v kempu ve stanech a p\u0159es den obj\u00ed\u017ed\u011bli r\u016fzn\u00e1 m\u00edsta na ostrov\u011b k ter\u00e9ninku.<\/p>\t\t\t\t\t\t\t\t<\/div>\n\t\t\t\t<\/div>\n\t\t\t\t\t<\/div>\n\t\t<\/div>\n\t\t\t\t<div class=\"elementor-column elementor-col-50 elementor-top-column elementor-element elementor-element-32cb802\" data-id=\"32cb802\" data-element_type=\"column\" data-e-type=\"column\">\n\t\t\t<div class=\"elementor-widget-wrap elementor-element-populated\">\n\t\t\t\t\t\t<div class=\"elementor-element elementor-element-3078189 elementor-widget elementor-widget-image-gallery\" data-id=\"3078189\" data-element_type=\"widget\" data-e-type=\"widget\" data-widget_type=\"image-gallery.default\">\n\t\t\t\t<div class=\"elementor-widget-container\">\n\t\t\t\t\t\t\t<div class=\"elementor-image-gallery\">\n\t\t\t<div id='gallery-1' class='gallery galleryid-2871 gallery-columns-4 gallery-size-thumbnail'><figure class='gallery-item'>\n\t\t\t<div class='gallery-icon landscape'>\n\t\t\t\t<a data-elementor-open-lightbox=\"yes\" data-elementor-lightbox-slideshow=\"3078189\" data-elementor-lightbox-title=\"117771114_191131029095348_3496658246543812351_n\" data-e-action-hash=\"#elementor-action%3Aaction%3Dlightbox%26settings%3DeyJpZCI6MjgzNCwidXJsIjoiaHR0cDpcL1wvc2FpbGluZy1wYWxhdmEuY29tXC93cC1jb250ZW50XC91cGxvYWRzXC8yMDIwXC8xMFwvMTE3NzcxMTE0XzE5MTEzMTAyOTA5NTM0OF8zNDk2NjU4MjQ2NTQzODEyMzUxX24uanBnIiwic2xpZGVzaG93IjoiMzA3ODE4OSJ9\" href='http:\/\/sailing-palava.com\/wp-content\/uploads\/2020\/10\/117771114_191131029095348_3496658246543812351_n.jpg'><img decoding=\"async\" width=\"150\" height=\"150\" src=\"http:\/\/sailing-palava.com\/wp-content\/uploads\/2020\/10\/117771114_191131029095348_3496658246543812351_n-150x150.jpg\" class=\"attachment-thumbnail size-thumbnail\" alt=\"\" srcset=\"http:\/\/sailing-palava.com\/wp-content\/uploads\/2020\/10\/117771114_191131029095348_3496658246543812351_n-150x150.jpg 150w, http:\/\/sailing-palava.com\/wp-content\/uploads\/2020\/10\/117771114_191131029095348_3496658246543812351_n-500x500.jpg 500w\" sizes=\"(max-width: 150px) 100vw, 150px\" \/><\/a>\n\t\t\t<\/div><\/figure><figure class='gallery-item'>\n\t\t\t<div class='gallery-icon landscape'>\n\t\t\t\t<a data-elementor-open-lightbox=\"yes\" data-elementor-lightbox-slideshow=\"3078189\" data-elementor-lightbox-title=\"117769581_191130965762021_544708738371160209_n\" data-e-action-hash=\"#elementor-action%3Aaction%3Dlightbox%26settings%3DeyJpZCI6MjgzMywidXJsIjoiaHR0cDpcL1wvc2FpbGluZy1wYWxhdmEuY29tXC93cC1jb250ZW50XC91cGxvYWRzXC8yMDIwXC8xMFwvMTE3NzY5NTgxXzE5MTEzMDk2NTc2MjAyMV81NDQ3MDg3MzgzNzExNjAyMDlfbi5qcGciLCJzbGlkZXNob3ciOiIzMDc4MTg5In0%3D\" href='http:\/\/sailing-palava.com\/wp-content\/uploads\/2020\/10\/117769581_191130965762021_544708738371160209_n.jpg'><img decoding=\"async\" width=\"150\" height=\"150\" src=\"http:\/\/sailing-palava.com\/wp-content\/uploads\/2020\/10\/117769581_191130965762021_544708738371160209_n-150x150.jpg\" class=\"attachment-thumbnail size-thumbnail\" alt=\"\" srcset=\"http:\/\/sailing-palava.com\/wp-content\/uploads\/2020\/10\/117769581_191130965762021_544708738371160209_n-150x150.jpg 150w, http:\/\/sailing-palava.com\/wp-content\/uploads\/2020\/10\/117769581_191130965762021_544708738371160209_n-500x500.jpg 500w\" sizes=\"(max-width: 150px) 100vw, 150px\" \/><\/a>\n\t\t\t<\/div><\/figure><figure class='gallery-item'>\n\t\t\t<div class='gallery-icon landscape'>\n\t\t\t\t<a data-elementor-open-lightbox=\"yes\" data-elementor-lightbox-slideshow=\"3078189\" data-elementor-lightbox-title=\"117768724_191266032415181_5067469364943528491_n\" data-e-action-hash=\"#elementor-action%3Aaction%3Dlightbox%26settings%3DeyJpZCI6MjgzMiwidXJsIjoiaHR0cDpcL1wvc2FpbGluZy1wYWxhdmEuY29tXC93cC1jb250ZW50XC91cGxvYWRzXC8yMDIwXC8xMFwvMTE3NzY4NzI0XzE5MTI2NjAzMjQxNTE4MV81MDY3NDY5MzY0OTQzNTI4NDkxX24uanBnIiwic2xpZGVzaG93IjoiMzA3ODE4OSJ9\" href='http:\/\/sailing-palava.com\/wp-content\/uploads\/2020\/10\/117768724_191266032415181_5067469364943528491_n.jpg'><img decoding=\"async\" width=\"150\" height=\"150\" src=\"http:\/\/sailing-palava.com\/wp-content\/uploads\/2020\/10\/117768724_191266032415181_5067469364943528491_n-150x150.jpg\" class=\"attachment-thumbnail size-thumbnail\" alt=\"\" srcset=\"http:\/\/sailing-palava.com\/wp-content\/uploads\/2020\/10\/117768724_191266032415181_5067469364943528491_n-150x150.jpg 150w, http:\/\/sailing-palava.com\/wp-content\/uploads\/2020\/10\/117768724_191266032415181_5067469364943528491_n-500x500.jpg 500w\" sizes=\"(max-width: 150px) 100vw, 150px\" \/><\/a>\n\t\t\t<\/div><\/figure><figure class='gallery-item'>\n\t\t\t<div class='gallery-icon landscape'>\n\t\t\t\t<a data-elementor-open-lightbox=\"yes\" data-elementor-lightbox-slideshow=\"3078189\" data-elementor-lightbox-title=\"117718115_191265782415206_2251936322913184801_n\" data-e-action-hash=\"#elementor-action%3Aaction%3Dlightbox%26settings%3DeyJpZCI6MjgzMSwidXJsIjoiaHR0cDpcL1wvc2FpbGluZy1wYWxhdmEuY29tXC93cC1jb250ZW50XC91cGxvYWRzXC8yMDIwXC8xMFwvMTE3NzE4MTE1XzE5MTI2NTc4MjQxNTIwNl8yMjUxOTM2MzIyOTEzMTg0ODAxX24uanBnIiwic2xpZGVzaG93IjoiMzA3ODE4OSJ9\" href='http:\/\/sailing-palava.com\/wp-content\/uploads\/2020\/10\/117718115_191265782415206_2251936322913184801_n.jpg'><img loading=\"lazy\" decoding=\"async\" width=\"150\" height=\"150\" src=\"http:\/\/sailing-palava.com\/wp-content\/uploads\/2020\/10\/117718115_191265782415206_2251936322913184801_n-150x150.jpg\" class=\"attachment-thumbnail size-thumbnail\" alt=\"\" srcset=\"http:\/\/sailing-palava.com\/wp-content\/uploads\/2020\/10\/117718115_191265782415206_2251936322913184801_n-150x150.jpg 150w, http:\/\/sailing-palava.com\/wp-content\/uploads\/2020\/10\/117718115_191265782415206_2251936322913184801_n-500x500.jpg 500w\" sizes=\"(max-width: 150px) 100vw, 150px\" \/><\/a>\n\t\t\t<\/div><\/figure><figure class='gallery-item'>\n\t\t\t<div class='gallery-icon landscape'>\n\t\t\t\t<a data-elementor-open-lightbox=\"yes\" data-elementor-lightbox-slideshow=\"3078189\" data-elementor-lightbox-title=\"117700643_191130945762023_1785447934846203312_n\" data-e-action-hash=\"#elementor-action%3Aaction%3Dlightbox%26settings%3DeyJpZCI6MjgzMCwidXJsIjoiaHR0cDpcL1wvc2FpbGluZy1wYWxhdmEuY29tXC93cC1jb250ZW50XC91cGxvYWRzXC8yMDIwXC8xMFwvMTE3NzAwNjQzXzE5MTEzMDk0NTc2MjAyM18xNzg1NDQ3OTM0ODQ2MjAzMzEyX24uanBnIiwic2xpZGVzaG93IjoiMzA3ODE4OSJ9\" href='http:\/\/sailing-palava.com\/wp-content\/uploads\/2020\/10\/117700643_191130945762023_1785447934846203312_n.jpg'><img loading=\"lazy\" decoding=\"async\" width=\"150\" height=\"150\" src=\"http:\/\/sailing-palava.com\/wp-content\/uploads\/2020\/10\/117700643_191130945762023_1785447934846203312_n-150x150.jpg\" class=\"attachment-thumbnail size-thumbnail\" alt=\"\" srcset=\"http:\/\/sailing-palava.com\/wp-content\/uploads\/2020\/10\/117700643_191130945762023_1785447934846203312_n-150x150.jpg 150w, http:\/\/sailing-palava.com\/wp-content\/uploads\/2020\/10\/117700643_191130945762023_1785447934846203312_n-500x500.jpg 500w\" sizes=\"(max-width: 150px) 100vw, 150px\" \/><\/a>\n\t\t\t<\/div><\/figure><figure class='gallery-item'>\n\t\t\t<div class='gallery-icon landscape'>\n\t\t\t\t<a data-elementor-open-lightbox=\"yes\" data-elementor-lightbox-slideshow=\"3078189\" data-elementor-lightbox-title=\"117650363_191266009081850_2881036939134202426_n\" data-e-action-hash=\"#elementor-action%3Aaction%3Dlightbox%26settings%3DeyJpZCI6MjgyOSwidXJsIjoiaHR0cDpcL1wvc2FpbGluZy1wYWxhdmEuY29tXC93cC1jb250ZW50XC91cGxvYWRzXC8yMDIwXC8xMFwvMTE3NjUwMzYzXzE5MTI2NjAwOTA4MTg1MF8yODgxMDM2OTM5MTM0MjAyNDI2X24uanBnIiwic2xpZGVzaG93IjoiMzA3ODE4OSJ9\" href='http:\/\/sailing-palava.com\/wp-content\/uploads\/2020\/10\/117650363_191266009081850_2881036939134202426_n.jpg'><img loading=\"lazy\" decoding=\"async\" width=\"150\" height=\"150\" src=\"http:\/\/sailing-palava.com\/wp-content\/uploads\/2020\/10\/117650363_191266009081850_2881036939134202426_n-150x150.jpg\" class=\"attachment-thumbnail size-thumbnail\" alt=\"\" srcset=\"http:\/\/sailing-palava.com\/wp-content\/uploads\/2020\/10\/117650363_191266009081850_2881036939134202426_n-150x150.jpg 150w, http:\/\/sailing-palava.com\/wp-content\/uploads\/2020\/10\/117650363_191266009081850_2881036939134202426_n-500x500.jpg 500w\" sizes=\"(max-width: 150px) 100vw, 150px\" \/><\/a>\n\t\t\t<\/div><\/figure><figure class='gallery-item'>\n\t\t\t<div class='gallery-icon landscape'>\n\t\t\t\t<a data-elementor-open-lightbox=\"yes\" data-elementor-lightbox-slideshow=\"3078189\" data-elementor-lightbox-title=\"117648982_191131075762010_7868865855299416469_n\" data-e-action-hash=\"#elementor-action%3Aaction%3Dlightbox%26settings%3DeyJpZCI6MjgyOCwidXJsIjoiaHR0cDpcL1wvc2FpbGluZy1wYWxhdmEuY29tXC93cC1jb250ZW50XC91cGxvYWRzXC8yMDIwXC8xMFwvMTE3NjQ4OTgyXzE5MTEzMTA3NTc2MjAxMF83ODY4ODY1ODU1Mjk5NDE2NDY5X24uanBnIiwic2xpZGVzaG93IjoiMzA3ODE4OSJ9\" href='http:\/\/sailing-palava.com\/wp-content\/uploads\/2020\/10\/117648982_191131075762010_7868865855299416469_n.jpg'><img loading=\"lazy\" decoding=\"async\" width=\"150\" height=\"150\" src=\"http:\/\/sailing-palava.com\/wp-content\/uploads\/2020\/10\/117648982_191131075762010_7868865855299416469_n-150x150.jpg\" class=\"attachment-thumbnail size-thumbnail\" alt=\"\" srcset=\"http:\/\/sailing-palava.com\/wp-content\/uploads\/2020\/10\/117648982_191131075762010_7868865855299416469_n-150x150.jpg 150w, http:\/\/sailing-palava.com\/wp-content\/uploads\/2020\/10\/117648982_191131075762010_7868865855299416469_n-500x500.jpg 500w\" sizes=\"(max-width: 150px) 100vw, 150px\" \/><\/a>\n\t\t\t<\/div><\/figure><figure class='gallery-item'>\n\t\t\t<div class='gallery-icon portrait'>\n\t\t\t\t<a data-elementor-open-lightbox=\"yes\" data-elementor-lightbox-slideshow=\"3078189\" data-elementor-lightbox-title=\"117646273_191131112428673_9000058077352013050_n\" data-e-action-hash=\"#elementor-action%3Aaction%3Dlightbox%26settings%3DeyJpZCI6MjgyNywidXJsIjoiaHR0cDpcL1wvc2FpbGluZy1wYWxhdmEuY29tXC93cC1jb250ZW50XC91cGxvYWRzXC8yMDIwXC8xMFwvMTE3NjQ2MjczXzE5MTEzMTExMjQyODY3M185MDAwMDU4MDc3MzUyMDEzMDUwX24uanBnIiwic2xpZGVzaG93IjoiMzA3ODE4OSJ9\" href='http:\/\/sailing-palava.com\/wp-content\/uploads\/2020\/10\/117646273_191131112428673_9000058077352013050_n.jpg'><img loading=\"lazy\" decoding=\"async\" width=\"150\" height=\"150\" src=\"http:\/\/sailing-palava.com\/wp-content\/uploads\/2020\/10\/117646273_191131112428673_9000058077352013050_n-150x150.jpg\" class=\"attachment-thumbnail size-thumbnail\" alt=\"\" srcset=\"http:\/\/sailing-palava.com\/wp-content\/uploads\/2020\/10\/117646273_191131112428673_9000058077352013050_n-150x150.jpg 150w, http:\/\/sailing-palava.com\/wp-content\/uploads\/2020\/10\/117646273_191131112428673_9000058077352013050_n-500x500.jpg 500w\" sizes=\"(max-width: 150px) 100vw, 150px\" \/><\/a>\n\t\t\t<\/div><\/figure><figure class='gallery-item'>\n\t\t\t<div class='gallery-icon landscape'>\n\t\t\t\t<a data-elementor-open-lightbox=\"yes\" data-elementor-lightbox-slideshow=\"3078189\" data-elementor-lightbox-title=\"117632472_190813125793805_7890333999642324379_n\" data-e-action-hash=\"#elementor-action%3Aaction%3Dlightbox%26settings%3DeyJpZCI6MjgyNiwidXJsIjoiaHR0cDpcL1wvc2FpbGluZy1wYWxhdmEuY29tXC93cC1jb250ZW50XC91cGxvYWRzXC8yMDIwXC8xMFwvMTE3NjMyNDcyXzE5MDgxMzEyNTc5MzgwNV83ODkwMzMzOTk5NjQyMzI0Mzc5X24uanBnIiwic2xpZGVzaG93IjoiMzA3ODE4OSJ9\" href='http:\/\/sailing-palava.com\/wp-content\/uploads\/2020\/10\/117632472_190813125793805_7890333999642324379_n.jpg'><img loading=\"lazy\" decoding=\"async\" width=\"150\" height=\"150\" src=\"http:\/\/sailing-palava.com\/wp-content\/uploads\/2020\/10\/117632472_190813125793805_7890333999642324379_n-150x150.jpg\" class=\"attachment-thumbnail size-thumbnail\" alt=\"\" srcset=\"http:\/\/sailing-palava.com\/wp-content\/uploads\/2020\/10\/117632472_190813125793805_7890333999642324379_n-150x150.jpg 150w, http:\/\/sailing-palava.com\/wp-content\/uploads\/2020\/10\/117632472_190813125793805_7890333999642324379_n-500x500.jpg 500w\" sizes=\"(max-width: 150px) 100vw, 150px\" \/><\/a>\n\t\t\t<\/div><\/figure><figure class='gallery-item'>\n\t\t\t<div class='gallery-icon landscape'>\n\t\t\t\t<a data-elementor-open-lightbox=\"yes\" data-elementor-lightbox-slideshow=\"3078189\" data-elementor-lightbox-title=\"117611279_190812925793825_6108635056546897684_n\" data-e-action-hash=\"#elementor-action%3Aaction%3Dlightbox%26settings%3DeyJpZCI6MjgyNSwidXJsIjoiaHR0cDpcL1wvc2FpbGluZy1wYWxhdmEuY29tXC93cC1jb250ZW50XC91cGxvYWRzXC8yMDIwXC8xMFwvMTE3NjExMjc5XzE5MDgxMjkyNTc5MzgyNV82MTA4NjM1MDU2NTQ2ODk3Njg0X24uanBnIiwic2xpZGVzaG93IjoiMzA3ODE4OSJ9\" href='http:\/\/sailing-palava.com\/wp-content\/uploads\/2020\/10\/117611279_190812925793825_6108635056546897684_n.jpg'><img loading=\"lazy\" decoding=\"async\" width=\"150\" height=\"150\" src=\"http:\/\/sailing-palava.com\/wp-content\/uploads\/2020\/10\/117611279_190812925793825_6108635056546897684_n-150x150.jpg\" class=\"attachment-thumbnail size-thumbnail\" alt=\"\" srcset=\"http:\/\/sailing-palava.com\/wp-content\/uploads\/2020\/10\/117611279_190812925793825_6108635056546897684_n-150x150.jpg 150w, http:\/\/sailing-palava.com\/wp-content\/uploads\/2020\/10\/117611279_190812925793825_6108635056546897684_n-500x500.jpg 500w\" sizes=\"(max-width: 150px) 100vw, 150px\" \/><\/a>\n\t\t\t<\/div><\/figure><figure class='gallery-item'>\n\t\t\t<div class='gallery-icon landscape'>\n\t\t\t\t<a data-elementor-open-lightbox=\"yes\" data-elementor-lightbox-slideshow=\"3078189\" data-elementor-lightbox-title=\"117610133_190812805793837_7246670342550740888_n\" data-e-action-hash=\"#elementor-action%3Aaction%3Dlightbox%26settings%3DeyJpZCI6MjgyNCwidXJsIjoiaHR0cDpcL1wvc2FpbGluZy1wYWxhdmEuY29tXC93cC1jb250ZW50XC91cGxvYWRzXC8yMDIwXC8xMFwvMTE3NjEwMTMzXzE5MDgxMjgwNTc5MzgzN183MjQ2NjcwMzQyNTUwNzQwODg4X24uanBnIiwic2xpZGVzaG93IjoiMzA3ODE4OSJ9\" href='http:\/\/sailing-palava.com\/wp-content\/uploads\/2020\/10\/117610133_190812805793837_7246670342550740888_n.jpg'><img loading=\"lazy\" decoding=\"async\" width=\"150\" height=\"150\" src=\"http:\/\/sailing-palava.com\/wp-content\/uploads\/2020\/10\/117610133_190812805793837_7246670342550740888_n-150x150.jpg\" class=\"attachment-thumbnail size-thumbnail\" alt=\"\" srcset=\"http:\/\/sailing-palava.com\/wp-content\/uploads\/2020\/10\/117610133_190812805793837_7246670342550740888_n-150x150.jpg 150w, http:\/\/sailing-palava.com\/wp-content\/uploads\/2020\/10\/117610133_190812805793837_7246670342550740888_n-500x500.jpg 500w\" sizes=\"(max-width: 150px) 100vw, 150px\" \/><\/a>\n\t\t\t<\/div><\/figure><figure class='gallery-item'>\n\t\t\t<div class='gallery-icon landscape'>\n\t\t\t\t<a data-elementor-open-lightbox=\"yes\" data-elementor-lightbox-slideshow=\"3078189\" data-elementor-lightbox-title=\"117394779_191130985762019_98318032068981179_n\" data-e-action-hash=\"#elementor-action%3Aaction%3Dlightbox%26settings%3DeyJpZCI6MjgyMywidXJsIjoiaHR0cDpcL1wvc2FpbGluZy1wYWxhdmEuY29tXC93cC1jb250ZW50XC91cGxvYWRzXC8yMDIwXC8xMFwvMTE3Mzk0Nzc5XzE5MTEzMDk4NTc2MjAxOV85ODMxODAzMjA2ODk4MTE3OV9uLmpwZyIsInNsaWRlc2hvdyI6IjMwNzgxODkifQ%3D%3D\" href='http:\/\/sailing-palava.com\/wp-content\/uploads\/2020\/10\/117394779_191130985762019_98318032068981179_n.jpg'><img loading=\"lazy\" decoding=\"async\" width=\"150\" height=\"150\" src=\"http:\/\/sailing-palava.com\/wp-content\/uploads\/2020\/10\/117394779_191130985762019_98318032068981179_n-150x150.jpg\" class=\"attachment-thumbnail size-thumbnail\" alt=\"\" srcset=\"http:\/\/sailing-palava.com\/wp-content\/uploads\/2020\/10\/117394779_191130985762019_98318032068981179_n-150x150.jpg 150w, http:\/\/sailing-palava.com\/wp-content\/uploads\/2020\/10\/117394779_191130985762019_98318032068981179_n-500x500.jpg 500w\" sizes=\"(max-width: 150px) 100vw, 150px\" \/><\/a>\n\t\t\t<\/div><\/figure><figure class='gallery-item'>\n\t\t\t<div class='gallery-icon landscape'>\n\t\t\t\t<a data-elementor-open-lightbox=\"yes\" data-elementor-lightbox-slideshow=\"3078189\" data-elementor-lightbox-title=\"117354733_190812779127173_5147852573408360295_n\" data-e-action-hash=\"#elementor-action%3Aaction%3Dlightbox%26settings%3DeyJpZCI6MjgyMiwidXJsIjoiaHR0cDpcL1wvc2FpbGluZy1wYWxhdmEuY29tXC93cC1jb250ZW50XC91cGxvYWRzXC8yMDIwXC8xMFwvMTE3MzU0NzMzXzE5MDgxMjc3OTEyNzE3M181MTQ3ODUyNTczNDA4MzYwMjk1X24uanBnIiwic2xpZGVzaG93IjoiMzA3ODE4OSJ9\" href='http:\/\/sailing-palava.com\/wp-content\/uploads\/2020\/10\/117354733_190812779127173_5147852573408360295_n.jpg'><img loading=\"lazy\" decoding=\"async\" width=\"150\" height=\"150\" src=\"http:\/\/sailing-palava.com\/wp-content\/uploads\/2020\/10\/117354733_190812779127173_5147852573408360295_n-150x150.jpg\" class=\"attachment-thumbnail size-thumbnail\" alt=\"\" srcset=\"http:\/\/sailing-palava.com\/wp-content\/uploads\/2020\/10\/117354733_190812779127173_5147852573408360295_n-150x150.jpg 150w, http:\/\/sailing-palava.com\/wp-content\/uploads\/2020\/10\/117354733_190812779127173_5147852573408360295_n-500x500.jpg 500w\" sizes=\"(max-width: 150px) 100vw, 150px\" \/><\/a>\n\t\t\t<\/div><\/figure>\n\t\t<\/div>\n\t\t<\/div>\n\t\t\t\t\t\t<\/div>\n\t\t\t\t<\/div>\n\t\t\t\t\t<\/div>\n\t\t<\/div>\n\t\t\t\t\t<\/div>\n\t\t<\/section>\n\t\t\t\t<\/div>","protected":false},"excerpt":{"rendered":"<p>V \u010dervenci jsme byli na t\u00fddenn\u00edm hydrofoiling soust\u0159ed\u011bn\u00ed na ostrov\u011b Fehmarn. Tr\u00e9novali jsme si j\u00edzdu na bojky, oto\u010dky protiv\u011btru i pov\u011btru. Kluci m\u011bli spoustu prostoru pro zlep\u0161ov\u00e1n\u00ed techniky a mnohokr\u00e1t se n\u00e1m hodil motorov\u00fd \u010dlun, kter\u00fd fungoval jako z\u00e1chrann\u00fd i pro \u00fa\u010dely rozvozu b\u00f3jek. V\u0161ichni zaznamenali obrovsk\u00fd v\u00fdkonnostn\u00ed skok za tento t\u00fdden a o to&hellip;<\/p>","protected":false},"author":2,"featured_media":0,"parent":0,"menu_order":0,"comment_status":"closed","ping_status":"closed","template":"","meta":{"footnotes":""},"class_list":["post-2871","page","type-page","status-publish","hentry"],"_links":{"self":[{"href":"http:\/\/sailing-palava.com\/en\/wp-json\/wp\/v2\/pages\/2871","targetHints":{"allow":["GET"]}}],"collection":[{"href":"http:\/\/sailing-palava.com\/en\/wp-json\/wp\/v2\/pages"}],"about":[{"href":"http:\/\/sailing-palava.com\/en\/wp-json\/wp\/v2\/types\/page"}],"author":[{"embeddable":true,"href":"http:\/\/sailing-palava.com\/en\/wp-json\/wp\/v2\/users\/2"}],"replies":[{"embeddable":true,"href":"http:\/\/sailing-palava.com\/en\/wp-json\/wp\/v2\/comments?post=2871"}],"version-history":[{"count":2,"href":"http:\/\/sailing-palava.com\/en\/wp-json\/wp\/v2\/pages\/2871\/revisions"}],"predecessor-version":[{"id":2873,"href":"http:\/\/sailing-palava.com\/en\/wp-json\/wp\/v2\/pages\/2871\/revisions\/2873"}],"wp:attachment":[{"href":"http:\/\/sailing-palava.com\/en\/wp-json\/wp\/v2\/media?parent=2871"}],"curies":[{"name":"wp","href":"https:\/\/api.w.org\/{rel}","templated":true}]}}