{"id":2977,"date":"2022-09-26T20:23:30","date_gmt":"2022-09-26T18:23:30","guid":{"rendered":"http:\/\/sailing-palava.com\/?page_id=2977"},"modified":"2023-03-23T10:33:13","modified_gmt":"2023-03-23T09:33:13","slug":"malorka-trofeo-s-a-r-princesa-sofia-2022-04-2022","status":"publish","type":"page","link":"http:\/\/sailing-palava.com\/en\/malorka-trofeo-s-a-r-princesa-sofia-2022-04-2022\/","title":{"rendered":"Malorka &#8211; Trofeo S.A.R. Princesa Sof\u00eda 2022 04\/2022"},"content":{"rendered":"<div data-elementor-type=\"wp-page\" data-elementor-id=\"2977\" class=\"elementor elementor-2977\">\n\t\t\t\t\t\t<section class=\"elementor-section elementor-top-section elementor-element elementor-element-26c9bb5 elementor-section-boxed elementor-section-height-default elementor-section-height-default\" data-id=\"26c9bb5\" data-element_type=\"section\" data-e-type=\"section\">\n\t\t\t\t\t\t<div class=\"elementor-container elementor-column-gap-default\">\n\t\t\t\t\t<div class=\"elementor-column elementor-col-50 elementor-top-column elementor-element elementor-element-ad41094\" data-id=\"ad41094\" data-element_type=\"column\" data-e-type=\"column\">\n\t\t\t<div class=\"elementor-widget-wrap elementor-element-populated\">\n\t\t\t\t\t\t<div class=\"elementor-element elementor-element-54cea8a elementor-widget elementor-widget-text-editor\" data-id=\"54cea8a\" data-element_type=\"widget\" data-e-type=\"widget\" data-widget_type=\"text-editor.default\">\n\t\t\t\t<div class=\"elementor-widget-container\">\n\t\t\t\t\t\t\t\t\t<div dir=\"auto\" style=\"font-family: inherit; animation-name: none!important; transition-property: none!important;\"><span style=\"background-color: transparent; font-family: inherit;\">51. ro\u010dn\u00edk z\u00e1vodu Trofeo S.A.R. Princesa Sof\u00eda na Mallorce se konalo za\u010d\u00e1tkem dubna 2022 pod vlajkou World Sailing. Z\u00e1vodu se \u00fa\u010dastnilo p\u0159es tis\u00edc jachta\u0159\u016f ze 62 zem\u00ed z\u00e1vod\u00edc\u00edch na 800 lod\u00edch nebo prknech, zde poprv\u00e9 v akci i zcela nov\u011b foiluj\u00edc\u00ed olympijsk\u00e9 kategorie ( lod\u011b, windsurf i kite ). Za \u010cR n\u00e1s zde startovalo celkem 10, z toho 3 kite\u0159i.<\/span><\/div><div dir=\"auto\" style=\"font-family: inherit; animation-name: none!important; transition-property: none!important;\"><span style=\"background-color: transparent; font-family: inherit;\">Monika \u017di\u017elavsk\u00e1, Vojta Ko\u0161ka a Jindra Hou\u0161t\u011bk, se museli poprat t\u00e9m\u011b\u0159 s kompletn\u00ed sv\u011btovou \u0161pi\u010dkou, celkem bylo na startu 79 z\u00e1vodn\u00edk\u016f a 38 z\u00e1vodnic. Podm\u00ednky zde na Mallorce nebyli v\u016fbec jednoduch\u00e9. Prakticky \u0161lo o prvn\u00ed z\u00e1vod sezony pro v\u011bt\u0161inu z\u00e1vodn\u00edk\u016f a po\u010das\u00ed se s n\u00e1mi nemazlilo. V\u011bt\u0161inu dn\u00ed tr\u00e9ninku bylo pod mrakem, v\u00edtr nestabiln\u00ed a velmi \u010dasto off shore, teploty nep\u0159ekra\u010dovaly 15stup\u0148\u016f. V podobn\u00e9m duchu se odehr\u00e1valy i prvn\u00ed dva dny z\u00e1vod\u016f: d\u00e9s\u0165, mraky, off shore v\u00edtr, vlny. V druh\u00e9 polovin\u011b z\u00e1vodn\u00edch dn\u016f u\u017e se na n\u00e1s usm\u00e1lo slunce, v\u00edtr se umoud\u0159il aspo\u0148 co se sm\u011br\u016f t\u00fd\u010de na side on. P\u0159esto si s n\u00e1mi v\u00edtr nad\u00e1le zahr\u00e1val, co se t\u00fd\u010de jeho s\u00edly, navzdory p\u0159edpov\u011bdi se velmi \u010dasto s\u00edla v\u011btru m\u011bnila v cel\u00e9 z\u00e1toce a na pl\u00e1\u017ei bylo ob\u010das nelehk\u00e9 se rozhodnout, s \u010d\u00edm \u010dlov\u011bk na z\u00e1vodn\u00ed tra\u0165 vyjede. Navzdory t\u011bmto \u00fatrap\u00e1m se Vojtovi poda\u0159ilo v druh\u00e9 polovin\u011b z\u00e1vod\u016f dr\u017eet na \u010dele st\u0159\u00edbrn\u00e9ho fleetu a celkov\u011b si vyjet kr\u00e1sn\u00e9 41.m\u00edsto ( Jindra Hou\u0161t\u011bk 55.). Mon\u010da bojovala s t\u011b\u017ek\u00fdmi podm\u00ednkami jak dra\u010dice, s ka\u017ed\u00fdm z\u00e1vodem sb\u00edrala nov\u00e9 zku\u0161enosti a nakonec si p\u0159ipsala body za 36.m\u00edsto. P\u0159\u00ed\u0161t\u00ed z\u00e1vody n\u00e1s \u010dekaj\u00ed za cca 14 dn\u00ed, ttak\u017ee jen lehce dopln\u00edme s\u00edly a vzh\u016fru do Francie.<\/span><\/div>\t\t\t\t\t\t\t\t<\/div>\n\t\t\t\t<\/div>\n\t\t\t\t<div class=\"elementor-element elementor-element-02e31ba elementor-widget elementor-widget-text-editor\" data-id=\"02e31ba\" data-element_type=\"widget\" data-e-type=\"widget\" data-widget_type=\"text-editor.default\">\n\t\t\t\t<div class=\"elementor-widget-container\">\n\t\t\t\t\t\t\t\t\t<p><a href=\"https:\/\/www.trofeoprincesasofia.org\/en\/default\/races\/race-resultsall\" target=\"_blank\" rel=\"noopener\">Results HERE<\/a><\/p>\t\t\t\t\t\t\t\t<\/div>\n\t\t\t\t<\/div>\n\t\t\t\t\t<\/div>\n\t\t<\/div>\n\t\t\t\t<div class=\"elementor-column elementor-col-50 elementor-top-column elementor-element elementor-element-20f5c56\" data-id=\"20f5c56\" data-element_type=\"column\" data-e-type=\"column\">\n\t\t\t<div class=\"elementor-widget-wrap elementor-element-populated\">\n\t\t\t\t\t\t<div class=\"elementor-element elementor-element-ab6775c elementor-widget elementor-widget-image-gallery\" data-id=\"ab6775c\" data-element_type=\"widget\" data-e-type=\"widget\" data-widget_type=\"image-gallery.default\">\n\t\t\t\t<div class=\"elementor-widget-container\">\n\t\t\t\t\t\t\t<div class=\"elementor-image-gallery\">\n\t\t\t<div id='gallery-1' class='gallery galleryid-2977 gallery-columns-4 gallery-size-thumbnail'><figure class='gallery-item'>\n\t\t\t<div class='gallery-icon landscape'>\n\t\t\t\t<a data-elementor-open-lightbox=\"yes\" data-elementor-lightbox-slideshow=\"ab6775c\" data-elementor-lightbox-title=\"0EB7A819-6DBC-4014-91AC-7A5B9EB9BFAE\" data-e-action-hash=\"#elementor-action%3Aaction%3Dlightbox%26settings%3DeyJpZCI6Mjk3OSwidXJsIjoiaHR0cDpcL1wvc2FpbGluZy1wYWxhdmEuY29tXC93cC1jb250ZW50XC91cGxvYWRzXC8yMDIyXC8wOVwvMEVCN0E4MTktNkRCQy00MDE0LTkxQUMtN0E1QjlFQjlCRkFFLmpwZWciLCJzbGlkZXNob3ciOiJhYjY3NzVjIn0%3D\" href='http:\/\/sailing-palava.com\/wp-content\/uploads\/2022\/09\/0EB7A819-6DBC-4014-91AC-7A5B9EB9BFAE.jpeg'><img decoding=\"async\" width=\"150\" height=\"150\" src=\"http:\/\/sailing-palava.com\/wp-content\/uploads\/2022\/09\/0EB7A819-6DBC-4014-91AC-7A5B9EB9BFAE-150x150.jpeg\" class=\"attachment-thumbnail size-thumbnail\" alt=\"\" srcset=\"http:\/\/sailing-palava.com\/wp-content\/uploads\/2022\/09\/0EB7A819-6DBC-4014-91AC-7A5B9EB9BFAE-150x150.jpeg 150w, http:\/\/sailing-palava.com\/wp-content\/uploads\/2022\/09\/0EB7A819-6DBC-4014-91AC-7A5B9EB9BFAE-500x500.jpeg 500w\" sizes=\"(max-width: 150px) 100vw, 150px\" \/><\/a>\n\t\t\t<\/div><\/figure><figure class='gallery-item'>\n\t\t\t<div class='gallery-icon landscape'>\n\t\t\t\t<a data-elementor-open-lightbox=\"yes\" data-elementor-lightbox-slideshow=\"ab6775c\" data-elementor-lightbox-title=\"8F6204EF-568E-4FD2-8165-C84733C606FD\" data-e-action-hash=\"#elementor-action%3Aaction%3Dlightbox%26settings%3DeyJpZCI6Mjk4MCwidXJsIjoiaHR0cDpcL1wvc2FpbGluZy1wYWxhdmEuY29tXC93cC1jb250ZW50XC91cGxvYWRzXC8yMDIyXC8wOVwvOEY2MjA0RUYtNTY4RS00RkQyLTgxNjUtQzg0NzMzQzYwNkZELmpwZWciLCJzbGlkZXNob3ciOiJhYjY3NzVjIn0%3D\" href='http:\/\/sailing-palava.com\/wp-content\/uploads\/2022\/09\/8F6204EF-568E-4FD2-8165-C84733C606FD.jpeg'><img decoding=\"async\" width=\"150\" height=\"150\" src=\"http:\/\/sailing-palava.com\/wp-content\/uploads\/2022\/09\/8F6204EF-568E-4FD2-8165-C84733C606FD-150x150.jpeg\" class=\"attachment-thumbnail size-thumbnail\" alt=\"\" srcset=\"http:\/\/sailing-palava.com\/wp-content\/uploads\/2022\/09\/8F6204EF-568E-4FD2-8165-C84733C606FD-150x150.jpeg 150w, http:\/\/sailing-palava.com\/wp-content\/uploads\/2022\/09\/8F6204EF-568E-4FD2-8165-C84733C606FD-500x500.jpeg 500w\" sizes=\"(max-width: 150px) 100vw, 150px\" \/><\/a>\n\t\t\t<\/div><\/figure><figure class='gallery-item'>\n\t\t\t<div class='gallery-icon landscape'>\n\t\t\t\t<a data-elementor-open-lightbox=\"yes\" data-elementor-lightbox-slideshow=\"ab6775c\" data-elementor-lightbox-title=\"9E2EF6B6-F3CA-49DC-B61F-593CFC3F65AC\" data-e-action-hash=\"#elementor-action%3Aaction%3Dlightbox%26settings%3DeyJpZCI6Mjk4MSwidXJsIjoiaHR0cDpcL1wvc2FpbGluZy1wYWxhdmEuY29tXC93cC1jb250ZW50XC91cGxvYWRzXC8yMDIyXC8wOVwvOUUyRUY2QjYtRjNDQS00OURDLUI2MUYtNTkzQ0ZDM0Y2NUFDLmpwZWciLCJzbGlkZXNob3ciOiJhYjY3NzVjIn0%3D\" href='http:\/\/sailing-palava.com\/wp-content\/uploads\/2022\/09\/9E2EF6B6-F3CA-49DC-B61F-593CFC3F65AC.jpeg'><img decoding=\"async\" width=\"150\" height=\"150\" src=\"http:\/\/sailing-palava.com\/wp-content\/uploads\/2022\/09\/9E2EF6B6-F3CA-49DC-B61F-593CFC3F65AC-150x150.jpeg\" class=\"attachment-thumbnail size-thumbnail\" alt=\"\" srcset=\"http:\/\/sailing-palava.com\/wp-content\/uploads\/2022\/09\/9E2EF6B6-F3CA-49DC-B61F-593CFC3F65AC-150x150.jpeg 150w, http:\/\/sailing-palava.com\/wp-content\/uploads\/2022\/09\/9E2EF6B6-F3CA-49DC-B61F-593CFC3F65AC-500x500.jpeg 500w\" sizes=\"(max-width: 150px) 100vw, 150px\" \/><\/a>\n\t\t\t<\/div><\/figure><figure class='gallery-item'>\n\t\t\t<div class='gallery-icon landscape'>\n\t\t\t\t<a data-elementor-open-lightbox=\"yes\" data-elementor-lightbox-slideshow=\"ab6775c\" data-elementor-lightbox-title=\"25633E38-042A-4A6D-9C75-A691B653E201\" data-e-action-hash=\"#elementor-action%3Aaction%3Dlightbox%26settings%3DeyJpZCI6Mjk4MiwidXJsIjoiaHR0cDpcL1wvc2FpbGluZy1wYWxhdmEuY29tXC93cC1jb250ZW50XC91cGxvYWRzXC8yMDIyXC8wOVwvMjU2MzNFMzgtMDQyQS00QTZELTlDNzUtQTY5MUI2NTNFMjAxLmpwZWciLCJzbGlkZXNob3ciOiJhYjY3NzVjIn0%3D\" href='http:\/\/sailing-palava.com\/wp-content\/uploads\/2022\/09\/25633E38-042A-4A6D-9C75-A691B653E201.jpeg'><img loading=\"lazy\" decoding=\"async\" width=\"150\" height=\"150\" src=\"http:\/\/sailing-palava.com\/wp-content\/uploads\/2022\/09\/25633E38-042A-4A6D-9C75-A691B653E201-150x150.jpeg\" class=\"attachment-thumbnail size-thumbnail\" alt=\"\" srcset=\"http:\/\/sailing-palava.com\/wp-content\/uploads\/2022\/09\/25633E38-042A-4A6D-9C75-A691B653E201-150x150.jpeg 150w, http:\/\/sailing-palava.com\/wp-content\/uploads\/2022\/09\/25633E38-042A-4A6D-9C75-A691B653E201-500x500.jpeg 500w\" sizes=\"(max-width: 150px) 100vw, 150px\" \/><\/a>\n\t\t\t<\/div><\/figure><figure class='gallery-item'>\n\t\t\t<div class='gallery-icon landscape'>\n\t\t\t\t<a data-elementor-open-lightbox=\"yes\" data-elementor-lightbox-slideshow=\"ab6775c\" data-elementor-lightbox-title=\"A53D4B03-717F-4F78-B28E-75EEA4B0C348\" data-e-action-hash=\"#elementor-action%3Aaction%3Dlightbox%26settings%3DeyJpZCI6Mjk4MywidXJsIjoiaHR0cDpcL1wvc2FpbGluZy1wYWxhdmEuY29tXC93cC1jb250ZW50XC91cGxvYWRzXC8yMDIyXC8wOVwvQTUzRDRCMDMtNzE3Ri00Rjc4LUIyOEUtNzVFRUE0QjBDMzQ4LmpwZWciLCJzbGlkZXNob3ciOiJhYjY3NzVjIn0%3D\" href='http:\/\/sailing-palava.com\/wp-content\/uploads\/2022\/09\/A53D4B03-717F-4F78-B28E-75EEA4B0C348.jpeg'><img loading=\"lazy\" decoding=\"async\" width=\"150\" height=\"150\" src=\"http:\/\/sailing-palava.com\/wp-content\/uploads\/2022\/09\/A53D4B03-717F-4F78-B28E-75EEA4B0C348-150x150.jpeg\" class=\"attachment-thumbnail size-thumbnail\" alt=\"\" srcset=\"http:\/\/sailing-palava.com\/wp-content\/uploads\/2022\/09\/A53D4B03-717F-4F78-B28E-75EEA4B0C348-150x150.jpeg 150w, http:\/\/sailing-palava.com\/wp-content\/uploads\/2022\/09\/A53D4B03-717F-4F78-B28E-75EEA4B0C348-500x500.jpeg 500w\" sizes=\"(max-width: 150px) 100vw, 150px\" \/><\/a>\n\t\t\t<\/div><\/figure><figure class='gallery-item'>\n\t\t\t<div class='gallery-icon portrait'>\n\t\t\t\t<a data-elementor-open-lightbox=\"yes\" data-elementor-lightbox-slideshow=\"ab6775c\" data-elementor-lightbox-title=\"A88DBCF4-BC99-40E8-8D81-DA0511ABFEB0\" data-e-action-hash=\"#elementor-action%3Aaction%3Dlightbox%26settings%3DeyJpZCI6Mjk4NCwidXJsIjoiaHR0cDpcL1wvc2FpbGluZy1wYWxhdmEuY29tXC93cC1jb250ZW50XC91cGxvYWRzXC8yMDIyXC8wOVwvQTg4REJDRjQtQkM5OS00MEU4LThEODEtREEwNTExQUJGRUIwLmpwZWciLCJzbGlkZXNob3ciOiJhYjY3NzVjIn0%3D\" href='http:\/\/sailing-palava.com\/wp-content\/uploads\/2022\/09\/A88DBCF4-BC99-40E8-8D81-DA0511ABFEB0.jpeg'><img loading=\"lazy\" decoding=\"async\" width=\"150\" height=\"150\" src=\"http:\/\/sailing-palava.com\/wp-content\/uploads\/2022\/09\/A88DBCF4-BC99-40E8-8D81-DA0511ABFEB0-150x150.jpeg\" class=\"attachment-thumbnail size-thumbnail\" alt=\"\" srcset=\"http:\/\/sailing-palava.com\/wp-content\/uploads\/2022\/09\/A88DBCF4-BC99-40E8-8D81-DA0511ABFEB0-150x150.jpeg 150w, http:\/\/sailing-palava.com\/wp-content\/uploads\/2022\/09\/A88DBCF4-BC99-40E8-8D81-DA0511ABFEB0-500x500.jpeg 500w\" sizes=\"(max-width: 150px) 100vw, 150px\" \/><\/a>\n\t\t\t<\/div><\/figure><figure class='gallery-item'>\n\t\t\t<div class='gallery-icon landscape'>\n\t\t\t\t<a data-elementor-open-lightbox=\"yes\" data-elementor-lightbox-slideshow=\"ab6775c\" data-elementor-lightbox-title=\"B08B66C8-9B06-40AB-9B8C-FC1E0B60C004\" data-e-action-hash=\"#elementor-action%3Aaction%3Dlightbox%26settings%3DeyJpZCI6Mjk4NSwidXJsIjoiaHR0cDpcL1wvc2FpbGluZy1wYWxhdmEuY29tXC93cC1jb250ZW50XC91cGxvYWRzXC8yMDIyXC8wOVwvQjA4QjY2QzgtOUIwNi00MEFCLTlCOEMtRkMxRTBCNjBDMDA0LmpwZWciLCJzbGlkZXNob3ciOiJhYjY3NzVjIn0%3D\" href='http:\/\/sailing-palava.com\/wp-content\/uploads\/2022\/09\/B08B66C8-9B06-40AB-9B8C-FC1E0B60C004.jpeg'><img loading=\"lazy\" decoding=\"async\" width=\"150\" height=\"150\" src=\"http:\/\/sailing-palava.com\/wp-content\/uploads\/2022\/09\/B08B66C8-9B06-40AB-9B8C-FC1E0B60C004-150x150.jpeg\" class=\"attachment-thumbnail size-thumbnail\" alt=\"\" srcset=\"http:\/\/sailing-palava.com\/wp-content\/uploads\/2022\/09\/B08B66C8-9B06-40AB-9B8C-FC1E0B60C004-150x150.jpeg 150w, http:\/\/sailing-palava.com\/wp-content\/uploads\/2022\/09\/B08B66C8-9B06-40AB-9B8C-FC1E0B60C004-500x500.jpeg 500w\" sizes=\"(max-width: 150px) 100vw, 150px\" \/><\/a>\n\t\t\t<\/div><\/figure><figure class='gallery-item'>\n\t\t\t<div class='gallery-icon landscape'>\n\t\t\t\t<a data-elementor-open-lightbox=\"yes\" data-elementor-lightbox-slideshow=\"ab6775c\" data-elementor-lightbox-title=\"B237BE61-C5A1-4412-9A78-95DAC69A6564\" data-e-action-hash=\"#elementor-action%3Aaction%3Dlightbox%26settings%3DeyJpZCI6Mjk4NiwidXJsIjoiaHR0cDpcL1wvc2FpbGluZy1wYWxhdmEuY29tXC93cC1jb250ZW50XC91cGxvYWRzXC8yMDIyXC8wOVwvQjIzN0JFNjEtQzVBMS00NDEyLTlBNzgtOTVEQUM2OUE2NTY0LmpwZWciLCJzbGlkZXNob3ciOiJhYjY3NzVjIn0%3D\" href='http:\/\/sailing-palava.com\/wp-content\/uploads\/2022\/09\/B237BE61-C5A1-4412-9A78-95DAC69A6564.jpeg'><img loading=\"lazy\" decoding=\"async\" width=\"150\" height=\"150\" src=\"http:\/\/sailing-palava.com\/wp-content\/uploads\/2022\/09\/B237BE61-C5A1-4412-9A78-95DAC69A6564-150x150.jpeg\" class=\"attachment-thumbnail size-thumbnail\" alt=\"\" srcset=\"http:\/\/sailing-palava.com\/wp-content\/uploads\/2022\/09\/B237BE61-C5A1-4412-9A78-95DAC69A6564-150x150.jpeg 150w, http:\/\/sailing-palava.com\/wp-content\/uploads\/2022\/09\/B237BE61-C5A1-4412-9A78-95DAC69A6564-500x500.jpeg 500w\" sizes=\"(max-width: 150px) 100vw, 150px\" \/><\/a>\n\t\t\t<\/div><\/figure><figure class='gallery-item'>\n\t\t\t<div class='gallery-icon landscape'>\n\t\t\t\t<a data-elementor-open-lightbox=\"yes\" data-elementor-lightbox-slideshow=\"ab6775c\" data-elementor-lightbox-title=\"B2979D7A-011D-4EFF-A777-DF2771A69DD3\" data-e-action-hash=\"#elementor-action%3Aaction%3Dlightbox%26settings%3DeyJpZCI6Mjk4NywidXJsIjoiaHR0cDpcL1wvc2FpbGluZy1wYWxhdmEuY29tXC93cC1jb250ZW50XC91cGxvYWRzXC8yMDIyXC8wOVwvQjI5NzlEN0EtMDExRC00RUZGLUE3NzctREYyNzcxQTY5REQzLmpwZWciLCJzbGlkZXNob3ciOiJhYjY3NzVjIn0%3D\" href='http:\/\/sailing-palava.com\/wp-content\/uploads\/2022\/09\/B2979D7A-011D-4EFF-A777-DF2771A69DD3.jpeg'><img loading=\"lazy\" decoding=\"async\" width=\"150\" height=\"150\" src=\"http:\/\/sailing-palava.com\/wp-content\/uploads\/2022\/09\/B2979D7A-011D-4EFF-A777-DF2771A69DD3-150x150.jpeg\" class=\"attachment-thumbnail size-thumbnail\" alt=\"\" srcset=\"http:\/\/sailing-palava.com\/wp-content\/uploads\/2022\/09\/B2979D7A-011D-4EFF-A777-DF2771A69DD3-150x150.jpeg 150w, http:\/\/sailing-palava.com\/wp-content\/uploads\/2022\/09\/B2979D7A-011D-4EFF-A777-DF2771A69DD3-500x500.jpeg 500w\" sizes=\"(max-width: 150px) 100vw, 150px\" \/><\/a>\n\t\t\t<\/div><\/figure><figure class='gallery-item'>\n\t\t\t<div class='gallery-icon landscape'>\n\t\t\t\t<a data-elementor-open-lightbox=\"yes\" data-elementor-lightbox-slideshow=\"ab6775c\" data-elementor-lightbox-title=\"C3849594-209F-4FC8-BA9C-35EF2AF0592B\" data-e-action-hash=\"#elementor-action%3Aaction%3Dlightbox%26settings%3DeyJpZCI6Mjk4OCwidXJsIjoiaHR0cDpcL1wvc2FpbGluZy1wYWxhdmEuY29tXC93cC1jb250ZW50XC91cGxvYWRzXC8yMDIyXC8wOVwvQzM4NDk1OTQtMjA5Ri00RkM4LUJBOUMtMzVFRjJBRjA1OTJCLmpwZWciLCJzbGlkZXNob3ciOiJhYjY3NzVjIn0%3D\" href='http:\/\/sailing-palava.com\/wp-content\/uploads\/2022\/09\/C3849594-209F-4FC8-BA9C-35EF2AF0592B.jpeg'><img loading=\"lazy\" decoding=\"async\" width=\"150\" height=\"150\" src=\"http:\/\/sailing-palava.com\/wp-content\/uploads\/2022\/09\/C3849594-209F-4FC8-BA9C-35EF2AF0592B-150x150.jpeg\" class=\"attachment-thumbnail size-thumbnail\" alt=\"\" srcset=\"http:\/\/sailing-palava.com\/wp-content\/uploads\/2022\/09\/C3849594-209F-4FC8-BA9C-35EF2AF0592B-150x150.jpeg 150w, http:\/\/sailing-palava.com\/wp-content\/uploads\/2022\/09\/C3849594-209F-4FC8-BA9C-35EF2AF0592B-500x500.jpeg 500w\" sizes=\"(max-width: 150px) 100vw, 150px\" \/><\/a>\n\t\t\t<\/div><\/figure><figure class='gallery-item'>\n\t\t\t<div class='gallery-icon landscape'>\n\t\t\t\t<a data-elementor-open-lightbox=\"yes\" data-elementor-lightbox-slideshow=\"ab6775c\" data-elementor-lightbox-title=\"CC3F2639-647D-4D96-8C26-0C59394D1651\" data-e-action-hash=\"#elementor-action%3Aaction%3Dlightbox%26settings%3DeyJpZCI6Mjk4OSwidXJsIjoiaHR0cDpcL1wvc2FpbGluZy1wYWxhdmEuY29tXC93cC1jb250ZW50XC91cGxvYWRzXC8yMDIyXC8wOVwvQ0MzRjI2MzktNjQ3RC00RDk2LThDMjYtMEM1OTM5NEQxNjUxLmpwZWciLCJzbGlkZXNob3ciOiJhYjY3NzVjIn0%3D\" href='http:\/\/sailing-palava.com\/wp-content\/uploads\/2022\/09\/CC3F2639-647D-4D96-8C26-0C59394D1651.jpeg'><img loading=\"lazy\" decoding=\"async\" width=\"150\" height=\"150\" src=\"http:\/\/sailing-palava.com\/wp-content\/uploads\/2022\/09\/CC3F2639-647D-4D96-8C26-0C59394D1651-150x150.jpeg\" class=\"attachment-thumbnail size-thumbnail\" alt=\"\" srcset=\"http:\/\/sailing-palava.com\/wp-content\/uploads\/2022\/09\/CC3F2639-647D-4D96-8C26-0C59394D1651-150x150.jpeg 150w, http:\/\/sailing-palava.com\/wp-content\/uploads\/2022\/09\/CC3F2639-647D-4D96-8C26-0C59394D1651-500x500.jpeg 500w\" sizes=\"(max-width: 150px) 100vw, 150px\" \/><\/a>\n\t\t\t<\/div><\/figure><figure class='gallery-item'>\n\t\t\t<div class='gallery-icon landscape'>\n\t\t\t\t<a data-elementor-open-lightbox=\"yes\" data-elementor-lightbox-slideshow=\"ab6775c\" data-elementor-lightbox-title=\"CF56D891-E4AE-453C-9671-DE9DE6DC10AB\" data-e-action-hash=\"#elementor-action%3Aaction%3Dlightbox%26settings%3DeyJpZCI6Mjk5MCwidXJsIjoiaHR0cDpcL1wvc2FpbGluZy1wYWxhdmEuY29tXC93cC1jb250ZW50XC91cGxvYWRzXC8yMDIyXC8wOVwvQ0Y1NkQ4OTEtRTRBRS00NTNDLTk2NzEtREU5REU2REMxMEFCLmpwZWciLCJzbGlkZXNob3ciOiJhYjY3NzVjIn0%3D\" href='http:\/\/sailing-palava.com\/wp-content\/uploads\/2022\/09\/CF56D891-E4AE-453C-9671-DE9DE6DC10AB.jpeg'><img loading=\"lazy\" decoding=\"async\" width=\"150\" height=\"150\" src=\"http:\/\/sailing-palava.com\/wp-content\/uploads\/2022\/09\/CF56D891-E4AE-453C-9671-DE9DE6DC10AB-150x150.jpeg\" class=\"attachment-thumbnail size-thumbnail\" alt=\"\" srcset=\"http:\/\/sailing-palava.com\/wp-content\/uploads\/2022\/09\/CF56D891-E4AE-453C-9671-DE9DE6DC10AB-150x150.jpeg 150w, http:\/\/sailing-palava.com\/wp-content\/uploads\/2022\/09\/CF56D891-E4AE-453C-9671-DE9DE6DC10AB-500x500.jpeg 500w\" sizes=\"(max-width: 150px) 100vw, 150px\" \/><\/a>\n\t\t\t<\/div><\/figure><figure class='gallery-item'>\n\t\t\t<div class='gallery-icon landscape'>\n\t\t\t\t<a data-elementor-open-lightbox=\"yes\" data-elementor-lightbox-slideshow=\"ab6775c\" data-elementor-lightbox-title=\"D34EA833-6631-4B4F-A247-F35292E0F8B1\" data-e-action-hash=\"#elementor-action%3Aaction%3Dlightbox%26settings%3DeyJpZCI6Mjk5MSwidXJsIjoiaHR0cDpcL1wvc2FpbGluZy1wYWxhdmEuY29tXC93cC1jb250ZW50XC91cGxvYWRzXC8yMDIyXC8wOVwvRDM0RUE4MzMtNjYzMS00QjRGLUEyNDctRjM1MjkyRTBGOEIxLmpwZWciLCJzbGlkZXNob3ciOiJhYjY3NzVjIn0%3D\" href='http:\/\/sailing-palava.com\/wp-content\/uploads\/2022\/09\/D34EA833-6631-4B4F-A247-F35292E0F8B1.jpeg'><img loading=\"lazy\" decoding=\"async\" width=\"150\" height=\"150\" src=\"http:\/\/sailing-palava.com\/wp-content\/uploads\/2022\/09\/D34EA833-6631-4B4F-A247-F35292E0F8B1-150x150.jpeg\" class=\"attachment-thumbnail size-thumbnail\" alt=\"\" srcset=\"http:\/\/sailing-palava.com\/wp-content\/uploads\/2022\/09\/D34EA833-6631-4B4F-A247-F35292E0F8B1-150x150.jpeg 150w, http:\/\/sailing-palava.com\/wp-content\/uploads\/2022\/09\/D34EA833-6631-4B4F-A247-F35292E0F8B1-500x500.jpeg 500w\" sizes=\"(max-width: 150px) 100vw, 150px\" \/><\/a>\n\t\t\t<\/div><\/figure><figure class='gallery-item'>\n\t\t\t<div class='gallery-icon landscape'>\n\t\t\t\t<a data-elementor-open-lightbox=\"yes\" data-elementor-lightbox-slideshow=\"ab6775c\" data-elementor-lightbox-title=\"D36F5D15-2C6E-487A-9CA7-5EC2299F8AFB\" data-e-action-hash=\"#elementor-action%3Aaction%3Dlightbox%26settings%3DeyJpZCI6Mjk5MiwidXJsIjoiaHR0cDpcL1wvc2FpbGluZy1wYWxhdmEuY29tXC93cC1jb250ZW50XC91cGxvYWRzXC8yMDIyXC8wOVwvRDM2RjVEMTUtMkM2RS00ODdBLTlDQTctNUVDMjI5OUY4QUZCLmpwZWciLCJzbGlkZXNob3ciOiJhYjY3NzVjIn0%3D\" href='http:\/\/sailing-palava.com\/wp-content\/uploads\/2022\/09\/D36F5D15-2C6E-487A-9CA7-5EC2299F8AFB.jpeg'><img loading=\"lazy\" decoding=\"async\" width=\"150\" height=\"150\" src=\"http:\/\/sailing-palava.com\/wp-content\/uploads\/2022\/09\/D36F5D15-2C6E-487A-9CA7-5EC2299F8AFB-150x150.jpeg\" class=\"attachment-thumbnail size-thumbnail\" alt=\"\" srcset=\"http:\/\/sailing-palava.com\/wp-content\/uploads\/2022\/09\/D36F5D15-2C6E-487A-9CA7-5EC2299F8AFB-150x150.jpeg 150w, http:\/\/sailing-palava.com\/wp-content\/uploads\/2022\/09\/D36F5D15-2C6E-487A-9CA7-5EC2299F8AFB-500x500.jpeg 500w\" sizes=\"(max-width: 150px) 100vw, 150px\" \/><\/a>\n\t\t\t<\/div><\/figure><figure class='gallery-item'>\n\t\t\t<div class='gallery-icon landscape'>\n\t\t\t\t<a data-elementor-open-lightbox=\"yes\" data-elementor-lightbox-slideshow=\"ab6775c\" data-elementor-lightbox-title=\"E1BE16BB-EC17-46A1-BB5E-A2F4814354B5\" data-e-action-hash=\"#elementor-action%3Aaction%3Dlightbox%26settings%3DeyJpZCI6Mjk5MywidXJsIjoiaHR0cDpcL1wvc2FpbGluZy1wYWxhdmEuY29tXC93cC1jb250ZW50XC91cGxvYWRzXC8yMDIyXC8wOVwvRTFCRTE2QkItRUMxNy00NkExLUJCNUUtQTJGNDgxNDM1NEI1LmpwZWciLCJzbGlkZXNob3ciOiJhYjY3NzVjIn0%3D\" href='http:\/\/sailing-palava.com\/wp-content\/uploads\/2022\/09\/E1BE16BB-EC17-46A1-BB5E-A2F4814354B5.jpeg'><img loading=\"lazy\" decoding=\"async\" width=\"150\" height=\"150\" src=\"http:\/\/sailing-palava.com\/wp-content\/uploads\/2022\/09\/E1BE16BB-EC17-46A1-BB5E-A2F4814354B5-150x150.jpeg\" class=\"attachment-thumbnail size-thumbnail\" alt=\"\" \/><\/a>\n\t\t\t<\/div><\/figure><figure class='gallery-item'>\n\t\t\t<div class='gallery-icon landscape'>\n\t\t\t\t<a data-elementor-open-lightbox=\"yes\" data-elementor-lightbox-slideshow=\"ab6775c\" data-elementor-lightbox-title=\"FCCF5CFC-DA53-4618-B438-F444E539CC56\" data-e-action-hash=\"#elementor-action%3Aaction%3Dlightbox%26settings%3DeyJpZCI6Mjk5NCwidXJsIjoiaHR0cDpcL1wvc2FpbGluZy1wYWxhdmEuY29tXC93cC1jb250ZW50XC91cGxvYWRzXC8yMDIyXC8wOVwvRkNDRjVDRkMtREE1My00NjE4LUI0MzgtRjQ0NEU1MzlDQzU2LmpwZWciLCJzbGlkZXNob3ciOiJhYjY3NzVjIn0%3D\" href='http:\/\/sailing-palava.com\/wp-content\/uploads\/2022\/09\/FCCF5CFC-DA53-4618-B438-F444E539CC56.jpeg'><img loading=\"lazy\" decoding=\"async\" width=\"150\" height=\"150\" src=\"http:\/\/sailing-palava.com\/wp-content\/uploads\/2022\/09\/FCCF5CFC-DA53-4618-B438-F444E539CC56-150x150.jpeg\" class=\"attachment-thumbnail size-thumbnail\" alt=\"\" srcset=\"http:\/\/sailing-palava.com\/wp-content\/uploads\/2022\/09\/FCCF5CFC-DA53-4618-B438-F444E539CC56-150x150.jpeg 150w, http:\/\/sailing-palava.com\/wp-content\/uploads\/2022\/09\/FCCF5CFC-DA53-4618-B438-F444E539CC56-500x500.jpeg 500w\" sizes=\"(max-width: 150px) 100vw, 150px\" \/><\/a>\n\t\t\t<\/div><\/figure>\n\t\t<\/div>\n\t\t<\/div>\n\t\t\t\t\t\t<\/div>\n\t\t\t\t<\/div>\n\t\t\t\t\t<\/div>\n\t\t<\/div>\n\t\t\t\t\t<\/div>\n\t\t<\/section>\n\t\t\t\t<\/div>","protected":false},"excerpt":{"rendered":"<p>51. ro\u010dn\u00edk z\u00e1vodu Trofeo S.A.R. Princesa Sof\u00eda na Mallorce se konalo za\u010d\u00e1tkem dubna 2022 pod vlajkou World Sailing. Z\u00e1vodu se \u00fa\u010dastnilo p\u0159es tis\u00edc jachta\u0159\u016f ze 62 zem\u00ed z\u00e1vod\u00edc\u00edch na 800 lod\u00edch nebo prknech, zde poprv\u00e9 v akci i zcela nov\u011b foiluj\u00edc\u00ed olympijsk\u00e9 kategorie ( lod\u011b, windsurf i kite ). Za \u010cR n\u00e1s zde startovalo celkem&hellip;<\/p>","protected":false},"author":1,"featured_media":2986,"parent":0,"menu_order":0,"comment_status":"closed","ping_status":"closed","template":"","meta":{"footnotes":""},"class_list":["post-2977","page","type-page","status-publish","has-post-thumbnail","hentry"],"_links":{"self":[{"href":"http:\/\/sailing-palava.com\/en\/wp-json\/wp\/v2\/pages\/2977","targetHints":{"allow":["GET"]}}],"collection":[{"href":"http:\/\/sailing-palava.com\/en\/wp-json\/wp\/v2\/pages"}],"about":[{"href":"http:\/\/sailing-palava.com\/en\/wp-json\/wp\/v2\/types\/page"}],"author":[{"embeddable":true,"href":"http:\/\/sailing-palava.com\/en\/wp-json\/wp\/v2\/users\/1"}],"replies":[{"embeddable":true,"href":"http:\/\/sailing-palava.com\/en\/wp-json\/wp\/v2\/comments?post=2977"}],"version-history":[{"count":4,"href":"http:\/\/sailing-palava.com\/en\/wp-json\/wp\/v2\/pages\/2977\/revisions"}],"predecessor-version":[{"id":3190,"href":"http:\/\/sailing-palava.com\/en\/wp-json\/wp\/v2\/pages\/2977\/revisions\/3190"}],"wp:featuredmedia":[{"embeddable":true,"href":"http:\/\/sailing-palava.com\/en\/wp-json\/wp\/v2\/media\/2986"}],"wp:attachment":[{"href":"http:\/\/sailing-palava.com\/en\/wp-json\/wp\/v2\/media?parent=2977"}],"curies":[{"name":"wp","href":"https:\/\/api.w.org\/{rel}","templated":true}]}}