{"id":2997,"date":"2022-09-26T20:29:18","date_gmt":"2022-09-26T18:29:18","guid":{"rendered":"http:\/\/sailing-palava.com\/?page_id=2997"},"modified":"2023-04-24T15:16:42","modified_gmt":"2023-04-24T13:16:42","slug":"francie-2022-semaine-olympique-francaise-4-2022","status":"publish","type":"page","link":"http:\/\/sailing-palava.com\/en\/francie-2022-semaine-olympique-francaise-4-2022\/","title":{"rendered":"Francie 2022 &#8211; Semaine Olympique Francaise 4\/2022"},"content":{"rendered":"<div data-elementor-type=\"wp-page\" data-elementor-id=\"2997\" class=\"elementor elementor-2997\">\n\t\t\t\t\t\t<section class=\"elementor-section elementor-top-section elementor-element elementor-element-26c9bb5 elementor-section-boxed elementor-section-height-default elementor-section-height-default\" data-id=\"26c9bb5\" data-element_type=\"section\" data-e-type=\"section\">\n\t\t\t\t\t\t<div class=\"elementor-container elementor-column-gap-default\">\n\t\t\t\t\t<div class=\"elementor-column elementor-col-50 elementor-top-column elementor-element elementor-element-ad41094\" data-id=\"ad41094\" data-element_type=\"column\" data-e-type=\"column\">\n\t\t\t<div class=\"elementor-widget-wrap elementor-element-populated\">\n\t\t\t\t\t\t<div class=\"elementor-element elementor-element-54cea8a elementor-widget elementor-widget-text-editor\" data-id=\"54cea8a\" data-element_type=\"widget\" data-e-type=\"widget\" data-widget_type=\"text-editor.default\">\n\t\t\t\t<div class=\"elementor-widget-container\">\n\t\t\t\t\t\t\t\t\t<div dir=\"auto\" style=\"font-family: inherit; animation-name: none!important; transition-property: none!important;\"><p class=\"-wm-MsoNormal\" style=\"margin-bottom: 0cm; line-height: normal; background-image: initial; background-position: initial; background-size: initial; background-repeat: initial; background-attachment: initial; background-origin: initial; background-clip: initial;\"><b><span style=\"font-size: 12pt; font-family: 'Arial',sans-serif; mso-fareast-font-family: 'Times New Roman'; color: #003399; mso-fareast-language: CS;\">France:\u00a0<\/span><\/b><span style=\"font-size: 12pt; font-family: 'Arial',sans-serif; mso-fareast-font-family: 'Times New Roman'; color: #333333; background: whitesmoke; mso-fareast-language: CS;\">\u00a0<\/span><span style=\"font-size: 12pt; font-family: 'Arial',sans-serif; mso-fareast-font-family: 'Times New Roman'; color: #003399; mso-fareast-language: CS;\">Semaine Olympique Francaise<\/span><\/p><p class=\"-wm-MsoNormal\"><span style=\"font-size: 12pt; line-height: 107%; font-family: 'Arial',sans-serif; mso-fareast-font-family: 'Times New Roman'; color: #003399; mso-fareast-language: CS;\">23.-30.4.2022<\/span><\/p><p class=\"-wm-MsoNormal\">\u00a0<\/p><p class=\"-wm-MsoNormal\">Po cca t\u00fddenn\u00edm soust\u0159ed\u011bn\u00ed ve Francii n\u00e1s \u010dekali dal\u0161\u00ed z\u00e1vody \u2013 tentokr\u00e1t Olympijsk\u00fd francouzsk\u00fd t\u00fdden v\u00a0Hyeres. Za mne jeden z\u00a0nejlep\u0161\u00edch spot\u016f, na kter\u00e9m jsme kdy formula kite z\u00e1vody jeli. Pro z\u00e1vodn\u00edky byla tentokr\u00e1t vyhrazena v\u011bt\u0161\u00ed \u010d\u00e1st p\u00edse\u010dn\u00e9 pl\u00e1\u017ee, bez n\u00e1strah kamen\u016f, v\u00edtr cel\u00fd t\u00fdden foukal z\u00a0p\u0159\u00edzniv\u00fdch sm\u011br\u016f. Prvn\u00ed dny byly sp\u00ed\u0161e ve znamen\u00ed siln\u011bj\u0161\u00edho v\u011btru tak \u017ee i kluci chv\u00edli jezdili 11 a 9 metrov\u00e9 draky. Druh\u00e1 \u010d\u00e1st t\u00fddne pak ji\u017e byla sp\u00ed\u0161e pro v\u011bt\u0161\u00ed velikosti, tedy 15tky a 19tky. I po\u010das\u00ed bylo v\u00fdrazn\u011b p\u0159\u00edv\u011btiv\u011bj\u0161\u00ed ne\u017e na minul\u00fdch z\u00e1vodech, teploty kolem 20stup\u0148\u016f a v\u011bt\u0161inu dne slune\u010dno. \u00darove\u0148 startovn\u00edho pole se v\u00a0mu\u017esk\u00e9 ani \u017eensk\u00e9 kategorii t\u00e9m\u011b\u0159 nezm\u011bnila, z\u00e1vodn\u00edk\u016f bylo celkem 68 a 42 z\u00e1vodnic. \u010cesk\u00e9 barvy zde h\u00e1jila tradi\u010dn\u00ed trojice : Monika \u017di\u017elavsk\u00e1, Vojta Ko\u0161ka z\u00a0TJ Sailing P\u00e1lava a Jind\u0159ich Hou\u0161t\u011bk z\u00a0YC CERE. Z\u00e1vodn\u00ed atmosf\u00e9ru sem po soust\u0159ed\u011bn\u00ed p\u0159ijela nas\u00e1t i nov\u00e1 z\u00e1vodn\u00ed posila TJ Saling P\u00e1lava Dominika Braunov\u00e1 \u2013 ta zat\u00edm sv\u016fj prvn\u00ed start pl\u00e1nuje na z\u00e1vody WOrld Kite series na Traunsee v\u00a0prvn\u00ed polovin\u011b \u010dervna. Celkov\u011b se pak nejl\u00e9pe um\u00edstil Vojta, na 37.m\u00edst\u011b. V\u00a0odstupu za n\u00edm Jindra na 53.m\u00edst\u011b a Mon\u010da si nad\u00e1le dr\u017e\u00ed pozici, tentokr\u00e1t na 39.m\u00edst\u011b.<\/p><\/div>\t\t\t\t\t\t\t\t<\/div>\n\t\t\t\t<\/div>\n\t\t\t\t<div class=\"elementor-element elementor-element-02e31ba elementor-widget elementor-widget-text-editor\" data-id=\"02e31ba\" data-element_type=\"widget\" data-e-type=\"widget\" data-widget_type=\"text-editor.default\">\n\t\t\t\t<div class=\"elementor-widget-container\">\n\t\t\t\t\t\t\t\t\t<p><a href=\"https:\/\/sof.ffvoile.fr\/results\/\" target=\"_blank\" rel=\"noopener\">Results HERE<\/a><\/p>\t\t\t\t\t\t\t\t<\/div>\n\t\t\t\t<\/div>\n\t\t\t\t\t<\/div>\n\t\t<\/div>\n\t\t\t\t<div class=\"elementor-column elementor-col-50 elementor-top-column elementor-element elementor-element-20f5c56\" data-id=\"20f5c56\" data-element_type=\"column\" data-e-type=\"column\">\n\t\t\t<div class=\"elementor-widget-wrap elementor-element-populated\">\n\t\t\t\t\t\t<div class=\"elementor-element elementor-element-ab6775c elementor-widget elementor-widget-image-gallery\" data-id=\"ab6775c\" data-element_type=\"widget\" data-e-type=\"widget\" data-widget_type=\"image-gallery.default\">\n\t\t\t\t<div class=\"elementor-widget-container\">\n\t\t\t\t\t\t\t<div class=\"elementor-image-gallery\">\n\t\t\t<div id='gallery-1' class='gallery galleryid-2997 gallery-columns-4 gallery-size-thumbnail'><figure class='gallery-item'>\n\t\t\t<div class='gallery-icon landscape'>\n\t\t\t\t<a data-elementor-open-lightbox=\"yes\" data-elementor-lightbox-slideshow=\"ab6775c\" data-elementor-lightbox-title=\"5D067631-4DDC-473E-B66F-CB6CE2F4FA03\" data-e-action-hash=\"#elementor-action%3Aaction%3Dlightbox%26settings%3DeyJpZCI6Mjk5OSwidXJsIjoiaHR0cDpcL1wvc2FpbGluZy1wYWxhdmEuY29tXC93cC1jb250ZW50XC91cGxvYWRzXC8yMDIyXC8wOVwvNUQwNjc2MzEtNEREQy00NzNFLUI2NkYtQ0I2Q0UyRjRGQTAzLmpwZWciLCJzbGlkZXNob3ciOiJhYjY3NzVjIn0%3D\" href='http:\/\/sailing-palava.com\/wp-content\/uploads\/2022\/09\/5D067631-4DDC-473E-B66F-CB6CE2F4FA03.jpeg'><img decoding=\"async\" width=\"150\" height=\"150\" src=\"http:\/\/sailing-palava.com\/wp-content\/uploads\/2022\/09\/5D067631-4DDC-473E-B66F-CB6CE2F4FA03-150x150.jpeg\" class=\"attachment-thumbnail size-thumbnail\" alt=\"\" srcset=\"http:\/\/sailing-palava.com\/wp-content\/uploads\/2022\/09\/5D067631-4DDC-473E-B66F-CB6CE2F4FA03-150x150.jpeg 150w, http:\/\/sailing-palava.com\/wp-content\/uploads\/2022\/09\/5D067631-4DDC-473E-B66F-CB6CE2F4FA03-500x500.jpeg 500w\" sizes=\"(max-width: 150px) 100vw, 150px\" \/><\/a>\n\t\t\t<\/div><\/figure><figure class='gallery-item'>\n\t\t\t<div class='gallery-icon landscape'>\n\t\t\t\t<a data-elementor-open-lightbox=\"yes\" data-elementor-lightbox-slideshow=\"ab6775c\" data-elementor-lightbox-title=\"6C5A1058-AFB3-4FBA-8B14-C3E193D1532D\" data-e-action-hash=\"#elementor-action%3Aaction%3Dlightbox%26settings%3DeyJpZCI6MzAwMCwidXJsIjoiaHR0cDpcL1wvc2FpbGluZy1wYWxhdmEuY29tXC93cC1jb250ZW50XC91cGxvYWRzXC8yMDIyXC8wOVwvNkM1QTEwNTgtQUZCMy00RkJBLThCMTQtQzNFMTkzRDE1MzJELmpwZWciLCJzbGlkZXNob3ciOiJhYjY3NzVjIn0%3D\" href='http:\/\/sailing-palava.com\/wp-content\/uploads\/2022\/09\/6C5A1058-AFB3-4FBA-8B14-C3E193D1532D.jpeg'><img decoding=\"async\" width=\"150\" height=\"150\" src=\"http:\/\/sailing-palava.com\/wp-content\/uploads\/2022\/09\/6C5A1058-AFB3-4FBA-8B14-C3E193D1532D-150x150.jpeg\" class=\"attachment-thumbnail size-thumbnail\" alt=\"\" srcset=\"http:\/\/sailing-palava.com\/wp-content\/uploads\/2022\/09\/6C5A1058-AFB3-4FBA-8B14-C3E193D1532D-150x150.jpeg 150w, http:\/\/sailing-palava.com\/wp-content\/uploads\/2022\/09\/6C5A1058-AFB3-4FBA-8B14-C3E193D1532D-500x500.jpeg 500w\" sizes=\"(max-width: 150px) 100vw, 150px\" \/><\/a>\n\t\t\t<\/div><\/figure><figure class='gallery-item'>\n\t\t\t<div class='gallery-icon landscape'>\n\t\t\t\t<a data-elementor-open-lightbox=\"yes\" data-elementor-lightbox-slideshow=\"ab6775c\" data-elementor-lightbox-title=\"26BAA753-DC2C-44E8-8080-50AA003695C0\" data-e-action-hash=\"#elementor-action%3Aaction%3Dlightbox%26settings%3DeyJpZCI6MzAwMSwidXJsIjoiaHR0cDpcL1wvc2FpbGluZy1wYWxhdmEuY29tXC93cC1jb250ZW50XC91cGxvYWRzXC8yMDIyXC8wOVwvMjZCQUE3NTMtREMyQy00NEU4LTgwODAtNTBBQTAwMzY5NUMwLmpwZWciLCJzbGlkZXNob3ciOiJhYjY3NzVjIn0%3D\" href='http:\/\/sailing-palava.com\/wp-content\/uploads\/2022\/09\/26BAA753-DC2C-44E8-8080-50AA003695C0.jpeg'><img decoding=\"async\" width=\"150\" height=\"150\" src=\"http:\/\/sailing-palava.com\/wp-content\/uploads\/2022\/09\/26BAA753-DC2C-44E8-8080-50AA003695C0-150x150.jpeg\" class=\"attachment-thumbnail size-thumbnail\" alt=\"\" srcset=\"http:\/\/sailing-palava.com\/wp-content\/uploads\/2022\/09\/26BAA753-DC2C-44E8-8080-50AA003695C0-150x150.jpeg 150w, http:\/\/sailing-palava.com\/wp-content\/uploads\/2022\/09\/26BAA753-DC2C-44E8-8080-50AA003695C0-500x500.jpeg 500w\" sizes=\"(max-width: 150px) 100vw, 150px\" \/><\/a>\n\t\t\t<\/div><\/figure><figure class='gallery-item'>\n\t\t\t<div class='gallery-icon portrait'>\n\t\t\t\t<a data-elementor-open-lightbox=\"yes\" data-elementor-lightbox-slideshow=\"ab6775c\" data-elementor-lightbox-title=\"80F4B7C5-7AF8-41CC-8BF6-C44415A6B08E\" data-e-action-hash=\"#elementor-action%3Aaction%3Dlightbox%26settings%3DeyJpZCI6MzAwMiwidXJsIjoiaHR0cDpcL1wvc2FpbGluZy1wYWxhdmEuY29tXC93cC1jb250ZW50XC91cGxvYWRzXC8yMDIyXC8wOVwvODBGNEI3QzUtN0FGOC00MUNDLThCRjYtQzQ0NDE1QTZCMDhFLmpwZWciLCJzbGlkZXNob3ciOiJhYjY3NzVjIn0%3D\" href='http:\/\/sailing-palava.com\/wp-content\/uploads\/2022\/09\/80F4B7C5-7AF8-41CC-8BF6-C44415A6B08E.jpeg'><img loading=\"lazy\" decoding=\"async\" width=\"150\" height=\"150\" src=\"http:\/\/sailing-palava.com\/wp-content\/uploads\/2022\/09\/80F4B7C5-7AF8-41CC-8BF6-C44415A6B08E-150x150.jpeg\" class=\"attachment-thumbnail size-thumbnail\" alt=\"\" srcset=\"http:\/\/sailing-palava.com\/wp-content\/uploads\/2022\/09\/80F4B7C5-7AF8-41CC-8BF6-C44415A6B08E-150x150.jpeg 150w, http:\/\/sailing-palava.com\/wp-content\/uploads\/2022\/09\/80F4B7C5-7AF8-41CC-8BF6-C44415A6B08E-500x500.jpeg 500w\" sizes=\"(max-width: 150px) 100vw, 150px\" \/><\/a>\n\t\t\t<\/div><\/figure><figure class='gallery-item'>\n\t\t\t<div class='gallery-icon landscape'>\n\t\t\t\t<a data-elementor-open-lightbox=\"yes\" data-elementor-lightbox-slideshow=\"ab6775c\" data-elementor-lightbox-title=\"672B67B7-983B-47D5-A559-D4F007BC17C8\" data-e-action-hash=\"#elementor-action%3Aaction%3Dlightbox%26settings%3DeyJpZCI6MzAwMywidXJsIjoiaHR0cDpcL1wvc2FpbGluZy1wYWxhdmEuY29tXC93cC1jb250ZW50XC91cGxvYWRzXC8yMDIyXC8wOVwvNjcyQjY3QjctOTgzQi00N0Q1LUE1NTktRDRGMDA3QkMxN0M4LmpwZWciLCJzbGlkZXNob3ciOiJhYjY3NzVjIn0%3D\" href='http:\/\/sailing-palava.com\/wp-content\/uploads\/2022\/09\/672B67B7-983B-47D5-A559-D4F007BC17C8.jpeg'><img loading=\"lazy\" decoding=\"async\" width=\"150\" height=\"150\" src=\"http:\/\/sailing-palava.com\/wp-content\/uploads\/2022\/09\/672B67B7-983B-47D5-A559-D4F007BC17C8-150x150.jpeg\" class=\"attachment-thumbnail size-thumbnail\" alt=\"\" srcset=\"http:\/\/sailing-palava.com\/wp-content\/uploads\/2022\/09\/672B67B7-983B-47D5-A559-D4F007BC17C8-150x150.jpeg 150w, http:\/\/sailing-palava.com\/wp-content\/uploads\/2022\/09\/672B67B7-983B-47D5-A559-D4F007BC17C8-300x300.jpeg 300w, http:\/\/sailing-palava.com\/wp-content\/uploads\/2022\/09\/672B67B7-983B-47D5-A559-D4F007BC17C8-768x768.jpeg 768w, http:\/\/sailing-palava.com\/wp-content\/uploads\/2022\/09\/672B67B7-983B-47D5-A559-D4F007BC17C8-1024x1024.jpeg 1024w, http:\/\/sailing-palava.com\/wp-content\/uploads\/2022\/09\/672B67B7-983B-47D5-A559-D4F007BC17C8-500x500.jpeg 500w, http:\/\/sailing-palava.com\/wp-content\/uploads\/2022\/09\/672B67B7-983B-47D5-A559-D4F007BC17C8.jpeg 1440w\" sizes=\"(max-width: 150px) 100vw, 150px\" \/><\/a>\n\t\t\t<\/div><\/figure><figure class='gallery-item'>\n\t\t\t<div class='gallery-icon landscape'>\n\t\t\t\t<a data-elementor-open-lightbox=\"yes\" data-elementor-lightbox-slideshow=\"ab6775c\" data-elementor-lightbox-title=\"A05E16D9-4BC5-443E-B0C9-49C7A22DAB10\" data-e-action-hash=\"#elementor-action%3Aaction%3Dlightbox%26settings%3DeyJpZCI6MzAwNCwidXJsIjoiaHR0cDpcL1wvc2FpbGluZy1wYWxhdmEuY29tXC93cC1jb250ZW50XC91cGxvYWRzXC8yMDIyXC8wOVwvQTA1RTE2RDktNEJDNS00NDNFLUIwQzktNDlDN0EyMkRBQjEwLmpwZWciLCJzbGlkZXNob3ciOiJhYjY3NzVjIn0%3D\" href='http:\/\/sailing-palava.com\/wp-content\/uploads\/2022\/09\/A05E16D9-4BC5-443E-B0C9-49C7A22DAB10.jpeg'><img loading=\"lazy\" decoding=\"async\" width=\"150\" height=\"150\" src=\"http:\/\/sailing-palava.com\/wp-content\/uploads\/2022\/09\/A05E16D9-4BC5-443E-B0C9-49C7A22DAB10-150x150.jpeg\" class=\"attachment-thumbnail size-thumbnail\" alt=\"\" srcset=\"http:\/\/sailing-palava.com\/wp-content\/uploads\/2022\/09\/A05E16D9-4BC5-443E-B0C9-49C7A22DAB10-150x150.jpeg 150w, http:\/\/sailing-palava.com\/wp-content\/uploads\/2022\/09\/A05E16D9-4BC5-443E-B0C9-49C7A22DAB10-500x500.jpeg 500w\" sizes=\"(max-width: 150px) 100vw, 150px\" \/><\/a>\n\t\t\t<\/div><\/figure><figure class='gallery-item'>\n\t\t\t<div class='gallery-icon landscape'>\n\t\t\t\t<a data-elementor-open-lightbox=\"yes\" data-elementor-lightbox-slideshow=\"ab6775c\" data-elementor-lightbox-title=\"AE41B7F2-466B-403F-BADD-EA8363E7C5C3\" data-e-action-hash=\"#elementor-action%3Aaction%3Dlightbox%26settings%3DeyJpZCI6MzAwNSwidXJsIjoiaHR0cDpcL1wvc2FpbGluZy1wYWxhdmEuY29tXC93cC1jb250ZW50XC91cGxvYWRzXC8yMDIyXC8wOVwvQUU0MUI3RjItNDY2Qi00MDNGLUJBREQtRUE4MzYzRTdDNUMzLmpwZWciLCJzbGlkZXNob3ciOiJhYjY3NzVjIn0%3D\" href='http:\/\/sailing-palava.com\/wp-content\/uploads\/2022\/09\/AE41B7F2-466B-403F-BADD-EA8363E7C5C3.jpeg'><img loading=\"lazy\" decoding=\"async\" width=\"150\" height=\"150\" src=\"http:\/\/sailing-palava.com\/wp-content\/uploads\/2022\/09\/AE41B7F2-466B-403F-BADD-EA8363E7C5C3-150x150.jpeg\" class=\"attachment-thumbnail size-thumbnail\" alt=\"\" srcset=\"http:\/\/sailing-palava.com\/wp-content\/uploads\/2022\/09\/AE41B7F2-466B-403F-BADD-EA8363E7C5C3-150x150.jpeg 150w, http:\/\/sailing-palava.com\/wp-content\/uploads\/2022\/09\/AE41B7F2-466B-403F-BADD-EA8363E7C5C3-500x500.jpeg 500w\" sizes=\"(max-width: 150px) 100vw, 150px\" \/><\/a>\n\t\t\t<\/div><\/figure><figure class='gallery-item'>\n\t\t\t<div class='gallery-icon landscape'>\n\t\t\t\t<a data-elementor-open-lightbox=\"yes\" data-elementor-lightbox-slideshow=\"ab6775c\" data-elementor-lightbox-title=\"B356F3AB-C492-4A00-9C3C-747D1771C1E2\" data-e-action-hash=\"#elementor-action%3Aaction%3Dlightbox%26settings%3DeyJpZCI6MzAwNiwidXJsIjoiaHR0cDpcL1wvc2FpbGluZy1wYWxhdmEuY29tXC93cC1jb250ZW50XC91cGxvYWRzXC8yMDIyXC8wOVwvQjM1NkYzQUItQzQ5Mi00QTAwLTlDM0MtNzQ3RDE3NzFDMUUyLmpwZWciLCJzbGlkZXNob3ciOiJhYjY3NzVjIn0%3D\" href='http:\/\/sailing-palava.com\/wp-content\/uploads\/2022\/09\/B356F3AB-C492-4A00-9C3C-747D1771C1E2.jpeg'><img loading=\"lazy\" decoding=\"async\" width=\"150\" height=\"150\" src=\"http:\/\/sailing-palava.com\/wp-content\/uploads\/2022\/09\/B356F3AB-C492-4A00-9C3C-747D1771C1E2-150x150.jpeg\" class=\"attachment-thumbnail size-thumbnail\" alt=\"\" srcset=\"http:\/\/sailing-palava.com\/wp-content\/uploads\/2022\/09\/B356F3AB-C492-4A00-9C3C-747D1771C1E2-150x150.jpeg 150w, http:\/\/sailing-palava.com\/wp-content\/uploads\/2022\/09\/B356F3AB-C492-4A00-9C3C-747D1771C1E2-500x500.jpeg 500w\" sizes=\"(max-width: 150px) 100vw, 150px\" \/><\/a>\n\t\t\t<\/div><\/figure><figure class='gallery-item'>\n\t\t\t<div class='gallery-icon landscape'>\n\t\t\t\t<a data-elementor-open-lightbox=\"yes\" data-elementor-lightbox-slideshow=\"ab6775c\" data-elementor-lightbox-title=\"C70CCBD0-BFA4-408C-B17D-257E6F1C019A\" data-e-action-hash=\"#elementor-action%3Aaction%3Dlightbox%26settings%3DeyJpZCI6MzAwNywidXJsIjoiaHR0cDpcL1wvc2FpbGluZy1wYWxhdmEuY29tXC93cC1jb250ZW50XC91cGxvYWRzXC8yMDIyXC8wOVwvQzcwQ0NCRDAtQkZBNC00MDhDLUIxN0QtMjU3RTZGMUMwMTlBLmpwZWciLCJzbGlkZXNob3ciOiJhYjY3NzVjIn0%3D\" href='http:\/\/sailing-palava.com\/wp-content\/uploads\/2022\/09\/C70CCBD0-BFA4-408C-B17D-257E6F1C019A.jpeg'><img loading=\"lazy\" decoding=\"async\" width=\"150\" height=\"150\" src=\"http:\/\/sailing-palava.com\/wp-content\/uploads\/2022\/09\/C70CCBD0-BFA4-408C-B17D-257E6F1C019A-150x150.jpeg\" class=\"attachment-thumbnail size-thumbnail\" alt=\"\" srcset=\"http:\/\/sailing-palava.com\/wp-content\/uploads\/2022\/09\/C70CCBD0-BFA4-408C-B17D-257E6F1C019A-150x150.jpeg 150w, http:\/\/sailing-palava.com\/wp-content\/uploads\/2022\/09\/C70CCBD0-BFA4-408C-B17D-257E6F1C019A-300x300.jpeg 300w, http:\/\/sailing-palava.com\/wp-content\/uploads\/2022\/09\/C70CCBD0-BFA4-408C-B17D-257E6F1C019A-768x768.jpeg 768w, http:\/\/sailing-palava.com\/wp-content\/uploads\/2022\/09\/C70CCBD0-BFA4-408C-B17D-257E6F1C019A-1024x1024.jpeg 1024w, http:\/\/sailing-palava.com\/wp-content\/uploads\/2022\/09\/C70CCBD0-BFA4-408C-B17D-257E6F1C019A-500x500.jpeg 500w, http:\/\/sailing-palava.com\/wp-content\/uploads\/2022\/09\/C70CCBD0-BFA4-408C-B17D-257E6F1C019A.jpeg 1440w\" sizes=\"(max-width: 150px) 100vw, 150px\" \/><\/a>\n\t\t\t<\/div><\/figure><figure class='gallery-item'>\n\t\t\t<div class='gallery-icon landscape'>\n\t\t\t\t<a data-elementor-open-lightbox=\"yes\" data-elementor-lightbox-slideshow=\"ab6775c\" data-elementor-lightbox-title=\"C4247594-F2D1-4D1B-B99F-0A6A735562EE\" data-e-action-hash=\"#elementor-action%3Aaction%3Dlightbox%26settings%3DeyJpZCI6MzAwOCwidXJsIjoiaHR0cDpcL1wvc2FpbGluZy1wYWxhdmEuY29tXC93cC1jb250ZW50XC91cGxvYWRzXC8yMDIyXC8wOVwvQzQyNDc1OTQtRjJEMS00RDFCLUI5OUYtMEE2QTczNTU2MkVFLmpwZWciLCJzbGlkZXNob3ciOiJhYjY3NzVjIn0%3D\" href='http:\/\/sailing-palava.com\/wp-content\/uploads\/2022\/09\/C4247594-F2D1-4D1B-B99F-0A6A735562EE.jpeg'><img loading=\"lazy\" decoding=\"async\" width=\"150\" height=\"150\" src=\"http:\/\/sailing-palava.com\/wp-content\/uploads\/2022\/09\/C4247594-F2D1-4D1B-B99F-0A6A735562EE-150x150.jpeg\" class=\"attachment-thumbnail size-thumbnail\" alt=\"\" srcset=\"http:\/\/sailing-palava.com\/wp-content\/uploads\/2022\/09\/C4247594-F2D1-4D1B-B99F-0A6A735562EE-150x150.jpeg 150w, http:\/\/sailing-palava.com\/wp-content\/uploads\/2022\/09\/C4247594-F2D1-4D1B-B99F-0A6A735562EE-500x500.jpeg 500w\" sizes=\"(max-width: 150px) 100vw, 150px\" \/><\/a>\n\t\t\t<\/div><\/figure><figure class='gallery-item'>\n\t\t\t<div class='gallery-icon landscape'>\n\t\t\t\t<a data-elementor-open-lightbox=\"yes\" data-elementor-lightbox-slideshow=\"ab6775c\" data-elementor-lightbox-title=\"CF458EA3-7605-4451-9921-B25A7BF9179E\" data-e-action-hash=\"#elementor-action%3Aaction%3Dlightbox%26settings%3DeyJpZCI6MzAwOSwidXJsIjoiaHR0cDpcL1wvc2FpbGluZy1wYWxhdmEuY29tXC93cC1jb250ZW50XC91cGxvYWRzXC8yMDIyXC8wOVwvQ0Y0NThFQTMtNzYwNS00NDUxLTk5MjEtQjI1QTdCRjkxNzlFLmpwZWciLCJzbGlkZXNob3ciOiJhYjY3NzVjIn0%3D\" href='http:\/\/sailing-palava.com\/wp-content\/uploads\/2022\/09\/CF458EA3-7605-4451-9921-B25A7BF9179E.jpeg'><img loading=\"lazy\" decoding=\"async\" width=\"150\" height=\"150\" src=\"http:\/\/sailing-palava.com\/wp-content\/uploads\/2022\/09\/CF458EA3-7605-4451-9921-B25A7BF9179E-150x150.jpeg\" class=\"attachment-thumbnail size-thumbnail\" alt=\"\" srcset=\"http:\/\/sailing-palava.com\/wp-content\/uploads\/2022\/09\/CF458EA3-7605-4451-9921-B25A7BF9179E-150x150.jpeg 150w, http:\/\/sailing-palava.com\/wp-content\/uploads\/2022\/09\/CF458EA3-7605-4451-9921-B25A7BF9179E-500x500.jpeg 500w\" sizes=\"(max-width: 150px) 100vw, 150px\" \/><\/a>\n\t\t\t<\/div><\/figure><figure class='gallery-item'>\n\t\t\t<div class='gallery-icon portrait'>\n\t\t\t\t<a data-elementor-open-lightbox=\"yes\" data-elementor-lightbox-slideshow=\"ab6775c\" data-elementor-lightbox-title=\"D683BAFF-578C-4249-AC1F-E5E991FBBDCE\" data-e-action-hash=\"#elementor-action%3Aaction%3Dlightbox%26settings%3DeyJpZCI6MzAxMCwidXJsIjoiaHR0cDpcL1wvc2FpbGluZy1wYWxhdmEuY29tXC93cC1jb250ZW50XC91cGxvYWRzXC8yMDIyXC8wOVwvRDY4M0JBRkYtNTc4Qy00MjQ5LUFDMUYtRTVFOTkxRkJCRENFLmpwZWciLCJzbGlkZXNob3ciOiJhYjY3NzVjIn0%3D\" href='http:\/\/sailing-palava.com\/wp-content\/uploads\/2022\/09\/D683BAFF-578C-4249-AC1F-E5E991FBBDCE.jpeg'><img loading=\"lazy\" decoding=\"async\" width=\"150\" height=\"150\" src=\"http:\/\/sailing-palava.com\/wp-content\/uploads\/2022\/09\/D683BAFF-578C-4249-AC1F-E5E991FBBDCE-150x150.jpeg\" class=\"attachment-thumbnail size-thumbnail\" alt=\"\" srcset=\"http:\/\/sailing-palava.com\/wp-content\/uploads\/2022\/09\/D683BAFF-578C-4249-AC1F-E5E991FBBDCE-150x150.jpeg 150w, http:\/\/sailing-palava.com\/wp-content\/uploads\/2022\/09\/D683BAFF-578C-4249-AC1F-E5E991FBBDCE-500x500.jpeg 500w\" sizes=\"(max-width: 150px) 100vw, 150px\" \/><\/a>\n\t\t\t<\/div><\/figure><figure class='gallery-item'>\n\t\t\t<div class='gallery-icon landscape'>\n\t\t\t\t<a data-elementor-open-lightbox=\"yes\" data-elementor-lightbox-slideshow=\"ab6775c\" data-elementor-lightbox-title=\"F3558B7F-F162-42B4-B43D-91D19E0B992D\" data-e-action-hash=\"#elementor-action%3Aaction%3Dlightbox%26settings%3DeyJpZCI6MzAxMSwidXJsIjoiaHR0cDpcL1wvc2FpbGluZy1wYWxhdmEuY29tXC93cC1jb250ZW50XC91cGxvYWRzXC8yMDIyXC8wOVwvRjM1NThCN0YtRjE2Mi00MkI0LUI0M0QtOTFEMTlFMEI5OTJELmpwZWciLCJzbGlkZXNob3ciOiJhYjY3NzVjIn0%3D\" href='http:\/\/sailing-palava.com\/wp-content\/uploads\/2022\/09\/F3558B7F-F162-42B4-B43D-91D19E0B992D.jpeg'><img loading=\"lazy\" decoding=\"async\" width=\"150\" height=\"150\" src=\"http:\/\/sailing-palava.com\/wp-content\/uploads\/2022\/09\/F3558B7F-F162-42B4-B43D-91D19E0B992D-150x150.jpeg\" class=\"attachment-thumbnail size-thumbnail\" alt=\"\" srcset=\"http:\/\/sailing-palava.com\/wp-content\/uploads\/2022\/09\/F3558B7F-F162-42B4-B43D-91D19E0B992D-150x150.jpeg 150w, http:\/\/sailing-palava.com\/wp-content\/uploads\/2022\/09\/F3558B7F-F162-42B4-B43D-91D19E0B992D-300x300.jpeg 300w, http:\/\/sailing-palava.com\/wp-content\/uploads\/2022\/09\/F3558B7F-F162-42B4-B43D-91D19E0B992D-768x768.jpeg 768w, http:\/\/sailing-palava.com\/wp-content\/uploads\/2022\/09\/F3558B7F-F162-42B4-B43D-91D19E0B992D-1024x1024.jpeg 1024w, http:\/\/sailing-palava.com\/wp-content\/uploads\/2022\/09\/F3558B7F-F162-42B4-B43D-91D19E0B992D-500x500.jpeg 500w, http:\/\/sailing-palava.com\/wp-content\/uploads\/2022\/09\/F3558B7F-F162-42B4-B43D-91D19E0B992D.jpeg 1440w\" sizes=\"(max-width: 150px) 100vw, 150px\" \/><\/a>\n\t\t\t<\/div><\/figure><figure class='gallery-item'>\n\t\t\t<div class='gallery-icon landscape'>\n\t\t\t\t<a data-elementor-open-lightbox=\"yes\" data-elementor-lightbox-slideshow=\"ab6775c\" data-elementor-lightbox-title=\"F09678D7-27C0-4EAB-9DEA-7BAF9431540D\" data-e-action-hash=\"#elementor-action%3Aaction%3Dlightbox%26settings%3DeyJpZCI6MzAxMiwidXJsIjoiaHR0cDpcL1wvc2FpbGluZy1wYWxhdmEuY29tXC93cC1jb250ZW50XC91cGxvYWRzXC8yMDIyXC8wOVwvRjA5Njc4RDctMjdDMC00RUFCLTlERUEtN0JBRjk0MzE1NDBELmpwZWciLCJzbGlkZXNob3ciOiJhYjY3NzVjIn0%3D\" href='http:\/\/sailing-palava.com\/wp-content\/uploads\/2022\/09\/F09678D7-27C0-4EAB-9DEA-7BAF9431540D.jpeg'><img loading=\"lazy\" decoding=\"async\" width=\"150\" height=\"150\" src=\"http:\/\/sailing-palava.com\/wp-content\/uploads\/2022\/09\/F09678D7-27C0-4EAB-9DEA-7BAF9431540D-150x150.jpeg\" class=\"attachment-thumbnail size-thumbnail\" alt=\"\" srcset=\"http:\/\/sailing-palava.com\/wp-content\/uploads\/2022\/09\/F09678D7-27C0-4EAB-9DEA-7BAF9431540D-150x150.jpeg 150w, http:\/\/sailing-palava.com\/wp-content\/uploads\/2022\/09\/F09678D7-27C0-4EAB-9DEA-7BAF9431540D-500x500.jpeg 500w\" sizes=\"(max-width: 150px) 100vw, 150px\" \/><\/a>\n\t\t\t<\/div><\/figure>\n\t\t<\/div>\n\t\t<\/div>\n\t\t\t\t\t\t<\/div>\n\t\t\t\t<\/div>\n\t\t\t\t\t<\/div>\n\t\t<\/div>\n\t\t\t\t\t<\/div>\n\t\t<\/section>\n\t\t\t\t<\/div>","protected":false},"excerpt":{"rendered":"<p>France:\u00a0\u00a0Semaine Olympique Francaise 23.-30.4.2022 \u00a0 Po cca t\u00fddenn\u00edm soust\u0159ed\u011bn\u00ed ve Francii n\u00e1s \u010dekali dal\u0161\u00ed z\u00e1vody \u2013 tentokr\u00e1t Olympijsk\u00fd francouzsk\u00fd t\u00fdden v\u00a0Hyeres. Za mne jeden z\u00a0nejlep\u0161\u00edch spot\u016f, na kter\u00e9m jsme kdy formula kite z\u00e1vody jeli. Pro z\u00e1vodn\u00edky byla tentokr\u00e1t vyhrazena v\u011bt\u0161\u00ed \u010d\u00e1st p\u00edse\u010dn\u00e9 pl\u00e1\u017ee, bez n\u00e1strah kamen\u016f, v\u00edtr cel\u00fd t\u00fdden foukal z\u00a0p\u0159\u00edzniv\u00fdch sm\u011br\u016f. Prvn\u00ed dny byly&hellip;<\/p>","protected":false},"author":1,"featured_media":3008,"parent":0,"menu_order":0,"comment_status":"closed","ping_status":"closed","template":"","meta":{"footnotes":""},"class_list":["post-2997","page","type-page","status-publish","has-post-thumbnail","hentry"],"_links":{"self":[{"href":"http:\/\/sailing-palava.com\/en\/wp-json\/wp\/v2\/pages\/2997","targetHints":{"allow":["GET"]}}],"collection":[{"href":"http:\/\/sailing-palava.com\/en\/wp-json\/wp\/v2\/pages"}],"about":[{"href":"http:\/\/sailing-palava.com\/en\/wp-json\/wp\/v2\/types\/page"}],"author":[{"embeddable":true,"href":"http:\/\/sailing-palava.com\/en\/wp-json\/wp\/v2\/users\/1"}],"replies":[{"embeddable":true,"href":"http:\/\/sailing-palava.com\/en\/wp-json\/wp\/v2\/comments?post=2997"}],"version-history":[{"count":10,"href":"http:\/\/sailing-palava.com\/en\/wp-json\/wp\/v2\/pages\/2997\/revisions"}],"predecessor-version":[{"id":3229,"href":"http:\/\/sailing-palava.com\/en\/wp-json\/wp\/v2\/pages\/2997\/revisions\/3229"}],"wp:featuredmedia":[{"embeddable":true,"href":"http:\/\/sailing-palava.com\/en\/wp-json\/wp\/v2\/media\/3008"}],"wp:attachment":[{"href":"http:\/\/sailing-palava.com\/en\/wp-json\/wp\/v2\/media?parent=2997"}],"curies":[{"name":"wp","href":"https:\/\/api.w.org\/{rel}","templated":true}]}}