{"id":3075,"date":"2022-11-22T18:13:26","date_gmt":"2022-11-22T17:13:26","guid":{"rendered":"http:\/\/sailing-palava.com\/?page_id=3075"},"modified":"2025-07-30T16:22:05","modified_gmt":"2025-07-30T14:22:05","slug":"sezona_2021","status":"publish","type":"page","link":"http:\/\/sailing-palava.com\/en\/sezona_2021\/","title":{"rendered":"2021 Season"},"content":{"rendered":"<div data-elementor-type=\"wp-page\" data-elementor-id=\"3075\" class=\"elementor elementor-3075\">\n\t\t\t\t\t\t<section class=\"elementor-section elementor-top-section elementor-element elementor-element-bdd3fc1 elementor-section-boxed elementor-section-height-default elementor-section-height-default\" data-id=\"bdd3fc1\" data-element_type=\"section\" data-e-type=\"section\">\n\t\t\t\t\t\t<div class=\"elementor-container elementor-column-gap-default\">\n\t\t\t\t\t<div class=\"elementor-column elementor-col-100 elementor-top-column elementor-element elementor-element-ac3fd8b\" data-id=\"ac3fd8b\" data-element_type=\"column\" data-e-type=\"column\">\n\t\t\t<div class=\"elementor-widget-wrap elementor-element-populated\">\n\t\t\t\t\t\t<div class=\"elementor-element elementor-element-f0c3e51 elementor-widget elementor-widget-heading\" data-id=\"f0c3e51\" data-element_type=\"widget\" data-e-type=\"widget\" data-widget_type=\"heading.default\">\n\t\t\t\t<div class=\"elementor-widget-container\">\n\t\t\t\t\t<h2 class=\"elementor-heading-title elementor-size-default\">2021 Season<\/h2>\t\t\t\t<\/div>\n\t\t\t\t<\/div>\n\t\t\t\t\t<\/div>\n\t\t<\/div>\n\t\t\t\t\t<\/div>\n\t\t<\/section>\n\t\t\t\t<section class=\"elementor-section elementor-top-section elementor-element elementor-element-fe834c1 elementor-section-boxed elementor-section-height-default elementor-section-height-default\" data-id=\"fe834c1\" data-element_type=\"section\" data-e-type=\"section\">\n\t\t\t\t\t\t<div class=\"elementor-container elementor-column-gap-default\">\n\t\t\t\t\t<div class=\"elementor-column elementor-col-50 elementor-top-column elementor-element elementor-element-dc0b7d0\" data-id=\"dc0b7d0\" data-element_type=\"column\" data-e-type=\"column\">\n\t\t\t<div class=\"elementor-widget-wrap elementor-element-populated\">\n\t\t\t\t\t\t<div class=\"elementor-element elementor-element-bb56010 elementor-widget elementor-widget-heading\" data-id=\"bb56010\" data-element_type=\"widget\" data-e-type=\"widget\" data-widget_type=\"heading.default\">\n\t\t\t\t<div class=\"elementor-widget-container\">\n\t\t\t\t\t<h3 class=\"elementor-heading-title elementor-size-default\">Vojt\u011bch Ko\u0161ka<\/h3>\t\t\t\t<\/div>\n\t\t\t\t<\/div>\n\t\t\t\t\t<\/div>\n\t\t<\/div>\n\t\t\t\t<div class=\"elementor-column elementor-col-50 elementor-top-column elementor-element elementor-element-d5ccb89\" data-id=\"d5ccb89\" data-element_type=\"column\" data-e-type=\"column\">\n\t\t\t<div class=\"elementor-widget-wrap elementor-element-populated\">\n\t\t\t\t\t\t<div class=\"elementor-element elementor-element-bf577d9 elementor-widget elementor-widget-text-editor\" data-id=\"bf577d9\" data-element_type=\"widget\" data-e-type=\"widget\" data-widget_type=\"text-editor.default\">\n\t\t\t\t<div class=\"elementor-widget-container\">\n\t\t\t\t\t\t\t\t\t<p class=\"MsoNormal\"><span style=\"color: #000000;\">1st place GREECE, Patras, Kite Foil &amp; Twin Tip Race Patra 25-26 September 2021<\/span><\/p><p class=\"MsoNormal\"><span style=\"color: #000000; font-family: var( --e-global-typography-text-font-family ), Sans-serif;\">\u00a0<\/span><\/p><p><span style=\"color: #000000;\">2nd place (U19) SARDEGNA, Cagliari, KiteFoil World Series 6th-10th October 2021<\/span><\/p><p class=\"MsoNormal\"><span style=\"color: #00ccff;\"><strong><span style=\"text-decoration: underline;\"><a style=\"color: #00ccff;\" href=\"https:\/\/www.kitefoilworldseries.com\/events\/results\/2021-season\/2021-act-3-cagliari\">https:\/\/www.kitefoilworldseries.com\/events\/results\/2021-season\/2021-act-3-cagliari<\/a><\/span><\/strong><\/span><\/p><p class=\"MsoNormal\"><span style=\"color: #000000;\">\u00a0<\/span><\/p><p class=\"MsoNormal\"><span style=\"color: #000000;\">Sardinia, Torregrande, Formula Kite World Championships, 16-17 October 2021<\/span><\/p><p class=\"MsoNormal\"><span style=\"text-decoration: underline;\"><span style=\"color: #00ccff;\"><a style=\"color: #00ccff; text-decoration: underline;\" href=\"https:\/\/www.formulakite.org\/component\/sppagebuilder\/?view=page&amp;id=10\">https:\/\/www.formulakite.org\/component\/sppagebuilder\/?view=page&amp;id=10<\/a><\/span><\/span><\/p><p class=\"MsoNormal\"><span style=\"color: #000000;\">\u00a0<\/span><\/p><p class=\"MsoNormal\"><span style=\"color: #000000;\">OMAN, Mussanah, Youth Sailing World Championships 2021<\/span><\/p><p class=\"MsoNormal\"><span style=\"text-decoration: underline;\"><span style=\"color: #00ccff;\"><a style=\"color: #00ccff; text-decoration: underline;\" href=\"https:\/\/worldsailingywc.org\/competition\/history\/past-results\/\">https:\/\/worldsailingywc.org\/competition\/history\/past-results\/<\/a><\/span><\/span><\/p>\t\t\t\t\t\t\t\t<\/div>\n\t\t\t\t<\/div>\n\t\t\t\t\t<\/div>\n\t\t<\/div>\n\t\t\t\t\t<\/div>\n\t\t<\/section>\n\t\t\t\t<section class=\"elementor-section elementor-top-section elementor-element elementor-element-7596802 elementor-section-boxed elementor-section-height-default elementor-section-height-default\" data-id=\"7596802\" data-element_type=\"section\" data-e-type=\"section\">\n\t\t\t\t\t\t<div class=\"elementor-container elementor-column-gap-default\">\n\t\t\t\t\t<div class=\"elementor-column elementor-col-50 elementor-top-column elementor-element elementor-element-4d3d44e\" data-id=\"4d3d44e\" data-element_type=\"column\" data-e-type=\"column\">\n\t\t\t<div class=\"elementor-widget-wrap elementor-element-populated\">\n\t\t\t\t\t\t<div class=\"elementor-element elementor-element-616644c elementor-widget elementor-widget-heading\" data-id=\"616644c\" data-element_type=\"widget\" data-e-type=\"widget\" data-widget_type=\"heading.default\">\n\t\t\t\t<div class=\"elementor-widget-container\">\n\t\t\t\t\t<h3 class=\"elementor-heading-title elementor-size-default\">Dominika Braunov\u00e1<\/h3>\t\t\t\t<\/div>\n\t\t\t\t<\/div>\n\t\t\t\t\t<\/div>\n\t\t<\/div>\n\t\t\t\t<div class=\"elementor-column elementor-col-50 elementor-top-column elementor-element elementor-element-ff28ac7\" data-id=\"ff28ac7\" data-element_type=\"column\" data-e-type=\"column\">\n\t\t\t<div class=\"elementor-widget-wrap elementor-element-populated\">\n\t\t\t\t\t\t<div class=\"elementor-element elementor-element-1b47bd5 elementor-widget elementor-widget-text-editor\" data-id=\"1b47bd5\" data-element_type=\"widget\" data-e-type=\"widget\" data-widget_type=\"text-editor.default\">\n\t\t\t\t<div class=\"elementor-widget-container\">\n\t\t\t\t\t\t\t\t\t<p class=\"MsoNormal\"><span style=\"color: #000000;\">1st place Snowkite Cup Slovakia\u00a0<\/span><\/p><p class=\"MsoNormal\"><span style=\"color: #000000;\">1st Place Visegrad Snowkite Cup Lipno<\/span><\/p><p><span style=\"color: #000000;\">3rd place Bejkroll kite challenge (freestyle twintip)<\/span><\/p><p class=\"MsoNormal\">\u00a0<\/p>\t\t\t\t\t\t\t\t<\/div>\n\t\t\t\t<\/div>\n\t\t\t\t\t<\/div>\n\t\t<\/div>\n\t\t\t\t\t<\/div>\n\t\t<\/section>\n\t\t\t\t<section class=\"elementor-section elementor-top-section elementor-element elementor-element-6492077 elementor-section-boxed elementor-section-height-default elementor-section-height-default\" data-id=\"6492077\" data-element_type=\"section\" data-e-type=\"section\">\n\t\t\t\t\t\t<div class=\"elementor-container elementor-column-gap-default\">\n\t\t\t\t\t<div class=\"elementor-column elementor-col-33 elementor-top-column elementor-element elementor-element-fa7166b\" data-id=\"fa7166b\" data-element_type=\"column\" data-e-type=\"column\">\n\t\t\t<div class=\"elementor-widget-wrap elementor-element-populated\">\n\t\t\t\t\t\t<div class=\"elementor-element elementor-element-7447004 elementor-widget elementor-widget-heading\" data-id=\"7447004\" data-element_type=\"widget\" data-e-type=\"widget\" data-widget_type=\"heading.default\">\n\t\t\t\t<div class=\"elementor-widget-container\">\n\t\t\t\t\t<h3 class=\"elementor-heading-title elementor-size-default\">Monika \u017di\u017elavsk\u00e1<\/h3>\t\t\t\t<\/div>\n\t\t\t\t<\/div>\n\t\t\t\t\t<\/div>\n\t\t<\/div>\n\t\t\t\t<div class=\"elementor-column elementor-col-66 elementor-top-column elementor-element elementor-element-cff3d65\" data-id=\"cff3d65\" data-element_type=\"column\" data-e-type=\"column\">\n\t\t\t<div class=\"elementor-widget-wrap elementor-element-populated\">\n\t\t\t\t\t\t<div class=\"elementor-element elementor-element-2a1523b elementor-widget elementor-widget-text-editor\" data-id=\"2a1523b\" data-element_type=\"widget\" data-e-type=\"widget\" data-widget_type=\"text-editor.default\">\n\t\t\t\t<div class=\"elementor-widget-container\">\n\t\t\t\t\t\t\t\t\t<p><span style=\"color: #000000;\">5th place MS Formula Kite \u2013 over 35s category Torregrande Sardinia<\/span><\/p><p><span style=\"color: #000000;\">1st place Czech Championship in Freestyle Women and in Slalom Women<\/span><\/p><p class=\"MsoNormal\">\u00a0<\/p>\t\t\t\t\t\t\t\t<\/div>\n\t\t\t\t<\/div>\n\t\t\t\t\t<\/div>\n\t\t<\/div>\n\t\t\t\t\t<\/div>\n\t\t<\/section>\n\t\t\t\t<section class=\"elementor-section elementor-top-section elementor-element elementor-element-4b416d7 elementor-section-boxed elementor-section-height-default elementor-section-height-default\" data-id=\"4b416d7\" data-element_type=\"section\" data-e-type=\"section\">\n\t\t\t\t\t\t<div class=\"elementor-container elementor-column-gap-default\">\n\t\t\t\t\t<div class=\"elementor-column elementor-col-33 elementor-top-column elementor-element elementor-element-87d08ca\" data-id=\"87d08ca\" data-element_type=\"column\" data-e-type=\"column\">\n\t\t\t<div class=\"elementor-widget-wrap elementor-element-populated\">\n\t\t\t\t\t\t<div class=\"elementor-element elementor-element-c09b7de elementor-widget elementor-widget-heading\" data-id=\"c09b7de\" data-element_type=\"widget\" data-e-type=\"widget\" data-widget_type=\"heading.default\">\n\t\t\t\t<div class=\"elementor-widget-container\">\n\t\t\t\t\t<h3 class=\"elementor-heading-title elementor-size-default\">Anna Davidov\u00e1<\/h3>\t\t\t\t<\/div>\n\t\t\t\t<\/div>\n\t\t\t\t\t<\/div>\n\t\t<\/div>\n\t\t\t\t<div class=\"elementor-column elementor-col-66 elementor-top-column elementor-element elementor-element-e5219f6\" data-id=\"e5219f6\" data-element_type=\"column\" data-e-type=\"column\">\n\t\t\t<div class=\"elementor-widget-wrap elementor-element-populated\">\n\t\t\t\t\t\t<div class=\"elementor-element elementor-element-ce87200 elementor-widget elementor-widget-text-editor\" data-id=\"ce87200\" data-element_type=\"widget\" data-e-type=\"widget\" data-widget_type=\"text-editor.default\">\n\t\t\t\t<div class=\"elementor-widget-container\">\n\t\t\t\t\t\t\t\t\t<p><span style=\"color: #000000;\">2nd place Czech Championships freestyle<\/span><\/p><p><span style=\"color: #000000;\">3rd place Czech Championship race<\/span><\/p>\t\t\t\t\t\t\t\t<\/div>\n\t\t\t\t<\/div>\n\t\t\t\t\t<\/div>\n\t\t<\/div>\n\t\t\t\t\t<\/div>\n\t\t<\/section>\n\t\t\t\t<\/div>","protected":false},"excerpt":{"rendered":"<p>Sezona 2021 Vojt\u011bch Ko\u0161ka 1. m\u00edsto GREECE, Patras, Kite Foil &amp; Twin Tip Race Patra 25.-26. September 2021 \u00a0 2. m\u00edsto (U19) SARDEGNA, Cagliari, KiteFoil World Series 6.-10. October 2021 https:\/\/www.kitefoilworldseries.com\/events\/results\/2021-season\/2021-act-3-cagliari \u00a0 SARDEGNA, Torregrande, Formula Kite World Championships, 16.-17. October 2021 https:\/\/www.formulakite.org\/component\/sppagebuilder\/?view=page&amp;id=10 \u00a0 OMAN, Mussanah, Youth Sailing World Championships 2021 https:\/\/worldsailingywc.org\/competition\/history\/past-results\/ Dominika Braunov\u00e1 1. m\u00edsto&hellip;<\/p>","protected":false},"author":1,"featured_media":0,"parent":0,"menu_order":0,"comment_status":"closed","ping_status":"closed","template":"","meta":{"footnotes":""},"class_list":["post-3075","page","type-page","status-publish","hentry"],"_links":{"self":[{"href":"http:\/\/sailing-palava.com\/en\/wp-json\/wp\/v2\/pages\/3075","targetHints":{"allow":["GET"]}}],"collection":[{"href":"http:\/\/sailing-palava.com\/en\/wp-json\/wp\/v2\/pages"}],"about":[{"href":"http:\/\/sailing-palava.com\/en\/wp-json\/wp\/v2\/types\/page"}],"author":[{"embeddable":true,"href":"http:\/\/sailing-palava.com\/en\/wp-json\/wp\/v2\/users\/1"}],"replies":[{"embeddable":true,"href":"http:\/\/sailing-palava.com\/en\/wp-json\/wp\/v2\/comments?post=3075"}],"version-history":[{"count":25,"href":"http:\/\/sailing-palava.com\/en\/wp-json\/wp\/v2\/pages\/3075\/revisions"}],"predecessor-version":[{"id":4009,"href":"http:\/\/sailing-palava.com\/en\/wp-json\/wp\/v2\/pages\/3075\/revisions\/4009"}],"wp:attachment":[{"href":"http:\/\/sailing-palava.com\/en\/wp-json\/wp\/v2\/media?parent=3075"}],"curies":[{"name":"wp","href":"https:\/\/api.w.org\/{rel}","templated":true}]}}