{"id":3474,"date":"2025-05-21T12:44:55","date_gmt":"2025-05-21T10:44:55","guid":{"rendered":"https:\/\/sailing-palava.com\/?page_id=3474"},"modified":"2026-04-05T15:00:21","modified_gmt":"2026-04-05T13:00:21","slug":"seste-misto-z-me-v-turecku","status":"publish","type":"page","link":"http:\/\/sailing-palava.com\/en\/seste-misto-z-me-v-turecku\/","title":{"rendered":"\u0160est\u00e9 m\u00edsto na ME v Turecku"},"content":{"rendered":"<div data-elementor-type=\"wp-page\" data-elementor-id=\"3474\" class=\"elementor elementor-3474\">\n\t\t\t\t\t\t<section class=\"elementor-section elementor-top-section elementor-element elementor-element-26c9bb5 elementor-section-boxed elementor-section-height-default elementor-section-height-default\" data-id=\"26c9bb5\" data-element_type=\"section\" data-e-type=\"section\">\n\t\t\t\t\t\t<div class=\"elementor-container elementor-column-gap-default\">\n\t\t\t\t\t<div class=\"elementor-column elementor-col-50 elementor-top-column elementor-element elementor-element-ad41094\" data-id=\"ad41094\" data-element_type=\"column\" data-e-type=\"column\">\n\t\t\t<div class=\"elementor-widget-wrap elementor-element-populated\">\n\t\t\t\t\t\t<div class=\"elementor-element elementor-element-54cea8a elementor-widget elementor-widget-text-editor\" data-id=\"54cea8a\" data-element_type=\"widget\" data-e-type=\"widget\" data-widget_type=\"text-editor.default\">\n\t\t\t\t<div class=\"elementor-widget-container\">\n\t\t\t\t\t\t\t\t\t<div dir=\"auto\" style=\"font-family: inherit; animation-name: none!important; transition-property: none!important;\"><p class=\"-wm-MsoNormal\" style=\"margin-bottom: 0cm; line-height: normal; background-image: initial; background-position: initial; background-size: initial; background-repeat: initial; background-attachment: initial; background-origin: initial; background-clip: initial;\"><strong><span style=\"font-size: 12pt; font-family: Arial, sans-serif; color: #000080; background: whitesmoke;\">\u0160est\u00e9 m\u00edsto na ME v Turecku<\/span><\/strong><\/p><div>\u00a0<\/div><div>\u00a0<\/div><p class=\"-wm-MsoNormal\" style=\"margin-bottom: 0cm; line-height: normal; background-image: initial; background-position: initial; background-size: initial; background-repeat: initial; background-attachment: initial; background-origin: initial; background-clip: initial;\"><span style=\"font-size: 12pt; font-family: 'Arial',sans-serif; mso-fareast-font-family: 'Times New Roman'; color: #003399; mso-fareast-language: CS;\">FORMULA KITE EUROPEANS<\/span><\/p><p class=\"-wm-MsoNormal\" style=\"margin-bottom: 0cm; line-height: normal; background-image: initial; background-position: initial; background-size: initial; background-repeat: initial; background-attachment: initial; background-origin: initial; background-clip: initial;\"><span style=\"font-size: 12pt; line-height: 107%; font-family: 'Arial',sans-serif; mso-fareast-font-family: 'Times New Roman'; color: #003399; mso-fareast-language: CS;\">11.\u201319. 5. 2025<\/span><\/p><p>\u00a0<\/p><p style=\"font-weight: 400;\"><strong>Vojt\u011bch Ko\u0161ka veze z Turecka \u0161estou p\u0159\u00ed\u010dku z ME Formula Kite \u2013 dal\u0161\u00ed skv\u011bl\u00fd v\u00fdsledek v olympijsk\u00e9 discipl\u00edn\u011b<\/strong><\/p><p style=\"font-weight: 400;\">\u010cesk\u00fd reprezentant\u00a0<strong>Vojt\u011bch Ko\u0161ka<\/strong>\u00a0dos\u00e1hl na dal\u0161\u00ed v\u00fdrazn\u00fd \u00fasp\u011bch ve sv\u011btov\u00e9 kiteboardingov\u00e9 konkurenci. Na\u00a0<strong>Mistrovstv\u00ed Evropy ve t\u0159\u00edd\u011b Formula Kite<\/strong>, kter\u00e9 se konalo v tureck\u00e9 Urle, obsadil v siln\u011b obsazen\u00e9m poli v\u00fdborn\u00e9 7. m\u00edsto v z\u00e1vod\u011b a skon\u010dil \u0161est\u00fd mezi Evropany. Nav\u00e1zal tak na ned\u00e1vn\u00e1 um\u00edst\u011bn\u00ed ze Sv\u011btov\u00fdch poh\u00e1r\u016f \u2013 5. m\u00edsto v Hy\u00e8res a 7. p\u0159\u00ed\u010dku na Mallorce \u2013 a potvrdil, \u017ee pat\u0159\u00ed mezi neju\u017e\u0161\u00ed sv\u011btovou \u0161pi\u010dku v t\u00e9to olympijsk\u00e9 discipl\u00edn\u011b.\u00a0<\/p><\/div><p style=\"font-weight: 400;\">Po cel\u00fd z\u00e1vod se dr\u017eel na pr\u016fb\u011b\u017en\u00e9m \u010dtvrt\u00e9m m\u00edst\u011b, a\u017e v z\u00e1v\u011bru ve slab\u00e9m v\u011btru klesl na kone\u010dn\u00e9 sedm\u00e9 m\u00edsto.<\/p><div dir=\"auto\" style=\"font-family: inherit; animation-name: none!important; transition-property: none!important;\"><p style=\"font-weight: 400;\">Titul mistra Evropy mezi mu\u017ei z\u00edskal neporaziteln\u00fd Maximilian Maeder ze Singapuru, druh\u00fd skon\u010dil Ital Riccardo Pianosi a t\u0159et\u00ed \u0160v\u00fdcar Gian Andrea Stragiotti. \u017denskou \u010d\u00e1st \u0161ampion\u00e1tu opanovala Francouzka Lauriane Nolot. \u010ce\u0161ka Dominika Braunov\u00e1 skon\u010dila na 21. m\u00edst\u011b.<\/p><p style=\"font-weight: 400;\">Kdy\u017e se pod\u00edv\u00e1me na v\u00fdsledkovou listinu, Ko\u0161k\u016fv v\u00fdsledek je vynikaj\u00edc\u00ed. V konkurenci absolutn\u00ed sv\u011btov\u00e9 \u0161pi\u010dky a za velmi n\u00e1ro\u010dn\u00fdch podm\u00ednek dr\u017eel krok s nejlep\u0161\u00edmi. S\u00e9rie um\u00edst\u011bn\u00ed v top 10 potvrzuje jeho v\u00fdkonnost i stabilitu.<\/p><p style=\"font-weight: 400;\">Formula Kite byla poprv\u00e9\u00a0<strong>olympijskou discipl\u00ednou<\/strong>\u00a0pro hry v Pa\u0159\u00ed\u017ei 2024 a nebude chyb\u011bt ani v Los Angeles 2028. D\u00edky vysok\u00e9 rychlosti, technick\u00fdm n\u00e1rok\u016fm a atraktivit\u011b z\u00e1vod\u011bn\u00ed pat\u0159\u00ed mezi nejdynami\u010dt\u011bj\u0161\u00ed odv\u011btv\u00ed modern\u00edho jachtingu. \u0160ampion\u00e1t v Urle nab\u00eddl \u0161pi\u010dkov\u00e9 podm\u00ednky, nap\u00ednav\u00e9 fin\u00e1le i uk\u00e1zku toho nejlep\u0161\u00edho, co tento sport nab\u00edz\u00ed.<\/p><p>\u00a0<\/p><p style=\"font-weight: 400;\"><em>Foto IKA media\/Robert Hajduk<\/em><\/p><\/div>\t\t\t\t\t\t\t\t<\/div>\n\t\t\t\t<\/div>\n\t\t\t\t<div class=\"elementor-element elementor-element-02e31ba elementor-widget elementor-widget-text-editor\" data-id=\"02e31ba\" data-element_type=\"widget\" data-e-type=\"widget\" data-widget_type=\"text-editor.default\">\n\t\t\t\t<div class=\"elementor-widget-container\">\n\t\t\t\t\t\t\t\t\t<p><a href=\"http:\/\/www.kiteclasses.org\/2025europeans\" target=\"_blank\" rel=\"noopener\">Results HERE<\/a><\/p>\t\t\t\t\t\t\t\t<\/div>\n\t\t\t\t<\/div>\n\t\t\t\t\t<\/div>\n\t\t<\/div>\n\t\t\t\t<div class=\"elementor-column elementor-col-50 elementor-top-column elementor-element elementor-element-20f5c56\" data-id=\"20f5c56\" data-element_type=\"column\" data-e-type=\"column\">\n\t\t\t<div class=\"elementor-widget-wrap elementor-element-populated\">\n\t\t\t\t\t\t<div class=\"elementor-element elementor-element-ab6775c elementor-widget elementor-widget-image-gallery\" data-id=\"ab6775c\" data-element_type=\"widget\" data-e-type=\"widget\" data-widget_type=\"image-gallery.default\">\n\t\t\t\t<div class=\"elementor-widget-container\">\n\t\t\t\t\t\t\t<div class=\"elementor-image-gallery\">\n\t\t\t<div id='gallery-1' class='gallery galleryid-3474 gallery-columns-1 gallery-size-medium_large'><figure class='gallery-item'>\n\t\t\t<div class='gallery-icon landscape'>\n\t\t\t\t<a data-elementor-open-lightbox=\"yes\" data-elementor-lightbox-slideshow=\"ab6775c\" data-elementor-lightbox-title=\"Formula Kite European Championships\" data-e-action-hash=\"#elementor-action%3Aaction%3Dlightbox%26settings%3DeyJpZCI6MzQ3NiwidXJsIjoiaHR0cDpcL1wvc2FpbGluZy1wYWxhdmEuY29tXC93cC1jb250ZW50XC91cGxvYWRzXC8yMDI1XC8wNVwvNTQ1MTc2NDQzNjdfOTIzYjJiYmZkYl9vLmpwZyIsInNsaWRlc2hvdyI6ImFiNjc3NWMifQ%3D%3D\" href='http:\/\/sailing-palava.com\/wp-content\/uploads\/2025\/05\/54517644367_923b2bbfdb_o.jpg'><img fetchpriority=\"high\" decoding=\"async\" width=\"640\" height=\"391\" src=\"http:\/\/sailing-palava.com\/wp-content\/uploads\/2025\/05\/54517644367_923b2bbfdb_o-768x469.jpg\" class=\"attachment-medium_large size-medium_large\" alt=\"\" srcset=\"http:\/\/sailing-palava.com\/wp-content\/uploads\/2025\/05\/54517644367_923b2bbfdb_o-768x469.jpg 768w, http:\/\/sailing-palava.com\/wp-content\/uploads\/2025\/05\/54517644367_923b2bbfdb_o-300x183.jpg 300w, http:\/\/sailing-palava.com\/wp-content\/uploads\/2025\/05\/54517644367_923b2bbfdb_o-1024x626.jpg 1024w, http:\/\/sailing-palava.com\/wp-content\/uploads\/2025\/05\/54517644367_923b2bbfdb_o-1536x938.jpg 1536w, http:\/\/sailing-palava.com\/wp-content\/uploads\/2025\/05\/54517644367_923b2bbfdb_o.jpg 2000w\" sizes=\"(max-width: 640px) 100vw, 640px\" \/><\/a>\n\t\t\t<\/div><\/figure><figure class='gallery-item'>\n\t\t\t<div class='gallery-icon landscape'>\n\t\t\t\t<a data-elementor-open-lightbox=\"yes\" data-elementor-lightbox-slideshow=\"ab6775c\" data-elementor-lightbox-title=\"Formula Kite European Championships\" data-e-action-hash=\"#elementor-action%3Aaction%3Dlightbox%26settings%3DeyJpZCI6MzQ3NywidXJsIjoiaHR0cDpcL1wvc2FpbGluZy1wYWxhdmEuY29tXC93cC1jb250ZW50XC91cGxvYWRzXC8yMDI1XC8wNVwvNTQ1MjE2Nzk3MjZfNzU2NTA2ZGY4Y19vLmpwZyIsInNsaWRlc2hvdyI6ImFiNjc3NWMifQ%3D%3D\" href='http:\/\/sailing-palava.com\/wp-content\/uploads\/2025\/05\/54521679726_756506df8c_o.jpg'><img decoding=\"async\" width=\"640\" height=\"388\" src=\"http:\/\/sailing-palava.com\/wp-content\/uploads\/2025\/05\/54521679726_756506df8c_o-768x465.jpg\" class=\"attachment-medium_large size-medium_large\" alt=\"\" srcset=\"http:\/\/sailing-palava.com\/wp-content\/uploads\/2025\/05\/54521679726_756506df8c_o-768x465.jpg 768w, http:\/\/sailing-palava.com\/wp-content\/uploads\/2025\/05\/54521679726_756506df8c_o-300x182.jpg 300w, http:\/\/sailing-palava.com\/wp-content\/uploads\/2025\/05\/54521679726_756506df8c_o-1024x620.jpg 1024w, http:\/\/sailing-palava.com\/wp-content\/uploads\/2025\/05\/54521679726_756506df8c_o-1536x929.jpg 1536w, http:\/\/sailing-palava.com\/wp-content\/uploads\/2025\/05\/54521679726_756506df8c_o.jpg 2000w\" sizes=\"(max-width: 640px) 100vw, 640px\" \/><\/a>\n\t\t\t<\/div><\/figure><figure class='gallery-item'>\n\t\t\t<div class='gallery-icon landscape'>\n\t\t\t\t<a data-elementor-open-lightbox=\"yes\" data-elementor-lightbox-slideshow=\"ab6775c\" data-elementor-lightbox-title=\"Formula Kite European Championships\" data-e-action-hash=\"#elementor-action%3Aaction%3Dlightbox%26settings%3DeyJpZCI6MzQ3OCwidXJsIjoiaHR0cDpcL1wvc2FpbGluZy1wYWxhdmEuY29tXC93cC1jb250ZW50XC91cGxvYWRzXC8yMDI1XC8wNVwvNTQ1MTg3NjYzMjhfN2U4ODFmNzM5MF9vLmpwZyIsInNsaWRlc2hvdyI6ImFiNjc3NWMifQ%3D%3D\" href='http:\/\/sailing-palava.com\/wp-content\/uploads\/2025\/05\/54518766328_7e881f7390_o.jpg'><img decoding=\"async\" width=\"640\" height=\"418\" src=\"http:\/\/sailing-palava.com\/wp-content\/uploads\/2025\/05\/54518766328_7e881f7390_o-768x501.jpg\" class=\"attachment-medium_large size-medium_large\" alt=\"\" aria-describedby=\"gallery-1-3478\" srcset=\"http:\/\/sailing-palava.com\/wp-content\/uploads\/2025\/05\/54518766328_7e881f7390_o-768x501.jpg 768w, http:\/\/sailing-palava.com\/wp-content\/uploads\/2025\/05\/54518766328_7e881f7390_o-300x196.jpg 300w, http:\/\/sailing-palava.com\/wp-content\/uploads\/2025\/05\/54518766328_7e881f7390_o-1024x668.jpg 1024w, http:\/\/sailing-palava.com\/wp-content\/uploads\/2025\/05\/54518766328_7e881f7390_o-1536x1001.jpg 1536w, http:\/\/sailing-palava.com\/wp-content\/uploads\/2025\/05\/54518766328_7e881f7390_o.jpg 2000w\" sizes=\"(max-width: 640px) 100vw, 640px\" \/><\/a>\n\t\t\t<\/div>\n\t\t\t\t<figcaption class='wp-caption-text gallery-caption' id='gallery-1-3478'>\n\t\t\t\tVojt\u011bch Ko\u0161ka\n\t\t\t\t<\/figcaption><\/figure><figure class='gallery-item'>\n\t\t\t<div class='gallery-icon landscape'>\n\t\t\t\t<a data-elementor-open-lightbox=\"yes\" data-elementor-lightbox-slideshow=\"ab6775c\" data-elementor-lightbox-title=\"Formula Kite European Championships\" data-e-action-hash=\"#elementor-action%3Aaction%3Dlightbox%26settings%3DeyJpZCI6MzQ3OSwidXJsIjoiaHR0cDpcL1wvc2FpbGluZy1wYWxhdmEuY29tXC93cC1jb250ZW50XC91cGxvYWRzXC8yMDI1XC8wNVwvNTQ1MjIwMzE0MDVfYzI2NTI2MjRlY19vLmpwZyIsInNsaWRlc2hvdyI6ImFiNjc3NWMifQ%3D%3D\" href='http:\/\/sailing-palava.com\/wp-content\/uploads\/2025\/05\/54522031405_c2652624ec_o.jpg'><img loading=\"lazy\" decoding=\"async\" width=\"640\" height=\"323\" src=\"http:\/\/sailing-palava.com\/wp-content\/uploads\/2025\/05\/54522031405_c2652624ec_o-768x388.jpg\" class=\"attachment-medium_large size-medium_large\" alt=\"\" aria-describedby=\"gallery-1-3479\" srcset=\"http:\/\/sailing-palava.com\/wp-content\/uploads\/2025\/05\/54522031405_c2652624ec_o-768x388.jpg 768w, http:\/\/sailing-palava.com\/wp-content\/uploads\/2025\/05\/54522031405_c2652624ec_o-300x152.jpg 300w, http:\/\/sailing-palava.com\/wp-content\/uploads\/2025\/05\/54522031405_c2652624ec_o-1024x518.jpg 1024w, http:\/\/sailing-palava.com\/wp-content\/uploads\/2025\/05\/54522031405_c2652624ec_o-1536x776.jpg 1536w, http:\/\/sailing-palava.com\/wp-content\/uploads\/2025\/05\/54522031405_c2652624ec_o.jpg 2000w\" sizes=\"(max-width: 640px) 100vw, 640px\" \/><\/a>\n\t\t\t<\/div>\n\t\t\t\t<figcaption class='wp-caption-text gallery-caption' id='gallery-1-3479'>\n\t\t\t\tDominika Braunov\u00e1\n\t\t\t\t<\/figcaption><\/figure>\n\t\t<\/div>\n\t\t<\/div>\n\t\t\t\t\t\t<\/div>\n\t\t\t\t<\/div>\n\t\t\t\t\t<\/div>\n\t\t<\/div>\n\t\t\t\t\t<\/div>\n\t\t<\/section>\n\t\t\t\t<\/div>","protected":false},"excerpt":{"rendered":"<p>\u0160est\u00e9 m\u00edsto na ME v Turecku \u00a0\u00a0 FORMULA KITE EUROPEANS 11.\u201319. 5. 2025 \u00a0 Vojt\u011bch Ko\u0161ka veze z Turecka \u0161estou p\u0159\u00ed\u010dku z ME Formula Kite \u2013 dal\u0161\u00ed skv\u011bl\u00fd v\u00fdsledek v olympijsk\u00e9 discipl\u00edn\u011b \u010cesk\u00fd reprezentant\u00a0Vojt\u011bch Ko\u0161ka\u00a0dos\u00e1hl na dal\u0161\u00ed v\u00fdrazn\u00fd \u00fasp\u011bch ve sv\u011btov\u00e9 kiteboardingov\u00e9 konkurenci. Na\u00a0Mistrovstv\u00ed Evropy ve t\u0159\u00edd\u011b Formula Kite, kter\u00e9 se konalo v tureck\u00e9 Urle,&hellip;<\/p>","protected":false},"author":1,"featured_media":3483,"parent":0,"menu_order":0,"comment_status":"closed","ping_status":"closed","template":"","meta":{"footnotes":""},"class_list":["post-3474","page","type-page","status-publish","has-post-thumbnail","hentry"],"_links":{"self":[{"href":"http:\/\/sailing-palava.com\/en\/wp-json\/wp\/v2\/pages\/3474","targetHints":{"allow":["GET"]}}],"collection":[{"href":"http:\/\/sailing-palava.com\/en\/wp-json\/wp\/v2\/pages"}],"about":[{"href":"http:\/\/sailing-palava.com\/en\/wp-json\/wp\/v2\/types\/page"}],"author":[{"embeddable":true,"href":"http:\/\/sailing-palava.com\/en\/wp-json\/wp\/v2\/users\/1"}],"replies":[{"embeddable":true,"href":"http:\/\/sailing-palava.com\/en\/wp-json\/wp\/v2\/comments?post=3474"}],"version-history":[{"count":15,"href":"http:\/\/sailing-palava.com\/en\/wp-json\/wp\/v2\/pages\/3474\/revisions"}],"predecessor-version":[{"id":4755,"href":"http:\/\/sailing-palava.com\/en\/wp-json\/wp\/v2\/pages\/3474\/revisions\/4755"}],"wp:featuredmedia":[{"embeddable":true,"href":"http:\/\/sailing-palava.com\/en\/wp-json\/wp\/v2\/media\/3483"}],"wp:attachment":[{"href":"http:\/\/sailing-palava.com\/en\/wp-json\/wp\/v2\/media?parent=3474"}],"curies":[{"name":"wp","href":"https:\/\/api.w.org\/{rel}","templated":true}]}}