{"id":3536,"date":"2025-05-22T14:24:56","date_gmt":"2025-05-22T12:24:56","guid":{"rendered":"https:\/\/sailing-palava.com\/?page_id=3536"},"modified":"2025-05-22T14:32:38","modified_gmt":"2025-05-22T12:32:38","slug":"v-prvni-desitce-na-me-u21","status":"publish","type":"page","link":"http:\/\/sailing-palava.com\/en\/v-prvni-desitce-na-me-u21\/","title":{"rendered":"V prvn\u00ed des\u00edtce na ME U21"},"content":{"rendered":"<div data-elementor-type=\"wp-page\" data-elementor-id=\"3536\" class=\"elementor elementor-3536\">\n\t\t\t\t\t\t<section class=\"elementor-section elementor-top-section elementor-element elementor-element-26c9bb5 elementor-section-boxed elementor-section-height-default elementor-section-height-default\" data-id=\"26c9bb5\" data-element_type=\"section\" data-e-type=\"section\">\n\t\t\t\t\t\t<div class=\"elementor-container elementor-column-gap-default\">\n\t\t\t\t\t<div class=\"elementor-column elementor-col-50 elementor-top-column elementor-element elementor-element-ad41094\" data-id=\"ad41094\" data-element_type=\"column\" data-e-type=\"column\">\n\t\t\t<div class=\"elementor-widget-wrap elementor-element-populated\">\n\t\t\t\t\t\t<div class=\"elementor-element elementor-element-54cea8a elementor-widget elementor-widget-text-editor\" data-id=\"54cea8a\" data-element_type=\"widget\" data-e-type=\"widget\" data-widget_type=\"text-editor.default\">\n\t\t\t\t<div class=\"elementor-widget-container\">\n\t\t\t\t\t\t\t\t\t<div dir=\"auto\" style=\"font-family: inherit; animation-name: none!important; transition-property: none!important;\"><p class=\"-wm-MsoNormal\" style=\"margin-bottom: 0cm; line-height: normal; background-image: initial; background-position: initial; background-size: initial; background-repeat: initial; background-attachment: initial; background-origin: initial; background-clip: initial;\"><strong><span style=\"font-size: 12pt; font-family: Arial, sans-serif; color: #000080; background: whitesmoke;\">V prvn\u00ed des\u00edtce na ME U21<\/span><\/strong><\/p><div>\u00a0<\/div><div>\u00a0<\/div><p class=\"-wm-MsoNormal\" style=\"margin-bottom: 0cm; line-height: normal; background-image: initial; background-position: initial; background-size: initial; background-repeat: initial; background-attachment: initial; background-origin: initial; background-clip: initial;\"><span style=\"font-size: 12pt; font-family: 'Arial',sans-serif; mso-fareast-font-family: 'Times New Roman'; color: #003399; mso-fareast-language: CS;\">FORMULA KITE YOUTH EUROPEAN CHAMPIONSHIPS<\/span><\/p><p class=\"-wm-MsoNormal\" style=\"margin-bottom: 0cm; line-height: normal; background-image: initial; background-position: initial; background-size: initial; background-repeat: initial; background-attachment: initial; background-origin: initial; background-clip: initial;\"><span style=\"font-size: 12pt; line-height: 107%; font-family: 'Arial',sans-serif; mso-fareast-font-family: 'Times New Roman'; color: #003399; mso-fareast-language: CS;\">7.\u201313. 10. 2024<\/span><\/p><p>\u00a0<\/p><p style=\"font-weight: 400;\">Mistrovstv\u00ed Evropy do 21 let v olympijsk\u00e9 t\u0159\u00edd\u011b Formula Kite se konalo v kr\u00e1sn\u00e9m prost\u0159ed\u00ed v Cagliari na Sardinii. Na startu mezi z\u00e1vodn\u00edky z\u00a0cel\u00e9ho sv\u011bta nechyb\u011bli ani dva \u010de\u0161t\u00ed reprezentanti \u2013 <strong>Dominika Braunov\u00e1 a Vojt\u011bch Ko\u0161ka, kte\u0159\u00ed oba uk\u00e1zali sv\u016fj talent.<\/strong><\/p><p style=\"font-weight: 400;\">\u00a0<\/p><p style=\"font-weight: 400;\"><strong>Dominika Braunov\u00e1<\/strong>\u00a0p\u0159ijela do Cagliari po n\u00e1ro\u010dn\u00e9 pauze zp\u016fsoben\u00e9 zran\u011bn\u00edm, aby znovu nabrala formu. <em>\u201eJsem nad\u0161en\u00e1, \u017ee jsem po del\u0161\u00ed dob\u011b mohla op\u011bt z\u00e1vodit a z\u00edskat zp\u011bt svou v\u00fdkonnost. Tr\u00e9nink p\u0159ed z\u00e1vodem byl skv\u011bl\u00fd, c\u00edt\u00edm, \u017ee se moje forma vrac\u00ed. V\u00a0z\u00e1vod\u011b jsem si vedla dob\u0159e, st\u00e1le jsem se zlep\u0161ovala, co\u017e mi dodalo spoustu sebev\u011bdom\u00ed,&#8220;<\/em> uvedla Dominika, kter\u00e1 skon\u010dila na 10. m\u00edst\u011b.<\/p><p style=\"font-weight: 400;\">\u00a0<\/p><p style=\"font-weight: 400;\"><strong>Je\u0161t\u011b l\u00e9pe jel Vojt\u011bch Ko\u0161ka<\/strong>, kter\u00fd se po cel\u00fd z\u00e1vod dr\u017eel na \u010dtvrt\u00e9m m\u00edst\u011b. Posledn\u00ed den cht\u011bl zabojovat o medaili, ale nakonec z\u00a0toho bylo 6. m\u00edsto celkov\u011b a na 4. m\u00edst\u011bo mezi Evropany. <em>\u201e\u0160ampion\u00e1t byl pro m\u011b skv\u011blou zku\u0161enost\u00ed. \u0160koda jen posledn\u00edho dne, kdy se mi nepoda\u0159ilo zajet tak, jak jsem cht\u011bl. Ale i tak jsem s v\u00fdsledkem spokojen\u00fd a u\u017e se t\u011b\u0161\u00edm na p\u0159\u00edpravu na olympijsk\u00fd cyklus pro rok 2028.\u201c<\/em><\/p><p style=\"font-weight: 400;\">\u00a0<\/p><p style=\"font-weight: 400;\"><span style=\"font-weight: 400;\">Oba \u010de\u0161t\u00ed z\u00e1vodn\u00edci odvedli skv\u011blou pr\u00e1ci a prok\u00e1zali, \u017ee maj\u00ed potenci\u00e1l na to, aby se prosadili na mezin\u00e1rodn\u00ed sc\u00e9n\u011b.<\/span><\/p><p>\u00a0<\/p><\/div><div dir=\"auto\" style=\"font-family: inherit; animation-name: none!important; transition-property: none!important;\"><p style=\"font-weight: 400;\"><em>Foto IKA media\/Robert Hajduk<\/em><\/p><\/div>\t\t\t\t\t\t\t\t<\/div>\n\t\t\t\t<\/div>\n\t\t\t\t<div class=\"elementor-element elementor-element-02e31ba elementor-widget elementor-widget-text-editor\" data-id=\"02e31ba\" data-element_type=\"widget\" data-e-type=\"widget\" data-widget_type=\"text-editor.default\">\n\t\t\t\t<div class=\"elementor-widget-container\">\n\t\t\t\t\t\t\t\t\t<p><a href=\"https:\/\/www.kiteclasses.org\/component\/content\/article\/22654-passing-lanes-and-precision-define-championship-performances?catid=60&amp;Itemid=322\" target=\"_blank\" rel=\"noopener\">Results HERE<\/a><\/p>\t\t\t\t\t\t\t\t<\/div>\n\t\t\t\t<\/div>\n\t\t\t\t\t<\/div>\n\t\t<\/div>\n\t\t\t\t<div class=\"elementor-column elementor-col-50 elementor-top-column elementor-element elementor-element-20f5c56\" data-id=\"20f5c56\" data-element_type=\"column\" data-e-type=\"column\">\n\t\t\t<div class=\"elementor-widget-wrap elementor-element-populated\">\n\t\t\t\t\t\t<div class=\"elementor-element elementor-element-ab6775c elementor-widget elementor-widget-image-gallery\" data-id=\"ab6775c\" data-element_type=\"widget\" data-e-type=\"widget\" data-widget_type=\"image-gallery.default\">\n\t\t\t\t<div class=\"elementor-widget-container\">\n\t\t\t\t\t\t\t<div class=\"elementor-image-gallery\">\n\t\t\t<div id='gallery-1' class='gallery galleryid-3536 gallery-columns-1 gallery-size-medium_large'><figure class='gallery-item'>\n\t\t\t<div class='gallery-icon landscape'>\n\t\t\t\t<a data-elementor-open-lightbox=\"yes\" data-elementor-lightbox-slideshow=\"ab6775c\" data-elementor-lightbox-title=\"462180639_18439840060064354_9068665000004432713_n\" data-e-action-hash=\"#elementor-action%3Aaction%3Dlightbox%26settings%3DeyJpZCI6MzU0NCwidXJsIjoiaHR0cDpcL1wvc2FpbGluZy1wYWxhdmEuY29tXC93cC1jb250ZW50XC91cGxvYWRzXC8yMDI1XC8wNVwvNDYyMTgwNjM5XzE4NDM5ODQwMDYwMDY0MzU0XzkwNjg2NjUwMDAwMDQ0MzI3MTNfbi5qcGciLCJzbGlkZXNob3ciOiJhYjY3NzVjIn0%3D\" href='http:\/\/sailing-palava.com\/wp-content\/uploads\/2025\/05\/462180639_18439840060064354_9068665000004432713_n.jpg'><img fetchpriority=\"high\" decoding=\"async\" width=\"640\" height=\"357\" src=\"http:\/\/sailing-palava.com\/wp-content\/uploads\/2025\/05\/462180639_18439840060064354_9068665000004432713_n-768x428.jpg\" class=\"attachment-medium_large size-medium_large\" alt=\"\" srcset=\"http:\/\/sailing-palava.com\/wp-content\/uploads\/2025\/05\/462180639_18439840060064354_9068665000004432713_n-768x428.jpg 768w, http:\/\/sailing-palava.com\/wp-content\/uploads\/2025\/05\/462180639_18439840060064354_9068665000004432713_n-300x167.jpg 300w, http:\/\/sailing-palava.com\/wp-content\/uploads\/2025\/05\/462180639_18439840060064354_9068665000004432713_n-1024x571.jpg 1024w, http:\/\/sailing-palava.com\/wp-content\/uploads\/2025\/05\/462180639_18439840060064354_9068665000004432713_n.jpg 1114w\" sizes=\"(max-width: 640px) 100vw, 640px\" \/><\/a>\n\t\t\t<\/div><\/figure><figure class='gallery-item'>\n\t\t\t<div class='gallery-icon landscape'>\n\t\t\t\t<a data-elementor-open-lightbox=\"yes\" data-elementor-lightbox-slideshow=\"ab6775c\" data-elementor-lightbox-title=\"462574122_18440225854064354_2796512754691560054_n\" data-e-action-hash=\"#elementor-action%3Aaction%3Dlightbox%26settings%3DeyJpZCI6MzU0NywidXJsIjoiaHR0cDpcL1wvc2FpbGluZy1wYWxhdmEuY29tXC93cC1jb250ZW50XC91cGxvYWRzXC8yMDI1XC8wNVwvNDYyNTc0MTIyXzE4NDQwMjI1ODU0MDY0MzU0XzI3OTY1MTI3NTQ2OTE1NjAwNTRfbi5qcGciLCJzbGlkZXNob3ciOiJhYjY3NzVjIn0%3D\" href='http:\/\/sailing-palava.com\/wp-content\/uploads\/2025\/05\/462574122_18440225854064354_2796512754691560054_n.jpg'><img decoding=\"async\" width=\"640\" height=\"355\" src=\"http:\/\/sailing-palava.com\/wp-content\/uploads\/2025\/05\/462574122_18440225854064354_2796512754691560054_n-768x426.jpg\" class=\"attachment-medium_large size-medium_large\" alt=\"\" aria-describedby=\"gallery-1-3547\" srcset=\"http:\/\/sailing-palava.com\/wp-content\/uploads\/2025\/05\/462574122_18440225854064354_2796512754691560054_n-768x426.jpg 768w, http:\/\/sailing-palava.com\/wp-content\/uploads\/2025\/05\/462574122_18440225854064354_2796512754691560054_n-300x166.jpg 300w, http:\/\/sailing-palava.com\/wp-content\/uploads\/2025\/05\/462574122_18440225854064354_2796512754691560054_n-1024x568.jpg 1024w, http:\/\/sailing-palava.com\/wp-content\/uploads\/2025\/05\/462574122_18440225854064354_2796512754691560054_n.jpg 1109w\" sizes=\"(max-width: 640px) 100vw, 640px\" \/><\/a>\n\t\t\t<\/div>\n\t\t\t\t<figcaption class='wp-caption-text gallery-caption' id='gallery-1-3547'>\n\t\t\t\tDominka Braunov\u00e1\n\t\t\t\t<\/figcaption><\/figure><figure class='gallery-item'>\n\t\t\t<div class='gallery-icon landscape'>\n\t\t\t\t<a data-elementor-open-lightbox=\"yes\" data-elementor-lightbox-slideshow=\"ab6775c\" data-elementor-lightbox-title=\"54055223874_64ce4b92c3_o\" data-e-action-hash=\"#elementor-action%3Aaction%3Dlightbox%26settings%3DeyJpZCI6MzU0NSwidXJsIjoiaHR0cDpcL1wvc2FpbGluZy1wYWxhdmEuY29tXC93cC1jb250ZW50XC91cGxvYWRzXC8yMDI1XC8wNVwvNTQwNTUyMjM4NzRfNjRjZTRiOTJjM19vLmpwZyIsInNsaWRlc2hvdyI6ImFiNjc3NWMifQ%3D%3D\" href='http:\/\/sailing-palava.com\/wp-content\/uploads\/2025\/05\/54055223874_64ce4b92c3_o.jpg'><img decoding=\"async\" width=\"640\" height=\"358\" src=\"http:\/\/sailing-palava.com\/wp-content\/uploads\/2025\/05\/54055223874_64ce4b92c3_o-768x430.jpg\" class=\"attachment-medium_large size-medium_large\" alt=\"\" srcset=\"http:\/\/sailing-palava.com\/wp-content\/uploads\/2025\/05\/54055223874_64ce4b92c3_o-768x430.jpg 768w, http:\/\/sailing-palava.com\/wp-content\/uploads\/2025\/05\/54055223874_64ce4b92c3_o-300x168.jpg 300w, http:\/\/sailing-palava.com\/wp-content\/uploads\/2025\/05\/54055223874_64ce4b92c3_o-1024x573.jpg 1024w, http:\/\/sailing-palava.com\/wp-content\/uploads\/2025\/05\/54055223874_64ce4b92c3_o-1536x859.jpg 1536w, http:\/\/sailing-palava.com\/wp-content\/uploads\/2025\/05\/54055223874_64ce4b92c3_o.jpg 2000w\" sizes=\"(max-width: 640px) 100vw, 640px\" \/><\/a>\n\t\t\t<\/div><\/figure><figure class='gallery-item'>\n\t\t\t<div class='gallery-icon landscape'>\n\t\t\t\t<a data-elementor-open-lightbox=\"yes\" data-elementor-lightbox-slideshow=\"ab6775c\" data-elementor-lightbox-title=\"day_5_-_men\" data-e-action-hash=\"#elementor-action%3Aaction%3Dlightbox%26settings%3DeyJpZCI6MzU0NiwidXJsIjoiaHR0cDpcL1wvc2FpbGluZy1wYWxhdmEuY29tXC93cC1jb250ZW50XC91cGxvYWRzXC8yMDI1XC8wNVwvZGF5XzVfLV9tZW4uanBnIiwic2xpZGVzaG93IjoiYWI2Nzc1YyJ9\" href='http:\/\/sailing-palava.com\/wp-content\/uploads\/2025\/05\/day_5_-_men.jpg'><img loading=\"lazy\" decoding=\"async\" width=\"640\" height=\"362\" src=\"http:\/\/sailing-palava.com\/wp-content\/uploads\/2025\/05\/day_5_-_men-768x434.jpg\" class=\"attachment-medium_large size-medium_large\" alt=\"\" aria-describedby=\"gallery-1-3546\" srcset=\"http:\/\/sailing-palava.com\/wp-content\/uploads\/2025\/05\/day_5_-_men-768x434.jpg 768w, http:\/\/sailing-palava.com\/wp-content\/uploads\/2025\/05\/day_5_-_men-300x170.jpg 300w, http:\/\/sailing-palava.com\/wp-content\/uploads\/2025\/05\/day_5_-_men-1024x579.jpg 1024w, http:\/\/sailing-palava.com\/wp-content\/uploads\/2025\/05\/day_5_-_men-1536x869.jpg 1536w, http:\/\/sailing-palava.com\/wp-content\/uploads\/2025\/05\/day_5_-_men.jpg 2000w\" sizes=\"(max-width: 640px) 100vw, 640px\" \/><\/a>\n\t\t\t<\/div>\n\t\t\t\t<figcaption class='wp-caption-text gallery-caption' id='gallery-1-3546'>\n\t\t\t\tVojt\u011bch Ko\u0161ka\n\t\t\t\t<\/figcaption><\/figure>\n\t\t<\/div>\n\t\t<\/div>\n\t\t\t\t\t\t<\/div>\n\t\t\t\t<\/div>\n\t\t\t\t\t<\/div>\n\t\t<\/div>\n\t\t\t\t\t<\/div>\n\t\t<\/section>\n\t\t\t\t<\/div>","protected":false},"excerpt":{"rendered":"<p>V prvn\u00ed des\u00edtce na ME U21 \u00a0\u00a0 FORMULA KITE YOUTH EUROPEAN CHAMPIONSHIPS 7.\u201313. 10. 2024 \u00a0 Mistrovstv\u00ed Evropy do 21 let v olympijsk\u00e9 t\u0159\u00edd\u011b Formula Kite se konalo v kr\u00e1sn\u00e9m prost\u0159ed\u00ed v Cagliari na Sardinii. Na startu mezi z\u00e1vodn\u00edky z\u00a0cel\u00e9ho sv\u011bta nechyb\u011bli ani dva \u010de\u0161t\u00ed reprezentanti \u2013 Dominika Braunov\u00e1 a Vojt\u011bch Ko\u0161ka, kte\u0159\u00ed oba uk\u00e1zali&hellip;<\/p>","protected":false},"author":1,"featured_media":3551,"parent":0,"menu_order":0,"comment_status":"closed","ping_status":"closed","template":"","meta":{"footnotes":""},"class_list":["post-3536","page","type-page","status-publish","has-post-thumbnail","hentry"],"_links":{"self":[{"href":"http:\/\/sailing-palava.com\/en\/wp-json\/wp\/v2\/pages\/3536","targetHints":{"allow":["GET"]}}],"collection":[{"href":"http:\/\/sailing-palava.com\/en\/wp-json\/wp\/v2\/pages"}],"about":[{"href":"http:\/\/sailing-palava.com\/en\/wp-json\/wp\/v2\/types\/page"}],"author":[{"embeddable":true,"href":"http:\/\/sailing-palava.com\/en\/wp-json\/wp\/v2\/users\/1"}],"replies":[{"embeddable":true,"href":"http:\/\/sailing-palava.com\/en\/wp-json\/wp\/v2\/comments?post=3536"}],"version-history":[{"count":13,"href":"http:\/\/sailing-palava.com\/en\/wp-json\/wp\/v2\/pages\/3536\/revisions"}],"predecessor-version":[{"id":3554,"href":"http:\/\/sailing-palava.com\/en\/wp-json\/wp\/v2\/pages\/3536\/revisions\/3554"}],"wp:featuredmedia":[{"embeddable":true,"href":"http:\/\/sailing-palava.com\/en\/wp-json\/wp\/v2\/media\/3551"}],"wp:attachment":[{"href":"http:\/\/sailing-palava.com\/en\/wp-json\/wp\/v2\/media?parent=3536"}],"curies":[{"name":"wp","href":"https:\/\/api.w.org\/{rel}","templated":true}]}}