{"id":3581,"date":"2025-07-07T22:42:38","date_gmt":"2025-07-07T20:42:38","guid":{"rendered":"https:\/\/sailing-palava.com\/?page_id=3581"},"modified":"2025-07-07T22:55:06","modified_gmt":"2025-07-07T20:55:06","slug":"medaile-z-me-do-21-let-v-olympijske-tride-formula-kite","status":"publish","type":"page","link":"http:\/\/sailing-palava.com\/en\/medaile-z-me-do-21-let-v-olympijske-tride-formula-kite\/","title":{"rendered":"Medaile z ME do 21 let v olympijsk\u00e9 t\u0159\u00edd\u011b Formula Kite"},"content":{"rendered":"<div data-elementor-type=\"wp-page\" data-elementor-id=\"3581\" class=\"elementor elementor-3581\">\n\t\t\t\t\t\t<section class=\"elementor-section elementor-top-section elementor-element elementor-element-26c9bb5 elementor-section-boxed elementor-section-height-default elementor-section-height-default\" data-id=\"26c9bb5\" data-element_type=\"section\" data-e-type=\"section\">\n\t\t\t\t\t\t<div class=\"elementor-container elementor-column-gap-default\">\n\t\t\t\t\t<div class=\"elementor-column elementor-col-50 elementor-top-column elementor-element elementor-element-ad41094\" data-id=\"ad41094\" data-element_type=\"column\" data-e-type=\"column\">\n\t\t\t<div class=\"elementor-widget-wrap elementor-element-populated\">\n\t\t\t\t\t\t<div class=\"elementor-element elementor-element-54cea8a elementor-widget elementor-widget-text-editor\" data-id=\"54cea8a\" data-element_type=\"widget\" data-e-type=\"widget\" data-widget_type=\"text-editor.default\">\n\t\t\t\t<div class=\"elementor-widget-container\">\n\t\t\t\t\t\t\t\t\t<div dir=\"auto\" style=\"font-family: inherit; animation-name: none!important; transition-property: none!important;\"><p style=\"margin-bottom: 0cm; line-height: normal; background-image: initial; background-position: initial; background-size: initial; background-repeat: initial; background-attachment: initial; background-origin: initial; background-clip: initial;\"><strong><span style=\"font-size: 12pt; font-family: Arial, sans-serif; color: #000080; background: whitesmoke;\">Medaile z ME U21 v olympijsk\u00e9 t\u0159\u00edd\u011b Formula Kite<\/span><\/strong><\/p><div>\u00a0<\/div><div>\u00a0<\/div><p style=\"margin-bottom: 0cm; line-height: normal; background-image: initial; background-position: initial; background-size: initial; background-repeat: initial; background-attachment: initial; background-origin: initial; background-clip: initial;\"><span style=\"font-size: 12pt; font-family: 'Arial',sans-serif; mso-fareast-font-family: 'Times New Roman'; color: #003399; mso-fareast-language: CS;\">FORMULA KITE YOUTH EUROPEAN CHAMPIONSHIPS<\/span><\/p><p style=\"margin-bottom: 0cm; line-height: normal; background-image: initial; background-position: initial; background-size: initial; background-repeat: initial; background-attachment: initial; background-origin: initial; background-clip: initial;\"><span style=\"font-size: 12pt; line-height: 107%; font-family: 'Arial',sans-serif; mso-fareast-font-family: 'Times New Roman'; color: #003399; mso-fareast-language: CS;\">30. 6.\u20136. 7. 2025<\/span><\/p><p>\u00a0<\/p><p><b>Vojt\u011bch Ko\u0161ka si odv\u00e1\u017e\u00ed z ME do 21 let v olympijsk\u00e9 t\u0159\u00edd\u011b Formula Kite bronzovou medaili!<\/b><\/p><p><b><span class=\"Apple-converted-space\">\u00a0<\/span>K tomu p\u0159idala <\/b><a href=\"https:\/\/www.facebook.com\/domi.braunova2811?__cft__%5B0%5D=AZUhIjbYOuYpfnZi0ZIQjTlhAEThwktGaizur7ll9BvOe3od0eoI0aYAXLogl1BXgEeYCMkM-qPelB8xJApXj5AX3AC0wCuh9gGyUHzN0Je-Lpuhreya8P3OQ8FrrGuoG_On9GhfX4IBnfsShxyuPPK2&amp;__tn__=-%5DK-R\"><b>Dominika Braunov\u00e1<\/b><\/a><b> 8. m\u00edsto mezi \u017eenami!<\/b><\/p><p>Italsk\u00e1 Gizzeria, le\u017e\u00edc\u00ed na z\u00e1padn\u00edm pob\u0159e\u017e\u00ed Kal\u00e1brie, nab\u00eddla po cel\u00fd t\u00fdden od 30. 6. do 6. 7. stabiln\u00ed termick\u00e9 podm\u00ednky se slab\u0161\u00edm v\u011btrem z Tyrh\u00e9nsk\u00e9ho mo\u0159e. Pr\u00e1v\u011b na tuto termiku spol\u00e9hali na\u0161i reprezentanti p\u0159i n\u00e1ro\u010dn\u00fdch rozj\u00ed\u017e\u010fk\u00e1ch, kter\u00e9 vy\u017eadovaly nejen rychlost, ale i precizn\u00ed taktiku.<\/p><p><b>Po z\u00e1kladn\u00ed \u010d\u00e1sti se Vojta Ko\u0161ka<\/b> kvalifikoval do zlat\u00e9 skupiny a dr\u017eel se v prvn\u00ed des\u00edtce. Posledn\u00ed den zabojoval, a dostal se na \u010dtvrt\u00e9 m\u00edsto, kter\u00e9 zaru\u010dovalo postup p\u0159\u00edmo do semifin\u00e1le. V ned\u011bln\u00edm souboji p\u0159edvedl skv\u011blou j\u00edzdu a postoupil do fin\u00e1le. Celkov\u00e9 skon\u010dil \u010dtvrt\u00fd a mezi evropsk\u00fdmi z\u00e1vodn\u00edky z\u00edskal bronz!<\/p><p>Zv\u00edt\u011bzil dom\u00e1c\u00ed z\u00e1vodn\u00edk Riccardo Pianosi, druh\u00fd byl Singapurec Maximilian Maeder, t\u0159et\u00ed \u0160v\u00fdcar Gian Andrea Stragiotti a \u010dtvrt\u00fd Vojt\u011bch Ko\u0161ka, t\u0159et\u00ed Evropan!<\/p><p><i>\u201eCel\u00fd t\u00fdden p\u0159inesl skv\u011bl\u00e9 z\u00e1vod\u011bn\u00ed, odjeli jsme v\u0161echny napl\u00e1novan\u00e9 rozj\u00ed\u017e\u010fky. Da\u0159ilo se mi zaj\u00ed\u017ed\u011bt vyrovnan\u00e9 v\u00fdsledky. Posledn\u00ed den ve zlat\u00e9 skupin\u011b jsem zabojoval a poda\u0159ilo se mi poda\u0159ilo postoupit na \u010dtvrt\u00e9 m\u00edsto, ze kter\u00e9ho jsem postupoval p\u0159\u00edm do semifin\u00e1le. Zvl\u00e1dl jsem to i v nejslab\u0161\u00edm v\u011btru t\u00fddne. Obvykle v lehk\u00fdch podm\u00ednk\u00e1ch tak dobr\u00fd nejsem, ale tentokr\u00e1t jsem podal v\u00fdborn\u00fd v\u00fdkon, tak\u017ee jsem spokojen\u00fd. V semifin\u00e1le pak foukalo naopak nejv\u00edc z cel\u00e9ho t\u00fddne asi 16 uzl\u016f (8 m\/s). Bojoval jsem jako tygr a vybojoval postup do fin\u00e1le a t\u00edm i medaili,\u201c<\/i> sd\u011blil po z\u00e1vodech Vojt\u011bch Ko\u0161ka, kter\u00fd ji\u017e 8. \u010dervence odl\u00e9t\u00e1 do Los Angeles, na m\u00edsto p\u0159\u00ed\u0161t\u00edch olympijsk\u00fdch her. Bude tam z\u00e1vodit, p\u0159edev\u0161\u00edm proto, aby si vyzkou\u0161el podm\u00ednky, kter\u00e9 budou v roce 2028 na olympi\u00e1d\u011b. Potom ho \u010dek\u00e1 tr\u00e9nink v It\u00e1lii se svou italskou tr\u00e9ninkovou skupinou a p\u0159\u00edprava na sv\u011btov\u00fd poh\u00e1r v Cagliari.<\/p><p><b>Skv\u011ble jezdila Dominika Braunov\u00e1<\/b>, kter\u00e1 se po celou dobu dr\u017eela v prvn\u00ed des\u00edtce a do fin\u00e1lov\u00fdch j\u00edzd postoupila ze sedm\u00e9ho m\u00edsta. Bylo to jej\u00ed prvn\u00ed velk\u00e9 fin\u00e1le, a tak v n\u011bm teprve sb\u00edr\u00e1 zku\u0161enosti. Do \u010dtvrtfin\u00e1le nepostoupila a skon\u010dila na celkov\u00e9m osm\u00e9m m\u00edst\u011b a jako sedm\u00e1 Evropanka.<span class=\"Apple-converted-space\">\u00a0<\/span><\/p><p>Zv\u00edt\u011bzila Derin Atakan z Turecka, p\u0159ed Argentinkou Catalinou Turienzo a Britkou Ellou Geiger. Evropsk\u00fd bronz p\u0159idala dal\u0161\u00ed Turkyn\u011b Derin Deniz Sorguc, \u010d\u00edm\u017e podtrhla tureck\u00fd \u00fasp\u011bch.<\/p><p style=\"font-weight: 400;\"><em style=\"font-family: inherit;\">Foto IKA media\/Robert Hajduk<\/em><\/p><\/div>\t\t\t\t\t\t\t\t<\/div>\n\t\t\t\t<\/div>\n\t\t\t\t<div class=\"elementor-element elementor-element-02e31ba elementor-widget elementor-widget-text-editor\" data-id=\"02e31ba\" data-element_type=\"widget\" data-e-type=\"widget\" data-widget_type=\"text-editor.default\">\n\t\t\t\t<div class=\"elementor-widget-container\">\n\t\t\t\t\t\t\t\t\t<p><a href=\"https:\/\/www.kiteclasses.org\/2025youtheuropeans\" target=\"_blank\" rel=\"noopener\">Results HERE<\/a><\/p>\t\t\t\t\t\t\t\t<\/div>\n\t\t\t\t<\/div>\n\t\t\t\t\t<\/div>\n\t\t<\/div>\n\t\t\t\t<div class=\"elementor-column elementor-col-50 elementor-top-column elementor-element elementor-element-20f5c56\" data-id=\"20f5c56\" data-element_type=\"column\" data-e-type=\"column\">\n\t\t\t<div class=\"elementor-widget-wrap elementor-element-populated\">\n\t\t\t\t\t\t<div class=\"elementor-element elementor-element-ab6775c elementor-widget elementor-widget-image-gallery\" data-id=\"ab6775c\" data-element_type=\"widget\" data-e-type=\"widget\" data-widget_type=\"image-gallery.default\">\n\t\t\t\t<div class=\"elementor-widget-container\">\n\t\t\t\t\t\t\t<div class=\"elementor-image-gallery\">\n\t\t\t<div id='gallery-1' class='gallery galleryid-3581 gallery-columns-1 gallery-size-medium_large'><figure class='gallery-item'>\n\t\t\t<div class='gallery-icon landscape'>\n\t\t\t\t<a data-elementor-open-lightbox=\"yes\" data-elementor-lightbox-slideshow=\"ab6775c\" data-elementor-lightbox-title=\"54629115448_cf39fa4f9c_o\" data-e-action-hash=\"#elementor-action%3Aaction%3Dlightbox%26settings%3DeyJpZCI6MzU5MCwidXJsIjoiaHR0cDpcL1wvc2FpbGluZy1wYWxhdmEuY29tXC93cC1jb250ZW50XC91cGxvYWRzXC8yMDI1XC8wN1wvNTQ2MjkxMTU0NDhfY2YzOWZhNGY5Y19vLmpwZyIsInNsaWRlc2hvdyI6ImFiNjc3NWMifQ%3D%3D\" href='http:\/\/sailing-palava.com\/wp-content\/uploads\/2025\/07\/54629115448_cf39fa4f9c_o.jpg'><img fetchpriority=\"high\" decoding=\"async\" width=\"640\" height=\"401\" src=\"http:\/\/sailing-palava.com\/wp-content\/uploads\/2025\/07\/54629115448_cf39fa4f9c_o-768x481.jpg\" class=\"attachment-medium_large size-medium_large\" alt=\"\" srcset=\"http:\/\/sailing-palava.com\/wp-content\/uploads\/2025\/07\/54629115448_cf39fa4f9c_o-768x481.jpg 768w, http:\/\/sailing-palava.com\/wp-content\/uploads\/2025\/07\/54629115448_cf39fa4f9c_o-300x188.jpg 300w, http:\/\/sailing-palava.com\/wp-content\/uploads\/2025\/07\/54629115448_cf39fa4f9c_o-1024x642.jpg 1024w, http:\/\/sailing-palava.com\/wp-content\/uploads\/2025\/07\/54629115448_cf39fa4f9c_o-1536x962.jpg 1536w, http:\/\/sailing-palava.com\/wp-content\/uploads\/2025\/07\/54629115448_cf39fa4f9c_o.jpg 2000w\" sizes=\"(max-width: 640px) 100vw, 640px\" \/><\/a>\n\t\t\t<\/div><\/figure><figure class='gallery-item'>\n\t\t\t<div class='gallery-icon landscape'>\n\t\t\t\t<a data-elementor-open-lightbox=\"yes\" data-elementor-lightbox-slideshow=\"ab6775c\" data-elementor-lightbox-title=\"stupne\" data-e-action-hash=\"#elementor-action%3Aaction%3Dlightbox%26settings%3DeyJpZCI6MzU5MSwidXJsIjoiaHR0cDpcL1wvc2FpbGluZy1wYWxhdmEuY29tXC93cC1jb250ZW50XC91cGxvYWRzXC8yMDI1XC8wN1wvc3R1cG5lLmpwZyIsInNsaWRlc2hvdyI6ImFiNjc3NWMifQ%3D%3D\" href='http:\/\/sailing-palava.com\/wp-content\/uploads\/2025\/07\/stupne.jpg'><img decoding=\"async\" width=\"640\" height=\"512\" src=\"http:\/\/sailing-palava.com\/wp-content\/uploads\/2025\/07\/stupne-768x614.jpg\" class=\"attachment-medium_large size-medium_large\" alt=\"\" srcset=\"http:\/\/sailing-palava.com\/wp-content\/uploads\/2025\/07\/stupne-768x614.jpg 768w, http:\/\/sailing-palava.com\/wp-content\/uploads\/2025\/07\/stupne-300x240.jpg 300w, http:\/\/sailing-palava.com\/wp-content\/uploads\/2025\/07\/stupne-1024x819.jpg 1024w, http:\/\/sailing-palava.com\/wp-content\/uploads\/2025\/07\/stupne.jpg 1134w\" sizes=\"(max-width: 640px) 100vw, 640px\" \/><\/a>\n\t\t\t<\/div><\/figure><figure class='gallery-item'>\n\t\t\t<div class='gallery-icon landscape'>\n\t\t\t\t<a data-elementor-open-lightbox=\"yes\" data-elementor-lightbox-slideshow=\"ab6775c\" data-elementor-lightbox-title=\"Dominika\" data-e-action-hash=\"#elementor-action%3Aaction%3Dlightbox%26settings%3DeyJpZCI6MzU5MiwidXJsIjoiaHR0cDpcL1wvc2FpbGluZy1wYWxhdmEuY29tXC93cC1jb250ZW50XC91cGxvYWRzXC8yMDI1XC8wN1wvRG9taW5pa2EtMS5qcGciLCJzbGlkZXNob3ciOiJhYjY3NzVjIn0%3D\" href='http:\/\/sailing-palava.com\/wp-content\/uploads\/2025\/07\/Dominika-1.jpg'><img decoding=\"async\" width=\"640\" height=\"427\" src=\"http:\/\/sailing-palava.com\/wp-content\/uploads\/2025\/07\/Dominika-1-768x512.jpg\" class=\"attachment-medium_large size-medium_large\" alt=\"\" srcset=\"http:\/\/sailing-palava.com\/wp-content\/uploads\/2025\/07\/Dominika-1-768x512.jpg 768w, http:\/\/sailing-palava.com\/wp-content\/uploads\/2025\/07\/Dominika-1-300x200.jpg 300w, http:\/\/sailing-palava.com\/wp-content\/uploads\/2025\/07\/Dominika-1-1024x683.jpg 1024w, http:\/\/sailing-palava.com\/wp-content\/uploads\/2025\/07\/Dominika-1.jpg 1134w\" sizes=\"(max-width: 640px) 100vw, 640px\" \/><\/a>\n\t\t\t<\/div><\/figure><figure class='gallery-item'>\n\t\t\t<div class='gallery-icon landscape'>\n\t\t\t\t<a data-elementor-open-lightbox=\"yes\" data-elementor-lightbox-slideshow=\"ab6775c\" data-elementor-lightbox-title=\"2025_07_06_IKA_EC_D5_996_RH\" data-e-action-hash=\"#elementor-action%3Aaction%3Dlightbox%26settings%3DeyJpZCI6MzU5MywidXJsIjoiaHR0cDpcL1wvc2FpbGluZy1wYWxhdmEuY29tXC93cC1jb250ZW50XC91cGxvYWRzXC8yMDI1XC8wN1wvMjAyNV8wN18wNl9JS0FfRUNfRDVfOTk2X1JILmpwZyIsInNsaWRlc2hvdyI6ImFiNjc3NWMifQ%3D%3D\" href='http:\/\/sailing-palava.com\/wp-content\/uploads\/2025\/07\/2025_07_06_IKA_EC_D5_996_RH.jpg'><img loading=\"lazy\" decoding=\"async\" width=\"640\" height=\"427\" src=\"http:\/\/sailing-palava.com\/wp-content\/uploads\/2025\/07\/2025_07_06_IKA_EC_D5_996_RH-768x512.jpg\" class=\"attachment-medium_large size-medium_large\" alt=\"\" srcset=\"http:\/\/sailing-palava.com\/wp-content\/uploads\/2025\/07\/2025_07_06_IKA_EC_D5_996_RH-768x512.jpg 768w, http:\/\/sailing-palava.com\/wp-content\/uploads\/2025\/07\/2025_07_06_IKA_EC_D5_996_RH-300x200.jpg 300w, http:\/\/sailing-palava.com\/wp-content\/uploads\/2025\/07\/2025_07_06_IKA_EC_D5_996_RH-1024x683.jpg 1024w, http:\/\/sailing-palava.com\/wp-content\/uploads\/2025\/07\/2025_07_06_IKA_EC_D5_996_RH.jpg 1134w\" sizes=\"(max-width: 640px) 100vw, 640px\" \/><\/a>\n\t\t\t<\/div><\/figure>\n\t\t<\/div>\n\t\t<\/div>\n\t\t\t\t\t\t<\/div>\n\t\t\t\t<\/div>\n\t\t\t\t\t<\/div>\n\t\t<\/div>\n\t\t\t\t\t<\/div>\n\t\t<\/section>\n\t\t\t\t<\/div>","protected":false},"excerpt":{"rendered":"<p>Medaile z ME U21 v olympijsk\u00e9 t\u0159\u00edd\u011b Formula Kite \u00a0\u00a0 FORMULA KITE YOUTH EUROPEAN CHAMPIONSHIPS 30. 6.\u20136. 7. 2025 \u00a0 Vojt\u011bch Ko\u0161ka si odv\u00e1\u017e\u00ed z ME do 21 let v olympijsk\u00e9 t\u0159\u00edd\u011b Formula Kite bronzovou medaili! \u00a0K tomu p\u0159idala Dominika Braunov\u00e1 8. m\u00edsto mezi \u017eenami! Italsk\u00e1 Gizzeria, le\u017e\u00edc\u00ed na z\u00e1padn\u00edm pob\u0159e\u017e\u00ed Kal\u00e1brie, nab\u00eddla po cel\u00fd&hellip;<\/p>","protected":false},"author":1,"featured_media":3586,"parent":0,"menu_order":0,"comment_status":"closed","ping_status":"closed","template":"","meta":{"footnotes":""},"class_list":["post-3581","page","type-page","status-publish","has-post-thumbnail","hentry"],"_links":{"self":[{"href":"http:\/\/sailing-palava.com\/en\/wp-json\/wp\/v2\/pages\/3581","targetHints":{"allow":["GET"]}}],"collection":[{"href":"http:\/\/sailing-palava.com\/en\/wp-json\/wp\/v2\/pages"}],"about":[{"href":"http:\/\/sailing-palava.com\/en\/wp-json\/wp\/v2\/types\/page"}],"author":[{"embeddable":true,"href":"http:\/\/sailing-palava.com\/en\/wp-json\/wp\/v2\/users\/1"}],"replies":[{"embeddable":true,"href":"http:\/\/sailing-palava.com\/en\/wp-json\/wp\/v2\/comments?post=3581"}],"version-history":[{"count":10,"href":"http:\/\/sailing-palava.com\/en\/wp-json\/wp\/v2\/pages\/3581\/revisions"}],"predecessor-version":[{"id":3596,"href":"http:\/\/sailing-palava.com\/en\/wp-json\/wp\/v2\/pages\/3581\/revisions\/3596"}],"wp:featuredmedia":[{"embeddable":true,"href":"http:\/\/sailing-palava.com\/en\/wp-json\/wp\/v2\/media\/3586"}],"wp:attachment":[{"href":"http:\/\/sailing-palava.com\/en\/wp-json\/wp\/v2\/media?parent=3581"}],"curies":[{"name":"wp","href":"https:\/\/api.w.org\/{rel}","templated":true}]}}