{"id":3711,"date":"2025-07-17T11:37:17","date_gmt":"2025-07-17T09:37:17","guid":{"rendered":"https:\/\/sailing-palava.com\/?page_id=3711"},"modified":"2025-07-17T11:45:46","modified_gmt":"2025-07-17T09:45:46","slug":"bronz-z-dejiste-pristi-olympiady","status":"publish","type":"page","link":"http:\/\/sailing-palava.com\/en\/bronz-z-dejiste-pristi-olympiady\/","title":{"rendered":"Bronz z d\u011bji\u0161t\u011b p\u0159\u00ed\u0161t\u00ed olympi\u00e1dy"},"content":{"rendered":"<div data-elementor-type=\"wp-page\" data-elementor-id=\"3711\" class=\"elementor elementor-3711\">\n\t\t\t\t\t\t<section class=\"elementor-section elementor-top-section elementor-element elementor-element-26c9bb5 elementor-section-boxed elementor-section-height-default elementor-section-height-default\" data-id=\"26c9bb5\" data-element_type=\"section\" data-e-type=\"section\">\n\t\t\t\t\t\t<div class=\"elementor-container elementor-column-gap-default\">\n\t\t\t\t\t<div class=\"elementor-column elementor-col-50 elementor-top-column elementor-element elementor-element-ad41094\" data-id=\"ad41094\" data-element_type=\"column\" data-e-type=\"column\">\n\t\t\t<div class=\"elementor-widget-wrap elementor-element-populated\">\n\t\t\t\t\t\t<div class=\"elementor-element elementor-element-54cea8a elementor-widget elementor-widget-text-editor\" data-id=\"54cea8a\" data-element_type=\"widget\" data-e-type=\"widget\" data-widget_type=\"text-editor.default\">\n\t\t\t\t<div class=\"elementor-widget-container\">\n\t\t\t\t\t\t\t\t\t<div dir=\"auto\" style=\"font-family: inherit; animation-name: none!important; transition-property: none!important;\"><p style=\"margin-bottom: 0cm; line-height: normal; background-image: initial; background-position: initial; background-size: initial; background-repeat: initial; background-attachment: initial; background-origin: initial; background-clip: initial;\"><strong><span style=\"font-size: 12pt; font-family: Arial, sans-serif; color: #000080; background: whitesmoke;\">Bronz z d\u011bji\u0161t\u011b p\u0159\u00ed\u0161t\u00ed olympi\u00e1dy<\/span><\/strong><\/p><div>\u00a0<\/div><div>\u00a0<\/div><p style=\"margin-bottom: 0cm; line-height: normal; background-image: initial; background-position: initial; background-size: initial; background-repeat: initial; background-attachment: initial; background-origin: initial; background-clip: initial;\"><span style=\"font-size: 12pt; font-family: 'Arial',sans-serif; mso-fareast-font-family: 'Times New Roman'; color: #003399; mso-fareast-language: CS;\">OLYMPIC CLASSES REGATTA<\/span><\/p><p style=\"margin-bottom: 0cm; line-height: normal; background-image: initial; background-position: initial; background-size: initial; background-repeat: initial; background-attachment: initial; background-origin: initial; background-clip: initial;\"><span style=\"font-size: 12pt; line-height: 107%; font-family: 'Arial',sans-serif; mso-fareast-font-family: 'Times New Roman'; color: #003399; mso-fareast-language: CS;\">11.\u201315. 7. 2025<\/span><\/p><p>\u00a0<\/p><p style=\"font-weight: 400;\"><strong>Vojt\u011bch Ko\u0161ka testoval podm\u00ednky, kter\u00e9 budou na olympi\u00e1d\u011b v\u00a0Los Angeles 2028!<\/strong><\/p><p style=\"font-weight: 400;\">Dostal se mezi 30 pozvan\u00fdch z\u00e1vodn\u00edk\u016f t\u0159\u00eddy Formula Kite na Olympic Classes Regattu, kter\u00e9 se pr\u00e1v\u011b kon\u00e1 v\u00a0budouc\u00ed olympijsk\u00e9 marin\u011b na Long Beach.<\/p><p style=\"font-weight: 400;\">\u00a0<\/p><p style=\"font-weight: 400;\">Tradi\u010dn\u00ed \u201etest event\u201c st\u00e1le je\u0161t\u011b prob\u00edh\u00e1, startuj\u00ed v\u0161echny olympijsk\u00e9 lodn\u00ed t\u0159\u00eddy. Sleduj\u00ed ho div\u00e1ci z\u00a0pl\u00e1\u017ee. Pro kiteboardisty z\u00e1vod skon\u010dil v\u010dera a \u010desk\u00fd reprezentant Vojt\u011bch Ko\u0161ka z\u00edskal fantastick\u00fd bronz. Z\u00e1vod se konal v n\u00e1ro\u010dn\u00fdch, ale ide\u00e1ln\u00edch podm\u00ednk\u00e1ch \u2013 v\u00edtr se dr\u017eel kolem 12\u201315 uzl\u016f, v n\u00e1razech a\u017e 18. Vojta b\u011bhem v\u0161ech rozj\u00ed\u017ed\u011bk dr\u017eel krok s absolutn\u00ed sv\u011btovou \u0161pi\u010dkou a do fin\u00e1lov\u00e9ho dne vstupoval z\u00a0bronzov\u00e9 p\u0159\u00ed\u010dky, kterou udr\u017eel. Na stupn\u00edch v\u00edt\u011bz\u016f ho doplnili v\u00edt\u011bz\u00a0Slovinec Toni Vodi\u0161ek a druh\u00fd\u00a0\u0158ek Kameron Maramenidis.<\/p><p style=\"font-weight: 400;\">\u00a0<\/p><p style=\"font-weight: 400;\"><em>\u201eDruh\u00e9 m\u00edsto bylo na dosah, chyb\u011bly pouze dva body. Vojta p\u0159edvedl skv\u011bl\u00fd v\u00fdkon a v\u0161em uk\u00e1zal, \u017ee pat\u0159\u00ed ke v\u011btov\u00e9 \u0161pi\u010dce a \u017ee je s\u00a0n\u00edm t\u0159eba po\u010d\u00edtat,\u201c<\/em> hodnotil jeho italsk\u00fd tren\u00e9r.<\/p><p style=\"font-weight: 400;\">\u00a0<\/p><p style=\"font-weight: 400;\">A co na to Vojta? \u201eJsem moc r\u00e1d, \u017ee jsme sem byli pozv\u00e1ni a \u017ee jsme si mohli vyzkou\u0161et olympijsk\u00e9 prost\u0159ed\u00ed a m\u00edstn\u00ed podm\u00ednky. L\u00edb\u00ed se mi tady a super v\u00fdsledek je k\u00a0tomu nav\u00edc. \u0160koda, \u017ee se posledn\u00ed den u\u017e nez\u00e1vodilo. Mohl jsem je\u0161t\u011b zabojovat o druh\u00e9 m\u00edsto. Z\u00e1vod nekon\u010dil fin\u00e1lov\u00fdmi j\u00edzdami, a tak m\u011bl na celkov\u00e9 hodnocen\u00ed vliv ka\u017ed\u00fd bod z\u00a0ka\u017ed\u00e9 rozj\u00ed\u017e\u010fky. Bylo pot\u0159eba d\u011blat co nejm\u00e9n\u011b chyb. Ka\u017ed\u00e1 chyba se po\u010d\u00edtala, a to rozhodlo o v\u00fdsledku.\u201c<\/p><p style=\"font-weight: 400;\">\u00a0<\/p><p style=\"font-weight: 400;\">P\u00f3dium z Long Beach i dal\u0161\u00ed leto\u0161n\u00ed \u00fasp\u011bchy Vojtu \u0159ad\u00ed mezi hlavn\u00ed kandid\u00e1ty na \u00fa\u010dast na olympi\u00e1d\u011b v roce 2028.<\/p><p style=\"font-weight: 400;\"><em style=\"font-family: inherit;\">Foto Simone Staff<\/em><\/p><\/div>\t\t\t\t\t\t\t\t<\/div>\n\t\t\t\t<\/div>\n\t\t\t\t<div class=\"elementor-element elementor-element-02e31ba elementor-widget elementor-widget-text-editor\" data-id=\"02e31ba\" data-element_type=\"widget\" data-e-type=\"widget\" data-widget_type=\"text-editor.default\">\n\t\t\t\t<div class=\"elementor-widget-container\">\n\t\t\t\t\t\t\t\t\t<p><a href=\"https:\/\/www.longbeachocr.org\/en\/default\/races\/race-resultsall\" target=\"_blank\" rel=\"noopener\">Results HERE<\/a><\/p>\t\t\t\t\t\t\t\t<\/div>\n\t\t\t\t<\/div>\n\t\t\t\t\t<\/div>\n\t\t<\/div>\n\t\t\t\t<div class=\"elementor-column elementor-col-50 elementor-top-column elementor-element elementor-element-20f5c56\" data-id=\"20f5c56\" data-element_type=\"column\" data-e-type=\"column\">\n\t\t\t<div class=\"elementor-widget-wrap elementor-element-populated\">\n\t\t\t\t\t\t<div class=\"elementor-element elementor-element-ab6775c elementor-widget elementor-widget-image-gallery\" data-id=\"ab6775c\" data-element_type=\"widget\" data-e-type=\"widget\" data-widget_type=\"image-gallery.default\">\n\t\t\t\t<div class=\"elementor-widget-container\">\n\t\t\t\t\t\t\t<div class=\"elementor-image-gallery\">\n\t\t\t<div id='gallery-1' class='gallery galleryid-3711 gallery-columns-1 gallery-size-medium_large'><figure class='gallery-item'>\n\t\t\t<div class='gallery-icon landscape'>\n\t\t\t\t<a data-elementor-open-lightbox=\"yes\" data-elementor-lightbox-slideshow=\"ab6775c\" data-elementor-lightbox-title=\"Long Beach Olympic Classes Regatta - Finals Day\" data-e-action-hash=\"#elementor-action%3Aaction%3Dlightbox%26settings%3DeyJpZCI6MzcyNywidXJsIjoiaHR0cDpcL1wvc2FpbGluZy1wYWxhdmEuY29tXC93cC1jb250ZW50XC91cGxvYWRzXC8yMDI1XC8wN1wvc3R1cG5lLTEuanBnIiwic2xpZGVzaG93IjoiYWI2Nzc1YyJ9\" href='http:\/\/sailing-palava.com\/wp-content\/uploads\/2025\/07\/stupne-1.jpg'><img fetchpriority=\"high\" decoding=\"async\" width=\"640\" height=\"427\" src=\"http:\/\/sailing-palava.com\/wp-content\/uploads\/2025\/07\/stupne-1-768x512.jpg\" class=\"attachment-medium_large size-medium_large\" alt=\"\" srcset=\"http:\/\/sailing-palava.com\/wp-content\/uploads\/2025\/07\/stupne-1-768x512.jpg 768w, http:\/\/sailing-palava.com\/wp-content\/uploads\/2025\/07\/stupne-1-300x200.jpg 300w, http:\/\/sailing-palava.com\/wp-content\/uploads\/2025\/07\/stupne-1-1024x683.jpg 1024w, http:\/\/sailing-palava.com\/wp-content\/uploads\/2025\/07\/stupne-1-1536x1024.jpg 1536w, http:\/\/sailing-palava.com\/wp-content\/uploads\/2025\/07\/stupne-1.jpg 2048w\" sizes=\"(max-width: 640px) 100vw, 640px\" \/><\/a>\n\t\t\t<\/div><\/figure><figure class='gallery-item'>\n\t\t\t<div class='gallery-icon landscape'>\n\t\t\t\t<a data-elementor-open-lightbox=\"yes\" data-elementor-lightbox-slideshow=\"ab6775c\" data-elementor-lightbox-title=\"Long Beach Olympic Classes Regatta 2025 Day 2\" data-e-action-hash=\"#elementor-action%3Aaction%3Dlightbox%26settings%3DeyJpZCI6MzcyOCwidXJsIjoiaHR0cDpcL1wvc2FpbGluZy1wYWxhdmEuY29tXC93cC1jb250ZW50XC91cGxvYWRzXC8yMDI1XC8wN1wvc3RhcnQuanBnIiwic2xpZGVzaG93IjoiYWI2Nzc1YyJ9\" href='http:\/\/sailing-palava.com\/wp-content\/uploads\/2025\/07\/start.jpg'><img decoding=\"async\" width=\"640\" height=\"427\" src=\"http:\/\/sailing-palava.com\/wp-content\/uploads\/2025\/07\/start-768x512.jpg\" class=\"attachment-medium_large size-medium_large\" alt=\"\" srcset=\"http:\/\/sailing-palava.com\/wp-content\/uploads\/2025\/07\/start-768x512.jpg 768w, http:\/\/sailing-palava.com\/wp-content\/uploads\/2025\/07\/start-300x200.jpg 300w, http:\/\/sailing-palava.com\/wp-content\/uploads\/2025\/07\/start-1024x683.jpg 1024w, http:\/\/sailing-palava.com\/wp-content\/uploads\/2025\/07\/start-1536x1024.jpg 1536w, http:\/\/sailing-palava.com\/wp-content\/uploads\/2025\/07\/start.jpg 2048w\" sizes=\"(max-width: 640px) 100vw, 640px\" \/><\/a>\n\t\t\t<\/div><\/figure><figure class='gallery-item'>\n\t\t\t<div class='gallery-icon landscape'>\n\t\t\t\t<a data-elementor-open-lightbox=\"yes\" data-elementor-lightbox-slideshow=\"ab6775c\" data-elementor-lightbox-title=\"Long Beach Olympic Classes Regatta 2025 Day 2\" data-e-action-hash=\"#elementor-action%3Aaction%3Dlightbox%26settings%3DeyJpZCI6MzcyOSwidXJsIjoiaHR0cDpcL1wvc2FpbGluZy1wYWxhdmEuY29tXC93cC1jb250ZW50XC91cGxvYWRzXC8yMDI1XC8wN1wvdm9qdGEyLTEuanBnIiwic2xpZGVzaG93IjoiYWI2Nzc1YyJ9\" href='http:\/\/sailing-palava.com\/wp-content\/uploads\/2025\/07\/vojta2-1.jpg'><img decoding=\"async\" width=\"640\" height=\"427\" src=\"http:\/\/sailing-palava.com\/wp-content\/uploads\/2025\/07\/vojta2-1-768x512.jpg\" class=\"attachment-medium_large size-medium_large\" alt=\"\" srcset=\"http:\/\/sailing-palava.com\/wp-content\/uploads\/2025\/07\/vojta2-1-768x512.jpg 768w, http:\/\/sailing-palava.com\/wp-content\/uploads\/2025\/07\/vojta2-1-300x200.jpg 300w, http:\/\/sailing-palava.com\/wp-content\/uploads\/2025\/07\/vojta2-1-1024x683.jpg 1024w, http:\/\/sailing-palava.com\/wp-content\/uploads\/2025\/07\/vojta2-1-1536x1024.jpg 1536w, http:\/\/sailing-palava.com\/wp-content\/uploads\/2025\/07\/vojta2-1.jpg 2048w\" sizes=\"(max-width: 640px) 100vw, 640px\" \/><\/a>\n\t\t\t<\/div><\/figure><figure class='gallery-item'>\n\t\t\t<div class='gallery-icon portrait'>\n\t\t\t\t<a data-elementor-open-lightbox=\"yes\" data-elementor-lightbox-slideshow=\"ab6775c\" data-elementor-lightbox-title=\"Long Beach Olympic Classes Regatta - Finals Day\" data-e-action-hash=\"#elementor-action%3Aaction%3Dlightbox%26settings%3DeyJpZCI6MzczMCwidXJsIjoiaHR0cDpcL1wvc2FpbGluZy1wYWxhdmEuY29tXC93cC1jb250ZW50XC91cGxvYWRzXC8yMDI1XC8wN1wvYnJvbnouanBnIiwic2xpZGVzaG93IjoiYWI2Nzc1YyJ9\" href='http:\/\/sailing-palava.com\/wp-content\/uploads\/2025\/07\/bronz.jpg'><img loading=\"lazy\" decoding=\"async\" width=\"640\" height=\"960\" src=\"http:\/\/sailing-palava.com\/wp-content\/uploads\/2025\/07\/bronz-768x1152.jpg\" class=\"attachment-medium_large size-medium_large\" alt=\"\" srcset=\"http:\/\/sailing-palava.com\/wp-content\/uploads\/2025\/07\/bronz-768x1152.jpg 768w, http:\/\/sailing-palava.com\/wp-content\/uploads\/2025\/07\/bronz-200x300.jpg 200w, http:\/\/sailing-palava.com\/wp-content\/uploads\/2025\/07\/bronz-683x1024.jpg 683w, http:\/\/sailing-palava.com\/wp-content\/uploads\/2025\/07\/bronz-1024x1536.jpg 1024w, http:\/\/sailing-palava.com\/wp-content\/uploads\/2025\/07\/bronz.jpg 1365w\" sizes=\"(max-width: 640px) 100vw, 640px\" \/><\/a>\n\t\t\t<\/div><\/figure>\n\t\t<\/div>\n\t\t<\/div>\n\t\t\t\t\t\t<\/div>\n\t\t\t\t<\/div>\n\t\t\t\t\t<\/div>\n\t\t<\/div>\n\t\t\t\t\t<\/div>\n\t\t<\/section>\n\t\t\t\t<\/div>","protected":false},"excerpt":{"rendered":"<p>Bronz z d\u011bji\u0161t\u011b p\u0159\u00ed\u0161t\u00ed olympi\u00e1dy \u00a0\u00a0 OLYMPIC CLASSES REGATTA 11.\u201315. 7. 2025 \u00a0 Vojt\u011bch Ko\u0161ka testoval podm\u00ednky, kter\u00e9 budou na olympi\u00e1d\u011b v\u00a0Los Angeles 2028! Dostal se mezi 30 pozvan\u00fdch z\u00e1vodn\u00edk\u016f t\u0159\u00eddy Formula Kite na Olympic Classes Regattu, kter\u00e9 se pr\u00e1v\u011b kon\u00e1 v\u00a0budouc\u00ed olympijsk\u00e9 marin\u011b na Long Beach. \u00a0 Tradi\u010dn\u00ed \u201etest event\u201c st\u00e1le je\u0161t\u011b prob\u00edh\u00e1, startuj\u00ed&hellip;<\/p>","protected":false},"author":1,"featured_media":3722,"parent":0,"menu_order":0,"comment_status":"closed","ping_status":"closed","template":"","meta":{"footnotes":""},"class_list":["post-3711","page","type-page","status-publish","has-post-thumbnail","hentry"],"_links":{"self":[{"href":"http:\/\/sailing-palava.com\/en\/wp-json\/wp\/v2\/pages\/3711","targetHints":{"allow":["GET"]}}],"collection":[{"href":"http:\/\/sailing-palava.com\/en\/wp-json\/wp\/v2\/pages"}],"about":[{"href":"http:\/\/sailing-palava.com\/en\/wp-json\/wp\/v2\/types\/page"}],"author":[{"embeddable":true,"href":"http:\/\/sailing-palava.com\/en\/wp-json\/wp\/v2\/users\/1"}],"replies":[{"embeddable":true,"href":"http:\/\/sailing-palava.com\/en\/wp-json\/wp\/v2\/comments?post=3711"}],"version-history":[{"count":16,"href":"http:\/\/sailing-palava.com\/en\/wp-json\/wp\/v2\/pages\/3711\/revisions"}],"predecessor-version":[{"id":3736,"href":"http:\/\/sailing-palava.com\/en\/wp-json\/wp\/v2\/pages\/3711\/revisions\/3736"}],"wp:featuredmedia":[{"embeddable":true,"href":"http:\/\/sailing-palava.com\/en\/wp-json\/wp\/v2\/media\/3722"}],"wp:attachment":[{"href":"http:\/\/sailing-palava.com\/en\/wp-json\/wp\/v2\/media?parent=3711"}],"curies":[{"name":"wp","href":"https:\/\/api.w.org\/{rel}","templated":true}]}}