{"id":4027,"date":"2025-07-30T16:45:08","date_gmt":"2025-07-30T14:45:08","guid":{"rendered":"https:\/\/sailing-palava.com\/?page_id=4027"},"modified":"2025-07-30T16:59:44","modified_gmt":"2025-07-30T14:59:44","slug":"sezona-2024","status":"publish","type":"page","link":"http:\/\/sailing-palava.com\/en\/sezona-2024\/","title":{"rendered":"2024 season"},"content":{"rendered":"<div data-elementor-type=\"wp-page\" data-elementor-id=\"4027\" class=\"elementor elementor-4027\">\n\t\t\t\t\t\t<section class=\"elementor-section elementor-top-section elementor-element elementor-element-bdd3fc1 elementor-section-boxed elementor-section-height-default elementor-section-height-default\" data-id=\"bdd3fc1\" data-element_type=\"section\" data-e-type=\"section\">\n\t\t\t\t\t\t<div class=\"elementor-container elementor-column-gap-default\">\n\t\t\t\t\t<div class=\"elementor-column elementor-col-100 elementor-top-column elementor-element elementor-element-ac3fd8b\" data-id=\"ac3fd8b\" data-element_type=\"column\" data-e-type=\"column\">\n\t\t\t<div class=\"elementor-widget-wrap elementor-element-populated\">\n\t\t\t\t\t\t<div class=\"elementor-element elementor-element-f0c3e51 elementor-widget elementor-widget-heading\" data-id=\"f0c3e51\" data-element_type=\"widget\" data-e-type=\"widget\" data-widget_type=\"heading.default\">\n\t\t\t\t<div class=\"elementor-widget-container\">\n\t\t\t\t\t<h2 class=\"elementor-heading-title elementor-size-default\">2024 season<\/h2>\t\t\t\t<\/div>\n\t\t\t\t<\/div>\n\t\t\t\t\t<\/div>\n\t\t<\/div>\n\t\t\t\t\t<\/div>\n\t\t<\/section>\n\t\t\t\t<section class=\"elementor-section elementor-top-section elementor-element elementor-element-fe834c1 elementor-section-boxed elementor-section-height-default elementor-section-height-default\" data-id=\"fe834c1\" data-element_type=\"section\" data-e-type=\"section\">\n\t\t\t\t\t\t<div class=\"elementor-container elementor-column-gap-default\">\n\t\t\t\t\t<div class=\"elementor-column elementor-col-33 elementor-top-column elementor-element elementor-element-dc0b7d0\" data-id=\"dc0b7d0\" data-element_type=\"column\" data-e-type=\"column\">\n\t\t\t<div class=\"elementor-widget-wrap elementor-element-populated\">\n\t\t\t\t\t\t<div class=\"elementor-element elementor-element-bb56010 elementor-widget elementor-widget-heading\" data-id=\"bb56010\" data-element_type=\"widget\" data-e-type=\"widget\" data-widget_type=\"heading.default\">\n\t\t\t\t<div class=\"elementor-widget-container\">\n\t\t\t\t\t<h3 class=\"elementor-heading-title elementor-size-default\">Vojt\u011bch Ko\u0161ka<\/h3>\t\t\t\t<\/div>\n\t\t\t\t<\/div>\n\t\t\t\t\t<\/div>\n\t\t<\/div>\n\t\t\t\t<div class=\"elementor-column elementor-col-66 elementor-top-column elementor-element elementor-element-d5ccb89\" data-id=\"d5ccb89\" data-element_type=\"column\" data-e-type=\"column\">\n\t\t\t<div class=\"elementor-widget-wrap elementor-element-populated\">\n\t\t\t\t\t\t<div class=\"elementor-element elementor-element-bf577d9 elementor-widget elementor-widget-text-editor\" data-id=\"bf577d9\" data-element_type=\"widget\" data-e-type=\"widget\" data-widget_type=\"text-editor.default\">\n\t\t\t\t<div class=\"elementor-widget-container\">\n\t\t\t\t\t\t\t\t\t<p>4. m\u00edsto MSJ Formula Kite U21, Gizzeria, It\u00e1lie<\/p><p><span style=\"text-decoration: underline;\"><a href=\"https:\/\/www.kiteclasses.org\/2024youthworlds\">https:\/\/www.kiteclasses.org\/2024youthworlds<\/a><\/span><\/p><p>6. m\u00edsto MEJ Formula Kite U21, Torre Grande, Sardinie<\/p><p><span style=\"text-decoration: underline;\"><a href=\"https:\/\/www.kiteclasses.org\/2024youtheuropeans\">https:\/\/www.kiteclasses.org\/2024youtheuropeans<\/a><\/span><\/p><p>9. m\u00edsto Last Chance Regatta Formula Kite, Hyeres, Francie<\/p><p><span style=\"text-decoration: underline;\"><a href=\"https:\/\/sof.regatta.ffvoile.fr\/en\/default\/races\/race-resultsall\">https:\/\/sof.regatta.ffvoile.fr\/en\/default\/races\/race-resultsall<\/a><\/span><\/p><p>25. m\u00edsto MS Formula Kite Hyeres, Francie \u2013 5. m\u00edsto U21<\/p><p class=\"p1\"><span style=\"text-decoration: underline;\"><a href=\"https:\/\/www.formulakite.org\/2024worlds\">https:\/\/www.formulakite.org\/2024worlds<\/a><\/span><\/p><p>24. m\u00edsto ME Formula Kite, Los Alc\u00e1zares, \u0160pan\u011blsko<\/p><p><span style=\"text-decoration: underline;\"><a href=\"https:\/\/www.formulakite.org\/2024europeans\">https:\/\/www.formulakite.org\/2024europeans<\/a><\/span><\/p><p>12. m\u00edsto sv\u011btov\u00fd poh\u00e1r Formula Kite Sardinie<\/p><p><span style=\"text-decoration: underline;\"><a href=\"https:\/\/www.kiteclasses.org\/2024kfwsitaly\">https:\/\/www.kiteclasses.org\/2024kfwsitaly<\/a><\/span><\/p><p>17. m\u00edsto sv\u011btov\u00fd poh\u00e1r Formula Kite Mallorca<\/p><p><span style=\"text-decoration: underline;\"><a href=\"https:\/\/www.trofeoprincesasofia.org\/en\/default\/races\/race-resultsall\">https:\/\/www.trofeoprincesasofia.org\/en\/default\/races\/race-resultsall<\/a><\/span><\/p>\t\t\t\t\t\t\t\t<\/div>\n\t\t\t\t<\/div>\n\t\t\t\t\t<\/div>\n\t\t<\/div>\n\t\t\t\t\t<\/div>\n\t\t<\/section>\n\t\t\t\t<section class=\"elementor-section elementor-top-section elementor-element elementor-element-df43b7e elementor-section-boxed elementor-section-height-default elementor-section-height-default\" data-id=\"df43b7e\" data-element_type=\"section\" data-e-type=\"section\">\n\t\t\t\t\t\t<div class=\"elementor-container elementor-column-gap-default\">\n\t\t\t\t\t<div class=\"elementor-column elementor-col-33 elementor-top-column elementor-element elementor-element-492c4b8\" data-id=\"492c4b8\" data-element_type=\"column\" data-e-type=\"column\">\n\t\t\t<div class=\"elementor-widget-wrap elementor-element-populated\">\n\t\t\t\t\t\t<div class=\"elementor-element elementor-element-6c76093 elementor-widget elementor-widget-heading\" data-id=\"6c76093\" data-element_type=\"widget\" data-e-type=\"widget\" data-widget_type=\"heading.default\">\n\t\t\t\t<div class=\"elementor-widget-container\">\n\t\t\t\t\t<h3 class=\"elementor-heading-title elementor-size-default\">Dominika Braunov\u00e1<\/h3>\t\t\t\t<\/div>\n\t\t\t\t<\/div>\n\t\t\t\t\t<\/div>\n\t\t<\/div>\n\t\t\t\t<div class=\"elementor-column elementor-col-66 elementor-top-column elementor-element elementor-element-2cdc183\" data-id=\"2cdc183\" data-element_type=\"column\" data-e-type=\"column\">\n\t\t\t<div class=\"elementor-widget-wrap elementor-element-populated\">\n\t\t\t\t\t\t<div class=\"elementor-element elementor-element-ae21e7f elementor-widget elementor-widget-text-editor\" data-id=\"ae21e7f\" data-element_type=\"widget\" data-e-type=\"widget\" data-widget_type=\"text-editor.default\">\n\t\t\t\t<div class=\"elementor-widget-container\">\n\t\t\t\t\t\t\t\t\t<p>10. m\u00edsto MEJ Formula Kite U21 Torre Grande, Sardinie<\/p><p><span style=\"text-decoration: underline;\"><a href=\"https:\/\/www.kiteclasses.org\/2024youtheuropeans\">https:\/\/www.kiteclasses.org\/2024youtheuropeans<\/a><\/span><\/p><p>19. m\u00edsto Last Chance Regatta Formula Kite, Hyeres, Francie<\/p><p><span style=\"text-decoration: underline;\"><a href=\"https:\/\/sof.regatta.ffvoile.fr\/en\/default\/races\/race-resultsall\">https:\/\/sof.regatta.ffvoile.fr\/en\/default\/races\/race-resultsall<\/a><\/span><\/p>\t\t\t\t\t\t\t\t<\/div>\n\t\t\t\t<\/div>\n\t\t\t\t\t<\/div>\n\t\t<\/div>\n\t\t\t\t\t<\/div>\n\t\t<\/section>\n\t\t\t\t<section class=\"elementor-section elementor-top-section elementor-element elementor-element-928aa72 elementor-section-boxed elementor-section-height-default elementor-section-height-default\" data-id=\"928aa72\" data-element_type=\"section\" data-e-type=\"section\">\n\t\t\t\t\t\t<div class=\"elementor-container elementor-column-gap-default\">\n\t\t\t\t\t<div class=\"elementor-column elementor-col-33 elementor-top-column elementor-element elementor-element-04b460f\" data-id=\"04b460f\" data-element_type=\"column\" data-e-type=\"column\">\n\t\t\t<div class=\"elementor-widget-wrap elementor-element-populated\">\n\t\t\t\t\t\t<div class=\"elementor-element elementor-element-d3542a0 elementor-widget elementor-widget-heading\" data-id=\"d3542a0\" data-element_type=\"widget\" data-e-type=\"widget\" data-widget_type=\"heading.default\">\n\t\t\t\t<div class=\"elementor-widget-container\">\n\t\t\t\t\t<h3 class=\"elementor-heading-title elementor-size-default\">Monika \u017di\u017elavsk\u00e1<\/h3>\t\t\t\t<\/div>\n\t\t\t\t<\/div>\n\t\t\t\t\t<\/div>\n\t\t<\/div>\n\t\t\t\t<div class=\"elementor-column elementor-col-66 elementor-top-column elementor-element elementor-element-e8a0048\" data-id=\"e8a0048\" data-element_type=\"column\" data-e-type=\"column\">\n\t\t\t<div class=\"elementor-widget-wrap elementor-element-populated\">\n\t\t\t\t\t\t<div class=\"elementor-element elementor-element-88b53f9 elementor-widget elementor-widget-text-editor\" data-id=\"88b53f9\" data-element_type=\"widget\" data-e-type=\"widget\" data-widget_type=\"text-editor.default\">\n\t\t\t\t<div class=\"elementor-widget-container\">\n\t\t\t\t\t\t\t\t\t<p>16. m\u00edsto Last Chance Regatta Formula Kite \u017eeny, Hyeres, Francie<\/p><p><span style=\"text-decoration: underline;\"><a href=\"https:\/\/sof.regatta.ffvoile.fr\/en\/default\/races\/race-resultsall\">https:\/\/sof.regatta.ffvoile.fr\/en\/default\/races\/race-resultsall<\/a><\/span><\/p>\t\t\t\t\t\t\t\t<\/div>\n\t\t\t\t<\/div>\n\t\t\t\t\t<\/div>\n\t\t<\/div>\n\t\t\t\t\t<\/div>\n\t\t<\/section>\n\t\t\t\t<section class=\"elementor-section elementor-top-section elementor-element elementor-element-ccbea15 elementor-section-boxed elementor-section-height-default elementor-section-height-default\" data-id=\"ccbea15\" data-element_type=\"section\" data-e-type=\"section\">\n\t\t\t\t\t\t<div class=\"elementor-container elementor-column-gap-default\">\n\t\t\t\t\t<div class=\"elementor-column elementor-col-33 elementor-top-column elementor-element elementor-element-54106a2\" data-id=\"54106a2\" data-element_type=\"column\" data-e-type=\"column\">\n\t\t\t<div class=\"elementor-widget-wrap elementor-element-populated\">\n\t\t\t\t\t\t<div class=\"elementor-element elementor-element-64dd70a elementor-widget elementor-widget-heading\" data-id=\"64dd70a\" data-element_type=\"widget\" data-e-type=\"widget\" data-widget_type=\"heading.default\">\n\t\t\t\t<div class=\"elementor-widget-container\">\n\t\t\t\t\t<h3 class=\"elementor-heading-title elementor-size-default\"><span class=\"elementor-heading-title elementor-size-default\" style=\"clear: both;white-space: normal\">Jeremy Burlando<\/span><\/h3>\t\t\t\t<\/div>\n\t\t\t\t<\/div>\n\t\t\t\t\t<\/div>\n\t\t<\/div>\n\t\t\t\t<div class=\"elementor-column elementor-col-66 elementor-top-column elementor-element elementor-element-ba03062\" data-id=\"ba03062\" data-element_type=\"column\" data-e-type=\"column\">\n\t\t\t<div class=\"elementor-widget-wrap elementor-element-populated\">\n\t\t\t\t\t\t<div class=\"elementor-element elementor-element-3aa83a0 elementor-widget elementor-widget-text-editor\" data-id=\"3aa83a0\" data-element_type=\"widget\" data-e-type=\"widget\" data-widget_type=\"text-editor.default\">\n\t\t\t\t<div class=\"elementor-widget-container\">\n\t\t\t\t\t\t\t\t\t<p>WORLD CHAMPION BIG AIR, Grand Canaria<\/p>\t\t\t\t\t\t\t\t<\/div>\n\t\t\t\t<\/div>\n\t\t\t\t\t<\/div>\n\t\t<\/div>\n\t\t\t\t\t<\/div>\n\t\t<\/section>\n\t\t\t\t<\/div>","protected":false},"excerpt":{"rendered":"<p>Sezona 2024 Vojt\u011bch Ko\u0161ka 4. m\u00edsto MSJ Formula Kite U21, Gizzeria, It\u00e1lie https:\/\/www.kiteclasses.org\/2024youthworlds 6. m\u00edsto MEJ Formula Kite U21, Torre Grande, Sardinie https:\/\/www.kiteclasses.org\/2024youtheuropeans 9. m\u00edsto Last Chance Regatta Formula Kite, Hyeres, Francie https:\/\/sof.regatta.ffvoile.fr\/en\/default\/races\/race-resultsall 25. m\u00edsto MS Formula Kite Hyeres, Francie \u2013 5. m\u00edsto U21 https:\/\/www.formulakite.org\/2024worlds 24. m\u00edsto ME Formula Kite, Los Alc\u00e1zares, \u0160pan\u011blsko https:\/\/www.formulakite.org\/2024europeans 12.&hellip;<\/p>","protected":false},"author":1,"featured_media":0,"parent":0,"menu_order":0,"comment_status":"closed","ping_status":"closed","template":"","meta":{"footnotes":""},"class_list":["post-4027","page","type-page","status-publish","hentry"],"_links":{"self":[{"href":"http:\/\/sailing-palava.com\/en\/wp-json\/wp\/v2\/pages\/4027","targetHints":{"allow":["GET"]}}],"collection":[{"href":"http:\/\/sailing-palava.com\/en\/wp-json\/wp\/v2\/pages"}],"about":[{"href":"http:\/\/sailing-palava.com\/en\/wp-json\/wp\/v2\/types\/page"}],"author":[{"embeddable":true,"href":"http:\/\/sailing-palava.com\/en\/wp-json\/wp\/v2\/users\/1"}],"replies":[{"embeddable":true,"href":"http:\/\/sailing-palava.com\/en\/wp-json\/wp\/v2\/comments?post=4027"}],"version-history":[{"count":19,"href":"http:\/\/sailing-palava.com\/en\/wp-json\/wp\/v2\/pages\/4027\/revisions"}],"predecessor-version":[{"id":4053,"href":"http:\/\/sailing-palava.com\/en\/wp-json\/wp\/v2\/pages\/4027\/revisions\/4053"}],"wp:attachment":[{"href":"http:\/\/sailing-palava.com\/en\/wp-json\/wp\/v2\/media?parent=4027"}],"curies":[{"name":"wp","href":"https:\/\/api.w.org\/{rel}","templated":true}]}}