{"id":4054,"date":"2025-07-30T17:00:29","date_gmt":"2025-07-30T15:00:29","guid":{"rendered":"https:\/\/sailing-palava.com\/?page_id=4054"},"modified":"2025-11-03T13:42:45","modified_gmt":"2025-11-03T12:42:45","slug":"sezona-2025","status":"publish","type":"page","link":"http:\/\/sailing-palava.com\/en\/sezona-2025\/","title":{"rendered":"2025 Season"},"content":{"rendered":"<div data-elementor-type=\"wp-page\" data-elementor-id=\"4054\" class=\"elementor elementor-4054\">\n\t\t\t\t\t\t<section class=\"elementor-section elementor-top-section elementor-element elementor-element-bdd3fc1 elementor-section-boxed elementor-section-height-default elementor-section-height-default\" data-id=\"bdd3fc1\" data-element_type=\"section\" data-e-type=\"section\">\n\t\t\t\t\t\t<div class=\"elementor-container elementor-column-gap-default\">\n\t\t\t\t\t<div class=\"elementor-column elementor-col-100 elementor-top-column elementor-element elementor-element-ac3fd8b\" data-id=\"ac3fd8b\" data-element_type=\"column\" data-e-type=\"column\">\n\t\t\t<div class=\"elementor-widget-wrap elementor-element-populated\">\n\t\t\t\t\t\t<div class=\"elementor-element elementor-element-f0c3e51 elementor-widget elementor-widget-heading\" data-id=\"f0c3e51\" data-element_type=\"widget\" data-e-type=\"widget\" data-widget_type=\"heading.default\">\n\t\t\t\t<div class=\"elementor-widget-container\">\n\t\t\t\t\t<h2 class=\"elementor-heading-title elementor-size-default\">2025 Season<\/h2>\t\t\t\t<\/div>\n\t\t\t\t<\/div>\n\t\t\t\t\t<\/div>\n\t\t<\/div>\n\t\t\t\t\t<\/div>\n\t\t<\/section>\n\t\t\t\t<section class=\"elementor-section elementor-top-section elementor-element elementor-element-fe834c1 elementor-section-boxed elementor-section-height-default elementor-section-height-default\" data-id=\"fe834c1\" data-element_type=\"section\" data-e-type=\"section\">\n\t\t\t\t\t\t<div class=\"elementor-container elementor-column-gap-default\">\n\t\t\t\t\t<div class=\"elementor-column elementor-col-33 elementor-top-column elementor-element elementor-element-dc0b7d0\" data-id=\"dc0b7d0\" data-element_type=\"column\" data-e-type=\"column\">\n\t\t\t<div class=\"elementor-widget-wrap elementor-element-populated\">\n\t\t\t\t\t\t<div class=\"elementor-element elementor-element-bb56010 elementor-widget elementor-widget-heading\" data-id=\"bb56010\" data-element_type=\"widget\" data-e-type=\"widget\" data-widget_type=\"heading.default\">\n\t\t\t\t<div class=\"elementor-widget-container\">\n\t\t\t\t\t<h3 class=\"elementor-heading-title elementor-size-default\">Vojt\u011bch Ko\u0161ka<\/h3>\t\t\t\t<\/div>\n\t\t\t\t<\/div>\n\t\t\t\t\t<\/div>\n\t\t<\/div>\n\t\t\t\t<div class=\"elementor-column elementor-col-66 elementor-top-column elementor-element elementor-element-d5ccb89\" data-id=\"d5ccb89\" data-element_type=\"column\" data-e-type=\"column\">\n\t\t\t<div class=\"elementor-widget-wrap elementor-element-populated\">\n\t\t\t\t\t\t<div class=\"elementor-element elementor-element-bf577d9 elementor-widget elementor-widget-text-editor\" data-id=\"bf577d9\" data-element_type=\"widget\" data-e-type=\"widget\" data-widget_type=\"text-editor.default\">\n\t\t\t\t<div class=\"elementor-widget-container\">\n\t\t\t\t\t\t\t\t\t<p>3. m\u00edsto MSJ U21 Formula Kite, Praia da Vitoria, Azory<\/p><p><a href=\"https:\/\/www.kiteclasses.org\/2025youthworlds\">https:\/\/www.kiteclasses.org\/2025youthworlds<\/a><\/p><p>6. m\u00edsto MS Formula Kite, Cagliari, Sardinie<\/p><p><span style=\"text-decoration: underline;\"><a href=\"https:\/\/www.kiteclasses.org\/2025worlds\">https:\/\/www.kiteclasses.org\/2025worlds<\/a><\/span><\/p><p>3. m\u00edsto Olympic Classes Regatta, Long Beach, USA<\/p><p><span style=\"text-decoration: underline;\"><a href=\"https:\/\/www.longbeachocr.org\/en\/default\/races\/race-resultsall\">https:\/\/www.longbeachocr.org\/en\/default\/races\/race-resultsall<\/a><\/span><\/p><p>3. m\u00edsto MEJ Formula Kite U21, Gizzeria, It\u00e1lie<\/p><p><span style=\"text-decoration: underline;\"><a href=\"https:\/\/www.kiteclasses.org\/2025youtheuropeans\">https:\/\/www.kiteclasses.org\/2025youtheuropeans<\/a><\/span><\/p><p>6. m\u00edsto ME Formula Kite, Urla, Turecko<\/p><div><span style=\"text-decoration: underline;\"><a href=\"https:\/\/www.kiteclasses.org\/2025europeans\" target=\"_new\">www.kiteclasses.org\/2025europeans<\/a><\/span><\/div><div>\u00a0<\/div><p>5. m\u00edsto Sv\u011btov\u00fd poh\u00e1r Formula Kite, Hyeres, Francie<\/p><p><span style=\"text-decoration: underline;\"><a href=\"https:\/\/sof.regatta.ffvoile.fr\/en\/default\/races\/race-resultsall?ini=1\">https:\/\/sof.regatta.ffvoile.fr\/en\/default\/races\/race-resultsall?ini=1<\/a><\/span><\/p><p>7. m\u00edsto Sv\u011btov\u00fd poh\u00e1r Formula Kite, Mallorca<\/p><p><span style=\"text-decoration: underline;\"><a href=\"https:\/\/www.trofeoprincesasofia.org\/en\/default\/races\/race-resultsall\">https:\/\/www.trofeoprincesasofia.org\/en\/default\/races\/race-resultsall<\/a><\/span><\/p>\t\t\t\t\t\t\t\t<\/div>\n\t\t\t\t<\/div>\n\t\t\t\t\t<\/div>\n\t\t<\/div>\n\t\t\t\t\t<\/div>\n\t\t<\/section>\n\t\t\t\t<section class=\"elementor-section elementor-top-section elementor-element elementor-element-df43b7e elementor-section-boxed elementor-section-height-default elementor-section-height-default\" data-id=\"df43b7e\" data-element_type=\"section\" data-e-type=\"section\">\n\t\t\t\t\t\t<div class=\"elementor-container elementor-column-gap-default\">\n\t\t\t\t\t<div class=\"elementor-column elementor-col-33 elementor-top-column elementor-element elementor-element-492c4b8\" data-id=\"492c4b8\" data-element_type=\"column\" data-e-type=\"column\">\n\t\t\t<div class=\"elementor-widget-wrap elementor-element-populated\">\n\t\t\t\t\t\t<div class=\"elementor-element elementor-element-6c76093 elementor-widget elementor-widget-heading\" data-id=\"6c76093\" data-element_type=\"widget\" data-e-type=\"widget\" data-widget_type=\"heading.default\">\n\t\t\t\t<div class=\"elementor-widget-container\">\n\t\t\t\t\t<h3 class=\"elementor-heading-title elementor-size-default\">Dominika Braunov\u00e1<\/h3>\t\t\t\t<\/div>\n\t\t\t\t<\/div>\n\t\t\t\t\t<\/div>\n\t\t<\/div>\n\t\t\t\t<div class=\"elementor-column elementor-col-66 elementor-top-column elementor-element elementor-element-2cdc183\" data-id=\"2cdc183\" data-element_type=\"column\" data-e-type=\"column\">\n\t\t\t<div class=\"elementor-widget-wrap elementor-element-populated\">\n\t\t\t\t\t\t<div class=\"elementor-element elementor-element-ae21e7f elementor-widget elementor-widget-text-editor\" data-id=\"ae21e7f\" data-element_type=\"widget\" data-e-type=\"widget\" data-widget_type=\"text-editor.default\">\n\t\t\t\t<div class=\"elementor-widget-container\">\n\t\t\t\t\t\t\t\t\t<p>7. m\u00edsto MSJ U21 Formula Kite, Praia da Vitoria, Azory<\/p><p><a href=\"https:\/\/www.kiteclasses.org\/2025youthworlds\">https:\/\/www.kiteclasses.org\/2025youthworlds<\/a><\/p><p>8. m\u00edsto MEJ Formula Kite U21, Gizzeria, It\u00e1lie<\/p><p><span style=\"text-decoration: underline;\"><a href=\"https:\/\/www.kiteclasses.org\/2025youtheuropeans\">https:\/\/www.kiteclasses.org\/2025youtheuropeans<\/a><\/span><\/p><p>21. m\u00edsto ME Formula Kite, Urla, Turecko<\/p><div><span style=\"text-decoration: underline;\"><a href=\"https:\/\/www.kiteclasses.org\/2025europeans\" target=\"_new\">www.kiteclasses.org\/2025europeans<\/a><\/span><\/div><div>\u00a0<\/div><p>28. m\u00edsto sv\u011btov\u00fd poh\u00e1r Formula Kite Mallorca<\/p><p><span style=\"text-decoration: underline;\"><a href=\"https:\/\/www.trofeoprincesasofia.org\/en\/default\/races\/race-resultsall\">https:\/\/www.trofeoprincesasofia.org\/en\/default\/races\/race-resultsall<\/a><\/span><\/p>\t\t\t\t\t\t\t\t<\/div>\n\t\t\t\t<\/div>\n\t\t\t\t\t<\/div>\n\t\t<\/div>\n\t\t\t\t\t<\/div>\n\t\t<\/section>\n\t\t\t\t<\/div>","protected":false},"excerpt":{"rendered":"<p>Sezona 2025 Vojt\u011bch Ko\u0161ka 3. m\u00edsto MSJ U21 Formula Kite, Praia da Vitoria, Azory https:\/\/www.kiteclasses.org\/2025youthworlds 6. m\u00edsto MS Formula Kite, Cagliari, Sardinie https:\/\/www.kiteclasses.org\/2025worlds 3. m\u00edsto Olympic Classes Regatta, Long Beach, USA https:\/\/www.longbeachocr.org\/en\/default\/races\/race-resultsall 3. m\u00edsto MEJ Formula Kite U21, Gizzeria, It\u00e1lie https:\/\/www.kiteclasses.org\/2025youtheuropeans 6. m\u00edsto ME Formula Kite, Urla, Turecko www.kiteclasses.org\/2025europeans\u00a0 5. m\u00edsto Sv\u011btov\u00fd poh\u00e1r Formula Kite,&hellip;<\/p>","protected":false},"author":1,"featured_media":0,"parent":0,"menu_order":0,"comment_status":"closed","ping_status":"closed","template":"","meta":{"footnotes":""},"class_list":["post-4054","page","type-page","status-publish","hentry"],"_links":{"self":[{"href":"http:\/\/sailing-palava.com\/en\/wp-json\/wp\/v2\/pages\/4054","targetHints":{"allow":["GET"]}}],"collection":[{"href":"http:\/\/sailing-palava.com\/en\/wp-json\/wp\/v2\/pages"}],"about":[{"href":"http:\/\/sailing-palava.com\/en\/wp-json\/wp\/v2\/types\/page"}],"author":[{"embeddable":true,"href":"http:\/\/sailing-palava.com\/en\/wp-json\/wp\/v2\/users\/1"}],"replies":[{"embeddable":true,"href":"http:\/\/sailing-palava.com\/en\/wp-json\/wp\/v2\/comments?post=4054"}],"version-history":[{"count":37,"href":"http:\/\/sailing-palava.com\/en\/wp-json\/wp\/v2\/pages\/4054\/revisions"}],"predecessor-version":[{"id":4243,"href":"http:\/\/sailing-palava.com\/en\/wp-json\/wp\/v2\/pages\/4054\/revisions\/4243"}],"wp:attachment":[{"href":"http:\/\/sailing-palava.com\/en\/wp-json\/wp\/v2\/media?parent=4054"}],"curies":[{"name":"wp","href":"https:\/\/api.w.org\/{rel}","templated":true}]}}