{"id":4098,"date":"2025-09-18T10:32:19","date_gmt":"2025-09-18T08:32:19","guid":{"rendered":"https:\/\/sailing-palava.com\/?page_id=4098"},"modified":"2025-09-18T10:42:19","modified_gmt":"2025-09-18T08:42:19","slug":"barbora-heresova","status":"publish","type":"page","link":"http:\/\/sailing-palava.com\/en\/barbora-heresova\/","title":{"rendered":"Barbora Here\u0161ov\u00e1"},"content":{"rendered":"<div data-elementor-type=\"wp-page\" data-elementor-id=\"4098\" class=\"elementor elementor-4098\">\n\t\t\t\t\t\t<section class=\"elementor-section elementor-top-section elementor-element elementor-element-8c60c02 elementor-section-boxed elementor-section-height-default elementor-section-height-default\" data-id=\"8c60c02\" data-element_type=\"section\" data-e-type=\"section\">\n\t\t\t\t\t\t<div class=\"elementor-container elementor-column-gap-default\">\n\t\t\t\t\t<div class=\"elementor-column elementor-col-100 elementor-top-column elementor-element elementor-element-61672569\" data-id=\"61672569\" data-element_type=\"column\" data-e-type=\"column\">\n\t\t\t<div class=\"elementor-widget-wrap elementor-element-populated\">\n\t\t\t\t\t\t<div class=\"elementor-element elementor-element-30fde902 elementor-widget elementor-widget-text-editor\" data-id=\"30fde902\" data-element_type=\"widget\" data-e-type=\"widget\" data-widget_type=\"text-editor.default\">\n\t\t\t\t<div class=\"elementor-widget-container\">\n\t\t\t\t\t\t\t\t\t<p><\/p>\n<div class=\"wp-block-columns has-6-columns\" style=\"text-align: left;\">\n<div class=\"wp-block-column\">\n<h3>BARBORA HERE\u0160OV\u00c1<\/h3>\n<p>\u00a0<\/p>\n<p><span style=\"color: #000000;\"><a style=\"color: #000000;\" href=\"https:\/\/www.facebook.com\/profile.php?id=100092751781190\"><img decoding=\"async\" class=\"alignnone\" src=\"http:\/\/sailing-palava.com\/wp-content\/uploads\/2019\/10\/facebook-300x263.png\" alt=\"\" width=\"73\" height=\"64\" \/><\/a><\/span><\/p>\n<h3>\u00a0<\/h3>\n<h3><strong style=\"color: #000000; font-size: 15px; font-family: var( --e-global-typography-text-font-family ), Sans-serif;\">\u010clen: <span style=\"font-weight: 400;\">TJ Sailing P\u00e1lava<\/span><\/strong><\/h3>\n<p><span style=\"color: #000000;\"><strong>Narozena:<\/strong> 2007<\/span><br \/><span style=\"color: #000000;\"><strong>Kiteboarding:<\/strong> od 14 let<\/span><br \/><span style=\"color: #000000;\"><strong>Discipl\u00edna:<\/strong> Freestyle<\/span><\/p>\n<p><span style=\"color: #000000;\"><strong>Jej\u00ed sen:<\/strong> Neust\u00e1le posouvat vlastn\u00ed limity a dos\u00e1hnout \u00fa\u010dasti na presti\u017en\u00edch mezin\u00e1rodn\u00edch z\u00e1vodech<\/span><\/p>\n<p><span style=\"color: #000000;\"><strong>Vybaven\u00ed: Ozone<\/strong><\/span><\/p>\n<p><br \/><span style=\"color: #000000;\"><strong>Z\u00e1jmy:<\/strong> kiteboarding, j\u00f3ga, cestov\u00e1n\u00ed<\/span><br \/><br \/><span style=\"color: #000000;\"><strong>Obl\u00edben\u00fd spot:<\/strong> KBC El Gouna, Red Sea<\/span><\/p>\n<\/div>\n<\/div>\n<figure class=\"wp-block-gallery has-nested-images columns-default is-cropped\">\n<p>\u00a0<\/p>\n<figure class=\"wp-block-image\"><\/figure>\n<p><\/p>\n<\/figure>\n<p><!-- \/wp:gallery --><!-- wp:gallery {\"linkTo\":\"none\"} --><\/p>\n<figure class=\"wp-block-gallery has-nested-images columns-default is-cropped\"><!-- wp:image {\"id\":1899,\"linkDestination\":\"none\"} -->\n<p>\u00a0<\/p>\n<figure class=\"wp-block-image\"><\/figure>\n<p><!-- \/wp:image --><\/p>\n<\/figure>\n<p><!-- \/wp:gallery --><\/p>\t\t\t\t\t\t\t\t<\/div>\n\t\t\t\t<\/div>\n\t\t\t\t\t<\/div>\n\t\t<\/div>\n\t\t\t\t\t<\/div>\n\t\t<\/section>\n\t\t\t\t<\/div>","protected":false},"excerpt":{"rendered":"<p>\u00a0<\/p>","protected":false},"author":1,"featured_media":4110,"parent":0,"menu_order":0,"comment_status":"closed","ping_status":"closed","template":"","meta":{"footnotes":""},"class_list":["post-4098","page","type-page","status-publish","has-post-thumbnail","hentry"],"_links":{"self":[{"href":"http:\/\/sailing-palava.com\/en\/wp-json\/wp\/v2\/pages\/4098","targetHints":{"allow":["GET"]}}],"collection":[{"href":"http:\/\/sailing-palava.com\/en\/wp-json\/wp\/v2\/pages"}],"about":[{"href":"http:\/\/sailing-palava.com\/en\/wp-json\/wp\/v2\/types\/page"}],"author":[{"embeddable":true,"href":"http:\/\/sailing-palava.com\/en\/wp-json\/wp\/v2\/users\/1"}],"replies":[{"embeddable":true,"href":"http:\/\/sailing-palava.com\/en\/wp-json\/wp\/v2\/comments?post=4098"}],"version-history":[{"count":13,"href":"http:\/\/sailing-palava.com\/en\/wp-json\/wp\/v2\/pages\/4098\/revisions"}],"predecessor-version":[{"id":4113,"href":"http:\/\/sailing-palava.com\/en\/wp-json\/wp\/v2\/pages\/4098\/revisions\/4113"}],"wp:featuredmedia":[{"embeddable":true,"href":"http:\/\/sailing-palava.com\/en\/wp-json\/wp\/v2\/media\/4110"}],"wp:attachment":[{"href":"http:\/\/sailing-palava.com\/en\/wp-json\/wp\/v2\/media?parent=4098"}],"curies":[{"name":"wp","href":"https:\/\/api.w.org\/{rel}","templated":true}]}}