{"id":4179,"date":"2025-10-28T15:49:05","date_gmt":"2025-10-28T14:49:05","guid":{"rendered":"https:\/\/sailing-palava.com\/?page_id=4179"},"modified":"2026-01-29T13:49:10","modified_gmt":"2026-01-29T12:49:10","slug":"mistrovstvi-sveta-do-21-let-na-azorech","status":"publish","type":"page","link":"http:\/\/sailing-palava.com\/en\/mistrovstvi-sveta-do-21-let-na-azorech\/","title":{"rendered":"Vojt\u011bch Ko\u0161ka je t\u0159et\u00ed na sv\u011bt\u011b"},"content":{"rendered":"<div data-elementor-type=\"wp-page\" data-elementor-id=\"4179\" class=\"elementor elementor-4179\">\n\t\t\t\t\t\t<section class=\"elementor-section elementor-top-section elementor-element elementor-element-26c9bb5 elementor-section-boxed elementor-section-height-default elementor-section-height-default\" data-id=\"26c9bb5\" data-element_type=\"section\" data-e-type=\"section\">\n\t\t\t\t\t\t<div class=\"elementor-container elementor-column-gap-default\">\n\t\t\t\t\t<div class=\"elementor-column elementor-col-50 elementor-top-column elementor-element elementor-element-ad41094\" data-id=\"ad41094\" data-element_type=\"column\" data-e-type=\"column\">\n\t\t\t<div class=\"elementor-widget-wrap elementor-element-populated\">\n\t\t\t\t\t\t<div class=\"elementor-element elementor-element-54cea8a elementor-widget elementor-widget-text-editor\" data-id=\"54cea8a\" data-element_type=\"widget\" data-e-type=\"widget\" data-widget_type=\"text-editor.default\">\n\t\t\t\t<div class=\"elementor-widget-container\">\n\t\t\t\t\t\t\t\t\t<div dir=\"auto\" style=\"font-family: inherit; animation-name: none!important; transition-property: none!important;\"><p style=\"margin-bottom: 0cm; line-height: normal; background-image: initial; background-position: initial; background-size: initial; background-repeat: initial; background-attachment: initial; background-origin: initial; background-clip: initial;\"><strong><span style=\"font-size: 12pt; font-family: Arial, sans-serif; color: #000080; background: whitesmoke;\">Vojt\u011bch Ko\u0161ka t\u0159et\u00ed na sv\u011bt\u011b<\/span><\/strong><\/p><p>\u00a0<\/p><p style=\"margin-bottom: 0cm; line-height: normal; background-image: initial; background-position: initial; background-size: initial; background-repeat: initial; background-attachment: initial; background-origin: initial; background-clip: initial;\"><span style=\"font-size: 12pt; font-family: 'Arial',sans-serif; mso-fareast-font-family: 'Times New Roman'; color: #003399; mso-fareast-language: CS;\">Vojt\u011bch Ko\u0161ka zakon\u010dil sezonu 2025 na 3. m\u00edst\u011b sv\u011btov\u00e9ho rankingu olympijsk\u00e9 t\u0159\u00eddy Formula Kite!<\/span><\/p><p style=\"font-weight: 400;\">\u00a0<\/p><p style=\"font-weight: 400;\">Skv\u011bl\u00fd v\u00fdsledek potvrzuje jeho dlouhodobou formu a sm\u011br, kter\u00fdm se ub\u00edr\u00e1 jeho olympijsk\u00e1 kampa\u0148 sm\u011brem k Los Angeles 2028. Sezonu 2026 zah\u00e1j\u00ed v\u00a0Braz\u00edlii, kde se v\u00a0lednu kon\u00e1 Test Event na velmi d\u016fle\u017eit\u00e9 mistrovstv\u00ed sv\u011bta olympijsk\u00fdch t\u0159\u00edd 2027. To je ve Fortaleze na programu v\u00a0lednu 2027 a bude prvn\u00ed mo\u017enou kvalifikac\u00ed na olympijsk\u00e9 hry 2028 v\u00a0Los Angeles.<\/p><p style=\"font-weight: 400;\">Ranking: <a href=\"https:\/\/www.sailing.org\/rankings\/fleet-racing\/\">https:\/\/www.sailing.org\/rankings\/fleet-racing\/<\/a><\/p><p style=\"font-weight: 400;\">\u00a0<\/p><\/div>\t\t\t\t\t\t\t\t<\/div>\n\t\t\t\t<\/div>\n\t\t\t\t\t<\/div>\n\t\t<\/div>\n\t\t\t\t<div class=\"elementor-column elementor-col-50 elementor-top-column elementor-element elementor-element-20f5c56\" data-id=\"20f5c56\" data-element_type=\"column\" data-e-type=\"column\">\n\t\t\t<div class=\"elementor-widget-wrap elementor-element-populated\">\n\t\t\t\t\t\t<div class=\"elementor-element elementor-element-ab6775c elementor-widget elementor-widget-image-gallery\" data-id=\"ab6775c\" data-element_type=\"widget\" data-e-type=\"widget\" data-widget_type=\"image-gallery.default\">\n\t\t\t\t<div class=\"elementor-widget-container\">\n\t\t\t\t\t\t\t<div class=\"elementor-image-gallery\">\n\t\t\t<div id='gallery-1' class='gallery galleryid-4179 gallery-columns-1 gallery-size-medium_large'><figure class='gallery-item'>\n\t\t\t<div class='gallery-icon portrait'>\n\t\t\t\t<a data-elementor-open-lightbox=\"yes\" data-elementor-lightbox-slideshow=\"ab6775c\" data-elementor-lightbox-title=\"Screenshot\" data-e-action-hash=\"#elementor-action%3Aaction%3Dlightbox%26settings%3DeyJpZCI6NDM2NCwidXJsIjoiaHR0cDpcL1wvc2FpbGluZy1wYWxhdmEuY29tXC93cC1jb250ZW50XC91cGxvYWRzXC8yMDI2XC8wMVwvSU1HXzI4MjguanBlZyIsInNsaWRlc2hvdyI6ImFiNjc3NWMifQ%3D%3D\" href='http:\/\/sailing-palava.com\/wp-content\/uploads\/2026\/01\/IMG_2828.jpeg'><img fetchpriority=\"high\" decoding=\"async\" width=\"640\" height=\"691\" src=\"http:\/\/sailing-palava.com\/wp-content\/uploads\/2026\/01\/IMG_2828-768x829.jpeg\" class=\"attachment-medium_large size-medium_large\" alt=\"\" aria-describedby=\"gallery-1-4364\" srcset=\"http:\/\/sailing-palava.com\/wp-content\/uploads\/2026\/01\/IMG_2828-768x829.jpeg 768w, http:\/\/sailing-palava.com\/wp-content\/uploads\/2026\/01\/IMG_2828-278x300.jpeg 278w, http:\/\/sailing-palava.com\/wp-content\/uploads\/2026\/01\/IMG_2828-949x1024.jpeg 949w, http:\/\/sailing-palava.com\/wp-content\/uploads\/2026\/01\/IMG_2828.jpeg 1179w\" sizes=\"(max-width: 640px) 100vw, 640px\" \/><\/a>\n\t\t\t<\/div>\n\t\t\t\t<figcaption class='wp-caption-text gallery-caption' id='gallery-1-4364'>\n\t\t\t\tScreenshot\n\t\t\t\t<\/figcaption><\/figure>\n\t\t<\/div>\n\t\t<\/div>\n\t\t\t\t\t\t<\/div>\n\t\t\t\t<\/div>\n\t\t\t\t\t<\/div>\n\t\t<\/div>\n\t\t\t\t\t<\/div>\n\t\t<\/section>\n\t\t\t\t<\/div>","protected":false},"excerpt":{"rendered":"<p>Vojt\u011bch Ko\u0161ka t\u0159et\u00ed na sv\u011bt\u011b \u00a0 Vojt\u011bch Ko\u0161ka zakon\u010dil sezonu 2025 na 3. m\u00edst\u011b sv\u011btov\u00e9ho rankingu olympijsk\u00e9 t\u0159\u00eddy Formula Kite! \u00a0 Skv\u011bl\u00fd v\u00fdsledek potvrzuje jeho dlouhodobou formu a sm\u011br, kter\u00fdm se ub\u00edr\u00e1 jeho olympijsk\u00e1 kampa\u0148 sm\u011brem k Los Angeles 2028. Sezonu 2026 zah\u00e1j\u00ed v\u00a0Braz\u00edlii, kde se v\u00a0lednu kon\u00e1 Test Event na velmi d\u016fle\u017eit\u00e9 mistrovstv\u00ed sv\u011bta&hellip;<\/p>","protected":false},"author":1,"featured_media":4364,"parent":0,"menu_order":0,"comment_status":"closed","ping_status":"closed","template":"","meta":{"footnotes":""},"class_list":["post-4179","page","type-page","status-publish","has-post-thumbnail","hentry"],"_links":{"self":[{"href":"http:\/\/sailing-palava.com\/en\/wp-json\/wp\/v2\/pages\/4179","targetHints":{"allow":["GET"]}}],"collection":[{"href":"http:\/\/sailing-palava.com\/en\/wp-json\/wp\/v2\/pages"}],"about":[{"href":"http:\/\/sailing-palava.com\/en\/wp-json\/wp\/v2\/types\/page"}],"author":[{"embeddable":true,"href":"http:\/\/sailing-palava.com\/en\/wp-json\/wp\/v2\/users\/1"}],"replies":[{"embeddable":true,"href":"http:\/\/sailing-palava.com\/en\/wp-json\/wp\/v2\/comments?post=4179"}],"version-history":[{"count":43,"href":"http:\/\/sailing-palava.com\/en\/wp-json\/wp\/v2\/pages\/4179\/revisions"}],"predecessor-version":[{"id":4370,"href":"http:\/\/sailing-palava.com\/en\/wp-json\/wp\/v2\/pages\/4179\/revisions\/4370"}],"wp:featuredmedia":[{"embeddable":true,"href":"http:\/\/sailing-palava.com\/en\/wp-json\/wp\/v2\/media\/4364"}],"wp:attachment":[{"href":"http:\/\/sailing-palava.com\/en\/wp-json\/wp\/v2\/media?parent=4179"}],"curies":[{"name":"wp","href":"https:\/\/api.w.org\/{rel}","templated":true}]}}