{"id":4398,"date":"2026-02-04T16:27:19","date_gmt":"2026-02-04T15:27:19","guid":{"rendered":"https:\/\/sailing-palava.com\/?page_id=4398"},"modified":"2026-02-04T16:40:51","modified_gmt":"2026-02-04T15:40:51","slug":"test-podminek-pro-olympijskou-kvalifikaci-v-brazilii","status":"publish","type":"page","link":"http:\/\/sailing-palava.com\/en\/test-podminek-pro-olympijskou-kvalifikaci-v-brazilii\/","title":{"rendered":"Olympic qualification conditions test for Brazil"},"content":{"rendered":"<div data-elementor-type=\"wp-page\" data-elementor-id=\"4398\" class=\"elementor elementor-4398\">\n\t\t\t\t\t\t<section class=\"elementor-section elementor-top-section elementor-element elementor-element-26c9bb5 elementor-section-boxed elementor-section-height-default elementor-section-height-default\" data-id=\"26c9bb5\" data-element_type=\"section\" data-e-type=\"section\">\n\t\t\t\t\t\t<div class=\"elementor-container elementor-column-gap-default\">\n\t\t\t\t\t<div class=\"elementor-column elementor-col-50 elementor-top-column elementor-element elementor-element-ad41094\" data-id=\"ad41094\" data-element_type=\"column\" data-e-type=\"column\">\n\t\t\t<div class=\"elementor-widget-wrap elementor-element-populated\">\n\t\t\t\t\t\t<div class=\"elementor-element elementor-element-54cea8a elementor-widget elementor-widget-text-editor\" data-id=\"54cea8a\" data-element_type=\"widget\" data-e-type=\"widget\" data-widget_type=\"text-editor.default\">\n\t\t\t\t<div class=\"elementor-widget-container\">\n\t\t\t\t\t\t\t\t\t<div dir=\"auto\" style=\"font-family: inherit; animation-name: none!important; transition-property: none!important;\"><p style=\"margin-bottom: 0cm; line-height: normal; background-image: initial; background-position: initial; background-size: initial; background-repeat: initial; background-attachment: initial; background-origin: initial; background-clip: initial;\"><strong><span style=\"font-size: 12pt; font-family: Arial, sans-serif; color: #000080; background: whitesmoke;\">Olympic qualification conditions test for Brazil<\/span><\/strong><\/p><p>\u00a0<\/p><p style=\"margin-bottom: 0cm; line-height: normal; background-image: initial; background-position: initial; background-size: initial; background-repeat: initial; background-attachment: initial; background-origin: initial; background-clip: initial;\"><span style=\"font-size: 12pt; font-family: 'Arial',sans-serif; mso-fareast-font-family: 'Times New Roman'; color: #003399; mso-fareast-language: CS;\">Zat\u00edmco zimn\u00ed olympijsk\u00e9 hry za\u010d\u00ednaj\u00ed ji\u017e za p\u00e1r dn\u00ed, \u010desk\u00fd kiteboardista Vojt\u011bch Ko\u0161ka se u\u017e naplno p\u0159ipravuje na kvalifikaci na letn\u00ed olympijsk\u00e9 hry v Los Angeles 2028.<\/span><\/p><p style=\"font-weight: 400;\">V brazilsk\u00e9m m\u011bst\u011b Fortaleza se toti\u017e v roce 2027 uskute\u010dn\u00ed mistrovstv\u00ed sv\u011bta v olympijsk\u00e9m kiteboardingu, windsurfingu a jachtingu, kter\u00e9 bude pro z\u00e1vodn\u00edky prvn\u00ed mo\u017enou cestou k olympijsk\u00e9 nominaci. Pr\u00e1v\u011b proto se zde konal od 26. do 31. ledna Test Event pro olympijsk\u00e9 t\u0159\u00eddy Formula Kite, iQFoil a ILCA 6 a 7.<br \/>\u00a0<br \/>\u010ceskou republiku reprezentoval ve Fortaleze jedin\u00fd z\u00e1vodn\u00edk \u2013\u00a0Vojt\u011bch Ko\u0161ka z TJ Sailing P\u00e1lava\u00a0ve t\u0159\u00edd\u011b Formula Kite. Do Braz\u00edlie dorazilo celkem 18 kiteboardist\u016f z r\u016fzn\u00fdch kout\u016f sv\u011bta, co\u017e Vojtovi poskytlo ide\u00e1ln\u00ed p\u0159\u00edle\u017eitost vyzkou\u0161et si rev\u00edr, kde se m\u016f\u017ee za rok rozhodovat o \u00fa\u010dasti na olympijsk\u00fdch hr\u00e1ch.<br \/>\u00a0<br \/>Po po\u010d\u00e1te\u010dn\u00edch probl\u00e9mech se zavazadly a zdravotn\u00edmi komplikacemi se nakonec v\u0161e poda\u0159ilo stihnout tak, aby se Vojt\u011bch Ko\u0161ka mohl zaregistrovat a nastoupit do z\u00e1vodu. V\u00a0jeho pr\u016fb\u011bhu se Vojta postupn\u011b zlep\u0161oval a po z\u00e1kladn\u00ed \u010d\u00e1sti postoupil z osm\u00e9ho m\u00edsta do fin\u00e1lov\u00fdch j\u00edzd. Ve \u010dtvrtfin\u00e1le se mu v\u0161ak j\u00edzda nepovedla podle p\u0159edstav a Test Event ve Fortaleze tak zakon\u010dil na\u00a09. m\u00edst\u011b. Ale v\u00fdsledek z Test Eventu pro \u010desk\u00e9ho reprezentanta nebyl t\u00edm hlavn\u00edm.<br \/>\u00a0<br \/><em>\u201eV\u00fdsledek pro m\u011b nen\u00ed tak d\u016fle\u017eit\u00fd, d\u016fle\u017eit\u00e9 jsou hlavn\u011b zku\u0161enosti z m\u00edsta. Te\u010f u\u017e mnohem l\u00edp v\u00edme, co n\u00e1s tady m\u016f\u017ee \u010dekat. Jako prvn\u00ed z\u00e1vod v sez\u00f3n\u011b to bylo pom\u011brn\u011b n\u00e1ro\u010dn\u00e9, proto\u017ee v\u0161ichni p\u0159es zimu hodn\u011b tr\u00e9novali. Bylo vid\u011bt, \u017ee se v\u00fdkonnostn\u011b posunuli a \u017ee v\u0161ichni opravdu makaj\u00ed. Ur\u010dit\u011b se tedy budu muset b\u011bhem roku je\u0161t\u011b v\u00edc sna\u017eit, je\u0161t\u011b v\u00edce tr\u00e9novat, pracovat na v\u0161em a d\u00e1l se zlep\u0161ovat,\u201c<\/em> zhodnotil z\u00e1vod Vojt\u011bch Ko\u0161ka.<br \/>\u00a0<br \/>Velkou v\u00fdzvou byly tak\u00e9 samotn\u00e9 podm\u00ednky na vod\u011b. <em>\u201ePodm\u00ednky byly zhruba pades\u00e1t na pades\u00e1t. Kdy\u017e pr\u0161elo, tak po\u0159\u00e1dn\u011b \u2013 klidn\u011b p\u016fl dne \u2013 a potom bylo ve vod\u011b stra\u0161n\u011b moc ne\u010distot. Z \u0159ek a z cel\u00e9ho m\u011bsta se sem vyplavily odpadky, v\u011btve a dal\u0161\u00ed v\u011bci, tak\u017ee se v podstat\u011b nedalo jezdit. Jeden den jsme vypluli, ale pak n\u00e1s odvolali, proto\u017ee jsme kv\u016fli ne\u010distot\u00e1m ve vod\u011b jen padali,\u201c<\/em> popsal Vojta<br \/>\u00a0<br \/>Kriticky v\u0161ichni hodnotili tak\u00e9 organiza\u010dn\u00ed zaji\u0161t\u011bn\u00ed cel\u00e9 akce. <em>\u201eCo se t\u00fdk\u00e1 organizace, p\u0159i\u0161la mi sp\u00ed\u0161 slab\u0161\u00ed. Z\u00e1zem\u00ed nebylo \u00fapln\u011b p\u0159ipraven\u00e9, hlavn\u011b pro lodn\u00ed t\u0159\u00eddu ILCA. V p\u0159\u00edstavu se nap\u0159\u00edklad rozpadla rampa na spou\u0161t\u011bn\u00ed lod\u00ed, tak\u017ee se v\u016fbec nemohli dostat na vodu a musela se narychlo dod\u011bl\u00e1vat nov\u00e1. Ten p\u0159\u00edstav je celkov\u011b ve \u0161patn\u00e9m stavu. V\u011bt\u0161ina t\u00fdm\u016f se nyn\u00ed sna\u017e\u00ed d\u00e1t dohromady zp\u011btnou vazbu, proto\u017ee v\u011bt\u0161in\u011b se to tady moc nel\u00edbilo. Podle n\u00e1s by bylo lep\u0161\u00ed po\u0159\u00e1dat takov\u00e9 z\u00e1vody v osv\u011bd\u010den\u00fdch lokalit\u00e1ch, kde u\u017e to funguje a kde maj\u00ed zku\u0161enosti \u2013 tam, kde se b\u011b\u017en\u011b jezd\u00ed nejv\u011bt\u0161\u00ed sv\u011btov\u00e9 z\u00e1vody, t\u0159eba na Mallorce nebo v\u00a0Hyeres, a v\u0161ichni v\u011bd\u00ed, \u017ee se to d\u00e1 bez probl\u00e9m\u016f zvl\u00e1dnout. Uvid\u00edme, jak se k\u00a0tomu sv\u011btov\u00e1 jachta\u0159sk\u00e1 federace a brazil\u0161t\u00ed organiz\u00e1to\u0159i postav\u00ed,\u201c<\/em> uvedl Vojt\u011bch Ko\u0161ka.<br \/>\u00a0<br \/>M\u00e1 za sebou velmi \u00fasp\u011b\u0161nou lo\u0148skou sez\u00f3nu \u2013\u00a0rok 2025 zakon\u010dil na 3. m\u00edst\u011b sv\u011btov\u00e9ho rankingu olympijsk\u00e9 t\u0159\u00eddy Formula Kite\u00a0\u2013 a test ve Fortaleze tak bere jako dal\u0161\u00ed d\u016fle\u017eit\u00fd krok na cest\u011b k olympijsk\u00e9 kvalifikaci.<br \/>\u00a0<br \/>V\u00fdsledky: <a href=\"https:\/\/www.manage2sail.com\/enUs\/event\/123d8bda-91d2-4571-960c-f0519e4b5a2f#!\/results?classId=af666dd0-0326-4b49-ba34-bd96dd2c87f2\">HERE<\/a><\/p><\/div>\t\t\t\t\t\t\t\t<\/div>\n\t\t\t\t<\/div>\n\t\t\t\t\t<\/div>\n\t\t<\/div>\n\t\t\t\t<div class=\"elementor-column elementor-col-50 elementor-top-column elementor-element elementor-element-20f5c56\" data-id=\"20f5c56\" data-element_type=\"column\" data-e-type=\"column\">\n\t\t\t<div class=\"elementor-widget-wrap elementor-element-populated\">\n\t\t\t\t\t\t<div class=\"elementor-element elementor-element-ab6775c elementor-widget elementor-widget-image-gallery\" data-id=\"ab6775c\" data-element_type=\"widget\" data-e-type=\"widget\" data-widget_type=\"image-gallery.default\">\n\t\t\t\t<div class=\"elementor-widget-container\">\n\t\t\t\t\t\t\t<div class=\"elementor-image-gallery\">\n\t\t\t<div id='gallery-1' class='gallery galleryid-4398 gallery-columns-1 gallery-size-medium_large'><figure class='gallery-item'>\n\t\t\t<div class='gallery-icon portrait'>\n\t\t\t\t<a data-elementor-open-lightbox=\"yes\" data-elementor-lightbox-slideshow=\"ab6775c\" data-elementor-lightbox-title=\"Vojta\" data-e-action-hash=\"#elementor-action%3Aaction%3Dlightbox%26settings%3DeyJpZCI6NDQwNCwidXJsIjoiaHR0cHM6XC9cL3NhaWxpbmctcGFsYXZhLmNvbVwvd3AtY29udGVudFwvdXBsb2Fkc1wvMjAyNlwvMDJcL1ZvanRhLmpwZyIsInNsaWRlc2hvdyI6ImFiNjc3NWMifQ%3D%3D\" href='https:\/\/sailing-palava.com\/wp-content\/uploads\/2026\/02\/Vojta.jpg'><img fetchpriority=\"high\" decoding=\"async\" width=\"640\" height=\"917\" src=\"https:\/\/sailing-palava.com\/wp-content\/uploads\/2026\/02\/Vojta-768x1100.jpg\" class=\"attachment-medium_large size-medium_large\" alt=\"\" srcset=\"https:\/\/sailing-palava.com\/wp-content\/uploads\/2026\/02\/Vojta-768x1100.jpg 768w, https:\/\/sailing-palava.com\/wp-content\/uploads\/2026\/02\/Vojta-210x300.jpg 210w, https:\/\/sailing-palava.com\/wp-content\/uploads\/2026\/02\/Vojta-715x1024.jpg 715w, https:\/\/sailing-palava.com\/wp-content\/uploads\/2026\/02\/Vojta-100x143.jpg 100w, https:\/\/sailing-palava.com\/wp-content\/uploads\/2026\/02\/Vojta.jpg 792w\" sizes=\"(max-width: 640px) 100vw, 640px\" \/><\/a>\n\t\t\t<\/div><\/figure><figure class='gallery-item'>\n\t\t\t<div class='gallery-icon landscape'>\n\t\t\t\t<a data-elementor-open-lightbox=\"yes\" data-elementor-lightbox-slideshow=\"ab6775c\" data-elementor-lightbox-title=\"55067509273_0a24f70536_o\" data-e-action-hash=\"#elementor-action%3Aaction%3Dlightbox%26settings%3DeyJpZCI6NDQwNSwidXJsIjoiaHR0cHM6XC9cL3NhaWxpbmctcGFsYXZhLmNvbVwvd3AtY29udGVudFwvdXBsb2Fkc1wvMjAyNlwvMDJcLzU1MDY3NTA5MjczXzBhMjRmNzA1MzZfby1zY2FsZWQuanBnIiwic2xpZGVzaG93IjoiYWI2Nzc1YyJ9\" href='https:\/\/sailing-palava.com\/wp-content\/uploads\/2026\/02\/55067509273_0a24f70536_o-scaled.jpg'><img decoding=\"async\" width=\"640\" height=\"427\" src=\"https:\/\/sailing-palava.com\/wp-content\/uploads\/2026\/02\/55067509273_0a24f70536_o-768x512.jpg\" class=\"attachment-medium_large size-medium_large\" alt=\"\" srcset=\"https:\/\/sailing-palava.com\/wp-content\/uploads\/2026\/02\/55067509273_0a24f70536_o-768x512.jpg 768w, https:\/\/sailing-palava.com\/wp-content\/uploads\/2026\/02\/55067509273_0a24f70536_o-300x200.jpg 300w, https:\/\/sailing-palava.com\/wp-content\/uploads\/2026\/02\/55067509273_0a24f70536_o-1024x683.jpg 1024w, https:\/\/sailing-palava.com\/wp-content\/uploads\/2026\/02\/55067509273_0a24f70536_o-100x67.jpg 100w, https:\/\/sailing-palava.com\/wp-content\/uploads\/2026\/02\/55067509273_0a24f70536_o-1536x1024.jpg 1536w, https:\/\/sailing-palava.com\/wp-content\/uploads\/2026\/02\/55067509273_0a24f70536_o-2048x1365.jpg 2048w\" sizes=\"(max-width: 640px) 100vw, 640px\" \/><\/a>\n\t\t\t<\/div><\/figure><figure class='gallery-item'>\n\t\t\t<div class='gallery-icon portrait'>\n\t\t\t\t<a data-elementor-open-lightbox=\"yes\" data-elementor-lightbox-slideshow=\"ab6775c\" data-elementor-lightbox-title=\"Vojta\" data-e-action-hash=\"#elementor-action%3Aaction%3Dlightbox%26settings%3DeyJpZCI6NDQwNywidXJsIjoiaHR0cHM6XC9cL3NhaWxpbmctcGFsYXZhLmNvbVwvd3AtY29udGVudFwvdXBsb2Fkc1wvMjAyNlwvMDJcL1ZvanRhLTEuanBnIiwic2xpZGVzaG93IjoiYWI2Nzc1YyJ9\" href='https:\/\/sailing-palava.com\/wp-content\/uploads\/2026\/02\/Vojta-1.jpg'><img decoding=\"async\" width=\"640\" height=\"853\" src=\"https:\/\/sailing-palava.com\/wp-content\/uploads\/2026\/02\/Vojta-1-768x1024.jpg\" class=\"attachment-medium_large size-medium_large\" alt=\"\" srcset=\"https:\/\/sailing-palava.com\/wp-content\/uploads\/2026\/02\/Vojta-1-768x1024.jpg 768w, https:\/\/sailing-palava.com\/wp-content\/uploads\/2026\/02\/Vojta-1-225x300.jpg 225w, https:\/\/sailing-palava.com\/wp-content\/uploads\/2026\/02\/Vojta-1-100x133.jpg 100w, https:\/\/sailing-palava.com\/wp-content\/uploads\/2026\/02\/Vojta-1.jpg 1046w\" sizes=\"(max-width: 640px) 100vw, 640px\" \/><\/a>\n\t\t\t<\/div><\/figure><figure class='gallery-item'>\n\t\t\t<div class='gallery-icon landscape'>\n\t\t\t\t<a data-elementor-open-lightbox=\"yes\" data-elementor-lightbox-slideshow=\"ab6775c\" data-elementor-lightbox-title=\"zahajeni\" data-e-action-hash=\"#elementor-action%3Aaction%3Dlightbox%26settings%3DeyJpZCI6NDQwOCwidXJsIjoiaHR0cHM6XC9cL3NhaWxpbmctcGFsYXZhLmNvbVwvd3AtY29udGVudFwvdXBsb2Fkc1wvMjAyNlwvMDJcL3phaGFqZW5pLmpwZyIsInNsaWRlc2hvdyI6ImFiNjc3NWMifQ%3D%3D\" href='https:\/\/sailing-palava.com\/wp-content\/uploads\/2026\/02\/zahajeni.jpg'><img loading=\"lazy\" decoding=\"async\" width=\"640\" height=\"519\" src=\"https:\/\/sailing-palava.com\/wp-content\/uploads\/2026\/02\/zahajeni-768x623.jpg\" class=\"attachment-medium_large size-medium_large\" alt=\"\" srcset=\"https:\/\/sailing-palava.com\/wp-content\/uploads\/2026\/02\/zahajeni-768x623.jpg 768w, https:\/\/sailing-palava.com\/wp-content\/uploads\/2026\/02\/zahajeni-300x244.jpg 300w, https:\/\/sailing-palava.com\/wp-content\/uploads\/2026\/02\/zahajeni-1024x831.jpg 1024w, https:\/\/sailing-palava.com\/wp-content\/uploads\/2026\/02\/zahajeni-100x81.jpg 100w, https:\/\/sailing-palava.com\/wp-content\/uploads\/2026\/02\/zahajeni.jpg 1195w\" sizes=\"(max-width: 640px) 100vw, 640px\" \/><\/a>\n\t\t\t<\/div><\/figure>\n\t\t<\/div>\n\t\t<\/div>\n\t\t\t\t\t\t<\/div>\n\t\t\t\t<\/div>\n\t\t\t\t\t<\/div>\n\t\t<\/div>\n\t\t\t\t\t<\/div>\n\t\t<\/section>\n\t\t\t\t<\/div>","protected":false},"excerpt":{"rendered":"<p>Test podm\u00ednek pro olympijskou kvalifikaci v Braz\u00edlii \u00a0 Zat\u00edmco zimn\u00ed olympijsk\u00e9 hry za\u010d\u00ednaj\u00ed ji\u017e za p\u00e1r dn\u00ed, \u010desk\u00fd kiteboardista Vojt\u011bch Ko\u0161ka se u\u017e naplno p\u0159ipravuje na kvalifikaci na letn\u00ed olympijsk\u00e9 hry v Los Angeles 2028. V brazilsk\u00e9m m\u011bst\u011b Fortaleza se toti\u017e v roce 2027 uskute\u010dn\u00ed mistrovstv\u00ed sv\u011bta v olympijsk\u00e9m kiteboardingu, windsurfingu a jachtingu, kter\u00e9 bude&hellip;<\/p>","protected":false},"author":1,"featured_media":4403,"parent":0,"menu_order":0,"comment_status":"closed","ping_status":"closed","template":"","meta":{"footnotes":""},"class_list":["post-4398","page","type-page","status-publish","has-post-thumbnail","hentry"],"_links":{"self":[{"href":"http:\/\/sailing-palava.com\/en\/wp-json\/wp\/v2\/pages\/4398","targetHints":{"allow":["GET"]}}],"collection":[{"href":"http:\/\/sailing-palava.com\/en\/wp-json\/wp\/v2\/pages"}],"about":[{"href":"http:\/\/sailing-palava.com\/en\/wp-json\/wp\/v2\/types\/page"}],"author":[{"embeddable":true,"href":"http:\/\/sailing-palava.com\/en\/wp-json\/wp\/v2\/users\/1"}],"replies":[{"embeddable":true,"href":"http:\/\/sailing-palava.com\/en\/wp-json\/wp\/v2\/comments?post=4398"}],"version-history":[{"count":16,"href":"http:\/\/sailing-palava.com\/en\/wp-json\/wp\/v2\/pages\/4398\/revisions"}],"predecessor-version":[{"id":4420,"href":"http:\/\/sailing-palava.com\/en\/wp-json\/wp\/v2\/pages\/4398\/revisions\/4420"}],"wp:featuredmedia":[{"embeddable":true,"href":"http:\/\/sailing-palava.com\/en\/wp-json\/wp\/v2\/media\/4403"}],"wp:attachment":[{"href":"http:\/\/sailing-palava.com\/en\/wp-json\/wp\/v2\/media?parent=4398"}],"curies":[{"name":"wp","href":"https:\/\/api.w.org\/{rel}","templated":true}]}}