{"id":4433,"date":"2026-02-15T13:37:11","date_gmt":"2026-02-15T12:37:11","guid":{"rendered":"https:\/\/sailing-palava.com\/?page_id=4433"},"modified":"2026-04-17T11:20:04","modified_gmt":"2026-04-17T09:20:04","slug":"sportovni-centrum","status":"publish","type":"page","link":"http:\/\/sailing-palava.com\/en\/sportovni-centrum\/","title":{"rendered":"SCSP"},"content":{"rendered":"<div data-elementor-type=\"wp-page\" data-elementor-id=\"4433\" class=\"elementor elementor-4433\">\n\t\t\t\t\t\t<section class=\"elementor-section elementor-top-section elementor-element elementor-element-4c39977 elementor-section-boxed elementor-section-height-default elementor-section-height-default\" data-id=\"4c39977\" data-element_type=\"section\" data-e-type=\"section\">\n\t\t\t\t\t\t<div class=\"elementor-container elementor-column-gap-default\">\n\t\t\t\t\t<div class=\"elementor-column elementor-col-100 elementor-top-column elementor-element elementor-element-e780cf8\" data-id=\"e780cf8\" data-element_type=\"column\" data-e-type=\"column\">\n\t\t\t<div class=\"elementor-widget-wrap elementor-element-populated\">\n\t\t\t\t\t\t<div class=\"elementor-element elementor-element-5a44071 elementor-widget__width-initial elementor-widget elementor-widget-text-editor\" data-id=\"5a44071\" data-element_type=\"widget\" data-e-type=\"widget\" data-widget_type=\"text-editor.default\">\n\t\t\t\t<div class=\"elementor-widget-container\">\n\t\t\t\t\t\t\t\t\t<h3 style=\"text-align: center;\">\u00a0<\/h3><h2><span lang=\"EN-US\">Sailing P\u00e1lava Sports Centre<\/span><\/h2><div>\u00a0<\/div><h3 style=\"text-align: center;\"><span lang=\"EN-US\" style=\"color: #00ccff;\">training \/ races \/ athlete facilities<\/span><\/h3><p style=\"font-weight: 400;\">The Sailing P\u00e1lava Sports Centre is a sports complex in Pavlov primarily focused on water sports, training activities, and organising competitions and sporting events. The complex serves as a base for athletes, sports clubs, competition participants, and their accompanying parties. The complex also includes technical and operational facilities.,<br \/>including options for short-term and longer-term stays as supplementary services to the main sports function of the complex.<\/p><p style=\"font-weight: 400;\">The Sailing P\u00e1lava Sports Centre is the name for the larger part of the original sports complex in Pavlov, which has been operated by the sports club TJ Sailing P\u00e1lava since 1 January 2026, based on a public tender by the municipality of Pavlov.<\/p>\t\t\t\t\t\t\t\t<\/div>\n\t\t\t\t<\/div>\n\t\t\t\t\t<\/div>\n\t\t<\/div>\n\t\t\t\t\t<\/div>\n\t\t<\/section>\n\t\t\t\t<section class=\"elementor-section elementor-top-section elementor-element elementor-element-1501c6c elementor-section-boxed elementor-section-height-default elementor-section-height-default\" data-id=\"1501c6c\" data-element_type=\"section\" data-e-type=\"section\">\n\t\t\t\t\t\t<div class=\"elementor-container elementor-column-gap-default\">\n\t\t\t\t\t<div class=\"elementor-column elementor-col-100 elementor-top-column elementor-element elementor-element-eddd7d2\" data-id=\"eddd7d2\" data-element_type=\"column\" data-e-type=\"column\">\n\t\t\t<div class=\"elementor-widget-wrap elementor-element-populated\">\n\t\t\t\t\t\t<div class=\"elementor-element elementor-element-3536cf9 elementor-widget elementor-widget-image\" data-id=\"3536cf9\" data-element_type=\"widget\" data-e-type=\"widget\" data-widget_type=\"image.default\">\n\t\t\t\t<div class=\"elementor-widget-container\">\n\t\t\t\t\t\t\t\t\t\t\t\t\t\t\t<img fetchpriority=\"high\" decoding=\"async\" width=\"1350\" height=\"600\" src=\"https:\/\/sailing-palava.com\/wp-content\/uploads\/2026\/02\/DJI_0268-1350x600.jpg\" class=\"attachment-fitness-park-slider size-fitness-park-slider wp-image-4441\" alt=\"\" srcset=\"https:\/\/sailing-palava.com\/wp-content\/uploads\/2026\/02\/DJI_0268-1350x600.jpg 1350w, https:\/\/sailing-palava.com\/wp-content\/uploads\/2026\/02\/DJI_0268-100x43.jpg 100w\" sizes=\"(max-width: 1350px) 100vw, 1350px\" \/>\t\t\t\t\t\t\t\t\t\t\t\t\t\t\t<\/div>\n\t\t\t\t<\/div>\n\t\t\t\t\t<\/div>\n\t\t<\/div>\n\t\t\t\t\t<\/div>\n\t\t<\/section>\n\t\t\t\t<section class=\"elementor-section elementor-top-section elementor-element elementor-element-49eb485 elementor-section-boxed elementor-section-height-default elementor-section-height-default\" data-id=\"49eb485\" data-element_type=\"section\" data-e-type=\"section\">\n\t\t\t\t\t\t<div class=\"elementor-container elementor-column-gap-default\">\n\t\t\t\t\t<div class=\"elementor-column elementor-col-100 elementor-top-column elementor-element elementor-element-a470259\" data-id=\"a470259\" data-element_type=\"column\" data-e-type=\"column\">\n\t\t\t<div class=\"elementor-widget-wrap elementor-element-populated\">\n\t\t\t\t\t\t\t<\/div>\n\t\t<\/div>\n\t\t\t\t\t<\/div>\n\t\t<\/section>\n\t\t\t\t<\/div>","protected":false},"excerpt":{"rendered":"<p>\u00a0 Sportovn\u00ed centrum Sailing P\u00e1lava \u00a0 tr\u00e9nink \/ z\u00e1vody \/ z\u00e1zem\u00ed sportovc\u016f Sportovn\u00ed centrum Sailing P\u00e1lava je sportovn\u00ed are\u00e1l v Pavlov\u011b zam\u011b\u0159en\u00fd p\u0159edev\u0161\u00edm na vodn\u00ed sporty, tr\u00e9ninkovou \u010dinnost a po\u0159\u00e1d\u00e1n\u00ed z\u00e1vod\u016f a sportovn\u00edch akc\u00ed. Are\u00e1l slou\u017e\u00ed jako z\u00e1zem\u00ed pro sportovce, sportovn\u00ed kluby, \u00fa\u010dastn\u00edky z\u00e1vod\u016f i jejich doprovod. Sou\u010d\u00e1st\u00ed are\u00e1lu je tak\u00e9 technick\u00e9 a provozn\u00ed z\u00e1zem\u00ed,v\u010detn\u011b&hellip;<\/p>","protected":false},"author":1,"featured_media":0,"parent":0,"menu_order":0,"comment_status":"closed","ping_status":"closed","template":"","meta":{"footnotes":""},"class_list":["post-4433","page","type-page","status-publish","hentry"],"_links":{"self":[{"href":"http:\/\/sailing-palava.com\/en\/wp-json\/wp\/v2\/pages\/4433","targetHints":{"allow":["GET"]}}],"collection":[{"href":"http:\/\/sailing-palava.com\/en\/wp-json\/wp\/v2\/pages"}],"about":[{"href":"http:\/\/sailing-palava.com\/en\/wp-json\/wp\/v2\/types\/page"}],"author":[{"embeddable":true,"href":"http:\/\/sailing-palava.com\/en\/wp-json\/wp\/v2\/users\/1"}],"replies":[{"embeddable":true,"href":"http:\/\/sailing-palava.com\/en\/wp-json\/wp\/v2\/comments?post=4433"}],"version-history":[{"count":17,"href":"http:\/\/sailing-palava.com\/en\/wp-json\/wp\/v2\/pages\/4433\/revisions"}],"predecessor-version":[{"id":4925,"href":"http:\/\/sailing-palava.com\/en\/wp-json\/wp\/v2\/pages\/4433\/revisions\/4925"}],"wp:attachment":[{"href":"http:\/\/sailing-palava.com\/en\/wp-json\/wp\/v2\/media?parent=4433"}],"curies":[{"name":"wp","href":"https:\/\/api.w.org\/{rel}","templated":true}]}}