{"id":4582,"date":"2026-02-15T17:26:19","date_gmt":"2026-02-15T16:26:19","guid":{"rendered":"https:\/\/sailing-palava.com\/?page_id=4582"},"modified":"2026-04-15T12:18:30","modified_gmt":"2026-04-15T10:18:30","slug":"o-arealu","status":"publish","type":"page","link":"http:\/\/sailing-palava.com\/en\/o-arealu\/","title":{"rendered":"SPORTY &amp; TRAINING"},"content":{"rendered":"<div data-elementor-type=\"wp-page\" data-elementor-id=\"4582\" class=\"elementor elementor-4582\">\n\t\t\t\t\t\t<section class=\"elementor-section elementor-top-section elementor-element elementor-element-4c39977 elementor-section-boxed elementor-section-height-default elementor-section-height-default\" data-id=\"4c39977\" data-element_type=\"section\" data-e-type=\"section\">\n\t\t\t\t\t\t<div class=\"elementor-container elementor-column-gap-default\">\n\t\t\t\t\t<div class=\"elementor-column elementor-col-100 elementor-top-column elementor-element elementor-element-e780cf8\" data-id=\"e780cf8\" data-element_type=\"column\" data-e-type=\"column\">\n\t\t\t<div class=\"elementor-widget-wrap elementor-element-populated\">\n\t\t\t\t\t\t<div class=\"elementor-element elementor-element-5a44071 elementor-widget__width-initial elementor-widget elementor-widget-text-editor\" data-id=\"5a44071\" data-element_type=\"widget\" data-e-type=\"widget\" data-widget_type=\"text-editor.default\">\n\t\t\t\t<div class=\"elementor-widget-container\">\n\t\t\t\t\t\t\t\t\t<h3><span style=\"color: #00ccff;\">SPORTY &amp; TR\u00c9NINK<\/span><\/h3><p style=\"font-weight: 400;\">Jsme otev\u0159eni spolupr\u00e1ci se subjekty, organizacemi i jednotlivci, kte\u0159\u00ed p\u016fsob\u00ed v oblasti v\u011btrn\u00fdch a vodn\u00edch sport\u016f. Aktivn\u011b hled\u00e1me partnery pro spole\u010dn\u00e9 projekty, rozvoj sportovn\u00edho prost\u0159ed\u00ed i sd\u00edlen\u00ed zku\u0161enost\u00ed a z\u00e1zem\u00ed.<\/p><p style=\"font-weight: 400;\">Are\u00e1l na\u0161eho klubu poskytuje z\u00e1zem\u00ed pro jachta\u0159sk\u00e9 lodn\u00ed t\u0159\u00eddy, ale zejm\u00e9na pro dal\u0161\u00ed dynamicky se rozv\u00edjej\u00edc\u00ed sporty, jako jsou kitesurfing, wingfoiling, windsurfing nebo paddleboarding. Tyto aktivity u n\u00e1s budou prob\u00edhat formou tr\u00e9nink\u016f, soust\u0159ed\u011bn\u00ed i individu\u00e1ln\u00ed p\u0159\u00edpravy sportovc\u016f v\u0161ech v\u00fdkonnostn\u00edch \u00farovn\u00ed. Jejich realizaci pl\u00e1nujeme ji\u017e brzy v na\u0161em sportovn\u00edm centru v Pavlov\u011b.<\/p><p style=\"font-weight: 400;\">Dlouhodob\u011b se v\u011bnujeme pr\u00e1ci s ml\u00e1de\u017e\u00ed i vrcholov\u00fdmi sportovci, organizujeme sportovn\u00ed akce a vytv\u00e1\u0159\u00edme prost\u0159ed\u00ed, kter\u00e9 propojuje rekrea\u010dn\u00ed i v\u00fdkonnostn\u00ed sport. Na\u0161\u00edm c\u00edlem je rozv\u00edjet komunitu kolem vody a v\u011btru a posouvat \u00farove\u0148 t\u011bchto sport\u016f v regionu i na mezin\u00e1rodn\u00ed \u00farove\u0148.<\/p><p style=\"font-weight: 400;\"><strong>R\u00e1di nav\u00e1\u017eeme spolupr\u00e1ci v oblastech, jako jsou:<\/strong><\/p><ul><li style=\"list-style-type: none;\"><ul><li style=\"font-weight: 400;\">spole\u010dn\u00e9 sportovn\u00ed a komer\u010dn\u00ed projekty<\/li><li style=\"font-weight: 400;\">po\u0159\u00e1d\u00e1n\u00ed akc\u00ed a z\u00e1vod\u016f<\/li><li style=\"font-weight: 400;\">tr\u00e9ninkov\u00e9 programy a kempy<\/li><li style=\"font-weight: 400;\">sd\u00edlen\u00ed infrastruktury a slu\u017eeb<\/li><li style=\"font-weight: 400;\">rozvoj nov\u00fdch sportovn\u00edch aktivit<\/li><\/ul><\/li><\/ul><p style=\"font-weight: 400;\">Pokud m\u00e1te z\u00e1jem o spolupr\u00e1ci nebo v\u00e1s napad\u00e1 jak\u00e1koli forma partnerstv\u00ed, nev\u00e1hejte se n\u00e1m ozvat. Budeme r\u00e1di za ka\u017ed\u00e9 nov\u00e9 propojen\u00ed.<\/p>\t\t\t\t\t\t\t\t<\/div>\n\t\t\t\t<\/div>\n\t\t\t\t\t<\/div>\n\t\t<\/div>\n\t\t\t\t\t<\/div>\n\t\t<\/section>\n\t\t\t\t<section class=\"elementor-section elementor-top-section elementor-element elementor-element-1501c6c elementor-section-boxed elementor-section-height-default elementor-section-height-default\" data-id=\"1501c6c\" data-element_type=\"section\" data-e-type=\"section\">\n\t\t\t\t\t\t<div class=\"elementor-container elementor-column-gap-default\">\n\t\t\t\t\t<div class=\"elementor-column elementor-col-100 elementor-top-column elementor-element elementor-element-eddd7d2\" data-id=\"eddd7d2\" data-element_type=\"column\" data-e-type=\"column\">\n\t\t\t<div class=\"elementor-widget-wrap elementor-element-populated\">\n\t\t\t\t\t\t<div class=\"elementor-element elementor-element-3536cf9 elementor-widget elementor-widget-image\" data-id=\"3536cf9\" data-element_type=\"widget\" data-e-type=\"widget\" data-widget_type=\"image.default\">\n\t\t\t\t<div class=\"elementor-widget-container\">\n\t\t\t\t\t\t\t\t\t\t\t\t\t\t\t<img fetchpriority=\"high\" decoding=\"async\" width=\"1350\" height=\"600\" src=\"https:\/\/sailing-palava.com\/wp-content\/uploads\/2026\/02\/H7D9564-1350x600.jpg\" class=\"attachment-fitness-park-slider size-fitness-park-slider wp-image-4593\" alt=\"\" \/>\t\t\t\t\t\t\t\t\t\t\t\t\t\t\t<\/div>\n\t\t\t\t<\/div>\n\t\t\t\t<div class=\"elementor-element elementor-element-1603f4a elementor-widget elementor-widget-image\" data-id=\"1603f4a\" data-element_type=\"widget\" data-e-type=\"widget\" data-widget_type=\"image.default\">\n\t\t\t\t<div class=\"elementor-widget-container\">\n\t\t\t\t\t\t\t\t\t\t\t\t\t\t\t<img decoding=\"async\" width=\"1350\" height=\"600\" src=\"https:\/\/sailing-palava.com\/wp-content\/uploads\/2026\/02\/DJI_0072-1350x600.jpg\" class=\"attachment-fitness-park-slider size-fitness-park-slider wp-image-4594\" alt=\"\" \/>\t\t\t\t\t\t\t\t\t\t\t\t\t\t\t<\/div>\n\t\t\t\t<\/div>\n\t\t\t\t<div class=\"elementor-element elementor-element-a33abd3 elementor-widget elementor-widget-image\" data-id=\"a33abd3\" data-element_type=\"widget\" data-e-type=\"widget\" data-widget_type=\"image.default\">\n\t\t\t\t<div class=\"elementor-widget-container\">\n\t\t\t\t\t\t\t\t\t\t\t\t\t\t\t<img decoding=\"async\" width=\"1350\" height=\"600\" src=\"https:\/\/sailing-palava.com\/wp-content\/uploads\/2026\/02\/DSC01826-1350x600.jpg\" class=\"attachment-fitness-park-slider size-fitness-park-slider wp-image-4595\" alt=\"\" \/>\t\t\t\t\t\t\t\t\t\t\t\t\t\t\t<\/div>\n\t\t\t\t<\/div>\n\t\t\t\t\t<\/div>\n\t\t<\/div>\n\t\t\t\t\t<\/div>\n\t\t<\/section>\n\t\t\t\t<section class=\"elementor-section elementor-top-section elementor-element elementor-element-49eb485 elementor-section-boxed elementor-section-height-default elementor-section-height-default\" data-id=\"49eb485\" data-element_type=\"section\" data-e-type=\"section\">\n\t\t\t\t\t\t<div class=\"elementor-container elementor-column-gap-default\">\n\t\t\t\t\t<div class=\"elementor-column elementor-col-100 elementor-top-column elementor-element elementor-element-a470259\" data-id=\"a470259\" data-element_type=\"column\" data-e-type=\"column\">\n\t\t\t<div class=\"elementor-widget-wrap elementor-element-populated\">\n\t\t\t\t\t\t\t<\/div>\n\t\t<\/div>\n\t\t\t\t\t<\/div>\n\t\t<\/section>\n\t\t\t\t<\/div>","protected":false},"excerpt":{"rendered":"<p>SPORTY &amp; TR\u00c9NINK Jsme otev\u0159eni spolupr\u00e1ci se subjekty, organizacemi i jednotlivci, kte\u0159\u00ed p\u016fsob\u00ed v oblasti v\u011btrn\u00fdch a vodn\u00edch sport\u016f. Aktivn\u011b hled\u00e1me partnery pro spole\u010dn\u00e9 projekty, rozvoj sportovn\u00edho prost\u0159ed\u00ed i sd\u00edlen\u00ed zku\u0161enost\u00ed a z\u00e1zem\u00ed. Are\u00e1l na\u0161eho klubu poskytuje z\u00e1zem\u00ed pro jachta\u0159sk\u00e9 lodn\u00ed t\u0159\u00eddy, ale zejm\u00e9na pro dal\u0161\u00ed dynamicky se rozv\u00edjej\u00edc\u00ed sporty, jako jsou kitesurfing, wingfoiling, windsurfing&hellip;<\/p>","protected":false},"author":1,"featured_media":0,"parent":0,"menu_order":0,"comment_status":"closed","ping_status":"closed","template":"","meta":{"footnotes":""},"class_list":["post-4582","page","type-page","status-publish","hentry"],"_links":{"self":[{"href":"http:\/\/sailing-palava.com\/en\/wp-json\/wp\/v2\/pages\/4582","targetHints":{"allow":["GET"]}}],"collection":[{"href":"http:\/\/sailing-palava.com\/en\/wp-json\/wp\/v2\/pages"}],"about":[{"href":"http:\/\/sailing-palava.com\/en\/wp-json\/wp\/v2\/types\/page"}],"author":[{"embeddable":true,"href":"http:\/\/sailing-palava.com\/en\/wp-json\/wp\/v2\/users\/1"}],"replies":[{"embeddable":true,"href":"http:\/\/sailing-palava.com\/en\/wp-json\/wp\/v2\/comments?post=4582"}],"version-history":[{"count":23,"href":"http:\/\/sailing-palava.com\/en\/wp-json\/wp\/v2\/pages\/4582\/revisions"}],"predecessor-version":[{"id":4854,"href":"http:\/\/sailing-palava.com\/en\/wp-json\/wp\/v2\/pages\/4582\/revisions\/4854"}],"wp:attachment":[{"href":"http:\/\/sailing-palava.com\/en\/wp-json\/wp\/v2\/media?parent=4582"}],"curies":[{"name":"wp","href":"https:\/\/api.w.org\/{rel}","templated":true}]}}