{"id":4588,"date":"2026-02-15T17:32:52","date_gmt":"2026-02-15T16:32:52","guid":{"rendered":"https:\/\/sailing-palava.com\/?page_id=4588"},"modified":"2026-04-17T11:13:54","modified_gmt":"2026-04-17T09:13:54","slug":"zavody-akce","status":"publish","type":"page","link":"http:\/\/sailing-palava.com\/en\/zavody-akce\/","title":{"rendered":"RACES &amp; EVENTS"},"content":{"rendered":"<div data-elementor-type=\"wp-page\" data-elementor-id=\"4588\" class=\"elementor elementor-4588\">\n\t\t\t\t\t\t<section class=\"elementor-section elementor-top-section elementor-element elementor-element-4c39977 elementor-section-boxed elementor-section-height-default elementor-section-height-default\" data-id=\"4c39977\" data-element_type=\"section\" data-e-type=\"section\">\n\t\t\t\t\t\t<div class=\"elementor-container elementor-column-gap-default\">\n\t\t\t\t\t<div class=\"elementor-column elementor-col-100 elementor-top-column elementor-element elementor-element-e780cf8\" data-id=\"e780cf8\" data-element_type=\"column\" data-e-type=\"column\">\n\t\t\t<div class=\"elementor-widget-wrap elementor-element-populated\">\n\t\t\t\t\t\t<div class=\"elementor-element elementor-element-5a44071 elementor-widget__width-initial elementor-widget elementor-widget-text-editor\" data-id=\"5a44071\" data-element_type=\"widget\" data-e-type=\"widget\" data-widget_type=\"text-editor.default\">\n\t\t\t\t<div class=\"elementor-widget-container\">\n\t\t\t\t\t\t\t\t\t<h3><span style=\"color: #00ccff;\">Z\u00c1VODY &amp; AKCE<\/span><\/h3><p style=\"text-align: left;\">Sportovn\u00ed centrum Sailing P\u00e1lava je m\u00edstem kon\u00e1n\u00ed sportovn\u00edch z\u00e1vod\u016f, regat a sportovn\u00edch akc\u00ed region\u00e1ln\u00edho i celost\u00e1tn\u00edho v\u00fdznamu.<\/p><p style=\"font-weight: 400;\">Ve spolupr\u00e1ci s <a href=\"http:\/\/www.ycdyje.cz\">YC Dyje<\/a> zaji\u0161\u0165ujeme z\u00e1zem\u00ed a pod\u00edl\u00edme se na spoluorganizaci jachta\u0159sk\u00fdch z\u00e1vod\u016f nap\u0159\u00ed\u010d jachta\u0159sk\u00fdmi lodn\u00edmi t\u0159\u00eddami. Pro tyto \u00fa\u010dely vyu\u017e\u00edv\u00e1me oba are\u00e1ly, kter\u00e9 jsou b\u011bhem pl\u00e1novan\u00fdch z\u00e1vod\u016f propojeny koridorem \u2013 zp\u0159\u00edstupn\u011bnou cestou umo\u017e\u0148uj\u00edc\u00ed plynul\u00fd pohyb a vyu\u017e\u00edv\u00e1n\u00ed ve\u0161ker\u00e9ho z\u00e1zem\u00ed obou klub\u016f. D\u00edky tomuto propojen\u00ed vznik\u00e1 kapacitn\u011b siln\u00e9 a funk\u010dn\u00ed prost\u0159ed\u00ed, kter\u00e9 umo\u017e\u0148uje organizaci v\u011bt\u0161\u00edch z\u00e1vodn\u00edch podnik\u016f i kvalitn\u00ed servis pro z\u00e1vodn\u00edky a realiza\u010dn\u00ed t\u00fdmy.<\/p><h3 style=\"font-weight: 400;\"><strong>Aktu\u00e1ln\u011b pl\u00e1novan\u00e9 z\u00e1vody v roce 2026:<\/strong><\/h3><table border=\"0\" width=\"721\" cellspacing=\"0\" cellpadding=\"0\"><colgroup><col width=\"57\" \/><col width=\"71\" \/><col width=\"120\" \/><col width=\"473\" \/><\/colgroup><tbody><tr><td class=\"xl65\" width=\"57\" height=\"21\"><strong>CTL<\/strong><\/td><td class=\"xl65\" width=\"71\"><strong>Datum<\/strong><\/td><td class=\"xl65\" width=\"120\"><strong>N\u00e1zev<\/strong><\/td><td class=\"xl65\" width=\"473\"><strong>Lodn\u00ed t\u0159\u00eddy<\/strong><\/td><\/tr><tr><td class=\"xl66\" height=\"21\">262106<\/td><td class=\"xl66\">1.\u20133. 5.<\/td><td class=\"xl66\">Spring Cup<\/td><td class=\"xl66\">\u010cesk\u00fd poh\u00e1r: Fireball, RS700, RS Aero, RAC, Techno 293<\/td><\/tr><tr><td class=\"xl66\" height=\"21\">262109<\/td><td class=\"xl66\">8.\u201310. 5.<\/td><td class=\"xl66\">P\u00e1lavsk\u00e1 regata<\/td><td class=\"xl66\">\u010cesk\u00fd poh\u00e1r: ILCA 6, ILCA 7, Evropa, Finn<\/td><\/tr><tr><td class=\"xl66\" height=\"21\">262113<\/td><td class=\"xl66\">16.\u201317. 5.<\/td><td class=\"xl66\">V\u011bstonick\u00e1 Venu\u0161e<\/td><td class=\"xl66\">\u010cesk\u00fd poh\u00e1r: Techno 293, RAC, Slalom Funboard, Wing Foil Slalom<\/td><\/tr><tr><td class=\"xl66\" height=\"21\">262123<\/td><td class=\"xl66\">6.\u20137. 6.<\/td><td class=\"xl66\">Pavlovsk\u00e1 regata<\/td><td class=\"xl66\">\u010cesk\u00fd poh\u00e1r: Optimist, ILCA 4, ILCA 7, 29er, RS Tera, RS Feva, RS500, RS Vareo<\/td><\/tr><tr><td class=\"xl66\" height=\"21\">262157<\/td><td class=\"xl66\">5.\u20136. 9.<\/td><td class=\"xl66\">V\u00edtr z vinohrad\u016f<\/td><td class=\"xl66\">\u010cesk\u00fd poh\u00e1r: Techno 293, RAC, Slalom Funboard, Wing Foil Slalom<\/td><\/tr><tr><td class=\"xl66\" height=\"21\">262160<\/td><td class=\"xl66\">12.\u201313. 9.<\/td><td class=\"xl66\">Bobule regata<\/td><td class=\"xl66\">\u010cesk\u00fd poh\u00e1r: Optimist, ILCA 4, 29er<\/td><\/tr><tr><td class=\"xl66\" height=\"21\">262163<\/td><td class=\"xl66\">18.\u201320. 9.<\/td><td class=\"xl66\">Modr\u00fd hrozen<\/td><td class=\"xl66\">Mistrovstv\u00ed \u010cR: ILCA 6<\/td><\/tr><tr><td class=\"xl66\" height=\"21\">262166<\/td><td class=\"xl66\">26.\u201328. 9.<\/td><td class=\"xl66\">Bur\u010d\u00e1kov\u00e1 regata<\/td><td class=\"xl66\">Mistrovstv\u00ed \u010cR: ILCA 7, Evropa, Fireball, \u010cesk\u00fd poh\u00e1r: Cadet, 420, RS500, Finn<\/td><\/tr><\/tbody><\/table><h3>Dra\u010d\u00ed lod\u011b<\/h3><table border=\"0\" width=\"478\" cellspacing=\"0\" cellpadding=\"0\"><colgroup><col width=\"109\" \/><col width=\"113\" \/><col width=\"256\" \/><\/colgroup><tbody><tr><td class=\"xl68\" width=\"109\" height=\"21\"><strong>Datum<\/strong><\/td><td class=\"xl68\" width=\"113\"><strong>N\u00e1zev<\/strong><\/td><td class=\"xl68\" width=\"256\"><strong>Po\u0159adatel<\/strong><\/td><\/tr><tr><td class=\"xl65\" width=\"109\" height=\"21\">17.\u201318. 7. 2026<\/td><td class=\"xl66\" width=\"113\">P\u00e1lavsk\u00fd drak\u00a0<\/td><td class=\"xl67\" width=\"256\"><a href=\"http:\/\/zaki-sport.cz\/\">PETR ZAKOPAL \u2013\u00a0zaki-sport.cz\u00a0agency<\/a><\/td><\/tr><\/tbody><\/table>\t\t\t\t\t\t\t\t<\/div>\n\t\t\t\t<\/div>\n\t\t\t\t\t<\/div>\n\t\t<\/div>\n\t\t\t\t\t<\/div>\n\t\t<\/section>\n\t\t\t\t<section class=\"elementor-section elementor-top-section elementor-element elementor-element-1501c6c elementor-section-boxed elementor-section-height-default elementor-section-height-default\" data-id=\"1501c6c\" data-element_type=\"section\" data-e-type=\"section\">\n\t\t\t\t\t\t<div class=\"elementor-container elementor-column-gap-default\">\n\t\t\t\t\t<div class=\"elementor-column elementor-col-100 elementor-top-column elementor-element elementor-element-eddd7d2\" data-id=\"eddd7d2\" data-element_type=\"column\" data-e-type=\"column\">\n\t\t\t<div class=\"elementor-widget-wrap elementor-element-populated\">\n\t\t\t\t\t\t<div class=\"elementor-element elementor-element-3536cf9 elementor-widget elementor-widget-image\" data-id=\"3536cf9\" data-element_type=\"widget\" data-e-type=\"widget\" data-widget_type=\"image.default\">\n\t\t\t\t<div class=\"elementor-widget-container\">\n\t\t\t\t\t\t\t\t\t\t\t\t\t\t\t<img fetchpriority=\"high\" decoding=\"async\" width=\"1350\" height=\"600\" src=\"http:\/\/sailing-palava.com\/wp-content\/uploads\/2026\/02\/H7D0132-1350x600.jpg\" class=\"attachment-fitness-park-slider size-fitness-park-slider wp-image-4601\" alt=\"\" \/>\t\t\t\t\t\t\t\t\t\t\t\t\t\t\t<\/div>\n\t\t\t\t<\/div>\n\t\t\t\t\t<\/div>\n\t\t<\/div>\n\t\t\t\t\t<\/div>\n\t\t<\/section>\n\t\t\t\t<section class=\"elementor-section elementor-top-section elementor-element elementor-element-49eb485 elementor-section-boxed elementor-section-height-default elementor-section-height-default\" data-id=\"49eb485\" data-element_type=\"section\" data-e-type=\"section\">\n\t\t\t\t\t\t<div class=\"elementor-container elementor-column-gap-default\">\n\t\t\t\t\t<div class=\"elementor-column elementor-col-100 elementor-top-column elementor-element elementor-element-a470259\" data-id=\"a470259\" data-element_type=\"column\" data-e-type=\"column\">\n\t\t\t<div class=\"elementor-widget-wrap elementor-element-populated\">\n\t\t\t\t\t\t\t<\/div>\n\t\t<\/div>\n\t\t\t\t\t<\/div>\n\t\t<\/section>\n\t\t\t\t<\/div>","protected":false},"excerpt":{"rendered":"<p>Z\u00c1VODY &amp; AKCE Sportovn\u00ed centrum Sailing P\u00e1lava je m\u00edstem kon\u00e1n\u00ed sportovn\u00edch z\u00e1vod\u016f, regat a sportovn\u00edch akc\u00ed region\u00e1ln\u00edho i celost\u00e1tn\u00edho v\u00fdznamu. Ve spolupr\u00e1ci s YC Dyje zaji\u0161\u0165ujeme z\u00e1zem\u00ed a pod\u00edl\u00edme se na spoluorganizaci jachta\u0159sk\u00fdch z\u00e1vod\u016f nap\u0159\u00ed\u010d jachta\u0159sk\u00fdmi lodn\u00edmi t\u0159\u00eddami. Pro tyto \u00fa\u010dely vyu\u017e\u00edv\u00e1me oba are\u00e1ly, kter\u00e9 jsou b\u011bhem pl\u00e1novan\u00fdch z\u00e1vod\u016f propojeny koridorem \u2013 zp\u0159\u00edstupn\u011bnou cestou umo\u017e\u0148uj\u00edc\u00ed&hellip;<\/p>","protected":false},"author":1,"featured_media":0,"parent":0,"menu_order":0,"comment_status":"closed","ping_status":"closed","template":"","meta":{"footnotes":""},"class_list":["post-4588","page","type-page","status-publish","hentry"],"_links":{"self":[{"href":"http:\/\/sailing-palava.com\/en\/wp-json\/wp\/v2\/pages\/4588","targetHints":{"allow":["GET"]}}],"collection":[{"href":"http:\/\/sailing-palava.com\/en\/wp-json\/wp\/v2\/pages"}],"about":[{"href":"http:\/\/sailing-palava.com\/en\/wp-json\/wp\/v2\/types\/page"}],"author":[{"embeddable":true,"href":"http:\/\/sailing-palava.com\/en\/wp-json\/wp\/v2\/users\/1"}],"replies":[{"embeddable":true,"href":"http:\/\/sailing-palava.com\/en\/wp-json\/wp\/v2\/comments?post=4588"}],"version-history":[{"count":28,"href":"http:\/\/sailing-palava.com\/en\/wp-json\/wp\/v2\/pages\/4588\/revisions"}],"predecessor-version":[{"id":4919,"href":"http:\/\/sailing-palava.com\/en\/wp-json\/wp\/v2\/pages\/4588\/revisions\/4919"}],"wp:attachment":[{"href":"http:\/\/sailing-palava.com\/en\/wp-json\/wp\/v2\/media?parent=4588"}],"curies":[{"name":"wp","href":"https:\/\/api.w.org\/{rel}","templated":true}]}}