{"id":4599,"date":"2026-02-15T17:32:37","date_gmt":"2026-02-15T16:32:37","guid":{"rendered":"https:\/\/sailing-palava.com\/?page_id=4599"},"modified":"2026-04-25T00:34:31","modified_gmt":"2026-04-24T22:34:31","slug":"o-arealu-2","status":"publish","type":"page","link":"http:\/\/sailing-palava.com\/en\/o-arealu-2\/","title":{"rendered":"ABOUT THE AREA"},"content":{"rendered":"<div data-elementor-type=\"wp-page\" data-elementor-id=\"4599\" class=\"elementor elementor-4599\">\n\t\t\t\t\t\t<section class=\"elementor-section elementor-top-section elementor-element elementor-element-4c39977 elementor-section-boxed elementor-section-height-default elementor-section-height-default\" data-id=\"4c39977\" data-element_type=\"section\" data-e-type=\"section\">\n\t\t\t\t\t\t<div class=\"elementor-container elementor-column-gap-default\">\n\t\t\t\t\t<div class=\"elementor-column elementor-col-100 elementor-top-column elementor-element elementor-element-e780cf8\" data-id=\"e780cf8\" data-element_type=\"column\" data-e-type=\"column\">\n\t\t\t<div class=\"elementor-widget-wrap elementor-element-populated\">\n\t\t\t\t\t\t<div class=\"elementor-element elementor-element-5a44071 elementor-widget__width-initial elementor-widget elementor-widget-text-editor\" data-id=\"5a44071\" data-element_type=\"widget\" data-e-type=\"widget\" data-widget_type=\"text-editor.default\">\n\t\t\t\t<div class=\"elementor-widget-container\">\n\t\t\t\t\t\t\t\t\t<h3><span style=\"color: #00ccff;\">ABOUT THE AREA<\/span><\/h3><p style=\"text-align: left;\">The Sailing P\u00e1lava Sports Centre is located in the village of Pavlov on the Nov\u00e9 Ml\u00fdny reservoirs and builds upon the long tradition of water sports in this area. The main purpose of the complex is to create quality facilities for training, sports preparation, and event organisation.<\/p><h3 style=\"text-align: left;\"><span lang=\"EN-US\" style=\"color: #00ccff;\">Are\u00e1l je otev\u0159en. T\u011b\u0161\u00edme se na v\u00e1s v sezon\u011b 2026!<\/span><\/h3><p><a href=\"https:\/\/sailing-palava.recepce-online.cz\/\"><img decoding=\"async\" class=\"alignnone wp-image-4817 size-medium\" src=\"http:\/\/sailing-palava.com\/wp-content\/uploads\/2026\/04\/Rezervace-ubytovani-300x150.jpg\" alt=\"\" width=\"300\" height=\"150\" srcset=\"http:\/\/sailing-palava.com\/wp-content\/uploads\/2026\/04\/Rezervace-ubytovani-300x150.jpg 300w, http:\/\/sailing-palava.com\/wp-content\/uploads\/2026\/04\/Rezervace-ubytovani-100x50.jpg 100w, http:\/\/sailing-palava.com\/wp-content\/uploads\/2026\/04\/Rezervace-ubytovani.jpg 591w\" sizes=\"(max-width: 300px) 100vw, 300px\" \/><\/a><\/p>\t\t\t\t\t\t\t\t<\/div>\n\t\t\t\t<\/div>\n\t\t\t\t\t<\/div>\n\t\t<\/div>\n\t\t\t\t\t<\/div>\n\t\t<\/section>\n\t\t\t\t<section class=\"elementor-section elementor-top-section elementor-element elementor-element-1501c6c elementor-section-boxed elementor-section-height-default elementor-section-height-default\" data-id=\"1501c6c\" data-element_type=\"section\" data-e-type=\"section\">\n\t\t\t\t\t\t<div class=\"elementor-container elementor-column-gap-default\">\n\t\t\t\t\t<div class=\"elementor-column elementor-col-100 elementor-top-column elementor-element elementor-element-eddd7d2\" data-id=\"eddd7d2\" data-element_type=\"column\" data-e-type=\"column\">\n\t\t\t<div class=\"elementor-widget-wrap elementor-element-populated\">\n\t\t\t\t\t\t<div class=\"elementor-element elementor-element-3536cf9 elementor-widget elementor-widget-image\" data-id=\"3536cf9\" data-element_type=\"widget\" data-e-type=\"widget\" data-widget_type=\"image.default\">\n\t\t\t\t<div class=\"elementor-widget-container\">\n\t\t\t\t\t\t\t\t\t\t\t\t\t\t\t<img fetchpriority=\"high\" decoding=\"async\" width=\"1350\" height=\"600\" src=\"http:\/\/sailing-palava.com\/wp-content\/uploads\/2026\/02\/DJI_0192-1350x600.jpg\" class=\"attachment-fitness-park-slider size-fitness-park-slider wp-image-4610\" alt=\"\" \/>\t\t\t\t\t\t\t\t\t\t\t\t\t\t\t<\/div>\n\t\t\t\t<\/div>\n\t\t\t\t\t<\/div>\n\t\t<\/div>\n\t\t\t\t\t<\/div>\n\t\t<\/section>\n\t\t\t\t<section class=\"elementor-section elementor-top-section elementor-element elementor-element-49eb485 elementor-section-boxed elementor-section-height-default elementor-section-height-default\" data-id=\"49eb485\" data-element_type=\"section\" data-e-type=\"section\">\n\t\t\t\t\t\t<div class=\"elementor-container elementor-column-gap-default\">\n\t\t\t\t\t<div class=\"elementor-column elementor-col-100 elementor-top-column elementor-element elementor-element-a470259\" data-id=\"a470259\" data-element_type=\"column\" data-e-type=\"column\">\n\t\t\t<div class=\"elementor-widget-wrap elementor-element-populated\">\n\t\t\t\t\t\t\t<\/div>\n\t\t<\/div>\n\t\t\t\t\t<\/div>\n\t\t<\/section>\n\t\t\t\t<\/div>","protected":false},"excerpt":{"rendered":"<p>O ARE\u00c1LU Sportovn\u00ed centrum Sailing P\u00e1lava se nach\u00e1z\u00ed v obci Pavlov na Novoml\u00fdnsk\u00fdch n\u00e1dr\u017e\u00edch a navazuje na dlouholetou tradici vodn\u00edch sport\u016f v t\u00e9to lokalit\u011b. Hlavn\u00edm \u00fa\u010delem are\u00e1lu je vytvo\u0159en\u00ed kvalitn\u00edho z\u00e1zem\u00ed pro tr\u00e9nink, sportovn\u00ed p\u0159\u00edpravu a po\u0159\u00e1d\u00e1n\u00ed z\u00e1vod\u016f. Are\u00e1l je otev\u0159en. T\u011b\u0161\u00edme se na v\u00e1s v sezon\u011b 2026!<\/p>","protected":false},"author":1,"featured_media":0,"parent":0,"menu_order":0,"comment_status":"closed","ping_status":"closed","template":"","meta":{"footnotes":""},"class_list":["post-4599","page","type-page","status-publish","hentry"],"_links":{"self":[{"href":"http:\/\/sailing-palava.com\/en\/wp-json\/wp\/v2\/pages\/4599","targetHints":{"allow":["GET"]}}],"collection":[{"href":"http:\/\/sailing-palava.com\/en\/wp-json\/wp\/v2\/pages"}],"about":[{"href":"http:\/\/sailing-palava.com\/en\/wp-json\/wp\/v2\/types\/page"}],"author":[{"embeddable":true,"href":"http:\/\/sailing-palava.com\/en\/wp-json\/wp\/v2\/users\/1"}],"replies":[{"embeddable":true,"href":"http:\/\/sailing-palava.com\/en\/wp-json\/wp\/v2\/comments?post=4599"}],"version-history":[{"count":12,"href":"http:\/\/sailing-palava.com\/en\/wp-json\/wp\/v2\/pages\/4599\/revisions"}],"predecessor-version":[{"id":4939,"href":"http:\/\/sailing-palava.com\/en\/wp-json\/wp\/v2\/pages\/4599\/revisions\/4939"}],"wp:attachment":[{"href":"http:\/\/sailing-palava.com\/en\/wp-json\/wp\/v2\/media?parent=4599"}],"curies":[{"name":"wp","href":"https:\/\/api.w.org\/{rel}","templated":true}]}}