{"id":4624,"date":"2026-02-15T17:38:46","date_gmt":"2026-02-15T16:38:46","guid":{"rendered":"https:\/\/sailing-palava.com\/?page_id=4624"},"modified":"2026-04-17T14:06:14","modified_gmt":"2026-04-17T12:06:14","slug":"cenik","status":"publish","type":"page","link":"http:\/\/sailing-palava.com\/en\/cenik\/","title":{"rendered":"PRICE LIST"},"content":{"rendered":"<div data-elementor-type=\"wp-page\" data-elementor-id=\"4624\" class=\"elementor elementor-4624\">\n\t\t\t\t\t\t<section class=\"elementor-section elementor-top-section elementor-element elementor-element-4c39977 elementor-section-boxed elementor-section-height-default elementor-section-height-default\" data-id=\"4c39977\" data-element_type=\"section\" data-e-type=\"section\">\n\t\t\t\t\t\t<div class=\"elementor-container elementor-column-gap-default\">\n\t\t\t\t\t<div class=\"elementor-column elementor-col-100 elementor-top-column elementor-element elementor-element-e780cf8\" data-id=\"e780cf8\" data-element_type=\"column\" data-e-type=\"column\">\n\t\t\t<div class=\"elementor-widget-wrap elementor-element-populated\">\n\t\t\t\t\t\t<div class=\"elementor-element elementor-element-5a44071 elementor-widget__width-initial elementor-widget elementor-widget-text-editor\" data-id=\"5a44071\" data-element_type=\"widget\" data-e-type=\"widget\" data-widget_type=\"text-editor.default\">\n\t\t\t\t<div class=\"elementor-widget-container\">\n\t\t\t\t\t\t\t\t\t<h2 style=\"text-align: left;\"><span style=\"color: #00ccff;\">PRICE LIST<\/span><\/h2><h3 style=\"text-align: left;\"><span style=\"color: #808080;\"><strong><span lang=\"EN-US\">SPORTOVN\u00cd CENTRUM SAILING P\u00c1LAVA<\/span><\/strong><\/span><\/h3><div><p style=\"font-weight: 400;\"><em>Platnost od 11. 4. 2026. Ceny v\u010detn\u011b DPH.<\/em><\/p><\/div><div><a href=\"https:\/\/sailing-palava.recepce-online.cz\/\"><img decoding=\"async\" class=\"alignleft wp-image-4817 size-medium\" src=\"http:\/\/sailing-palava.com\/wp-content\/uploads\/2026\/04\/Rezervace-ubytovani-300x150.jpg\" alt=\"\" width=\"300\" height=\"150\" srcset=\"http:\/\/sailing-palava.com\/wp-content\/uploads\/2026\/04\/Rezervace-ubytovani-300x150.jpg 300w, http:\/\/sailing-palava.com\/wp-content\/uploads\/2026\/04\/Rezervace-ubytovani-100x50.jpg 100w, http:\/\/sailing-palava.com\/wp-content\/uploads\/2026\/04\/Rezervace-ubytovani.jpg 591w\" sizes=\"(max-width: 300px) 100vw, 300px\" \/><\/a><\/div><div><h3>\u00a0<\/h3><h3 style=\"text-align: left;\"><span style=\"color: #00ccff;\">DENN\u00cd VSTUP 8\u201320 HODIN<\/span><\/h3><p style=\"font-weight: 400;\"><span style=\"color: #808080;\">Dosp\u011bl\u00fd: 120 K\u010d<\/span><br \/><span style=\"color: #808080;\">D\u00edt\u011b (7\u201314 let): 70 K\u010d<\/span><br \/><span style=\"color: #808080;\">D\u00edt\u011b do 6 let\/ZTP\/ZTP+P: zdarma<\/span><\/p><\/div><div><h3><span lang=\"EN-US\" style=\"color: #00ccff;\">PARKOV\u00c1N\u00cd (den)<\/span><\/h3><div><div><div><span lang=\"EN-US\">Osobn\u00ed auto: <\/span>100 K\u010d<\/div><\/div><div><div><div><span lang=\"EN-US\">Karavan\/obytn\u00e9 vozidlo do 6 m: <\/span>200 K\u010d<\/div><div><span lang=\"EN-US\">Karavan\/obytn\u00e9 vozidlo do 6\u20138 m: 3<\/span>00 K\u010d<\/div><div><span lang=\"EN-US\">Karavan\/obytn\u00e9 vozidlo nad 8 m: 4<\/span>00 K\u010d<\/div><\/div><div><div><div><div><span lang=\"EN-US\">Motocykl: 50 K\u010d\u00a0<\/span><\/div><\/div><\/div><div><h3><span lang=\"EN-US\" style=\"color: #00ccff;\">PARKOV\u00c1N\u00cd (den + noc)<\/span><\/h3><div><div><div><span lang=\"EN-US\">Osobn\u00ed auto: 2<\/span>00 K\u010d<\/div><\/div><div><div><div><span lang=\"EN-US\">Karavan\/obytn\u00e9 vozidlo do 6 m: 3<\/span>00 K\u010d<\/div><div><span lang=\"EN-US\">Karavan\/obytn\u00e9 vozidlo do 6\u20138 m: 4<\/span>00 K\u010d<\/div><div><span lang=\"EN-US\">Karavan\/obytn\u00e9 vozidlo nad 8 m: 5<\/span>00 K\u010d<\/div><\/div><div><div><div><div><span lang=\"EN-US\">Motocykl: 80 K\u010d\u00a0<\/span><\/div><div>\u00a0<\/div><\/div><\/div><div><div><span lang=\"EN-US\">Parkov\u00e1n\u00ed p\u0159ed are\u00e1lem je pro n\u00e1v\u0161t\u011bvn\u00edky are\u00e1lu zdarma, plat\u00ed zde z\u00e1kaz parkov\u00e1n\u00ed obytn\u00fdch vozidel a karavan\u016f.<\/span><\/div><\/div><\/div><\/div><\/div><\/div><\/div><\/div><\/div><\/div><div><div><div><h3><span style=\"color: #00ccff;\">UBYTOV\u00c1N\u00cd (noc)<\/span><\/h3><\/div><\/div><\/div><div><div><span lang=\"EN-US\">Dosp\u011bl\u00fd: 220 K\u010d<\/span><\/div><\/div><div><div><span lang=\"EN-US\">D\u00edt\u011b (7\u201314 let): 130 K\u010d<\/span><\/div><div><div><span lang=\"EN-US\">Stan velk\u00fd: 220 K\u010d<\/span><\/div><div><span lang=\"EN-US\">Stan mal\u00fd: 120 K\u010d<\/span>\u00a0\u00a0<\/div><div><div><h3><span style=\"color: #00ccff;\">RFID SLU\u017dBY<\/span><\/h3><\/div><div><div><span lang=\"EN-US\">1 impuls: 20 K\u010d<\/span><\/div><div><div><span lang=\"EN-US\">Sprcha: 3 min<\/span><\/div><div><div><span lang=\"EN-US\">D\u0159ez: 2 min<\/span><\/div><div>Elekt\u0159ina: 2 kWh<\/div><div><div><div><span lang=\"EN-US\">Z\u00e1loha na \u010dip: 100 K\u010d (vratn\u00e1)<\/span><\/div><h3><span style=\"color: #00ccff;\">RO\u010cN\u00cd DENN\u00cd VSTUPY (8\u201322 hodin)<\/span><\/h3><\/div><\/div><\/div><\/div><\/div><div><div><span lang=\"EN-US\"><span lang=\"EN-US\">Dosp\u011bl\u00fd + vozidlo do 6 m<\/span><\/span><span lang=\"EN-US\">: 4 000 K\u010d\/rok<\/span><\/div><div><span lang=\"EN-US\">Dosp\u011bl\u00fd + vozidlo nad 6 m<\/span><span lang=\"EN-US\">: 6 000 K\u010d\/rok<\/span><\/div><div><div><span lang=\"EN-US\">D\u00edt\u011b (7\u201314 let): 1 500 K\u010d\/rok<\/span><\/div><\/div><div><div><p class=\"p1\"><span class=\"s1\">Ro\u010dn\u00ed vstup zahrnuje parkov\u00e1n\u00ed 1 vozidla dle obsazenosti. Parkov\u00e1n\u00ed v are\u00e1lu nen\u00ed garantov\u00e1no a m\u016f\u017ee b\u00fdt omezeno ve prosp\u011bch ubytovan\u00fdch host\u016f. <\/span><span class=\"s1\">Doplatek za osobu\/noc 200 K\u010d.<\/span><\/p><\/div><\/div><div><h3><span lang=\"EN-US\" style=\"color: #00ccff;\">DAL\u0160\u00cd<\/span><\/h3><p><span class=\"s1\">Pes: zdarma<\/span><\/p><div><div><div><h3><span lang=\"EN-US\" style=\"color: #00ccff;\">REZERVACE<\/span><\/h3><\/div><\/div><\/div><div><div><p class=\"p1\"><span class=\"s1\">Rezervuj online a p\u0159ijede\u0161 rovnou dovnit\u0159. QR k\u00f3d + registrovan\u00e1 SPZ t\u011b pust\u00ed bez \u010dek\u00e1n\u00ed.<\/span> <span class=\"s1\">Bez rezervace se zastav na recepci nebo si ji ud\u011blej online na m\u00edst\u011b.<\/span> <span class=\"s1\">Vstup do are\u00e1lu je mo\u017en\u00fd pouze s platnou rezervac\u00ed nebo zaplacen\u00fdm vstupem.<\/span> <span class=\"s1\">Kapacitu are\u00e1lu \u0159\u00edd\u00edme podle aktu\u00e1ln\u00ed obsazenosti.<\/span><\/p><\/div><\/div><h3><span lang=\"EN-US\" style=\"color: #00ccff;\">INFORMACE<\/span><\/h3><\/div><div>Check-in: 14:00<\/div><div>Check-out: 11:00<\/div><div>Poplatek obci Pavlov: 30 K\u010d\/osoba\/noc<\/div><div>Provoz recepce: 8\u201320 hodin<\/div><\/div><\/div><div><p>V\u0161ichni ubytovan\u00ed v \u010d\u00e1sti are\u00e1lu TJ Sailing P\u00e1lava se mus\u00ed zaregistrovat na nov\u00e9 recepci TJ Sailing P\u00e1lava. Recepce se nach\u00e1z\u00ed p\u0159\u00edmo v are\u00e1lu. P\u0159i p\u0159\u00edjezdu ji najdete vlevo, sledujte zna\u010den\u00ed. Rovn\u011b\u017e na t\u00e9to recepci je mo\u017en\u00e9 zakoupit \u017eetony na teplou vodu pro sprchov\u00e1n\u00ed ve spole\u010dn\u00fdch soci\u00e1ln\u00edch za\u0159\u00edzen\u00edch.<\/p><\/div><div><div><p style=\"font-weight: 400;\">V dob\u011b kon\u00e1n\u00ed z\u00e1vod\u016f funguje are\u00e1l v re\u017eimu zv\u00fd\u0161en\u00e9 kapacity. Ubytovac\u00ed m\u00edsta jsou organizov\u00e1na flexibiln\u011b, proto se jejich velikost i um\u00edst\u011bn\u00ed m\u016f\u017ee li\u0161it podle aktu\u00e1ln\u00ed obsazenosti. D\u011bkujeme za pochopen\u00ed a respektov\u00e1n\u00ed pokyn\u016f t\u00fdmu SCSP.<\/p><\/div><\/div><\/div><\/div><div><h3><span style=\"color: #00ccff;\">PR\u00c1VN\u00cd UPOZORN\u011aN\u00cd<\/span><\/h3><p style=\"font-weight: 400;\">Provozovatel si vyhrazuje pr\u00e1vo zm\u011bny cen a podm\u00ednek. Vstupem do are\u00e1lu n\u00e1v\u0161t\u011bvn\u00edk souhlas\u00ed s provozn\u00edm a n\u00e1v\u0161t\u011bvn\u00edm \u0159\u00e1dem. Parkov\u00e1n\u00ed zdarma p\u0159ed are\u00e1lem plat\u00ed pouze po dobu n\u00e1v\u0161t\u011bvy are\u00e1lu. Provozovatel neodpov\u00edd\u00e1 za \u0161kody na majetku ani zdrav\u00ed, pokud nevznikly jeho zavin\u011bn\u00edm.<\/p><\/div><p style=\"font-weight: 400;\">\u00a0<\/p>\t\t\t\t\t\t\t\t<\/div>\n\t\t\t\t<\/div>\n\t\t\t\t\t<\/div>\n\t\t<\/div>\n\t\t\t\t\t<\/div>\n\t\t<\/section>\n\t\t\t\t<section class=\"elementor-section elementor-top-section elementor-element elementor-element-1501c6c elementor-section-boxed elementor-section-height-default elementor-section-height-default\" data-id=\"1501c6c\" data-element_type=\"section\" data-e-type=\"section\">\n\t\t\t\t\t\t<div class=\"elementor-container elementor-column-gap-default\">\n\t\t\t\t\t<div class=\"elementor-column elementor-col-100 elementor-top-column elementor-element elementor-element-eddd7d2\" data-id=\"eddd7d2\" data-element_type=\"column\" data-e-type=\"column\">\n\t\t\t<div class=\"elementor-widget-wrap elementor-element-populated\">\n\t\t\t\t\t\t\t<\/div>\n\t\t<\/div>\n\t\t\t\t\t<\/div>\n\t\t<\/section>\n\t\t\t\t<section class=\"elementor-section elementor-top-section elementor-element elementor-element-49eb485 elementor-section-boxed elementor-section-height-default elementor-section-height-default\" data-id=\"49eb485\" data-element_type=\"section\" data-e-type=\"section\">\n\t\t\t\t\t\t<div class=\"elementor-container elementor-column-gap-default\">\n\t\t\t\t\t<div class=\"elementor-column elementor-col-100 elementor-top-column elementor-element elementor-element-a470259\" data-id=\"a470259\" data-element_type=\"column\" data-e-type=\"column\">\n\t\t\t<div class=\"elementor-widget-wrap elementor-element-populated\">\n\t\t\t\t\t\t\t<\/div>\n\t\t<\/div>\n\t\t\t\t\t<\/div>\n\t\t<\/section>\n\t\t\t\t<\/div>","protected":false},"excerpt":{"rendered":"<p>CEN\u00cdK SPORTOVN\u00cd CENTRUM SAILING P\u00c1LAVA Platnost od 11. 4. 2026. Ceny v\u010detn\u011b DPH. \u00a0 DENN\u00cd VSTUP 8\u201320 HODIN Dosp\u011bl\u00fd: 120 K\u010dD\u00edt\u011b (7\u201314 let): 70 K\u010dD\u00edt\u011b do 6 let\/ZTP\/ZTP+P: zdarma PARKOV\u00c1N\u00cd (den) Osobn\u00ed auto: 100 K\u010dKaravan\/obytn\u00e9 vozidlo do 6 m: 200 K\u010dKaravan\/obytn\u00e9 vozidlo do 6\u20138 m: 300 K\u010dKaravan\/obytn\u00e9 vozidlo nad 8 m: 400 K\u010dMotocykl: 50 K\u010d\u00a0&hellip;<\/p>","protected":false},"author":1,"featured_media":0,"parent":0,"menu_order":0,"comment_status":"closed","ping_status":"closed","template":"","meta":{"footnotes":""},"class_list":["post-4624","page","type-page","status-publish","hentry"],"_links":{"self":[{"href":"http:\/\/sailing-palava.com\/en\/wp-json\/wp\/v2\/pages\/4624","targetHints":{"allow":["GET"]}}],"collection":[{"href":"http:\/\/sailing-palava.com\/en\/wp-json\/wp\/v2\/pages"}],"about":[{"href":"http:\/\/sailing-palava.com\/en\/wp-json\/wp\/v2\/types\/page"}],"author":[{"embeddable":true,"href":"http:\/\/sailing-palava.com\/en\/wp-json\/wp\/v2\/users\/1"}],"replies":[{"embeddable":true,"href":"http:\/\/sailing-palava.com\/en\/wp-json\/wp\/v2\/comments?post=4624"}],"version-history":[{"count":34,"href":"http:\/\/sailing-palava.com\/en\/wp-json\/wp\/v2\/pages\/4624\/revisions"}],"predecessor-version":[{"id":4931,"href":"http:\/\/sailing-palava.com\/en\/wp-json\/wp\/v2\/pages\/4624\/revisions\/4931"}],"wp:attachment":[{"href":"http:\/\/sailing-palava.com\/en\/wp-json\/wp\/v2\/media?parent=4624"}],"curies":[{"name":"wp","href":"https:\/\/api.w.org\/{rel}","templated":true}]}}