{"id":4768,"date":"2026-04-14T11:06:29","date_gmt":"2026-04-14T09:06:29","guid":{"rendered":"https:\/\/sailing-palava.com\/?page_id=4768"},"modified":"2026-04-17T14:02:27","modified_gmt":"2026-04-17T12:02:27","slug":"kontakt","status":"publish","type":"page","link":"http:\/\/sailing-palava.com\/en\/kontakt\/","title":{"rendered":"Contact"},"content":{"rendered":"<div data-elementor-type=\"wp-page\" data-elementor-id=\"4768\" class=\"elementor elementor-4768\">\n\t\t\t\t\t\t<section class=\"elementor-section elementor-top-section elementor-element elementor-element-028b9aa elementor-section-boxed elementor-section-height-default elementor-section-height-default\" data-id=\"028b9aa\" data-element_type=\"section\" data-e-type=\"section\">\n\t\t\t\t\t\t<div class=\"elementor-container elementor-column-gap-default\">\n\t\t\t\t\t<div class=\"elementor-column elementor-col-100 elementor-top-column elementor-element elementor-element-0535af2\" data-id=\"0535af2\" data-element_type=\"column\" data-e-type=\"column\">\n\t\t\t<div class=\"elementor-widget-wrap elementor-element-populated\">\n\t\t\t\t\t\t<div class=\"elementor-element elementor-element-5ddecda elementor-widget elementor-widget-text-editor\" data-id=\"5ddecda\" data-element_type=\"widget\" data-e-type=\"widget\" data-widget_type=\"text-editor.default\">\n\t\t\t\t<div class=\"elementor-widget-container\">\n\t\t\t\t\t\t\t\t\t<p><span style=\"color: #000000;\"><strong>Sportovn\u00ed Centrum Sailing P\u00e1lava &#8211; recepce: <br \/><\/strong><\/span>23. dubna 308, 692 01 Pavlov<br \/>E-mail: <span dir=\"ltr\"><a href=\"mailto:recepce@sailing-palava.com\">recepce@sailing-palava.com<\/a><br \/>Tel.: +420 775 786 918\u00a0<\/span><\/p>\n<p>Recepce se nach\u00e1z\u00ed p\u0159\u00edmo v are\u00e1lu (cca 50 m od uveden\u00e9 adresy). P\u0159i p\u0159\u00edjezdu ji najdete vlevo, sledujte zna\u010den\u00ed.<\/p>\n<p>V\u0161ichni ubytovan\u00ed v \u010d\u00e1sti are\u00e1lu TJ Sailing P\u00e1lava se mus\u00ed zaregistrovat na nov\u00e9 recepci TJ Sailing P\u00e1lava. Rovn\u011b\u017e na t\u00e9to recepci je mo\u017en\u00e9 zakoupit \u017eetony na teplou vodu pro sprchov\u00e1n\u00ed ve spole\u010dn\u00fdch soci\u00e1ln\u00edch za\u0159\u00edzen\u00edch.<br \/><br \/><\/p>\n<div><span style=\"color: #000000;\"><strong>Sekretari\u00e1t:<\/strong><\/span><\/div>\n<div>\n<p>Mgr. Irena \u0160ev\u010d\u00edkov\u00e1<br \/>E-mail: <a href=\"mailto:sekretariat@sailing-palava.com\">sekretariat@sailing-palava.com<\/a><br \/><br \/><\/p>\n<\/div>\n<p><strong style=\"color: #000000; font-family: var( --e-global-typography-text-font-family ), Sans-serif;\">S\u00eddlo spole\u010dnosti:<\/strong><\/p>\n<p>Na P\u011b\u0161ince 226, 252 29 Lety \u00a0 \u00a0 \u00a0 \u00a0 <br \/><strong>E-mail:<\/strong> <a href=\"mailto:info@sailing-palava.com\">info@sailing-palava.com<\/a><br \/>I\u010c: 27049256<br \/>DI\u010c: CZ27049256<\/p>\n<div>\u00a0<\/div>\n<p><!-- \/wp:paragraph --><\/p>\n<p><!-- wp:html --><\/p>\n<figure><iframe style=\"border: 0;\" src=\"https:\/\/www.google.com\/maps\/embed?pb=!1m18!1m12!1m3!1d3003.167637399754!2d16.674944812230958!3d48.87864689916098!2m3!1f0!2f0!3f0!3m2!1i1024!2i768!4f13.1!3m3!1m2!1s0x4712cdda0a92bf5b%3A0x61183fe51154d4ba!2s23.%20dubna%20308%2F308%2C%20692%2001%20Pavlov-Mikulov%20na%20Morav%C4%9B!5e1!3m2!1scs!2scz!4v1776247052512!5m2!1scs!2scz\" width=\"600\" height=\"450\" allowfullscreen=\"allowfullscreen\"><\/iframe><\/figure>\n<p><!-- \/wp:html --><\/p>\n<p><!-- wp:separator {\"opacity\":\"css\"} --><\/p>\n<p>\u00a0<\/p>\n<p><!-- \/wp:shortcode --><\/p>\n<p><!-- wp:paragraph --><\/p>\n<p>\u00a0<\/p>\n<p><!-- \/wp:paragraph --><\/p>\t\t\t\t\t\t\t\t<\/div>\n\t\t\t\t<\/div>\n\t\t\t\t\t<\/div>\n\t\t<\/div>\n\t\t\t\t\t<\/div>\n\t\t<\/section>\n\t\t\t\t<section class=\"elementor-section elementor-top-section elementor-element elementor-element-6c5c76b6 elementor-section-boxed elementor-section-height-default elementor-section-height-default\" data-id=\"6c5c76b6\" data-element_type=\"section\" data-e-type=\"section\">\n\t\t\t\t\t\t<div class=\"elementor-container elementor-column-gap-default\">\n\t\t\t\t\t<div class=\"elementor-column elementor-col-100 elementor-top-column elementor-element elementor-element-343843a2\" data-id=\"343843a2\" data-element_type=\"column\" data-e-type=\"column\">\n\t\t\t<div class=\"elementor-widget-wrap elementor-element-populated\">\n\t\t\t\t\t\t<div class=\"elementor-element elementor-element-10f01982 elementor-widget elementor-widget-text-editor\" data-id=\"10f01982\" data-element_type=\"widget\" data-e-type=\"widget\" data-widget_type=\"text-editor.default\">\n\t\t\t\t<div class=\"elementor-widget-container\">\n\t\t\t\t\t\t\t\t\t<p>\u00a0<\/p>\n<p><!-- \/wp:html --><!-- wp:separator {\"opacity\":\"css\"} --><\/p>\n<hr class=\"wp-block-separator has-css-opacity\" \/>\n<p><!-- \/wp:separator --><!-- wp:shortcode --><\/p>\n<p>\n<div class=\"wpcf7 no-js\" id=\"wpcf7-f1713-o1\" lang=\"cs-CZ\" dir=\"ltr\" data-wpcf7-id=\"1713\">\n<div class=\"screen-reader-response\"><p role=\"status\" aria-live=\"polite\" aria-atomic=\"true\"><\/p> <ul><\/ul><\/div>\n<form action=\"\/en\/wp-json\/wp\/v2\/pages\/4768#wpcf7-f1713-o1\" method=\"post\" class=\"wpcf7-form init\" aria-label=\"Kontaktn\u00ed formul\u00e1\u0159\" novalidate=\"novalidate\" data-status=\"init\" data-trp-original-action=\"\/en\/wp-json\/wp\/v2\/pages\/4768#wpcf7-f1713-o1\">\n<fieldset class=\"hidden-fields-container\"><input type=\"hidden\" name=\"_wpcf7\" value=\"1713\" \/><input type=\"hidden\" name=\"_wpcf7_version\" value=\"6.1.5\" \/><input type=\"hidden\" name=\"_wpcf7_locale\" value=\"cs_CZ\" \/><input type=\"hidden\" name=\"_wpcf7_unit_tag\" value=\"wpcf7-f1713-o1\" \/><input type=\"hidden\" name=\"_wpcf7_container_post\" value=\"0\" \/><input type=\"hidden\" name=\"_wpcf7_posted_data_hash\" value=\"\" \/>\n<\/fieldset>\n<p><label> Va\u0161e jm\u00e9no (vy\u017eadov\u00e1no)<br \/>\n<span class=\"wpcf7-form-control-wrap\" data-name=\"your-name\"><input size=\"40\" maxlength=\"400\" class=\"wpcf7-form-control wpcf7-text wpcf7-validates-as-required\" aria-required=\"true\" aria-invalid=\"false\" value=\"\" type=\"text\" name=\"your-name\" \/><\/span> <\/label>\n<\/p>\n<p><label> V\u00e1\u0161 e-mail (vy\u017eadov\u00e1no)<br \/>\n<span class=\"wpcf7-form-control-wrap\" data-name=\"your-email\"><input size=\"40\" maxlength=\"400\" class=\"wpcf7-form-control wpcf7-email wpcf7-validates-as-required wpcf7-text wpcf7-validates-as-email\" aria-required=\"true\" aria-invalid=\"false\" value=\"\" type=\"email\" name=\"your-email\" \/><\/span> <\/label>\n<\/p>\n<p><label> P\u0159edm\u011bt<br \/>\n<span class=\"wpcf7-form-control-wrap\" data-name=\"your-subject\"><input size=\"40\" maxlength=\"400\" class=\"wpcf7-form-control wpcf7-text\" aria-invalid=\"false\" value=\"\" type=\"text\" name=\"your-subject\" \/><\/span> <\/label>\n<\/p>\n<p><label> Va\u0161e zpr\u00e1va<br \/>\n<span class=\"wpcf7-form-control-wrap\" data-name=\"your-message\"><textarea cols=\"40\" rows=\"10\" maxlength=\"2000\" class=\"wpcf7-form-control wpcf7-textarea\" aria-invalid=\"false\" name=\"your-message\"><\/textarea><\/span> <\/label>\n<\/p>\n<p><input class=\"wpcf7-form-control wpcf7-submit has-spinner\" type=\"submit\" value=\"Odeslat\" \/>\n<\/p><div class=\"wpcf7-response-output\" aria-hidden=\"true\"><\/div>\n<input type=\"hidden\" name=\"trp-form-language\" value=\"en\"\/><\/form>\n<\/div>\n<\/p>\n<p><!-- \/wp:shortcode --><!-- wp:paragraph --><\/p>\n<p><!-- \/wp:paragraph --><\/p>\t\t\t\t\t\t\t\t<\/div>\n\t\t\t\t<\/div>\n\t\t\t\t\t<\/div>\n\t\t<\/div>\n\t\t\t\t\t<\/div>\n\t\t<\/section>\n\t\t\t\t<\/div>","protected":false},"excerpt":{"rendered":"<p>Sportovn\u00ed Centrum Sailing P\u00e1lava &#8211; recepce: 23. dubna 308, 692 01 PavlovE-mail: recepce@sailing-palava.comTel.: +420 775 786 918\u00a0 Recepce se nach\u00e1z\u00ed p\u0159\u00edmo v are\u00e1lu (cca 50 m od uveden\u00e9 adresy). P\u0159i p\u0159\u00edjezdu ji najdete vlevo, sledujte zna\u010den\u00ed. V\u0161ichni ubytovan\u00ed v \u010d\u00e1sti are\u00e1lu TJ Sailing P\u00e1lava se mus\u00ed zaregistrovat na nov\u00e9 recepci TJ Sailing P\u00e1lava. Rovn\u011b\u017e na&hellip;<\/p>","protected":false},"author":1,"featured_media":0,"parent":0,"menu_order":0,"comment_status":"closed","ping_status":"closed","template":"","meta":{"footnotes":""},"class_list":["post-4768","page","type-page","status-publish","hentry"],"_links":{"self":[{"href":"http:\/\/sailing-palava.com\/en\/wp-json\/wp\/v2\/pages\/4768","targetHints":{"allow":["GET"]}}],"collection":[{"href":"http:\/\/sailing-palava.com\/en\/wp-json\/wp\/v2\/pages"}],"about":[{"href":"http:\/\/sailing-palava.com\/en\/wp-json\/wp\/v2\/types\/page"}],"author":[{"embeddable":true,"href":"http:\/\/sailing-palava.com\/en\/wp-json\/wp\/v2\/users\/1"}],"replies":[{"embeddable":true,"href":"http:\/\/sailing-palava.com\/en\/wp-json\/wp\/v2\/comments?post=4768"}],"version-history":[{"count":35,"href":"http:\/\/sailing-palava.com\/en\/wp-json\/wp\/v2\/pages\/4768\/revisions"}],"predecessor-version":[{"id":4928,"href":"http:\/\/sailing-palava.com\/en\/wp-json\/wp\/v2\/pages\/4768\/revisions\/4928"}],"wp:attachment":[{"href":"http:\/\/sailing-palava.com\/en\/wp-json\/wp\/v2\/media?parent=4768"}],"curies":[{"name":"wp","href":"https:\/\/api.w.org\/{rel}","templated":true}]}}