{"id":1845,"date":"2019-10-18T14:50:28","date_gmt":"2019-10-18T12:50:28","guid":{"rendered":"http:\/\/sailing-palava.com\/?page_id=1845"},"modified":"2025-05-14T11:47:32","modified_gmt":"2025-05-14T09:47:32","slug":"martin-sladky","status":"publish","type":"page","link":"http:\/\/sailing-palava.com\/martin-sladky\/","title":{"rendered":"Martin Sladk\u00fd"},"content":{"rendered":"\t\t<div data-elementor-type=\"wp-page\" data-elementor-id=\"1845\" class=\"elementor elementor-1845\">\n\t\t\t\t\t\t<section class=\"elementor-section elementor-top-section elementor-element elementor-element-48615f8a elementor-section-boxed elementor-section-height-default elementor-section-height-default\" data-id=\"48615f8a\" data-element_type=\"section\" data-e-type=\"section\">\n\t\t\t\t\t\t<div class=\"elementor-container elementor-column-gap-default\">\n\t\t\t\t\t<div class=\"elementor-column elementor-col-100 elementor-top-column elementor-element elementor-element-6103d602\" data-id=\"6103d602\" data-element_type=\"column\" data-e-type=\"column\">\n\t\t\t<div class=\"elementor-widget-wrap elementor-element-populated\">\n\t\t\t\t\t\t<div class=\"elementor-element elementor-element-5e3d68ae elementor-widget elementor-widget-text-editor\" data-id=\"5e3d68ae\" data-element_type=\"widget\" data-e-type=\"widget\" data-widget_type=\"text-editor.default\">\n\t\t\t\t<div class=\"elementor-widget-container\">\n\t\t\t\t\t\t\t\t\t\n<div class=\"wp-block-spacer\" style=\"height: 41px;\" aria-hidden=\"true\">\u00a0<\/div>\n\n<p>\u010clen TJSP.<\/p>\n<p>Kiteboarding od 10 let.<\/p>\n<p>Discipl\u00edny: kiteboarding, snowkiting race, freestyle.<\/p>\n<p>\u00a0<\/p>\n<p><strong>\u00dasp\u011bchy<\/strong>:<\/p>\n<p>2019 1.m\u00edsto M\u010cR snowkiting, freestyle junior, \u00a0<br \/>2020 1.m\u00edsto IKA Snowkite World Cup MARATHON a 2.m\u00edsto IKA race snowboard junior,\u00a0<br \/>juniorsk\u00fd mistr sv\u011bta v discipl\u00edn\u011b snowkiting MARATHON pod IKA pro rok 2020.<\/p>\n<p>Z\u00e1jmy: wakeboarding, skateboarding, snowboarding, motoristick\u00e9 sporty.<\/p>\n<p>M<strong>\u016fj sen: <\/strong>\u00fa\u010dast na z\u00e1vodu Red Bull King of The Year.<\/p>\n<p><strong>Vybaven\u00ed:<\/strong> AEROS, Mystic, SP boarding.<\/p>\n<p><strong>Obl\u00edben\u00fd spot:<\/strong> Suhrendorf.<\/p>\n\t\t\t\t\t\t\t\t<\/div>\n\t\t\t\t<\/div>\n\t\t\t\t\t<\/div>\n\t\t<\/div>\n\t\t\t\t\t<\/div>\n\t\t<\/section>\n\t\t\t\t<\/div>\n\t\t","protected":false},"excerpt":{"rendered":"<p>\u010clen TJSP. Kiteboarding od 10 let. Discipl\u00edny: kiteboarding, snowkiting race, freestyle. \u00a0 \u00dasp\u011bchy: 2019 1.m\u00edsto M\u010cR snowkiting, freestyle junior, \u00a02020 1.m\u00edsto IKA Snowkite World Cup MARATHON a 2.m\u00edsto IKA race snowboard junior,\u00a0juniorsk\u00fd mistr sv\u011bta v discipl\u00edn\u011b snowkiting MARATHON pod IKA pro rok 2020. Z\u00e1jmy: wakeboarding, skateboarding, snowboarding, motoristick\u00e9 sporty. M\u016fj sen: \u00fa\u010dast na z\u00e1vodu Red&hellip;<\/p>\n","protected":false},"author":1,"featured_media":3172,"parent":0,"menu_order":0,"comment_status":"closed","ping_status":"closed","template":"","meta":{"footnotes":""},"class_list":["post-1845","page","type-page","status-publish","has-post-thumbnail","hentry"],"_links":{"self":[{"href":"http:\/\/sailing-palava.com\/wp-json\/wp\/v2\/pages\/1845","targetHints":{"allow":["GET"]}}],"collection":[{"href":"http:\/\/sailing-palava.com\/wp-json\/wp\/v2\/pages"}],"about":[{"href":"http:\/\/sailing-palava.com\/wp-json\/wp\/v2\/types\/page"}],"author":[{"embeddable":true,"href":"http:\/\/sailing-palava.com\/wp-json\/wp\/v2\/users\/1"}],"replies":[{"embeddable":true,"href":"http:\/\/sailing-palava.com\/wp-json\/wp\/v2\/comments?post=1845"}],"version-history":[{"count":13,"href":"http:\/\/sailing-palava.com\/wp-json\/wp\/v2\/pages\/1845\/revisions"}],"predecessor-version":[{"id":3473,"href":"http:\/\/sailing-palava.com\/wp-json\/wp\/v2\/pages\/1845\/revisions\/3473"}],"wp:featuredmedia":[{"embeddable":true,"href":"http:\/\/sailing-palava.com\/wp-json\/wp\/v2\/media\/3172"}],"wp:attachment":[{"href":"http:\/\/sailing-palava.com\/wp-json\/wp\/v2\/media?parent=1845"}],"curies":[{"name":"wp","href":"https:\/\/api.w.org\/{rel}","templated":true}]}}