{"id":2700,"date":"2020-01-11T13:20:44","date_gmt":"2020-01-11T12:20:44","guid":{"rendered":"http:\/\/sailing-palava.com\/?page_id=2700"},"modified":"2020-01-11T13:22:26","modified_gmt":"2020-01-11T12:22:26","slug":"orava-snowkite-challenge-2020","status":"publish","type":"page","link":"http:\/\/sailing-palava.com\/?page_id=2700","title":{"rendered":"Orava Snowkite Challenge 01\/2020"},"content":{"rendered":"\t\t<div data-elementor-type=\"wp-page\" data-elementor-id=\"2700\" class=\"elementor elementor-2700\">\n\t\t\t\t\t\t<section class=\"elementor-section elementor-top-section elementor-element elementor-element-1c0f914 elementor-section-boxed elementor-section-height-default elementor-section-height-default\" data-id=\"1c0f914\" data-element_type=\"section\" data-e-type=\"section\">\n\t\t\t\t\t\t<div class=\"elementor-container elementor-column-gap-default\">\n\t\t\t\t\t<div class=\"elementor-column elementor-col-50 elementor-top-column elementor-element elementor-element-ac1052c\" data-id=\"ac1052c\" data-element_type=\"column\" data-e-type=\"column\">\n\t\t\t<div class=\"elementor-widget-wrap elementor-element-populated\">\n\t\t\t\t\t\t<div class=\"elementor-element elementor-element-30f1567 elementor-widget elementor-widget-image\" data-id=\"30f1567\" data-element_type=\"widget\" data-e-type=\"widget\" data-widget_type=\"image.default\">\n\t\t\t\t<div class=\"elementor-widget-container\">\n\t\t\t\t\t\t\t\t\t\t\t\t\t\t\t<img fetchpriority=\"high\" decoding=\"async\" width=\"640\" height=\"441\" src=\"http:\/\/sailing-palava.com\/wp-content\/uploads\/2020\/01\/Orava_2019.jpg\" class=\"attachment-large size-large wp-image-2697\" alt=\"\" srcset=\"http:\/\/sailing-palava.com\/wp-content\/uploads\/2020\/01\/Orava_2019.jpg 960w, http:\/\/sailing-palava.com\/wp-content\/uploads\/2020\/01\/Orava_2019-300x207.jpg 300w, http:\/\/sailing-palava.com\/wp-content\/uploads\/2020\/01\/Orava_2019-768x530.jpg 768w\" sizes=\"(max-width: 640px) 100vw, 640px\" \/>\t\t\t\t\t\t\t\t\t\t\t\t\t\t\t<\/div>\n\t\t\t\t<\/div>\n\t\t\t\t\t<\/div>\n\t\t<\/div>\n\t\t\t\t<div class=\"elementor-column elementor-col-50 elementor-top-column elementor-element elementor-element-13813ce\" data-id=\"13813ce\" data-element_type=\"column\" data-e-type=\"column\">\n\t\t\t<div class=\"elementor-widget-wrap elementor-element-populated\">\n\t\t\t\t\t\t<div class=\"elementor-element elementor-element-2930696 elementor-widget elementor-widget-text-editor\" data-id=\"2930696\" data-element_type=\"widget\" data-e-type=\"widget\" data-widget_type=\"text-editor.default\">\n\t\t\t\t<div class=\"elementor-widget-container\">\n\t\t\t\t\t\t\t\t\t<div id=\"js_g5\" class=\"_5pbx userContent _3576\" data-testid=\"post_message\" data-ft=\"{&quot;tn&quot;:&quot;K&quot;}\"><p>Vezeme medaile ze z\u00e1vod\u016f Orava snowkite challenge, kter\u00e9 prob\u011bhly hned zeza\u010d\u00e1tku roku 2020 na Slovensku.<\/p><p>Odjelo se 9 rozj\u00ed\u017ed\u011bk race a n\u00e1sledn\u011b hangtime. V\u00edtr byl velmi poryvov\u00fd a to celkov\u011b podtrhlo n\u00e1ro\u010dnoost z\u00e1vod\u016f. Z\u00e1vodn\u00edci z TJ Sailing P\u00e1lava pat\u0159ili ke \u0161pi\u010dce starovn\u00edho pole.<\/p><p>Prvn\u00ed m\u00edsto celkov\u011b v kategorii race snowboard obsadil Jeremy Burlando a pat\u00e9 m\u00edsto celkov\u011b Martin Sladk\u00fd.<\/p><p>Druh\u00e9 m\u00edsto v race ly\u017ee Martin Lafek a p\u00e1t\u00e9 m\u00edsto Miroslav Jel\u00ednek.<\/p><p>T\u0159et\u00ed m\u00edsto v kategorii hangtime Jeremy Burlando.<\/p><p>V\u0161ichni pro juniorsk\u00fd odd\u00edl TJ Sailing P\u00e1lava.<\/p><p>D\u011bkujeme organiz\u00e1tor\u016fm za p\u011bkn\u00e9 z\u00e1vody.<\/p><\/div>\t\t\t\t\t\t\t\t<\/div>\n\t\t\t\t<\/div>\n\t\t\t\t\t<\/div>\n\t\t<\/div>\n\t\t\t\t\t<\/div>\n\t\t<\/section>\n\t\t\t\t<\/div>\n\t\t","protected":false},"excerpt":{"rendered":"<p>Vezeme medaile ze z\u00e1vod\u016f Orava snowkite challenge, kter\u00e9 prob\u011bhly hned zeza\u010d\u00e1tku roku 2020 na Slovensku. Odjelo se 9 rozj\u00ed\u017ed\u011bk race a n\u00e1sledn\u011b hangtime. V\u00edtr byl velmi poryvov\u00fd a to celkov\u011b podtrhlo n\u00e1ro\u010dnoost z\u00e1vod\u016f. Z\u00e1vodn\u00edci z TJ Sailing P\u00e1lava pat\u0159ili ke \u0161pi\u010dce starovn\u00edho pole. Prvn\u00ed m\u00edsto celkov\u011b v kategorii race snowboard obsadil Jeremy Burlando a pat\u00e9&hellip;<\/p>\n","protected":false},"author":1,"featured_media":0,"parent":0,"menu_order":0,"comment_status":"closed","ping_status":"closed","template":"","meta":{"footnotes":""},"class_list":["post-2700","page","type-page","status-publish","hentry"],"_links":{"self":[{"href":"http:\/\/sailing-palava.com\/index.php?rest_route=\/wp\/v2\/pages\/2700","targetHints":{"allow":["GET"]}}],"collection":[{"href":"http:\/\/sailing-palava.com\/index.php?rest_route=\/wp\/v2\/pages"}],"about":[{"href":"http:\/\/sailing-palava.com\/index.php?rest_route=\/wp\/v2\/types\/page"}],"author":[{"embeddable":true,"href":"http:\/\/sailing-palava.com\/index.php?rest_route=\/wp\/v2\/users\/1"}],"replies":[{"embeddable":true,"href":"http:\/\/sailing-palava.com\/index.php?rest_route=%2Fwp%2Fv2%2Fcomments&post=2700"}],"version-history":[{"count":3,"href":"http:\/\/sailing-palava.com\/index.php?rest_route=\/wp\/v2\/pages\/2700\/revisions"}],"predecessor-version":[{"id":2703,"href":"http:\/\/sailing-palava.com\/index.php?rest_route=\/wp\/v2\/pages\/2700\/revisions\/2703"}],"wp:attachment":[{"href":"http:\/\/sailing-palava.com\/index.php?rest_route=%2Fwp%2Fv2%2Fmedia&parent=2700"}],"curies":[{"name":"wp","href":"https:\/\/api.w.org\/{rel}","templated":true}]}}