{"id":2901,"date":"2021-08-30T12:49:25","date_gmt":"2021-08-30T10:49:25","guid":{"rendered":"http:\/\/sailing-palava.com\/?page_id=2901"},"modified":"2021-08-30T12:50:01","modified_gmt":"2021-08-30T10:50:01","slug":"snowkiting-soustredeni-01-2021","status":"publish","type":"page","link":"http:\/\/sailing-palava.com\/?page_id=2901","title":{"rendered":"Snowkiting soust\u0159ed\u011bn\u00ed 01\/2021"},"content":{"rendered":"\t\t<div data-elementor-type=\"wp-page\" data-elementor-id=\"2901\" class=\"elementor elementor-2901\">\n\t\t\t\t\t\t<section class=\"elementor-section elementor-top-section elementor-element elementor-element-0b79dee elementor-section-full_width elementor-section-height-default elementor-section-height-default\" data-id=\"0b79dee\" data-element_type=\"section\" data-e-type=\"section\">\n\t\t\t\t\t\t<div class=\"elementor-container elementor-column-gap-default\">\n\t\t\t\t\t<div class=\"elementor-column elementor-col-50 elementor-top-column elementor-element elementor-element-621247e\" data-id=\"621247e\" data-element_type=\"column\" data-e-type=\"column\">\n\t\t\t<div class=\"elementor-widget-wrap elementor-element-populated\">\n\t\t\t\t\t\t<div class=\"elementor-element elementor-element-0bf41a3 elementor-widget elementor-widget-text-editor\" data-id=\"0bf41a3\" data-element_type=\"widget\" data-e-type=\"widget\" data-widget_type=\"text-editor.default\">\n\t\t\t\t<div class=\"elementor-widget-container\">\n\t\t\t\t\t\t\t\t\t<p>Hned z kraje roku 2021 jsme se rozhodli pro snowkiting soust\u0159ed\u011bn\u00ed obytkou po \u010cesk\u00fdch spotech. Sez\u00f3na slibovala hodn\u011b snowkiting z\u00e1vod\u016f, ale nikdo nev\u011bd\u011bl jak to vlastn\u011b cel\u00e9 dopadne.<\/p><p>Nejv\u00edce \u010dasu jsme ztr\u00e1vili kolem Liberce na leti\u0161ti, ale i ve Vratislavic\u00edch a jinde. Byli jsme n\u011bkolik dn\u00ed na Lipn\u011b, ale i v Kru\u0161n\u00fdch hor\u00e1ch.<\/p><p>Tr\u00e9novali jsme spole\u010dn\u011b discipl\u00ednu race a takt\u00e9\u017e ob\u010das freestyle. Obytka se uk\u00e1zala jako perfektn\u00ed z\u00e1zem\u00ed, obzvl\u00e1\u0161t\u011b kdy\u017e v t\u00e9 dob\u011b byly zav\u0159en\u00e9 restaurace ;).<\/p>\t\t\t\t\t\t\t\t<\/div>\n\t\t\t\t<\/div>\n\t\t\t\t\t<\/div>\n\t\t<\/div>\n\t\t\t\t<div class=\"elementor-column elementor-col-50 elementor-top-column elementor-element elementor-element-1cc96e6\" data-id=\"1cc96e6\" data-element_type=\"column\" data-e-type=\"column\">\n\t\t\t<div class=\"elementor-widget-wrap elementor-element-populated\">\n\t\t\t\t\t\t<div class=\"elementor-element elementor-element-eb77a46 elementor-widget elementor-widget-image-gallery\" data-id=\"eb77a46\" data-element_type=\"widget\" data-e-type=\"widget\" data-widget_type=\"image-gallery.default\">\n\t\t\t\t<div class=\"elementor-widget-container\">\n\t\t\t\t\t\t\t<div class=\"elementor-image-gallery\">\n\t\t\t<div id='gallery-1' class='gallery galleryid-2901 gallery-columns-3 gallery-size-thumbnail'><figure class='gallery-item'>\n\t\t\t<div class='gallery-icon landscape'>\n\t\t\t\t<a data-elementor-open-lightbox=\"yes\" data-elementor-lightbox-slideshow=\"eb77a46\" data-elementor-lightbox-title=\"01_asl\" data-e-action-hash=\"#elementor-action%3Aaction%3Dlightbox%26settings%3DeyJpZCI6MjkwMywidXJsIjoiaHR0cDpcL1wvc2FpbGluZy1wYWxhdmEuY29tXC93cC1jb250ZW50XC91cGxvYWRzXC8yMDIxXC8wOFwvMDFfYXNsLmpwZyIsInNsaWRlc2hvdyI6ImViNzdhNDYifQ%3D%3D\" href='http:\/\/sailing-palava.com\/wp-content\/uploads\/2021\/08\/01_asl.jpg'><img decoding=\"async\" width=\"150\" height=\"150\" src=\"http:\/\/sailing-palava.com\/wp-content\/uploads\/2021\/08\/01_asl-150x150.jpg\" class=\"attachment-thumbnail size-thumbnail\" alt=\"\" srcset=\"http:\/\/sailing-palava.com\/wp-content\/uploads\/2021\/08\/01_asl-150x150.jpg 150w, http:\/\/sailing-palava.com\/wp-content\/uploads\/2021\/08\/01_asl-500x500.jpg 500w\" sizes=\"(max-width: 150px) 100vw, 150px\" \/><\/a>\n\t\t\t<\/div><\/figure><figure class='gallery-item'>\n\t\t\t<div class='gallery-icon landscape'>\n\t\t\t\t<a data-elementor-open-lightbox=\"yes\" data-elementor-lightbox-slideshow=\"eb77a46\" data-elementor-lightbox-title=\"02_asl\" data-e-action-hash=\"#elementor-action%3Aaction%3Dlightbox%26settings%3DeyJpZCI6MjkwNCwidXJsIjoiaHR0cDpcL1wvc2FpbGluZy1wYWxhdmEuY29tXC93cC1jb250ZW50XC91cGxvYWRzXC8yMDIxXC8wOFwvMDJfYXNsLmpwZyIsInNsaWRlc2hvdyI6ImViNzdhNDYifQ%3D%3D\" href='http:\/\/sailing-palava.com\/wp-content\/uploads\/2021\/08\/02_asl.jpg'><img decoding=\"async\" width=\"150\" height=\"150\" src=\"http:\/\/sailing-palava.com\/wp-content\/uploads\/2021\/08\/02_asl-150x150.jpg\" class=\"attachment-thumbnail size-thumbnail\" alt=\"\" srcset=\"http:\/\/sailing-palava.com\/wp-content\/uploads\/2021\/08\/02_asl-150x150.jpg 150w, http:\/\/sailing-palava.com\/wp-content\/uploads\/2021\/08\/02_asl-500x500.jpg 500w\" sizes=\"(max-width: 150px) 100vw, 150px\" \/><\/a>\n\t\t\t<\/div><\/figure><figure class='gallery-item'>\n\t\t\t<div class='gallery-icon landscape'>\n\t\t\t\t<a data-elementor-open-lightbox=\"yes\" data-elementor-lightbox-slideshow=\"eb77a46\" data-elementor-lightbox-title=\"03_asl\" data-e-action-hash=\"#elementor-action%3Aaction%3Dlightbox%26settings%3DeyJpZCI6MjkwNSwidXJsIjoiaHR0cDpcL1wvc2FpbGluZy1wYWxhdmEuY29tXC93cC1jb250ZW50XC91cGxvYWRzXC8yMDIxXC8wOFwvMDNfYXNsLmpwZyIsInNsaWRlc2hvdyI6ImViNzdhNDYifQ%3D%3D\" href='http:\/\/sailing-palava.com\/wp-content\/uploads\/2021\/08\/03_asl.jpg'><img decoding=\"async\" width=\"150\" height=\"150\" src=\"http:\/\/sailing-palava.com\/wp-content\/uploads\/2021\/08\/03_asl-150x150.jpg\" class=\"attachment-thumbnail size-thumbnail\" alt=\"\" srcset=\"http:\/\/sailing-palava.com\/wp-content\/uploads\/2021\/08\/03_asl-150x150.jpg 150w, http:\/\/sailing-palava.com\/wp-content\/uploads\/2021\/08\/03_asl-500x500.jpg 500w\" sizes=\"(max-width: 150px) 100vw, 150px\" \/><\/a>\n\t\t\t<\/div><\/figure><figure class='gallery-item'>\n\t\t\t<div class='gallery-icon landscape'>\n\t\t\t\t<a data-elementor-open-lightbox=\"yes\" data-elementor-lightbox-slideshow=\"eb77a46\" data-elementor-lightbox-title=\"04_asl\" data-e-action-hash=\"#elementor-action%3Aaction%3Dlightbox%26settings%3DeyJpZCI6MjkwNiwidXJsIjoiaHR0cDpcL1wvc2FpbGluZy1wYWxhdmEuY29tXC93cC1jb250ZW50XC91cGxvYWRzXC8yMDIxXC8wOFwvMDRfYXNsLmpwZyIsInNsaWRlc2hvdyI6ImViNzdhNDYifQ%3D%3D\" href='http:\/\/sailing-palava.com\/wp-content\/uploads\/2021\/08\/04_asl.jpg'><img loading=\"lazy\" decoding=\"async\" width=\"150\" height=\"150\" src=\"http:\/\/sailing-palava.com\/wp-content\/uploads\/2021\/08\/04_asl-150x150.jpg\" class=\"attachment-thumbnail size-thumbnail\" alt=\"\" srcset=\"http:\/\/sailing-palava.com\/wp-content\/uploads\/2021\/08\/04_asl-150x150.jpg 150w, http:\/\/sailing-palava.com\/wp-content\/uploads\/2021\/08\/04_asl-500x500.jpg 500w\" sizes=\"(max-width: 150px) 100vw, 150px\" \/><\/a>\n\t\t\t<\/div><\/figure><figure class='gallery-item'>\n\t\t\t<div class='gallery-icon landscape'>\n\t\t\t\t<a data-elementor-open-lightbox=\"yes\" data-elementor-lightbox-slideshow=\"eb77a46\" data-elementor-lightbox-title=\"05_asl\" data-e-action-hash=\"#elementor-action%3Aaction%3Dlightbox%26settings%3DeyJpZCI6MjkwNywidXJsIjoiaHR0cDpcL1wvc2FpbGluZy1wYWxhdmEuY29tXC93cC1jb250ZW50XC91cGxvYWRzXC8yMDIxXC8wOFwvMDVfYXNsLTEuanBnIiwic2xpZGVzaG93IjoiZWI3N2E0NiJ9\" href='http:\/\/sailing-palava.com\/wp-content\/uploads\/2021\/08\/05_asl-1.jpg'><img loading=\"lazy\" decoding=\"async\" width=\"150\" height=\"150\" src=\"http:\/\/sailing-palava.com\/wp-content\/uploads\/2021\/08\/05_asl-1-150x150.jpg\" class=\"attachment-thumbnail size-thumbnail\" alt=\"\" srcset=\"http:\/\/sailing-palava.com\/wp-content\/uploads\/2021\/08\/05_asl-1-150x150.jpg 150w, http:\/\/sailing-palava.com\/wp-content\/uploads\/2021\/08\/05_asl-1-500x500.jpg 500w\" sizes=\"(max-width: 150px) 100vw, 150px\" \/><\/a>\n\t\t\t<\/div><\/figure><figure class='gallery-item'>\n\t\t\t<div class='gallery-icon landscape'>\n\t\t\t\t<a data-elementor-open-lightbox=\"yes\" data-elementor-lightbox-slideshow=\"eb77a46\" data-elementor-lightbox-title=\"06_asl\" data-e-action-hash=\"#elementor-action%3Aaction%3Dlightbox%26settings%3DeyJpZCI6MjkwOCwidXJsIjoiaHR0cDpcL1wvc2FpbGluZy1wYWxhdmEuY29tXC93cC1jb250ZW50XC91cGxvYWRzXC8yMDIxXC8wOFwvMDZfYXNsLmpwZyIsInNsaWRlc2hvdyI6ImViNzdhNDYifQ%3D%3D\" href='http:\/\/sailing-palava.com\/wp-content\/uploads\/2021\/08\/06_asl.jpg'><img loading=\"lazy\" decoding=\"async\" width=\"150\" height=\"150\" src=\"http:\/\/sailing-palava.com\/wp-content\/uploads\/2021\/08\/06_asl-150x150.jpg\" class=\"attachment-thumbnail size-thumbnail\" alt=\"\" srcset=\"http:\/\/sailing-palava.com\/wp-content\/uploads\/2021\/08\/06_asl-150x150.jpg 150w, http:\/\/sailing-palava.com\/wp-content\/uploads\/2021\/08\/06_asl-500x500.jpg 500w\" sizes=\"(max-width: 150px) 100vw, 150px\" \/><\/a>\n\t\t\t<\/div><\/figure><figure class='gallery-item'>\n\t\t\t<div class='gallery-icon landscape'>\n\t\t\t\t<a data-elementor-open-lightbox=\"yes\" data-elementor-lightbox-slideshow=\"eb77a46\" data-elementor-lightbox-title=\"07_assl\" data-e-action-hash=\"#elementor-action%3Aaction%3Dlightbox%26settings%3DeyJpZCI6MjkwOSwidXJsIjoiaHR0cDpcL1wvc2FpbGluZy1wYWxhdmEuY29tXC93cC1jb250ZW50XC91cGxvYWRzXC8yMDIxXC8wOFwvMDdfYXNzbC5qcGciLCJzbGlkZXNob3ciOiJlYjc3YTQ2In0%3D\" href='http:\/\/sailing-palava.com\/wp-content\/uploads\/2021\/08\/07_assl.jpg'><img loading=\"lazy\" decoding=\"async\" width=\"150\" height=\"150\" src=\"http:\/\/sailing-palava.com\/wp-content\/uploads\/2021\/08\/07_assl-150x150.jpg\" class=\"attachment-thumbnail size-thumbnail\" alt=\"\" srcset=\"http:\/\/sailing-palava.com\/wp-content\/uploads\/2021\/08\/07_assl-150x150.jpg 150w, http:\/\/sailing-palava.com\/wp-content\/uploads\/2021\/08\/07_assl-500x500.jpg 500w\" sizes=\"(max-width: 150px) 100vw, 150px\" \/><\/a>\n\t\t\t<\/div><\/figure><figure class='gallery-item'>\n\t\t\t<div class='gallery-icon landscape'>\n\t\t\t\t<a data-elementor-open-lightbox=\"yes\" data-elementor-lightbox-slideshow=\"eb77a46\" data-elementor-lightbox-title=\"08_asl\" data-e-action-hash=\"#elementor-action%3Aaction%3Dlightbox%26settings%3DeyJpZCI6MjkxMCwidXJsIjoiaHR0cDpcL1wvc2FpbGluZy1wYWxhdmEuY29tXC93cC1jb250ZW50XC91cGxvYWRzXC8yMDIxXC8wOFwvMDhfYXNsLmpwZyIsInNsaWRlc2hvdyI6ImViNzdhNDYifQ%3D%3D\" href='http:\/\/sailing-palava.com\/wp-content\/uploads\/2021\/08\/08_asl.jpg'><img loading=\"lazy\" decoding=\"async\" width=\"150\" height=\"150\" src=\"http:\/\/sailing-palava.com\/wp-content\/uploads\/2021\/08\/08_asl-150x150.jpg\" class=\"attachment-thumbnail size-thumbnail\" alt=\"\" srcset=\"http:\/\/sailing-palava.com\/wp-content\/uploads\/2021\/08\/08_asl-150x150.jpg 150w, http:\/\/sailing-palava.com\/wp-content\/uploads\/2021\/08\/08_asl-500x500.jpg 500w\" sizes=\"(max-width: 150px) 100vw, 150px\" \/><\/a>\n\t\t\t<\/div><\/figure><figure class='gallery-item'>\n\t\t\t<div class='gallery-icon landscape'>\n\t\t\t\t<a data-elementor-open-lightbox=\"yes\" data-elementor-lightbox-slideshow=\"eb77a46\" data-elementor-lightbox-title=\"09_asl\" data-e-action-hash=\"#elementor-action%3Aaction%3Dlightbox%26settings%3DeyJpZCI6MjkxMSwidXJsIjoiaHR0cDpcL1wvc2FpbGluZy1wYWxhdmEuY29tXC93cC1jb250ZW50XC91cGxvYWRzXC8yMDIxXC8wOFwvMDlfYXNsLmpwZyIsInNsaWRlc2hvdyI6ImViNzdhNDYifQ%3D%3D\" href='http:\/\/sailing-palava.com\/wp-content\/uploads\/2021\/08\/09_asl.jpg'><img loading=\"lazy\" decoding=\"async\" width=\"150\" height=\"150\" src=\"http:\/\/sailing-palava.com\/wp-content\/uploads\/2021\/08\/09_asl-150x150.jpg\" class=\"attachment-thumbnail size-thumbnail\" alt=\"\" srcset=\"http:\/\/sailing-palava.com\/wp-content\/uploads\/2021\/08\/09_asl-150x150.jpg 150w, http:\/\/sailing-palava.com\/wp-content\/uploads\/2021\/08\/09_asl-500x500.jpg 500w\" sizes=\"(max-width: 150px) 100vw, 150px\" \/><\/a>\n\t\t\t<\/div><\/figure><figure class='gallery-item'>\n\t\t\t<div class='gallery-icon landscape'>\n\t\t\t\t<a data-elementor-open-lightbox=\"yes\" data-elementor-lightbox-slideshow=\"eb77a46\" data-elementor-lightbox-title=\"010_asl\" data-e-action-hash=\"#elementor-action%3Aaction%3Dlightbox%26settings%3DeyJpZCI6MjkxMiwidXJsIjoiaHR0cDpcL1wvc2FpbGluZy1wYWxhdmEuY29tXC93cC1jb250ZW50XC91cGxvYWRzXC8yMDIxXC8wOFwvMDEwX2FzbC5qcGciLCJzbGlkZXNob3ciOiJlYjc3YTQ2In0%3D\" href='http:\/\/sailing-palava.com\/wp-content\/uploads\/2021\/08\/010_asl.jpg'><img loading=\"lazy\" decoding=\"async\" width=\"150\" height=\"150\" src=\"http:\/\/sailing-palava.com\/wp-content\/uploads\/2021\/08\/010_asl-150x150.jpg\" class=\"attachment-thumbnail size-thumbnail\" alt=\"\" srcset=\"http:\/\/sailing-palava.com\/wp-content\/uploads\/2021\/08\/010_asl-150x150.jpg 150w, http:\/\/sailing-palava.com\/wp-content\/uploads\/2021\/08\/010_asl-500x500.jpg 500w\" sizes=\"(max-width: 150px) 100vw, 150px\" \/><\/a>\n\t\t\t<\/div><\/figure><figure class='gallery-item'>\n\t\t\t<div class='gallery-icon landscape'>\n\t\t\t\t<a data-elementor-open-lightbox=\"yes\" data-elementor-lightbox-slideshow=\"eb77a46\" data-elementor-lightbox-title=\"011_asl\" data-e-action-hash=\"#elementor-action%3Aaction%3Dlightbox%26settings%3DeyJpZCI6MjkxMywidXJsIjoiaHR0cDpcL1wvc2FpbGluZy1wYWxhdmEuY29tXC93cC1jb250ZW50XC91cGxvYWRzXC8yMDIxXC8wOFwvMDExX2FzbC5qcGciLCJzbGlkZXNob3ciOiJlYjc3YTQ2In0%3D\" href='http:\/\/sailing-palava.com\/wp-content\/uploads\/2021\/08\/011_asl.jpg'><img loading=\"lazy\" decoding=\"async\" width=\"150\" height=\"150\" src=\"http:\/\/sailing-palava.com\/wp-content\/uploads\/2021\/08\/011_asl-150x150.jpg\" class=\"attachment-thumbnail size-thumbnail\" alt=\"\" srcset=\"http:\/\/sailing-palava.com\/wp-content\/uploads\/2021\/08\/011_asl-150x150.jpg 150w, http:\/\/sailing-palava.com\/wp-content\/uploads\/2021\/08\/011_asl-500x500.jpg 500w\" sizes=\"(max-width: 150px) 100vw, 150px\" \/><\/a>\n\t\t\t<\/div><\/figure><figure class='gallery-item'>\n\t\t\t<div class='gallery-icon landscape'>\n\t\t\t\t<a data-elementor-open-lightbox=\"yes\" data-elementor-lightbox-slideshow=\"eb77a46\" data-elementor-lightbox-title=\"012_asl\" data-e-action-hash=\"#elementor-action%3Aaction%3Dlightbox%26settings%3DeyJpZCI6MjkxNCwidXJsIjoiaHR0cDpcL1wvc2FpbGluZy1wYWxhdmEuY29tXC93cC1jb250ZW50XC91cGxvYWRzXC8yMDIxXC8wOFwvMDEyX2FzbC5qcGciLCJzbGlkZXNob3ciOiJlYjc3YTQ2In0%3D\" href='http:\/\/sailing-palava.com\/wp-content\/uploads\/2021\/08\/012_asl.jpg'><img loading=\"lazy\" decoding=\"async\" width=\"150\" height=\"150\" src=\"http:\/\/sailing-palava.com\/wp-content\/uploads\/2021\/08\/012_asl-150x150.jpg\" class=\"attachment-thumbnail size-thumbnail\" alt=\"\" srcset=\"http:\/\/sailing-palava.com\/wp-content\/uploads\/2021\/08\/012_asl-150x150.jpg 150w, http:\/\/sailing-palava.com\/wp-content\/uploads\/2021\/08\/012_asl-500x500.jpg 500w\" sizes=\"(max-width: 150px) 100vw, 150px\" \/><\/a>\n\t\t\t<\/div><\/figure>\n\t\t<\/div>\n\t\t<\/div>\n\t\t\t\t\t\t<\/div>\n\t\t\t\t<\/div>\n\t\t\t\t\t<\/div>\n\t\t<\/div>\n\t\t\t\t\t<\/div>\n\t\t<\/section>\n\t\t\t\t<\/div>\n\t\t","protected":false},"excerpt":{"rendered":"<p>Hned z kraje roku 2021 jsme se rozhodli pro snowkiting soust\u0159ed\u011bn\u00ed obytkou po \u010cesk\u00fdch spotech. Sez\u00f3na slibovala hodn\u011b snowkiting z\u00e1vod\u016f, ale nikdo nev\u011bd\u011bl jak to vlastn\u011b cel\u00e9 dopadne. Nejv\u00edce \u010dasu jsme ztr\u00e1vili kolem Liberce na leti\u0161ti, ale i ve Vratislavic\u00edch a jinde. Byli jsme n\u011bkolik dn\u00ed na Lipn\u011b, ale i v Kru\u0161n\u00fdch hor\u00e1ch. Tr\u00e9novali jsme&hellip;<\/p>\n","protected":false},"author":2,"featured_media":0,"parent":0,"menu_order":0,"comment_status":"closed","ping_status":"closed","template":"","meta":{"footnotes":""},"class_list":["post-2901","page","type-page","status-publish","hentry"],"_links":{"self":[{"href":"http:\/\/sailing-palava.com\/index.php?rest_route=\/wp\/v2\/pages\/2901","targetHints":{"allow":["GET"]}}],"collection":[{"href":"http:\/\/sailing-palava.com\/index.php?rest_route=\/wp\/v2\/pages"}],"about":[{"href":"http:\/\/sailing-palava.com\/index.php?rest_route=\/wp\/v2\/types\/page"}],"author":[{"embeddable":true,"href":"http:\/\/sailing-palava.com\/index.php?rest_route=\/wp\/v2\/users\/2"}],"replies":[{"embeddable":true,"href":"http:\/\/sailing-palava.com\/index.php?rest_route=%2Fwp%2Fv2%2Fcomments&post=2901"}],"version-history":[{"count":3,"href":"http:\/\/sailing-palava.com\/index.php?rest_route=\/wp\/v2\/pages\/2901\/revisions"}],"predecessor-version":[{"id":2916,"href":"http:\/\/sailing-palava.com\/index.php?rest_route=\/wp\/v2\/pages\/2901\/revisions\/2916"}],"wp:attachment":[{"href":"http:\/\/sailing-palava.com\/index.php?rest_route=%2Fwp%2Fv2%2Fmedia&parent=2901"}],"curies":[{"name":"wp","href":"https:\/\/api.w.org\/{rel}","templated":true}]}}