{"id":2956,"date":"2022-07-19T20:56:12","date_gmt":"2022-07-19T18:56:12","guid":{"rendered":"http:\/\/sailing-palava.com\/?page_id=2956"},"modified":"2023-03-23T10:32:21","modified_gmt":"2023-03-23T09:32:21","slug":"hague-allianz-youth-sailing-world-championships-2022-07-2022","status":"publish","type":"page","link":"http:\/\/sailing-palava.com\/?page_id=2956","title":{"rendered":"Hague &#8211; Allianz Youth Sailing World Championships 2022 07\/2022"},"content":{"rendered":"\t\t<div data-elementor-type=\"wp-page\" data-elementor-id=\"2956\" class=\"elementor elementor-2956\">\n\t\t\t\t\t\t<section class=\"elementor-section elementor-top-section elementor-element elementor-element-26c9bb5 elementor-section-boxed elementor-section-height-default elementor-section-height-default\" data-id=\"26c9bb5\" data-element_type=\"section\" data-e-type=\"section\">\n\t\t\t\t\t\t<div class=\"elementor-container elementor-column-gap-default\">\n\t\t\t\t\t<div class=\"elementor-column elementor-col-50 elementor-top-column elementor-element elementor-element-ad41094\" data-id=\"ad41094\" data-element_type=\"column\" data-e-type=\"column\">\n\t\t\t<div class=\"elementor-widget-wrap elementor-element-populated\">\n\t\t\t\t\t\t<div class=\"elementor-element elementor-element-54cea8a elementor-widget elementor-widget-text-editor\" data-id=\"54cea8a\" data-element_type=\"widget\" data-e-type=\"widget\" data-widget_type=\"text-editor.default\">\n\t\t\t\t<div class=\"elementor-widget-container\">\n\t\t\t\t\t\t\t\t\t<p>V\u00a0holandsk\u00e9m p\u0159\u00edstavu Scheveningen nedaleko Haggu skon\u010dilo ve\u00a0\u010dtvrtek 14. \u010dervence juniorsk\u00e9 mistrovstv\u00ed sv\u011bta World Sailing \u2013 Youth Sailing World Championship 2022.<\/p><p>Cel\u00fd z\u00e1vod se odjel ve slab\u00e9m v\u011btru a siln\u00e9m proudu.N\u00e1\u0161 z\u00e1vodn\u00edk Vojt\u011bch Ko\u0161ka si s dan\u00fdmi podm\u00ednkami poradili dob\u0159e a kon\u010dil na p\u011bkn\u00e9m 4. m\u00edst\u011b o pouh\u00fd bod zaostal za bronzovou medail\u00ed.<\/p><p><em>\u201eOpravdu nebyly jednoduch\u00e9 v\u011btrn\u00e9 podm\u00ednky, k\u00a0tomu proud a vlny i p\u0159i slab\u00e9m v\u011btru. Vojta bojoval o t\u0159et\u00ed m\u00edsto, bohu\u017eel to tentokr\u00e1t nevy\u0161lo, prohr\u00e1l o jeden bod, a skon\u010dil \u010dtvrt\u00fd. Skute\u010dn\u011b jsem si to tady v Den Haagu u\u017eil, douf\u00e1m, \u017ee se sem p\u0159\u00ed\u0161t\u00ed rok vr\u00e1t\u00edme siln\u011bj\u0161\u00ed,\u201c<\/em>\u00a0napsal Ivan Doronin, tren\u00e9r Vojt\u011bcha Ko\u0161ky.<\/p>\t\t\t\t\t\t\t\t<\/div>\n\t\t\t\t<\/div>\n\t\t\t\t<div class=\"elementor-element elementor-element-02e31ba elementor-widget elementor-widget-text-editor\" data-id=\"02e31ba\" data-element_type=\"widget\" data-e-type=\"widget\" data-widget_type=\"text-editor.default\">\n\t\t\t\t<div class=\"elementor-widget-container\">\n\t\t\t\t\t\t\t\t\t<p><a href=\"https:\/\/youthworlds2022.sapsailing.com\/gwt\/Home.html?_=_&amp;#\/regatta\/leaderboard\/:eventId=baf0b299-ba21-4eb5-aba9-cf7c7ce22ecc&amp;regattaId=Youth%20Worlds%202022%20-%20Formula%20Kite%20Male\" target=\"_blank\" rel=\"noopener\">V\u00fdsledky ZDE<\/a><\/p>\t\t\t\t\t\t\t\t<\/div>\n\t\t\t\t<\/div>\n\t\t\t\t\t<\/div>\n\t\t<\/div>\n\t\t\t\t<div class=\"elementor-column elementor-col-50 elementor-top-column elementor-element elementor-element-20f5c56\" data-id=\"20f5c56\" data-element_type=\"column\" data-e-type=\"column\">\n\t\t\t<div class=\"elementor-widget-wrap elementor-element-populated\">\n\t\t\t\t\t\t<div class=\"elementor-element elementor-element-ab6775c elementor-widget elementor-widget-image-gallery\" data-id=\"ab6775c\" data-element_type=\"widget\" data-e-type=\"widget\" data-widget_type=\"image-gallery.default\">\n\t\t\t\t<div class=\"elementor-widget-container\">\n\t\t\t\t\t\t\t<div class=\"elementor-image-gallery\">\n\t\t\t<div id='gallery-1' class='gallery galleryid-2956 gallery-columns-4 gallery-size-thumbnail'><figure class='gallery-item'>\n\t\t\t<div class='gallery-icon landscape'>\n\t\t\t\t<a data-elementor-open-lightbox=\"yes\" data-elementor-lightbox-slideshow=\"ab6775c\" data-elementor-lightbox-title=\"DG_I0000AvMjbhgrdmo\" data-e-action-hash=\"#elementor-action%3Aaction%3Dlightbox%26settings%3DeyJpZCI6Mjk2MCwidXJsIjoiaHR0cDpcL1wvc2FpbGluZy1wYWxhdmEuY29tXC93cC1jb250ZW50XC91cGxvYWRzXC8yMDIyXC8wN1wvREdfSTAwMDBBdk1qYmhncmRtby5wbmciLCJzbGlkZXNob3ciOiJhYjY3NzVjIn0%3D\" href='http:\/\/sailing-palava.com\/wp-content\/uploads\/2022\/07\/DG_I0000AvMjbhgrdmo.png'><img decoding=\"async\" width=\"150\" height=\"150\" src=\"http:\/\/sailing-palava.com\/wp-content\/uploads\/2022\/07\/DG_I0000AvMjbhgrdmo-150x150.png\" class=\"attachment-thumbnail size-thumbnail\" alt=\"\" srcset=\"http:\/\/sailing-palava.com\/wp-content\/uploads\/2022\/07\/DG_I0000AvMjbhgrdmo-150x150.png 150w, http:\/\/sailing-palava.com\/wp-content\/uploads\/2022\/07\/DG_I0000AvMjbhgrdmo-500x500.png 500w\" sizes=\"(max-width: 150px) 100vw, 150px\" \/><\/a>\n\t\t\t<\/div><\/figure><figure class='gallery-item'>\n\t\t\t<div class='gallery-icon landscape'>\n\t\t\t\t<a data-elementor-open-lightbox=\"yes\" data-elementor-lightbox-slideshow=\"ab6775c\" data-elementor-lightbox-title=\"DG_I0000CrvVLLlitfE\" data-e-action-hash=\"#elementor-action%3Aaction%3Dlightbox%26settings%3DeyJpZCI6Mjk2MSwidXJsIjoiaHR0cDpcL1wvc2FpbGluZy1wYWxhdmEuY29tXC93cC1jb250ZW50XC91cGxvYWRzXC8yMDIyXC8wN1wvREdfSTAwMDBDcnZWTExsaXRmRS5wbmciLCJzbGlkZXNob3ciOiJhYjY3NzVjIn0%3D\" href='http:\/\/sailing-palava.com\/wp-content\/uploads\/2022\/07\/DG_I0000CrvVLLlitfE.png'><img decoding=\"async\" width=\"150\" height=\"150\" src=\"http:\/\/sailing-palava.com\/wp-content\/uploads\/2022\/07\/DG_I0000CrvVLLlitfE-150x150.png\" class=\"attachment-thumbnail size-thumbnail\" alt=\"\" srcset=\"http:\/\/sailing-palava.com\/wp-content\/uploads\/2022\/07\/DG_I0000CrvVLLlitfE-150x150.png 150w, http:\/\/sailing-palava.com\/wp-content\/uploads\/2022\/07\/DG_I0000CrvVLLlitfE-500x500.png 500w\" sizes=\"(max-width: 150px) 100vw, 150px\" \/><\/a>\n\t\t\t<\/div><\/figure><figure class='gallery-item'>\n\t\t\t<div class='gallery-icon landscape'>\n\t\t\t\t<a data-elementor-open-lightbox=\"yes\" data-elementor-lightbox-slideshow=\"ab6775c\" data-elementor-lightbox-title=\"DG_I0000eG301ZQaZfk\" data-e-action-hash=\"#elementor-action%3Aaction%3Dlightbox%26settings%3DeyJpZCI6Mjk2MiwidXJsIjoiaHR0cDpcL1wvc2FpbGluZy1wYWxhdmEuY29tXC93cC1jb250ZW50XC91cGxvYWRzXC8yMDIyXC8wN1wvREdfSTAwMDBlRzMwMVpRYVpmay5wbmciLCJzbGlkZXNob3ciOiJhYjY3NzVjIn0%3D\" href='http:\/\/sailing-palava.com\/wp-content\/uploads\/2022\/07\/DG_I0000eG301ZQaZfk.png'><img decoding=\"async\" width=\"150\" height=\"150\" src=\"http:\/\/sailing-palava.com\/wp-content\/uploads\/2022\/07\/DG_I0000eG301ZQaZfk-150x150.png\" class=\"attachment-thumbnail size-thumbnail\" alt=\"\" srcset=\"http:\/\/sailing-palava.com\/wp-content\/uploads\/2022\/07\/DG_I0000eG301ZQaZfk-150x150.png 150w, http:\/\/sailing-palava.com\/wp-content\/uploads\/2022\/07\/DG_I0000eG301ZQaZfk-500x500.png 500w\" sizes=\"(max-width: 150px) 100vw, 150px\" \/><\/a>\n\t\t\t<\/div><\/figure><figure class='gallery-item'>\n\t\t\t<div class='gallery-icon landscape'>\n\t\t\t\t<a data-elementor-open-lightbox=\"yes\" data-elementor-lightbox-slideshow=\"ab6775c\" data-elementor-lightbox-title=\"DG_I0000gPwm3WKflus\" data-e-action-hash=\"#elementor-action%3Aaction%3Dlightbox%26settings%3DeyJpZCI6Mjk2MywidXJsIjoiaHR0cDpcL1wvc2FpbGluZy1wYWxhdmEuY29tXC93cC1jb250ZW50XC91cGxvYWRzXC8yMDIyXC8wN1wvREdfSTAwMDBnUHdtM1dLZmx1cy5wbmciLCJzbGlkZXNob3ciOiJhYjY3NzVjIn0%3D\" href='http:\/\/sailing-palava.com\/wp-content\/uploads\/2022\/07\/DG_I0000gPwm3WKflus.png'><img loading=\"lazy\" decoding=\"async\" width=\"150\" height=\"150\" src=\"http:\/\/sailing-palava.com\/wp-content\/uploads\/2022\/07\/DG_I0000gPwm3WKflus-150x150.png\" class=\"attachment-thumbnail size-thumbnail\" alt=\"\" srcset=\"http:\/\/sailing-palava.com\/wp-content\/uploads\/2022\/07\/DG_I0000gPwm3WKflus-150x150.png 150w, http:\/\/sailing-palava.com\/wp-content\/uploads\/2022\/07\/DG_I0000gPwm3WKflus-500x500.png 500w\" sizes=\"(max-width: 150px) 100vw, 150px\" \/><\/a>\n\t\t\t<\/div><\/figure><figure class='gallery-item'>\n\t\t\t<div class='gallery-icon landscape'>\n\t\t\t\t<a data-elementor-open-lightbox=\"yes\" data-elementor-lightbox-slideshow=\"ab6775c\" data-elementor-lightbox-title=\"DG_I0000KzV5ZTEvNco\" data-e-action-hash=\"#elementor-action%3Aaction%3Dlightbox%26settings%3DeyJpZCI6Mjk2NCwidXJsIjoiaHR0cDpcL1wvc2FpbGluZy1wYWxhdmEuY29tXC93cC1jb250ZW50XC91cGxvYWRzXC8yMDIyXC8wN1wvREdfSTAwMDBLelY1WlRFdk5jby5wbmciLCJzbGlkZXNob3ciOiJhYjY3NzVjIn0%3D\" href='http:\/\/sailing-palava.com\/wp-content\/uploads\/2022\/07\/DG_I0000KzV5ZTEvNco.png'><img loading=\"lazy\" decoding=\"async\" width=\"150\" height=\"150\" src=\"http:\/\/sailing-palava.com\/wp-content\/uploads\/2022\/07\/DG_I0000KzV5ZTEvNco-150x150.png\" class=\"attachment-thumbnail size-thumbnail\" alt=\"\" srcset=\"http:\/\/sailing-palava.com\/wp-content\/uploads\/2022\/07\/DG_I0000KzV5ZTEvNco-150x150.png 150w, http:\/\/sailing-palava.com\/wp-content\/uploads\/2022\/07\/DG_I0000KzV5ZTEvNco-500x500.png 500w\" sizes=\"(max-width: 150px) 100vw, 150px\" \/><\/a>\n\t\t\t<\/div><\/figure><figure class='gallery-item'>\n\t\t\t<div class='gallery-icon landscape'>\n\t\t\t\t<a data-elementor-open-lightbox=\"yes\" data-elementor-lightbox-slideshow=\"ab6775c\" data-elementor-lightbox-title=\"DG_I0000NLPD82yJaAs\" data-e-action-hash=\"#elementor-action%3Aaction%3Dlightbox%26settings%3DeyJpZCI6Mjk2NSwidXJsIjoiaHR0cDpcL1wvc2FpbGluZy1wYWxhdmEuY29tXC93cC1jb250ZW50XC91cGxvYWRzXC8yMDIyXC8wN1wvREdfSTAwMDBOTFBEODJ5SmFBcy5wbmciLCJzbGlkZXNob3ciOiJhYjY3NzVjIn0%3D\" href='http:\/\/sailing-palava.com\/wp-content\/uploads\/2022\/07\/DG_I0000NLPD82yJaAs.png'><img loading=\"lazy\" decoding=\"async\" width=\"150\" height=\"150\" src=\"http:\/\/sailing-palava.com\/wp-content\/uploads\/2022\/07\/DG_I0000NLPD82yJaAs-150x150.png\" class=\"attachment-thumbnail size-thumbnail\" alt=\"\" srcset=\"http:\/\/sailing-palava.com\/wp-content\/uploads\/2022\/07\/DG_I0000NLPD82yJaAs-150x150.png 150w, http:\/\/sailing-palava.com\/wp-content\/uploads\/2022\/07\/DG_I0000NLPD82yJaAs-500x500.png 500w\" sizes=\"(max-width: 150px) 100vw, 150px\" \/><\/a>\n\t\t\t<\/div><\/figure><figure class='gallery-item'>\n\t\t\t<div class='gallery-icon landscape'>\n\t\t\t\t<a data-elementor-open-lightbox=\"yes\" data-elementor-lightbox-slideshow=\"ab6775c\" data-elementor-lightbox-title=\"DG_I0000pEiV0qYGiC0\" data-e-action-hash=\"#elementor-action%3Aaction%3Dlightbox%26settings%3DeyJpZCI6Mjk2NiwidXJsIjoiaHR0cDpcL1wvc2FpbGluZy1wYWxhdmEuY29tXC93cC1jb250ZW50XC91cGxvYWRzXC8yMDIyXC8wN1wvREdfSTAwMDBwRWlWMHFZR2lDMC5wbmciLCJzbGlkZXNob3ciOiJhYjY3NzVjIn0%3D\" href='http:\/\/sailing-palava.com\/wp-content\/uploads\/2022\/07\/DG_I0000pEiV0qYGiC0.png'><img loading=\"lazy\" decoding=\"async\" width=\"150\" height=\"150\" src=\"http:\/\/sailing-palava.com\/wp-content\/uploads\/2022\/07\/DG_I0000pEiV0qYGiC0-150x150.png\" class=\"attachment-thumbnail size-thumbnail\" alt=\"\" srcset=\"http:\/\/sailing-palava.com\/wp-content\/uploads\/2022\/07\/DG_I0000pEiV0qYGiC0-150x150.png 150w, http:\/\/sailing-palava.com\/wp-content\/uploads\/2022\/07\/DG_I0000pEiV0qYGiC0-500x500.png 500w\" sizes=\"(max-width: 150px) 100vw, 150px\" \/><\/a>\n\t\t\t<\/div><\/figure><figure class='gallery-item'>\n\t\t\t<div class='gallery-icon landscape'>\n\t\t\t\t<a data-elementor-open-lightbox=\"yes\" data-elementor-lightbox-slideshow=\"ab6775c\" data-elementor-lightbox-title=\"DG_I0000SfqoGemI3Zc\" data-e-action-hash=\"#elementor-action%3Aaction%3Dlightbox%26settings%3DeyJpZCI6Mjk2NywidXJsIjoiaHR0cDpcL1wvc2FpbGluZy1wYWxhdmEuY29tXC93cC1jb250ZW50XC91cGxvYWRzXC8yMDIyXC8wN1wvREdfSTAwMDBTZnFvR2VtSTNaYy5wbmciLCJzbGlkZXNob3ciOiJhYjY3NzVjIn0%3D\" href='http:\/\/sailing-palava.com\/wp-content\/uploads\/2022\/07\/DG_I0000SfqoGemI3Zc.png'><img loading=\"lazy\" decoding=\"async\" width=\"150\" height=\"150\" src=\"http:\/\/sailing-palava.com\/wp-content\/uploads\/2022\/07\/DG_I0000SfqoGemI3Zc-150x150.png\" class=\"attachment-thumbnail size-thumbnail\" alt=\"\" srcset=\"http:\/\/sailing-palava.com\/wp-content\/uploads\/2022\/07\/DG_I0000SfqoGemI3Zc-150x150.png 150w, http:\/\/sailing-palava.com\/wp-content\/uploads\/2022\/07\/DG_I0000SfqoGemI3Zc-500x500.png 500w\" sizes=\"(max-width: 150px) 100vw, 150px\" \/><\/a>\n\t\t\t<\/div><\/figure><figure class='gallery-item'>\n\t\t\t<div class='gallery-icon landscape'>\n\t\t\t\t<a data-elementor-open-lightbox=\"yes\" data-elementor-lightbox-slideshow=\"ab6775c\" data-elementor-lightbox-title=\"DG_I0000W4s6Bx6f6QQ\" data-e-action-hash=\"#elementor-action%3Aaction%3Dlightbox%26settings%3DeyJpZCI6Mjk2OCwidXJsIjoiaHR0cDpcL1wvc2FpbGluZy1wYWxhdmEuY29tXC93cC1jb250ZW50XC91cGxvYWRzXC8yMDIyXC8wN1wvREdfSTAwMDBXNHM2Qng2ZjZRUS5wbmciLCJzbGlkZXNob3ciOiJhYjY3NzVjIn0%3D\" href='http:\/\/sailing-palava.com\/wp-content\/uploads\/2022\/07\/DG_I0000W4s6Bx6f6QQ.png'><img loading=\"lazy\" decoding=\"async\" width=\"150\" height=\"150\" src=\"http:\/\/sailing-palava.com\/wp-content\/uploads\/2022\/07\/DG_I0000W4s6Bx6f6QQ-150x150.png\" class=\"attachment-thumbnail size-thumbnail\" alt=\"\" srcset=\"http:\/\/sailing-palava.com\/wp-content\/uploads\/2022\/07\/DG_I0000W4s6Bx6f6QQ-150x150.png 150w, http:\/\/sailing-palava.com\/wp-content\/uploads\/2022\/07\/DG_I0000W4s6Bx6f6QQ-500x500.png 500w\" sizes=\"(max-width: 150px) 100vw, 150px\" \/><\/a>\n\t\t\t<\/div><\/figure><figure class='gallery-item'>\n\t\t\t<div class='gallery-icon landscape'>\n\t\t\t\t<a data-elementor-open-lightbox=\"yes\" data-elementor-lightbox-slideshow=\"ab6775c\" data-elementor-lightbox-title=\"DG_I00005AopZRy5sHY\" data-e-action-hash=\"#elementor-action%3Aaction%3Dlightbox%26settings%3DeyJpZCI6Mjk2OSwidXJsIjoiaHR0cDpcL1wvc2FpbGluZy1wYWxhdmEuY29tXC93cC1jb250ZW50XC91cGxvYWRzXC8yMDIyXC8wN1wvREdfSTAwMDA1QW9wWlJ5NXNIWS5wbmciLCJzbGlkZXNob3ciOiJhYjY3NzVjIn0%3D\" href='http:\/\/sailing-palava.com\/wp-content\/uploads\/2022\/07\/DG_I00005AopZRy5sHY.png'><img loading=\"lazy\" decoding=\"async\" width=\"150\" height=\"150\" src=\"http:\/\/sailing-palava.com\/wp-content\/uploads\/2022\/07\/DG_I00005AopZRy5sHY-150x150.png\" class=\"attachment-thumbnail size-thumbnail\" alt=\"\" srcset=\"http:\/\/sailing-palava.com\/wp-content\/uploads\/2022\/07\/DG_I00005AopZRy5sHY-150x150.png 150w, http:\/\/sailing-palava.com\/wp-content\/uploads\/2022\/07\/DG_I00005AopZRy5sHY-500x500.png 500w\" sizes=\"(max-width: 150px) 100vw, 150px\" \/><\/a>\n\t\t\t<\/div><\/figure><figure class='gallery-item'>\n\t\t\t<div class='gallery-icon landscape'>\n\t\t\t\t<a data-elementor-open-lightbox=\"yes\" data-elementor-lightbox-slideshow=\"ab6775c\" data-elementor-lightbox-title=\"IMG-4374\" data-e-action-hash=\"#elementor-action%3Aaction%3Dlightbox%26settings%3DeyJpZCI6Mjk3MCwidXJsIjoiaHR0cDpcL1wvc2FpbGluZy1wYWxhdmEuY29tXC93cC1jb250ZW50XC91cGxvYWRzXC8yMDIyXC8wN1wvSU1HLTQzNzQuanBnIiwic2xpZGVzaG93IjoiYWI2Nzc1YyJ9\" href='http:\/\/sailing-palava.com\/wp-content\/uploads\/2022\/07\/IMG-4374.jpg'><img loading=\"lazy\" decoding=\"async\" width=\"150\" height=\"150\" src=\"http:\/\/sailing-palava.com\/wp-content\/uploads\/2022\/07\/IMG-4374-150x150.jpg\" class=\"attachment-thumbnail size-thumbnail\" alt=\"\" srcset=\"http:\/\/sailing-palava.com\/wp-content\/uploads\/2022\/07\/IMG-4374-150x150.jpg 150w, http:\/\/sailing-palava.com\/wp-content\/uploads\/2022\/07\/IMG-4374-500x500.jpg 500w\" sizes=\"(max-width: 150px) 100vw, 150px\" \/><\/a>\n\t\t\t<\/div><\/figure>\n\t\t<\/div>\n\t\t<\/div>\n\t\t\t\t\t\t<\/div>\n\t\t\t\t<\/div>\n\t\t\t\t\t<\/div>\n\t\t<\/div>\n\t\t\t\t\t<\/div>\n\t\t<\/section>\n\t\t\t\t<\/div>\n\t\t","protected":false},"excerpt":{"rendered":"<p>V&nbsp;holandsk\u00e9m p\u0159\u00edstavu Scheveningen nedaleko Haggu skon\u010dilo ve&nbsp;\u010dtvrtek 14. \u010dervence juniorsk\u00e9 mistrovstv\u00ed sv\u011bta World Sailing \u2013 Youth Sailing World Championship 2022. Cel\u00fd z\u00e1vod se odjel ve slab\u00e9m v\u011btru a siln\u00e9m proudu.N\u00e1\u0161 z\u00e1vodn\u00edk Vojt\u011bch Ko\u0161ka si s dan\u00fdmi podm\u00ednkami poradili dob\u0159e a kon\u010dil na p\u011bkn\u00e9m 4. m\u00edst\u011b o pouh\u00fd bod zaostal za bronzovou medail\u00ed. \u201eOpravdu nebyly jednoduch\u00e9&hellip;<\/p>\n","protected":false},"author":1,"featured_media":2967,"parent":0,"menu_order":0,"comment_status":"closed","ping_status":"closed","template":"","meta":{"footnotes":""},"class_list":["post-2956","page","type-page","status-publish","has-post-thumbnail","hentry"],"_links":{"self":[{"href":"http:\/\/sailing-palava.com\/index.php?rest_route=\/wp\/v2\/pages\/2956","targetHints":{"allow":["GET"]}}],"collection":[{"href":"http:\/\/sailing-palava.com\/index.php?rest_route=\/wp\/v2\/pages"}],"about":[{"href":"http:\/\/sailing-palava.com\/index.php?rest_route=\/wp\/v2\/types\/page"}],"author":[{"embeddable":true,"href":"http:\/\/sailing-palava.com\/index.php?rest_route=\/wp\/v2\/users\/1"}],"replies":[{"embeddable":true,"href":"http:\/\/sailing-palava.com\/index.php?rest_route=%2Fwp%2Fv2%2Fcomments&post=2956"}],"version-history":[{"count":5,"href":"http:\/\/sailing-palava.com\/index.php?rest_route=\/wp\/v2\/pages\/2956\/revisions"}],"predecessor-version":[{"id":3189,"href":"http:\/\/sailing-palava.com\/index.php?rest_route=\/wp\/v2\/pages\/2956\/revisions\/3189"}],"wp:featuredmedia":[{"embeddable":true,"href":"http:\/\/sailing-palava.com\/index.php?rest_route=\/wp\/v2\/media\/2967"}],"wp:attachment":[{"href":"http:\/\/sailing-palava.com\/index.php?rest_route=%2Fwp%2Fv2%2Fmedia&parent=2956"}],"curies":[{"name":"wp","href":"https:\/\/api.w.org\/{rel}","templated":true}]}}