{"id":3086,"date":"2022-11-22T18:19:26","date_gmt":"2022-11-22T17:19:26","guid":{"rendered":"http:\/\/sailing-palava.com\/?page_id=3086"},"modified":"2025-07-30T16:30:36","modified_gmt":"2025-07-30T14:30:36","slug":"sezona_2022","status":"publish","type":"page","link":"http:\/\/sailing-palava.com\/sezona_2022\/","title":{"rendered":"Sezona 2022"},"content":{"rendered":"\t\t<div data-elementor-type=\"wp-page\" data-elementor-id=\"3086\" class=\"elementor elementor-3086\">\n\t\t\t\t\t\t<section class=\"elementor-section elementor-top-section elementor-element elementor-element-bdd3fc1 elementor-section-boxed elementor-section-height-default elementor-section-height-default\" data-id=\"bdd3fc1\" data-element_type=\"section\" data-e-type=\"section\">\n\t\t\t\t\t\t<div class=\"elementor-container elementor-column-gap-default\">\n\t\t\t\t\t<div class=\"elementor-column elementor-col-100 elementor-top-column elementor-element elementor-element-ac3fd8b\" data-id=\"ac3fd8b\" data-element_type=\"column\" data-e-type=\"column\">\n\t\t\t<div class=\"elementor-widget-wrap elementor-element-populated\">\n\t\t\t\t\t\t<div class=\"elementor-element elementor-element-f0c3e51 elementor-widget elementor-widget-heading\" data-id=\"f0c3e51\" data-element_type=\"widget\" data-e-type=\"widget\" data-widget_type=\"heading.default\">\n\t\t\t\t<div class=\"elementor-widget-container\">\n\t\t\t\t\t<h2 class=\"elementor-heading-title elementor-size-default\">Sezona 2022<\/h2>\t\t\t\t<\/div>\n\t\t\t\t<\/div>\n\t\t\t\t\t<\/div>\n\t\t<\/div>\n\t\t\t\t\t<\/div>\n\t\t<\/section>\n\t\t\t\t<section class=\"elementor-section elementor-top-section elementor-element elementor-element-fe834c1 elementor-section-boxed elementor-section-height-default elementor-section-height-default\" data-id=\"fe834c1\" data-element_type=\"section\" data-e-type=\"section\">\n\t\t\t\t\t\t<div class=\"elementor-container elementor-column-gap-default\">\n\t\t\t\t\t<div class=\"elementor-column elementor-col-33 elementor-top-column elementor-element elementor-element-dc0b7d0\" data-id=\"dc0b7d0\" data-element_type=\"column\" data-e-type=\"column\">\n\t\t\t<div class=\"elementor-widget-wrap elementor-element-populated\">\n\t\t\t\t\t\t<div class=\"elementor-element elementor-element-bb56010 elementor-widget elementor-widget-heading\" data-id=\"bb56010\" data-element_type=\"widget\" data-e-type=\"widget\" data-widget_type=\"heading.default\">\n\t\t\t\t<div class=\"elementor-widget-container\">\n\t\t\t\t\t<h3 class=\"elementor-heading-title elementor-size-default\">Vojt\u011bch Ko\u0161ka<\/h3>\t\t\t\t<\/div>\n\t\t\t\t<\/div>\n\t\t\t\t\t<\/div>\n\t\t<\/div>\n\t\t\t\t<div class=\"elementor-column elementor-col-66 elementor-top-column elementor-element elementor-element-d5ccb89\" data-id=\"d5ccb89\" data-element_type=\"column\" data-e-type=\"column\">\n\t\t\t<div class=\"elementor-widget-wrap elementor-element-populated\">\n\t\t\t\t\t\t<div class=\"elementor-element elementor-element-bf577d9 elementor-widget elementor-widget-text-editor\" data-id=\"bf577d9\" data-element_type=\"widget\" data-e-type=\"widget\" data-widget_type=\"text-editor.default\">\n\t\t\t\t<div class=\"elementor-widget-container\">\n\t\t\t\t\t\t\t\t\t<p class=\"MsoNormal\"><strong>World Trofeo Princesa Sofia, Palma, Mallorca 1.- 9.4.2022<\/strong><\/p><p>open sv\u011btov\u00fd poh\u00e1r jachta\u0159sk\u00fdch sport\u016f olympijsk\u00fdch t\u0159\u00edd<\/p><p>celkov\u00fd po\u010det jezdc\u016f: 75<\/p><p>celkov\u011b n\u00e1rod\u016f: 23<\/p><p>um\u00edst\u011bn\u00ed: 41<\/p><p>po\u0159ad\u00ed v n\u00e1rodech: 18<\/p><p>po\u0159ad\u00ed v Evrop\u011b: 13<\/p><p>V\u00fdsledky: <a href=\"https:\/\/www.trofeoprincesasofia.org\/en\/default\/races\/race-resultsall\">https:\/\/www.trofeoprincesasofia.org\/en\/default\/races\/race-resultsall<\/a><\/p><p>\u00a0<\/p><p><strong>World Semaine Olympique Fran\u00e7aise, Hy\u00e9res, Francie 23.- 30.4.2022<\/strong><\/p><p>open sv\u011btov\u00fd poh\u00e1r jachta\u0159sk\u00fdch sport\u016f olympijsk\u00fdch t\u0159\u00edd<\/p><p>celkov\u00fd po\u010det jezdc\u016f: 68<\/p><p>celkov\u011b n\u00e1rod\u016f: 23<\/p><p>um\u00edst\u011bn\u00ed: 37<\/p><p>po\u0159ad\u00ed v n\u00e1rodech: 18<\/p><p>po\u0159ad\u00ed v Evrop\u011b: 12<\/p><p>V\u00fdsledky: <a href=\"https:\/\/sof.ffvoile.fr\/results\/\">https:\/\/sof.ffvoile.fr\/results\/<\/a><\/p><p>\u00a0<\/p><p><strong>Formula Kite World Youth (U21) Championships, Torregrande, Sardinie 16.- 22.5.2022<\/strong><\/p><p>nomina\u010dn\u00ed z\u00e1vod, mistrovstv\u00ed sv\u011bta kategorie do 21 let, olympijsk\u00e1 t\u0159\u00edda<\/p><p>celkov\u00fd po\u010det jezdc\u016f: 42<\/p><p>celkov\u011b n\u00e1rod\u016f: 19<\/p><p>um\u00edst\u011bn\u00ed: 5<\/p><p>po\u0159ad\u00ed v n\u00e1rodech: 5<\/p><p>po\u0159ad\u00ed v Evrop\u011b: 3<\/p><p>V\u00fdsledky: <a href=\"https:\/\/www.formulakite.org\/2022YouthWorlds\">https:\/\/www.formulakite.org\/2022YouthWorlds<\/a><\/p><p>Media:<a href=\"https:\/\/www.sailing.cz\/clanky\/skvele-pate-misto-pro-vojtecha-kosku-na-juniorskem-mistrovstvi-sveta-volympijskem-kiteboardingu\">https:\/\/www.sailing.cz\/clanky\/skvele-pate-misto-pro-vojtecha-kosku-na-juniorskem-mistrovstvi-sveta-volympijskem-kiteboardingu<\/a><\/p><p>\u00a0<\/p><p><strong>Hempel World Cup Allianz Regatta, Almere, Holandsko 31.5.- 5.6.2022<\/strong><\/p><p>open sv\u011btov\u00fd poh\u00e1r jachta\u0159sk\u00fdch sport\u016f olympijsk\u00fdch t\u0159\u00edd<\/p><p>celkov\u00fd po\u010det jezdc\u016f: 48<\/p><p>po\u010det n\u00e1rod\u016f: 25<\/p><p>um\u00edst\u011bn\u00ed: 10<\/p><p>po\u0159ad\u00ed v n\u00e1rodech: 7<\/p><p>po\u0159ad\u00ed v Evrop\u011b: 7<\/p><p>V\u00fdsledky:<a href=\"https:\/\/www.manage2sail.com\/en-US\/event\/AR22#!\/results?classId=7d65a872-811b-47c2-9847-5a4167a92511\">https:\/\/www.manage2sail.com\/en-US\/event\/AR22#!\/results?classId=7d65a872-811b-47c2-9847-5a4167a92511<\/a><\/p><p>Media:<a href=\"https:\/\/www.sailing.cz\/clanky\/allianz-regatta-dalsi-skvely-zavod-kiteboardisty-vojtecha-kosky\">https:\/\/www.sailing.cz\/clanky\/allianz-regatta-dalsi-skvely-zavod-kiteboardisty-vojtecha-kosky<\/a><\/p><p>\u00a0<\/p><p><strong>World KiteFoil Series, Traunsee, Rakousko 15.- 19.6.2022<\/strong><\/p><p>nomina\u010dn\u00ed s\u00e9rie sv\u011btov\u00fd poh\u00e1r<\/p><p>celkov\u00fd po\u010det jezdc\u016f: 34<\/p><p>po\u010det n\u00e1rod\u016f: 21<\/p><p>um\u00edst\u011bn\u00ed: 32 (nedokon\u010dil z\u00e1vod pro nemoc)<\/p><p>po\u0159ad\u00ed v n\u00e1rodech: 20<\/p><p>V\u00fdsledky: <a href=\"https:\/\/kitefoilworldseries.com\/2022Traunsee\">https:\/\/kitefoilworldseries.com\/2022Traunsee<\/a><\/p><p>\u00a0<\/p><p><strong>Youth Sailing World Championships, Hague, Holandsko 8.- 15.7.2022<\/strong><\/p><p>nomina\u010dn\u00ed mistrovstv\u00ed sv\u011bta jachta\u0159sk\u00fdch sport\u016f olympijsk\u00fdch t\u0159\u00edd, kategorie do 19 let<\/p><p>celkov\u00fd po\u010det jezdc\u016f: 19<\/p><p>po\u010det n\u00e1rod\u016f: 19<\/p><p>um\u00edst\u011bn\u00ed: 4<\/p><p>po\u0159ad\u00ed v n\u00e1rodech: 4<\/p><p>po\u0159ad\u00ed v Evrop\u011b: 3<\/p><p>V\u00fdsledky: <a href=\"https:\/\/worldsailingywc.org\/results\/\">https:\/\/worldsailingywc.org\/results\/<\/a><\/p><p>Media:<a href=\"https:\/\/www.sailing.cz\/clanky\/cesky-tym-na-startu-juniorskeho-mistrovstvi-sveta-v-haagu-youth-sailing-world-championship-2022\">https:\/\/www.sailing.cz\/clanky\/cesky-tym-na-startu-juniorskeho-mistrovstvi-sveta-v-haagu-youth-sailing-world-championship-2022<\/a><\/p><p>\u00a0<\/p><p><strong>World KiteFoil Series, Gizzerie, It\u00e1lie 20.- 24.7.2022<\/strong><\/p><p>nomina\u010dn\u00ed s\u00e9rie sv\u011btov\u00fd poh\u00e1r<\/p><p>celkov\u00fd po\u010det jezdc\u016f: 49<\/p><p>po\u010det n\u00e1rod\u016f: 20<\/p><p>um\u00edst\u011bn\u00ed: 16<\/p><p>po\u0159ad\u00ed v n\u00e1rodech: 12<\/p><p>po\u0159ad\u00ed v EU 7<\/p><p>V\u00fdsledky: <a href=\"https:\/\/kitefoilworldseries.com\/2022Gizzeria\">https:\/\/kitefoilworldseries.com\/2022Gizzeria<\/a><\/p><p>Media:<a href=\"https:\/\/www.sailing.cz\/clanky\/kite-foil-world-series\">https:\/\/www.sailing.cz\/clanky\/kite-foil-world-series<\/a><\/p><p>\u00a0<\/p><p><strong>Formula Kite European Championships, Nafpaktos, \u0158ecko 24.9.- 2.10.2022<\/strong><\/p><p>nomina\u010dn\u00ed open mistrovstv\u00ed Evropy, olympijsk\u00e1 t\u0159\u00edda<\/p><p>celkov\u00fd po\u010det jezdc\u016f: 90<\/p><p>po\u010det n\u00e1rod\u016f: 39<\/p><p>um\u00edst\u011bn\u00ed: 56<\/p><p>po\u0159ad\u00ed v n\u00e1rodech: 27<\/p><p>po\u0159ad\u00ed v Evrop\u011b: 16<\/p><p>V\u00fdsledky: <a href=\"https:\/\/formulakite.org\/2022europeans\">https:\/\/formulakite.org\/2022europeans<\/a><\/p><p>Media:<a href=\"https:\/\/www.sailing.cz\/clanky\/mistrovstvi-evropy-tridy-formula-kite\">https:\/\/www.sailing.cz\/clanky\/mistrovstvi-evropy-tridy-formula-kite<\/a><\/p><p>\u00a0<\/p><p><strong>Formula Kite World Championships, Cagliari, Sardinie 8.-16.10.2022<\/strong><\/p><p>nomina\u010dn\u00ed mistrovstv\u00ed sv\u011bta, olympijsk\u00e1 t\u0159\u00edda<\/p><p>celkov\u00fd po\u010det jezdc\u016f: 92<\/p><p>po\u010det n\u00e1rod\u016f: 44<\/p><p>um\u00edst\u011bn\u00ed: 31<\/p><p>po\u0159ad\u00ed v n\u00e1rodech: 16<\/p><p>po\u0159ad\u00ed v Evrop\u011b: 12<\/p><p>V\u00fdsledky: <a href=\"https:\/\/formulakite.org\/2022worlds\">https:\/\/formulakite.org\/2022worlds<\/a><\/p><p>Media:<a href=\"https:\/\/www.sailing.cz\/clanky\/mistrovstvi-sveta-volympijskem-kiteboardingu-na-sardinii\">https:\/\/www.sailing.cz\/clanky\/mistrovstvi-sveta-volympijskem-kiteboardingu-na-sardinii<\/a><\/p>\t\t\t\t\t\t\t\t<\/div>\n\t\t\t\t<\/div>\n\t\t\t\t\t<\/div>\n\t\t<\/div>\n\t\t\t\t\t<\/div>\n\t\t<\/section>\n\t\t\t\t<section class=\"elementor-section elementor-top-section elementor-element elementor-element-df43b7e elementor-section-boxed elementor-section-height-default elementor-section-height-default\" data-id=\"df43b7e\" data-element_type=\"section\" data-e-type=\"section\">\n\t\t\t\t\t\t<div class=\"elementor-container elementor-column-gap-default\">\n\t\t\t\t\t<div class=\"elementor-column elementor-col-33 elementor-top-column elementor-element elementor-element-492c4b8\" data-id=\"492c4b8\" data-element_type=\"column\" data-e-type=\"column\">\n\t\t\t<div class=\"elementor-widget-wrap elementor-element-populated\">\n\t\t\t\t\t\t<div class=\"elementor-element elementor-element-6c76093 elementor-widget elementor-widget-heading\" data-id=\"6c76093\" data-element_type=\"widget\" data-e-type=\"widget\" data-widget_type=\"heading.default\">\n\t\t\t\t<div class=\"elementor-widget-container\">\n\t\t\t\t\t<h3 class=\"elementor-heading-title elementor-size-default\">Dominika Braunov\u00e1<\/h3>\t\t\t\t<\/div>\n\t\t\t\t<\/div>\n\t\t\t\t\t<\/div>\n\t\t<\/div>\n\t\t\t\t<div class=\"elementor-column elementor-col-66 elementor-top-column elementor-element elementor-element-2cdc183\" data-id=\"2cdc183\" data-element_type=\"column\" data-e-type=\"column\">\n\t\t\t<div class=\"elementor-widget-wrap elementor-element-populated\">\n\t\t\t\t\t\t<div class=\"elementor-element elementor-element-ae21e7f elementor-widget elementor-widget-text-editor\" data-id=\"ae21e7f\" data-element_type=\"widget\" data-e-type=\"widget\" data-widget_type=\"text-editor.default\">\n\t\t\t\t<div class=\"elementor-widget-container\">\n\t\t\t\t\t\t\t\t\t<p><strong>World KiteFoil Series, Traunsee, Rakousko 15.- 19.6.2022<\/strong><\/p><p>nomina\u010dn\u00ed s\u00e9rie sv\u011btov\u00fd poh\u00e1r<\/p><p>celkov\u00fd po\u010det jezdky\u0148: 21<\/p><p>po\u010det n\u00e1rod\u016f: 13<\/p><p>um\u00edst\u011bn\u00ed: 18<\/p><p>po\u0159ad\u00ed v n\u00e1rodech: 11<\/p><p>Results: <a href=\"https:\/\/kitefoilworldseries.com\/2022Traunsee\">https:\/\/kitefoilworldseries.com\/2022Traunsee<\/a><\/p><p>\u00a0<\/p><p><strong>Formula Kite Grand Prix, Garda, It\u00e1lie, 24.-26.6.2022<\/strong><\/p><p>celkov\u00fd po\u010det jezdky\u0148: 26<\/p><p>um\u00edst\u011bn\u00ed: 25<\/p><p>Results: <a href=\"https:\/\/www.campioneunivela.it\/site\/assets\/files\/1852\/woman.pdf\">https:\/\/www.campioneunivela.it\/site\/assets\/files\/1852\/woman.pdf<\/a><\/p><p>\u00a0<\/p><p><strong>World KiteFoil Series, Gizzerie, It\u00e1lie 20.- 24.7.2022<\/strong><\/p><p>nomina\u010dn\u00ed s\u00e9rie sv\u011btov\u00fd poh\u00e1r<\/p><p>celkov\u00fd po\u010det jezdky\u0148: 34<\/p><p>po\u010det n\u00e1rod\u016f: 17<\/p><p>um\u00edst\u011bn\u00ed: 30<\/p><p>po\u0159ad\u00ed v n\u00e1rodech: 15<\/p><p>Results: <a href=\"https:\/\/kitefoilworldseries.com\/2022Gizzeria\">https:\/\/kitefoilworldseries.com\/2022Gizzeria<\/a><\/p><p>Media:<a href=\"https:\/\/www.sailing.cz\/clanky\/kite-foil-world-series\">https:\/\/www.sailing.cz\/clanky\/kite-foil-world-series<\/a><\/p><p>\u00a0<\/p><p><strong>HAAG, test event, Formula Kite<\/strong><\/p><p>soust\u0159ed\u011bn\u00ed n\u00e1rod\u016f, zakon\u010den\u00e9 testovac\u00edm z\u00e1vodem pro Mistrovstv\u00ed Sv\u011bta 2023 a nominaci na LOH 2024<\/p><p>Haag, Holandsko, 12.8.-21.8.2022<\/p><p>celkov\u00fd po\u010det jezdky\u0148: 23<\/p><p>po\u010det n\u00e1rod\u016f: 16<\/p><p>um\u00edst\u011bn\u00ed: 21<\/p><p>po\u0159ad\u00ed v n\u00e1rodech: 15<\/p><p>Results: <a href=\"https:\/\/www.manage2sail.com\/en-US\/Home\/ResultsFragment\/event\/4a35068d-28db-46d1-8e22-deb58c21f9c7\/regatta\/?fbclid=IwAR2-nMpd0_KGD5SBwS7I074eBlPGVQFfqqtvsDIQ2yHGULUD9KBKSw4Kjgs#!\/?classId=634a8356-7cfc-4606-9696-595400bc7fdc\">https:\/\/www.manage2sail.com\/en-US\/Home\/ResultsFragment\/event\/4a35068d-28db-46d1-8e22-deb58c21f9c7\/regatta\/?fbclid=IwAR2-nMpd0_KGD5SBwS7I074eBlPGVQFfqqtvsDIQ2yHGULUD9KBKSw4Kjgs#!\/?classId=634a8356-7cfc-4606-9696-595400bc7fdc<\/a><\/p><p>\u00a0<\/p><p><strong>Formula Kite European Championships, Nafpaktos, \u0158ecko 24.9.- 2.10.2022<\/strong><\/p><p>nomina\u010dn\u00ed open mistrovstv\u00ed Evropy, olympijsk\u00e1 t\u0159\u00edda kiteboarding<\/p><p>celkov\u00fd po\u010det jezdky\u0148: 47<\/p><p>po\u010det n\u00e1rod\u016f: 25<\/p><p>um\u00edst\u011bn\u00ed: 39<\/p><p>po\u0159ad\u00ed v n\u00e1rodech: 22<\/p><p>Results: <a href=\"https:\/\/formulakite.org\/2022europeans\">https:\/\/formulakite.org\/2022europeans<\/a><\/p><p>Media:<a href=\"https:\/\/www.sailing.cz\/clanky\/mistrovstvi-evropy-tridy-formula-kite\">https:\/\/www.sailing.cz\/clanky\/mistrovstvi-evropy-tridy-formula-kite<\/a><\/p><p>\u00a0<\/p><p><strong>Formula Kite World Championships,\u00a0 Cagliari, Sardinie (ITA)\u00a0 8.-16.10.2022<\/strong><\/p><p>nomina\u010dn\u00ed mistrovstv\u00ed sv\u011bta, olympijsk\u00e1 t\u0159\u00edda kiteboarding<\/p><p>celkov\u00fd po\u010det jezdky\u0148: 58<\/p><p>po\u010det n\u00e1rod\u016f: 27<\/p><p>um\u00edst\u011bn\u00ed: 44<\/p><p>po\u0159ad\u00ed v n\u00e1rodech: 21<\/p><p>Results: <a href=\"https:\/\/www.formulakite.org\/2022worlds\">https:\/\/www.formulakite.org\/2022worlds<\/a><\/p><p>Media: <a href=\"https:\/\/www.sailing.cz\/clanky\/mistrovstvi-sveta-volympijskem-kiteboardingu-na-sardinii\">https:\/\/www.sailing.cz\/clanky\/mistrovstvi-sveta-volympijskem-kiteboardingu-na-sardinii<\/a><\/p><p>\u00a0<\/p><p><strong>World Sailing Ranking \u2013 aktualizov\u00e1no t\u010d k 13.8.2022<\/strong><\/p><p>T\u0159\u00edda Formula Kite women<\/p><p>Pozice v \u017eeb\u0159\u00ed\u010dku: 80<\/p><p>Celkov\u00fd po\u010det \u017een v \u017eeb\u0159\u00ed\u010dku: 81<\/p><p><a href=\"https:\/\/www.sailing.org\/rankings\/fleet-racing\/\">https:\/\/www.sailing.org\/rankings\/fleet-racing\/<\/a><\/p>\t\t\t\t\t\t\t\t<\/div>\n\t\t\t\t<\/div>\n\t\t\t\t\t<\/div>\n\t\t<\/div>\n\t\t\t\t\t<\/div>\n\t\t<\/section>\n\t\t\t\t<section class=\"elementor-section elementor-top-section elementor-element elementor-element-928aa72 elementor-section-boxed elementor-section-height-default elementor-section-height-default\" data-id=\"928aa72\" data-element_type=\"section\" data-e-type=\"section\">\n\t\t\t\t\t\t<div class=\"elementor-container elementor-column-gap-default\">\n\t\t\t\t\t<div class=\"elementor-column elementor-col-33 elementor-top-column elementor-element elementor-element-04b460f\" data-id=\"04b460f\" data-element_type=\"column\" data-e-type=\"column\">\n\t\t\t<div class=\"elementor-widget-wrap elementor-element-populated\">\n\t\t\t\t\t\t<div class=\"elementor-element elementor-element-d3542a0 elementor-widget elementor-widget-heading\" data-id=\"d3542a0\" data-element_type=\"widget\" data-e-type=\"widget\" data-widget_type=\"heading.default\">\n\t\t\t\t<div class=\"elementor-widget-container\">\n\t\t\t\t\t<h3 class=\"elementor-heading-title elementor-size-default\">Monika \u017di\u017elavsk\u00e1<\/h3>\t\t\t\t<\/div>\n\t\t\t\t<\/div>\n\t\t\t\t\t<\/div>\n\t\t<\/div>\n\t\t\t\t<div class=\"elementor-column elementor-col-66 elementor-top-column elementor-element elementor-element-e8a0048\" data-id=\"e8a0048\" data-element_type=\"column\" data-e-type=\"column\">\n\t\t\t<div class=\"elementor-widget-wrap elementor-element-populated\">\n\t\t\t\t\t\t<div class=\"elementor-element elementor-element-88b53f9 elementor-widget elementor-widget-text-editor\" data-id=\"88b53f9\" data-element_type=\"widget\" data-e-type=\"widget\" data-widget_type=\"text-editor.default\">\n\t\t\t\t<div class=\"elementor-widget-container\">\n\t\t\t\t\t\t\t\t\t<p><strong>World Trofeo Princesa Sofia, Palma, Mallorca 1.- 9.4.2022<\/strong><\/p><p>open sv\u011btov\u00fd poh\u00e1r sailingov\u00fdch sport\u016f olympijsk\u00fdch t\u0159\u00edd<\/p><p>celkov\u00fd po\u010det jezdky\u0148: 38<\/p><p>celkov\u011b n\u00e1rod\u016f: 14<\/p><p>um\u00edst\u011bn\u00ed: 36<\/p><p>po\u0159ad\u00ed v n\u00e1rodech: 13<\/p><p>Results: <a href=\"https:\/\/www.trofeoprincesasofia.org\/en\/default\/races\/race-resultsall\">https:\/\/www.trofeoprincesasofia.org\/en\/default\/races\/race-resultsall<\/a><\/p><p>\u00a0<\/p><p><strong>World Semaine Olympique Fran\u00e7aise, Hyeres, Francie\u00a0 23.- 30.4.2022<\/strong><\/p><p>open sv\u011btov\u00fd poh\u00e1r sailingov\u00fdch sport\u016f olympijsk\u00fdch t\u0159\u00edd<\/p><p>celkov\u00fd po\u010det jezdky\u0148: 42<\/p><p>celkov\u011b n\u00e1rod\u016f: 17<\/p><p>um\u00edst\u011bn\u00ed: 39<\/p><p>po\u0159ad\u00ed v n\u00e1rodech: 16<\/p><p>Results: <a href=\"https:\/\/sof.ffvoile.fr\/results\/\">https:\/\/sof.ffvoile.fr\/results\/<\/a><\/p><p>\u00a0<\/p><p><strong>Hempel World Cup Allianz Regatta, Almere, Holandsko 31.5.- 5.6.2022<\/strong><\/p><p>open sv\u011btov\u00fd poh\u00e1r sailingov\u00fdch sport\u016f olympijsk\u00fdch t\u0159\u00edd<\/p><p>celkov\u00fd po\u010det jezdky\u0148: 26<\/p><p>po\u010det n\u00e1rod\u016f: 18<\/p><p>um\u00edst\u011bn\u00ed: 21<\/p><p>po\u0159ad\u00ed v n\u00e1rodech: 15<\/p><p>Results: <a href=\"https:\/\/www.manage2sail.com\/en-US\/event\/AR22#!\/results?classId=7d65a872-811b-47c2-9847-5a4167a92511\">https:\/\/www.manage2sail.com\/en-US\/event\/AR22#!\/results?classId=7d65a872-811b-47c2-9847-5a4167a92511<\/a><\/p><p>\u00a0<\/p><p><strong>World KiteFoil Series, Traunsee, Rakousko 15.- 19.6.2022<\/strong><\/p><p>nomina\u010dn\u00ed s\u00e9rie sv\u011btov\u00fd poh\u00e1r<\/p><p>celkov\u00fd po\u010det jezdky\u0148: 21<\/p><p>po\u010det n\u00e1rod\u016f: 13<\/p><p>um\u00edst\u011bn\u00ed: 17<\/p><p>po\u0159ad\u00ed v n\u00e1rodech: 11<\/p><p>Results: <a href=\"https:\/\/kitefoilworldseries.com\/2022Traunsee\">https:\/\/kitefoilworldseries.com\/2022Traunsee<\/a><\/p><p>\u00a0<\/p><p><strong>HAAG, test event, Formula Kite<\/strong><\/p><p>soust\u0159ed\u011bn\u00ed n\u00e1rod\u016f, zakon\u010den\u00e9 testovac\u00edm z\u00e1vodem pro Mistrovstv\u00ed Sv\u011bta 2023 a nominaci na LOH 2024<\/p><p>Haag, Holandsko, 12.8.-21.8.2022<\/p><p>celkov\u00fd po\u010det jezdky\u0148: 23<\/p><p>po\u010det n\u00e1rod\u016f: 16<\/p><p>um\u00edst\u011bn\u00ed: 19<\/p><p>po\u0159ad\u00ed v n\u00e1rodech: 14<\/p><p>Results: <a href=\"https:\/\/www.manage2sail.com\/en-US\/Home\/ResultsFragment\/event\/4a35068d-28db-46d1-8e22-deb58c21f9c7\/regatta\/?fbclid=IwAR2-nMpd0_KGD5SBwS7I074eBlPGVQFfqqtvsDIQ2yHGULUD9KBKSw4Kjgs#!\/?classId=634a8356-7cfc-4606-9696-595400bc7fdc\">https:\/\/www.manage2sail.com\/en-US\/Home\/ResultsFragment\/event\/4a35068d-28db-46d1-8e22-deb58c21f9c7\/regatta\/?fbclid=IwAR2-nMpd0_KGD5SBwS7I074eBlPGVQFfqqtvsDIQ2yHGULUD9KBKSw4Kjgs#!\/?classId=634a8356-7cfc-4606-9696-595400bc7fdc<\/a><\/p><p>\u00a0<\/p><p><strong>Formula Kite European Championships, Nafpaktos, \u0158ecko 24.9.- 2.10.2022<\/strong><\/p><p>nomina\u010dn\u00ed open mistrovstv\u00ed Evropy, olympijsk\u00e1 t\u0159\u00edda kiteboarding<\/p><p>celkov\u00fd po\u010det jezdky\u0148: 47<\/p><p>po\u010det n\u00e1rod\u016f: 25<\/p><p>um\u00edst\u011bn\u00ed: 40<\/p><p>po\u0159ad\u00ed v n\u00e1rodech: 22<\/p><p>Results: <a href=\"https:\/\/formulakite.org\/2022europeans\">https:\/\/formulakite.org\/2022europeans<\/a><\/p><p>Media:<a href=\"https:\/\/www.sailing.cz\/clanky\/mistrovstvi-evropy-tridy-formula-kite\">https:\/\/www.sailing.cz\/clanky\/mistrovstvi-evropy-tridy-formula-kite<\/a><\/p><p>\u00a0<\/p><p><strong>Formula Kite World Championships,\u00a0 Cagliari, Sardinie (ITA)\u00a0 8.-16.10.2022<\/strong><\/p><p>nomina\u010dn\u00ed mistrovstv\u00ed sv\u011bta, olympijsk\u00e1 t\u0159\u00edda kiteboarding<\/p><p>celkov\u00fd po\u010det jezdky\u0148: 58<\/p><p>po\u010det n\u00e1rod\u016f: 27<\/p><p>um\u00edst\u011bn\u00ed: 46<\/p><p>po\u0159ad\u00ed v n\u00e1rodech: 21<\/p><p>Results: <a href=\"https:\/\/www.formulakite.org\/2022worlds\">https:\/\/www.formulakite.org\/2022worlds<\/a><\/p><p>Media: <a href=\"https:\/\/www.sailing.cz\/clanky\/mistrovstvi-sveta-volympijskem-kiteboardingu-na-sardinii\">https:\/\/www.sailing.cz\/clanky\/mistrovstvi-sveta-volympijskem-kiteboardingu-na-sardinii<\/a><\/p><p>\u00a0<\/p><p><strong>World Sailing Ranking \u2013 aktualizov\u00e1no t\u010d k 13.8.2022<\/strong><\/p><p>T\u0159\u00edda Formula Kite women<\/p><p>Pozice v \u017eeb\u0159\u00ed\u010dku: 42<\/p><p>Celkov\u00fd po\u010det \u017een v \u017eeb\u0159\u00ed\u010dku: 81<\/p><p><a href=\"https:\/\/www.sailing.org\/rankings\/fleet-racing\/\">https:\/\/www.sailing.org\/rankings\/fleet-racing\/<\/a><\/p>\t\t\t\t\t\t\t\t<\/div>\n\t\t\t\t<\/div>\n\t\t\t\t\t<\/div>\n\t\t<\/div>\n\t\t\t\t\t<\/div>\n\t\t<\/section>\n\t\t\t\t<\/div>\n\t\t","protected":false},"excerpt":{"rendered":"<p>Sezona 2022 Vojt\u011bch Ko\u0161ka World Trofeo Princesa Sofia, Palma, Mallorca 1.- 9.4.2022 open sv\u011btov\u00fd poh\u00e1r jachta\u0159sk\u00fdch sport\u016f olympijsk\u00fdch t\u0159\u00edd celkov\u00fd po\u010det jezdc\u016f: 75 celkov\u011b n\u00e1rod\u016f: 23 um\u00edst\u011bn\u00ed: 41 po\u0159ad\u00ed v n\u00e1rodech: 18 po\u0159ad\u00ed v Evrop\u011b: 13 V\u00fdsledky: https:\/\/www.trofeoprincesasofia.org\/en\/default\/races\/race-resultsall \u00a0 World Semaine Olympique Fran\u00e7aise, Hy\u00e9res, Francie 23.- 30.4.2022 open sv\u011btov\u00fd poh\u00e1r jachta\u0159sk\u00fdch sport\u016f olympijsk\u00fdch t\u0159\u00edd celkov\u00fd&hellip;<\/p>\n","protected":false},"author":1,"featured_media":0,"parent":0,"menu_order":0,"comment_status":"closed","ping_status":"closed","template":"","meta":{"footnotes":""},"class_list":["post-3086","page","type-page","status-publish","hentry"],"_links":{"self":[{"href":"http:\/\/sailing-palava.com\/wp-json\/wp\/v2\/pages\/3086","targetHints":{"allow":["GET"]}}],"collection":[{"href":"http:\/\/sailing-palava.com\/wp-json\/wp\/v2\/pages"}],"about":[{"href":"http:\/\/sailing-palava.com\/wp-json\/wp\/v2\/types\/page"}],"author":[{"embeddable":true,"href":"http:\/\/sailing-palava.com\/wp-json\/wp\/v2\/users\/1"}],"replies":[{"embeddable":true,"href":"http:\/\/sailing-palava.com\/wp-json\/wp\/v2\/comments?post=3086"}],"version-history":[{"count":10,"href":"http:\/\/sailing-palava.com\/wp-json\/wp\/v2\/pages\/3086\/revisions"}],"predecessor-version":[{"id":4015,"href":"http:\/\/sailing-palava.com\/wp-json\/wp\/v2\/pages\/3086\/revisions\/4015"}],"wp:attachment":[{"href":"http:\/\/sailing-palava.com\/wp-json\/wp\/v2\/media?parent=3086"}],"curies":[{"name":"wp","href":"https:\/\/api.w.org\/{rel}","templated":true}]}}