{"id":3253,"date":"2025-05-06T19:18:15","date_gmt":"2025-05-06T17:18:15","guid":{"rendered":"https:\/\/sailing-palava.com\/?page_id=3253"},"modified":"2025-05-07T11:55:54","modified_gmt":"2025-05-07T09:55:54","slug":"https-sailing-palava-com-wp-admin-post-phppost3253actionedittextsailing-palava-com-page_id3253","status":"publish","type":"page","link":"http:\/\/sailing-palava.com\/?page_id=3253","title":{"rendered":"Souboj o medaile na sv\u011btov\u00e9m poh\u00e1ru na Mallorce"},"content":{"rendered":"\t\t<div data-elementor-type=\"wp-page\" data-elementor-id=\"3253\" class=\"elementor elementor-3253\">\n\t\t\t\t\t\t<section class=\"elementor-section elementor-top-section elementor-element elementor-element-26c9bb5 elementor-section-boxed elementor-section-height-default elementor-section-height-default\" data-id=\"26c9bb5\" data-element_type=\"section\" data-e-type=\"section\">\n\t\t\t\t\t\t<div class=\"elementor-container elementor-column-gap-default\">\n\t\t\t\t\t<div class=\"elementor-column elementor-col-50 elementor-top-column elementor-element elementor-element-ad41094\" data-id=\"ad41094\" data-element_type=\"column\" data-e-type=\"column\">\n\t\t\t<div class=\"elementor-widget-wrap elementor-element-populated\">\n\t\t\t\t\t\t<div class=\"elementor-element elementor-element-54cea8a elementor-widget elementor-widget-text-editor\" data-id=\"54cea8a\" data-element_type=\"widget\" data-e-type=\"widget\" data-widget_type=\"text-editor.default\">\n\t\t\t\t<div class=\"elementor-widget-container\">\n\t\t\t\t\t\t\t\t\t<div dir=\"auto\" style=\"font-family: inherit; animation-name: none!important; transition-property: none!important;\"><p class=\"-wm-MsoNormal\" style=\"margin-bottom: 0cm; line-height: normal; background-image: initial; background-position: initial; background-size: initial; background-repeat: initial; background-attachment: initial; background-origin: initial; background-clip: initial;\"><strong><span style=\"font-size: 12pt; font-family: Arial, sans-serif; color: #000080; background: whitesmoke;\">Souboj o medaile na sv\u011btov\u00e9m poh\u00e1ru na Mallorce<\/span><\/strong><\/p><div>\u00a0<\/div><div>\u00a0<\/div><p class=\"-wm-MsoNormal\" style=\"margin-bottom: 0cm; line-height: normal; background-image: initial; background-position: initial; background-size: initial; background-repeat: initial; background-attachment: initial; background-origin: initial; background-clip: initial;\"><span style=\"font-size: 12pt; font-family: 'Arial',sans-serif; mso-fareast-font-family: 'Times New Roman'; color: #003399; mso-fareast-language: CS;\">54 TROFEO S.A.R. Princessa Sofia<\/span><\/p><p>\u00a0<\/p><p class=\"-wm-MsoNormal\" style=\"margin-bottom: 0cm; line-height: normal; background-image: initial; background-position: initial; background-size: initial; background-repeat: initial; background-attachment: initial; background-origin: initial; background-clip: initial;\"><span style=\"font-size: 12pt; line-height: 107%; font-family: 'Arial',sans-serif; mso-fareast-font-family: 'Times New Roman'; color: #003399; mso-fareast-language: CS;\">28. 3.\u20135. 4. 2025<\/span><\/p><p class=\"-wm-MsoNormal\" style=\"margin-bottom: 0cm; line-height: normal; background-image: initial; background-position: initial; background-size: initial; background-repeat: initial; background-attachment: initial; background-origin: initial; background-clip: initial;\"><span style=\"font-size: 12pt; line-height: 107%; font-family: 'Arial',sans-serif; mso-fareast-font-family: 'Times New Roman'; color: #003399; mso-fareast-language: CS;\">\u00a0<\/span><\/p><p>\u00a0<\/p><p style=\"font-weight: 400;\">Leto\u0161n\u00ed prvn\u00ed sv\u011btov\u00fd poh\u00e1r se konal tradi\u010dn\u011b na p\u0159elomu b\u0159ezna a dubna na Mallorce. Vojta Ko\u0161ka\u00a0p\u0159edvedl skv\u011bl\u00fd v\u00fdkon. Po celou dobu z\u00e1vodu se dr\u017eel v\u00a0prvn\u00ed p\u011btce a probojoval se do z\u00e1v\u011bre\u010dn\u00fdch fin\u00e1lov\u00fdch souboj\u016f o medaile. \u00a0<\/p><p style=\"font-weight: 400;\">\u00a0<\/p><p style=\"font-weight: 400;\">Na startu bylo 63 t\u011bch nejlep\u0161\u00edch kiter\u016f sv\u011bta. Vojta do fin\u00e1lov\u00e9ho dne postupoval ze \u010dtvrt\u00e9ho m\u00edst. Bohu\u017eel ve \u010dtvrtfin\u00e1le dojel t\u0159et\u00ed, a to znamenalo konec medailov\u00fdch nad\u011bj\u00ed a celkov\u00e9 sedm\u00e9 m\u00edsto! I to je ov\u0161em naprosto fenomen\u00e1ln\u00ed v\u00fdsledek.<\/p><p style=\"font-weight: 400;\">\u00a0<\/p><p style=\"font-weight: 400;\"><em>\u201eV\u00edm, \u017ee sedm\u00e9 m\u00edsto je skv\u011bl\u00fd v\u00fdsledek, ale cel\u00fd z\u00e1vod jsem se pohyboval jen kousek od medaile, a tak je pro m\u011b ne\u00fasp\u011bch ve \u010dtvrtfin\u00e1le lehk\u00fdm roz\u010darov\u00e1n\u00edm. V\u00edm ale, \u017ee formu m\u00e1m dobrou a v\u011b\u0159\u00edm si do dal\u0161\u00edch z\u00e1vod\u016f,\u201c<\/em> uvedl Vojta.<\/p><p style=\"font-weight: 400;\">\u00a0<\/p><p style=\"font-weight: 400;\">Pro v\u00edt\u011bzstv\u00ed si suver\u00e9nn\u011b dojel singapursk\u00fd z\u00e1vodn\u00edk\u00a0Maximilian Maeder, kter\u00fd potvrdil roli favorita. St\u0159\u00edbro vybojoval Ital Riccardo Pianosi a bronz bral \u00fa\u0159aduj\u00edc\u00ed olympijsk\u00fd v\u00edt\u011bz\u00a0Valentin Bontus\u00a0z Rakouska.<\/p><p style=\"font-weight: 400;\">\u00a0<\/p><p style=\"font-weight: 400;\">Zastoupen\u00ed jsme m\u011bli i v\u00a0kategorii \u017een, kter\u00fdch se na start postavilo t\u0159icet. Dominika Braunov\u00e1\u00a0skon\u010dila na 28. m\u00edst\u011b.<\/p><p style=\"font-weight: 400;\">\u201eZ\u00e1vodila jsem po <em>dlouh\u00e9 dob\u011b, sb\u00edrala cenn\u00e9 zku\u0161enosti. V podstat\u011b jsem nav\u00e1zala tam, kde jsem vloni skon\u010dila,<\/em>\u201c zhodnotila pozitivn\u011b sv\u016fj n\u00e1vrat Dominika.<\/p><p style=\"font-weight: 400;\">\u00a0<\/p><p style=\"font-weight: 400;\">Mezi \u017eenami dominovala \u010d\u00ednsk\u00e1 reprezentantka\u00a0Wan Li p\u0159ed dv\u011bma Britkami Lily Young a Ellie Aldridge.<\/p><\/div>\t\t\t\t\t\t\t\t<\/div>\n\t\t\t\t<\/div>\n\t\t\t\t<div class=\"elementor-element elementor-element-02e31ba elementor-widget elementor-widget-text-editor\" data-id=\"02e31ba\" data-element_type=\"widget\" data-e-type=\"widget\" data-widget_type=\"text-editor.default\">\n\t\t\t\t<div class=\"elementor-widget-container\">\n\t\t\t\t\t\t\t\t\t<p><a href=\"https:\/\/www.trofeoprincesasofia.org\/en\/default\/races\/race-resultsall\" target=\"_blank\" rel=\"noopener\">V\u00fdsledky ZDE<\/a><\/p>\t\t\t\t\t\t\t\t<\/div>\n\t\t\t\t<\/div>\n\t\t\t\t\t<\/div>\n\t\t<\/div>\n\t\t\t\t<div class=\"elementor-column elementor-col-50 elementor-top-column elementor-element elementor-element-20f5c56\" data-id=\"20f5c56\" data-element_type=\"column\" data-e-type=\"column\">\n\t\t\t<div class=\"elementor-widget-wrap elementor-element-populated\">\n\t\t\t\t\t\t<div class=\"elementor-element elementor-element-ab6775c elementor-widget elementor-widget-image-gallery\" data-id=\"ab6775c\" data-element_type=\"widget\" data-e-type=\"widget\" data-widget_type=\"image-gallery.default\">\n\t\t\t\t<div class=\"elementor-widget-container\">\n\t\t\t\t\t\t\t<div class=\"elementor-image-gallery\">\n\t\t\t<div id='gallery-1' class='gallery galleryid-3253 gallery-columns-1 gallery-size-medium_large'><figure class='gallery-item'>\n\t\t\t<div class='gallery-icon landscape'>\n\t\t\t\t<a data-elementor-open-lightbox=\"yes\" data-elementor-lightbox-slideshow=\"ab6775c\" data-elementor-lightbox-title=\"Mallorka_010\" data-e-action-hash=\"#elementor-action%3Aaction%3Dlightbox%26settings%3DeyJpZCI6MzI1NiwidXJsIjoiaHR0cDpcL1wvc2FpbGluZy1wYWxhdmEuY29tXC93cC1jb250ZW50XC91cGxvYWRzXC8yMDI1XC8wNVwvTWFsbG9ya2FfMDEwLmpwZyIsInNsaWRlc2hvdyI6ImFiNjc3NWMifQ%3D%3D\" href='http:\/\/sailing-palava.com\/wp-content\/uploads\/2025\/05\/Mallorka_010.jpg'><img fetchpriority=\"high\" decoding=\"async\" width=\"640\" height=\"423\" src=\"http:\/\/sailing-palava.com\/wp-content\/uploads\/2025\/05\/Mallorka_010-768x508.jpg\" class=\"attachment-medium_large size-medium_large\" alt=\"\" srcset=\"http:\/\/sailing-palava.com\/wp-content\/uploads\/2025\/05\/Mallorka_010-768x508.jpg 768w, http:\/\/sailing-palava.com\/wp-content\/uploads\/2025\/05\/Mallorka_010-300x199.jpg 300w, http:\/\/sailing-palava.com\/wp-content\/uploads\/2025\/05\/Mallorka_010-1024x678.jpg 1024w, http:\/\/sailing-palava.com\/wp-content\/uploads\/2025\/05\/Mallorka_010-1536x1017.jpg 1536w, http:\/\/sailing-palava.com\/wp-content\/uploads\/2025\/05\/Mallorka_010.jpg 1704w\" sizes=\"(max-width: 640px) 100vw, 640px\" \/><\/a>\n\t\t\t<\/div><\/figure><figure class='gallery-item'>\n\t\t\t<div class='gallery-icon landscape'>\n\t\t\t\t<a data-elementor-open-lightbox=\"yes\" data-elementor-lightbox-slideshow=\"ab6775c\" data-elementor-lightbox-title=\"Mallorka_04\" data-e-action-hash=\"#elementor-action%3Aaction%3Dlightbox%26settings%3DeyJpZCI6MzI1NSwidXJsIjoiaHR0cDpcL1wvc2FpbGluZy1wYWxhdmEuY29tXC93cC1jb250ZW50XC91cGxvYWRzXC8yMDI1XC8wNVwvTWFsbG9ya2FfMDQuanBnIiwic2xpZGVzaG93IjoiYWI2Nzc1YyJ9\" href='http:\/\/sailing-palava.com\/wp-content\/uploads\/2025\/05\/Mallorka_04.jpg'><img decoding=\"async\" width=\"640\" height=\"421\" src=\"http:\/\/sailing-palava.com\/wp-content\/uploads\/2025\/05\/Mallorka_04-768x505.jpg\" class=\"attachment-medium_large size-medium_large\" alt=\"\" srcset=\"http:\/\/sailing-palava.com\/wp-content\/uploads\/2025\/05\/Mallorka_04-768x505.jpg 768w, http:\/\/sailing-palava.com\/wp-content\/uploads\/2025\/05\/Mallorka_04-300x197.jpg 300w, http:\/\/sailing-palava.com\/wp-content\/uploads\/2025\/05\/Mallorka_04-1024x673.jpg 1024w, http:\/\/sailing-palava.com\/wp-content\/uploads\/2025\/05\/Mallorka_04-1536x1010.jpg 1536w, http:\/\/sailing-palava.com\/wp-content\/uploads\/2025\/05\/Mallorka_04.jpg 1704w\" sizes=\"(max-width: 640px) 100vw, 640px\" \/><\/a>\n\t\t\t<\/div><\/figure><figure class='gallery-item'>\n\t\t\t<div class='gallery-icon landscape'>\n\t\t\t\t<a data-elementor-open-lightbox=\"yes\" data-elementor-lightbox-slideshow=\"ab6775c\" data-elementor-lightbox-title=\"Mallorka_01\" data-e-action-hash=\"#elementor-action%3Aaction%3Dlightbox%26settings%3DeyJpZCI6MzI1NCwidXJsIjoiaHR0cDpcL1wvc2FpbGluZy1wYWxhdmEuY29tXC93cC1jb250ZW50XC91cGxvYWRzXC8yMDI1XC8wNVwvTWFsbG9ya2FfMDEuanBnIiwic2xpZGVzaG93IjoiYWI2Nzc1YyJ9\" href='http:\/\/sailing-palava.com\/wp-content\/uploads\/2025\/05\/Mallorka_01.jpg'><img decoding=\"async\" width=\"640\" height=\"425\" src=\"http:\/\/sailing-palava.com\/wp-content\/uploads\/2025\/05\/Mallorka_01-768x510.jpg\" class=\"attachment-medium_large size-medium_large\" alt=\"\" aria-describedby=\"gallery-1-3254\" srcset=\"http:\/\/sailing-palava.com\/wp-content\/uploads\/2025\/05\/Mallorka_01-768x510.jpg 768w, http:\/\/sailing-palava.com\/wp-content\/uploads\/2025\/05\/Mallorka_01-300x199.jpg 300w, http:\/\/sailing-palava.com\/wp-content\/uploads\/2025\/05\/Mallorka_01-1024x680.jpg 1024w, http:\/\/sailing-palava.com\/wp-content\/uploads\/2025\/05\/Mallorka_01-1536x1020.jpg 1536w, http:\/\/sailing-palava.com\/wp-content\/uploads\/2025\/05\/Mallorka_01.jpg 1720w\" sizes=\"(max-width: 640px) 100vw, 640px\" \/><\/a>\n\t\t\t<\/div>\n\t\t\t\t<figcaption class='wp-caption-text gallery-caption' id='gallery-1-3254'>\n\t\t\t\tDominika Braunov\u00e1\n\t\t\t\t<\/figcaption><\/figure><figure class='gallery-item'>\n\t\t\t<div class='gallery-icon landscape'>\n\t\t\t\t<a data-elementor-open-lightbox=\"yes\" data-elementor-lightbox-slideshow=\"ab6775c\" data-elementor-lightbox-title=\"Mallorka_013\" data-e-action-hash=\"#elementor-action%3Aaction%3Dlightbox%26settings%3DeyJpZCI6MzI1NywidXJsIjoiaHR0cDpcL1wvc2FpbGluZy1wYWxhdmEuY29tXC93cC1jb250ZW50XC91cGxvYWRzXC8yMDI1XC8wNVwvTWFsbG9ya2FfMDEzLmpwZyIsInNsaWRlc2hvdyI6ImFiNjc3NWMifQ%3D%3D\" href='http:\/\/sailing-palava.com\/wp-content\/uploads\/2025\/05\/Mallorka_013.jpg'><img loading=\"lazy\" decoding=\"async\" width=\"640\" height=\"429\" src=\"http:\/\/sailing-palava.com\/wp-content\/uploads\/2025\/05\/Mallorka_013-768x515.jpg\" class=\"attachment-medium_large size-medium_large\" alt=\"\" srcset=\"http:\/\/sailing-palava.com\/wp-content\/uploads\/2025\/05\/Mallorka_013-768x515.jpg 768w, http:\/\/sailing-palava.com\/wp-content\/uploads\/2025\/05\/Mallorka_013-300x201.jpg 300w, http:\/\/sailing-palava.com\/wp-content\/uploads\/2025\/05\/Mallorka_013-1024x686.jpg 1024w, http:\/\/sailing-palava.com\/wp-content\/uploads\/2025\/05\/Mallorka_013-1536x1029.jpg 1536w, http:\/\/sailing-palava.com\/wp-content\/uploads\/2025\/05\/Mallorka_013.jpg 1704w\" sizes=\"(max-width: 640px) 100vw, 640px\" \/><\/a>\n\t\t\t<\/div><\/figure>\n\t\t<\/div>\n\t\t<\/div>\n\t\t\t\t\t\t<\/div>\n\t\t\t\t<\/div>\n\t\t\t\t\t<\/div>\n\t\t<\/div>\n\t\t\t\t\t<\/div>\n\t\t<\/section>\n\t\t\t\t<\/div>\n\t\t","protected":false},"excerpt":{"rendered":"<p>Souboj o medaile na sv\u011btov\u00e9m poh\u00e1ru na Mallorce \u00a0\u00a0 54 TROFEO S.A.R. Princessa Sofia \u00a0 28. 3.\u20135. 4. 2025 \u00a0 \u00a0 Leto\u0161n\u00ed prvn\u00ed sv\u011btov\u00fd poh\u00e1r se konal tradi\u010dn\u011b na p\u0159elomu b\u0159ezna a dubna na Mallorce. Vojta Ko\u0161ka\u00a0p\u0159edvedl skv\u011bl\u00fd v\u00fdkon. Po celou dobu z\u00e1vodu se dr\u017eel v\u00a0prvn\u00ed p\u011btce a probojoval se do z\u00e1v\u011bre\u010dn\u00fdch fin\u00e1lov\u00fdch souboj\u016f o&hellip;<\/p>\n","protected":false},"author":1,"featured_media":3257,"parent":0,"menu_order":0,"comment_status":"closed","ping_status":"closed","template":"","meta":{"footnotes":""},"class_list":["post-3253","page","type-page","status-publish","has-post-thumbnail","hentry"],"_links":{"self":[{"href":"http:\/\/sailing-palava.com\/index.php?rest_route=\/wp\/v2\/pages\/3253","targetHints":{"allow":["GET"]}}],"collection":[{"href":"http:\/\/sailing-palava.com\/index.php?rest_route=\/wp\/v2\/pages"}],"about":[{"href":"http:\/\/sailing-palava.com\/index.php?rest_route=\/wp\/v2\/types\/page"}],"author":[{"embeddable":true,"href":"http:\/\/sailing-palava.com\/index.php?rest_route=\/wp\/v2\/users\/1"}],"replies":[{"embeddable":true,"href":"http:\/\/sailing-palava.com\/index.php?rest_route=%2Fwp%2Fv2%2Fcomments&post=3253"}],"version-history":[{"count":25,"href":"http:\/\/sailing-palava.com\/index.php?rest_route=\/wp\/v2\/pages\/3253\/revisions"}],"predecessor-version":[{"id":3345,"href":"http:\/\/sailing-palava.com\/index.php?rest_route=\/wp\/v2\/pages\/3253\/revisions\/3345"}],"wp:featuredmedia":[{"embeddable":true,"href":"http:\/\/sailing-palava.com\/index.php?rest_route=\/wp\/v2\/media\/3257"}],"wp:attachment":[{"href":"http:\/\/sailing-palava.com\/index.php?rest_route=%2Fwp%2Fv2%2Fmedia&parent=3253"}],"curies":[{"name":"wp","href":"https:\/\/api.w.org\/{rel}","templated":true}]}}