{"id":3302,"date":"2025-05-13T15:03:19","date_gmt":"2025-05-13T13:03:19","guid":{"rendered":"https:\/\/sailing-palava.com\/?page_id=3302"},"modified":"2025-05-13T16:09:07","modified_gmt":"2025-05-13T14:09:07","slug":"vojtech-koska-zazaril-ve-francouzskem-hyeres","status":"publish","type":"page","link":"http:\/\/sailing-palava.com\/?page_id=3302","title":{"rendered":"Vojt\u011bch Ko\u0161ka zaz\u00e1\u0159il ve francouzsk\u00e9m Hy\u00e8res"},"content":{"rendered":"\t\t<div data-elementor-type=\"wp-page\" data-elementor-id=\"3302\" class=\"elementor elementor-3302\">\n\t\t\t\t\t\t<section class=\"elementor-section elementor-top-section elementor-element elementor-element-26c9bb5 elementor-section-boxed elementor-section-height-default elementor-section-height-default\" data-id=\"26c9bb5\" data-element_type=\"section\" data-e-type=\"section\">\n\t\t\t\t\t\t<div class=\"elementor-container elementor-column-gap-default\">\n\t\t\t\t\t<div class=\"elementor-column elementor-col-50 elementor-top-column elementor-element elementor-element-ad41094\" data-id=\"ad41094\" data-element_type=\"column\" data-e-type=\"column\">\n\t\t\t<div class=\"elementor-widget-wrap elementor-element-populated\">\n\t\t\t\t\t\t<div class=\"elementor-element elementor-element-54cea8a elementor-widget elementor-widget-text-editor\" data-id=\"54cea8a\" data-element_type=\"widget\" data-e-type=\"widget\" data-widget_type=\"text-editor.default\">\n\t\t\t\t<div class=\"elementor-widget-container\">\n\t\t\t\t\t\t\t\t\t<div dir=\"auto\" style=\"font-family: inherit; animation-name: none!important; transition-property: none!important;\"><p class=\"-wm-MsoNormal\" style=\"margin-bottom: 0cm; line-height: normal; background-image: initial; background-position: initial; background-size: initial; background-repeat: initial; background-attachment: initial; background-origin: initial; background-clip: initial;\"><strong><span style=\"font-size: 12pt; font-family: Arial, sans-serif; color: #000080; background: whitesmoke;\">Vojt\u011bch Ko\u0161ka zaz\u00e1\u0159il ve francouzsk\u00e9m Hy\u00e8res<\/span><\/strong><\/p><div>\u00a0<\/div><div>\u00a0<\/div><p class=\"-wm-MsoNormal\" style=\"margin-bottom: 0cm; line-height: normal; background-image: initial; background-position: initial; background-size: initial; background-repeat: initial; background-attachment: initial; background-origin: initial; background-clip: initial;\"><span style=\"font-size: 12pt; font-family: 'Arial',sans-serif; mso-fareast-font-family: 'Times New Roman'; color: #003399; mso-fareast-language: CS;\">FRENCH OLYMPIC SAILING WEEK<\/span><\/p><p class=\"-wm-MsoNormal\" style=\"margin-bottom: 0cm; line-height: normal; background-image: initial; background-position: initial; background-size: initial; background-repeat: initial; background-attachment: initial; background-origin: initial; background-clip: initial;\"><span style=\"font-size: 12pt; line-height: 107%; font-family: 'Arial',sans-serif; mso-fareast-font-family: 'Times New Roman'; color: #003399; mso-fareast-language: CS;\">19.\u201326. 4. 2025<\/span><\/p><p class=\"-wm-MsoNormal\" style=\"margin-bottom: 0cm; line-height: normal; background-image: initial; background-position: initial; background-size: initial; background-repeat: initial; background-attachment: initial; background-origin: initial; background-clip: initial;\"><span style=\"font-size: 12pt; line-height: 107%; font-family: 'Arial',sans-serif; mso-fareast-font-family: 'Times New Roman'; color: #003399; mso-fareast-language: CS;\">\u00a0<\/span><\/p><p style=\"font-weight: 400;\">French Olympic Week 2025 p\u0159inesl \u010desk\u00e9mu kiteboardingu skv\u011bl\u00fd v\u00fdsledek! Vojt\u011bch Ko\u0161ka pro\u017eil mimo\u0159\u00e1dn\u011b \u00fasp\u011b\u0161n\u00fd t\u00fdden 19.\u201326. dubna 2025 na druh\u00e9m sv\u011btov\u00e9m poh\u00e1ru sezony \u2013 presti\u017en\u00edm z\u00e1vod\u011b French Olympic Week. V olympijsk\u00e9 t\u0159\u00edd\u011b Formula Kite si \u010desk\u00fd reprezentant skv\u011bl\u00fdmi v\u00fdkony vybojoval 5. m\u00edsto v celkov\u00e9m po\u0159ad\u00ed!<\/p><p style=\"font-weight: 400;\">V\u00edce ne\u017e 700 lod\u00ed, prken a kit\u016f se ve francouzsk\u00e9m Hy\u00e8res utkalo ve v\u0161ech olympijsk\u00fdch t\u0159\u00edd\u00e1ch. Mezi nimi i \u010de\u0161t\u00ed reprezentanti \u2013 a pr\u00e1v\u011b Vojta Ko\u0161ka zaznamenal jeden z nejlep\u0161\u00edch \u010desk\u00fdch v\u00fdsledk\u016f posledn\u00edch let.<\/p><p>\u00a0<\/p><p style=\"font-weight: 400;\"><strong>Dv\u011b v\u00edt\u011bzstv\u00ed a postup do medailov\u00e9 rozj\u00ed\u017e\u010fky<\/strong><\/p><p style=\"font-weight: 400;\">Ko\u0161ka se cel\u00fd t\u00fdden dr\u017eel na \u0161pici startovn\u00edho pole, zaznamenal\u00a0dv\u011b v\u00edt\u011bzstv\u00ed v jednotliv\u00fdch rozj\u00ed\u017e\u010fk\u00e1ch\u00a0a suver\u00e9nn\u011b postoupil do p\u00e1te\u010dn\u00edho fin\u00e1le. V prom\u011bnliv\u00fdch podm\u00ednk\u00e1ch, kde v\u00edtr osciloval mezi 5 a 25 uzly, potvrdil svou p\u0159ipravenost a z\u00e1vodn\u00ed vyzr\u00e1lost.<\/p><p style=\"font-weight: 400;\"><em>\u201eBylo to n\u00e1ro\u010dn\u00e9, ale z\u00e1rove\u0148 velk\u00e1 z\u00e1bava. Te\u010f m\u011b \u010dek\u00e1 odpo\u010dinek a pak hur\u00e1 na Mistrovstv\u00ed Evropy do Turecka!\u201c<\/em> zhodnotil Vojt\u011bch Ko\u0161ka, \u010desk\u00fd reprezentant v olympijsk\u00e9 t\u0159\u00edd\u011b Formula Kite.<\/p><p style=\"font-weight: 400;\"><span style=\"font-weight: 400;\">Vojt\u016fv v\u00fdsledek je siln\u00fdm sign\u00e1lem p\u0159ed bl\u00ed\u017e\u00edc\u00edm se mistrovstv\u00edm Evropy i zbytkem sezony. Forma p\u0159ich\u00e1z\u00ed v prav\u00fd \u010das a v\u00fdkon z Hy\u00e8res z n\u011bj d\u011bl\u00e1 jednoho z kandid\u00e1t\u016f na \u0161pi\u010dkov\u00e1 um\u00edst\u011bn\u00ed tak\u00e9 v dal\u0161\u00edch sv\u011btov\u00fdch regat\u00e1ch.<\/span><\/p><p><em>Foto Sailing Energy<\/em><\/p><\/div>\t\t\t\t\t\t\t\t<\/div>\n\t\t\t\t<\/div>\n\t\t\t\t<div class=\"elementor-element elementor-element-02e31ba elementor-widget elementor-widget-text-editor\" data-id=\"02e31ba\" data-element_type=\"widget\" data-e-type=\"widget\" data-widget_type=\"text-editor.default\">\n\t\t\t\t<div class=\"elementor-widget-container\">\n\t\t\t\t\t\t\t\t\t<p><a href=\"https:\/\/sof.regatta.ffvoile.fr\/en\/default\/races\/race-resultsall?ini=1\" target=\"_blank\" rel=\"noopener\">V\u00fdsledky ZDE<\/a><\/p>\t\t\t\t\t\t\t\t<\/div>\n\t\t\t\t<\/div>\n\t\t\t\t\t<\/div>\n\t\t<\/div>\n\t\t\t\t<div class=\"elementor-column elementor-col-50 elementor-top-column elementor-element elementor-element-20f5c56\" data-id=\"20f5c56\" data-element_type=\"column\" data-e-type=\"column\">\n\t\t\t<div class=\"elementor-widget-wrap elementor-element-populated\">\n\t\t\t\t\t\t<div class=\"elementor-element elementor-element-ab6775c elementor-widget elementor-widget-image-gallery\" data-id=\"ab6775c\" data-element_type=\"widget\" data-e-type=\"widget\" data-widget_type=\"image-gallery.default\">\n\t\t\t\t<div class=\"elementor-widget-container\">\n\t\t\t\t\t\t\t<div class=\"elementor-image-gallery\">\n\t\t\t<div id='gallery-1' class='gallery galleryid-3302 gallery-columns-1 gallery-size-medium_large'><figure class='gallery-item'>\n\t\t\t<div class='gallery-icon landscape'>\n\t\t\t\t<a data-elementor-open-lightbox=\"yes\" data-elementor-lightbox-slideshow=\"ab6775c\" data-elementor-lightbox-title=\"56th Semaine Olympique Fran\u00e7aise\" data-e-action-hash=\"#elementor-action%3Aaction%3Dlightbox%26settings%3DeyJpZCI6MzMwOSwidXJsIjoiaHR0cDpcL1wvc2FpbGluZy1wYWxhdmEuY29tXC93cC1jb250ZW50XC91cGxvYWRzXC8yMDI1XC8wNVwvSHllcmVzXzAzLmpwZyIsInNsaWRlc2hvdyI6ImFiNjc3NWMifQ%3D%3D\" href='http:\/\/sailing-palava.com\/wp-content\/uploads\/2025\/05\/Hyeres_03.jpg'><img fetchpriority=\"high\" decoding=\"async\" width=\"640\" height=\"366\" src=\"http:\/\/sailing-palava.com\/wp-content\/uploads\/2025\/05\/Hyeres_03.jpg\" class=\"attachment-medium_large size-medium_large\" alt=\"\" srcset=\"http:\/\/sailing-palava.com\/wp-content\/uploads\/2025\/05\/Hyeres_03.jpg 700w, http:\/\/sailing-palava.com\/wp-content\/uploads\/2025\/05\/Hyeres_03-300x171.jpg 300w\" sizes=\"(max-width: 640px) 100vw, 640px\" \/><\/a>\n\t\t\t<\/div><\/figure><figure class='gallery-item'>\n\t\t\t<div class='gallery-icon landscape'>\n\t\t\t\t<a data-elementor-open-lightbox=\"yes\" data-elementor-lightbox-slideshow=\"ab6775c\" data-elementor-lightbox-title=\"Hyeres_01\" data-e-action-hash=\"#elementor-action%3Aaction%3Dlightbox%26settings%3DeyJpZCI6MzMwNywidXJsIjoiaHR0cDpcL1wvc2FpbGluZy1wYWxhdmEuY29tXC93cC1jb250ZW50XC91cGxvYWRzXC8yMDI1XC8wNVwvSHllcmVzXzAxLmpwZyIsInNsaWRlc2hvdyI6ImFiNjc3NWMifQ%3D%3D\" href='http:\/\/sailing-palava.com\/wp-content\/uploads\/2025\/05\/Hyeres_01.jpg'><img decoding=\"async\" width=\"640\" height=\"426\" src=\"http:\/\/sailing-palava.com\/wp-content\/uploads\/2025\/05\/Hyeres_01-768x511.jpg\" class=\"attachment-medium_large size-medium_large\" alt=\"\" aria-describedby=\"gallery-1-3307\" srcset=\"http:\/\/sailing-palava.com\/wp-content\/uploads\/2025\/05\/Hyeres_01-768x511.jpg 768w, http:\/\/sailing-palava.com\/wp-content\/uploads\/2025\/05\/Hyeres_01-300x200.jpg 300w, http:\/\/sailing-palava.com\/wp-content\/uploads\/2025\/05\/Hyeres_01-1024x681.jpg 1024w, http:\/\/sailing-palava.com\/wp-content\/uploads\/2025\/05\/Hyeres_01-1536x1022.jpg 1536w, http:\/\/sailing-palava.com\/wp-content\/uploads\/2025\/05\/Hyeres_01.jpg 1554w\" sizes=\"(max-width: 640px) 100vw, 640px\" \/><\/a>\n\t\t\t<\/div>\n\t\t\t\t<figcaption class='wp-caption-text gallery-caption' id='gallery-1-3307'>\n\t\t\t\tVojt\u011bch Ko\u0161ka\n\t\t\t\t<\/figcaption><\/figure><figure class='gallery-item'>\n\t\t\t<div class='gallery-icon landscape'>\n\t\t\t\t<a data-elementor-open-lightbox=\"yes\" data-elementor-lightbox-slideshow=\"ab6775c\" data-elementor-lightbox-title=\"56th Semaine Olympique Fran\u00e7aise\" data-e-action-hash=\"#elementor-action%3Aaction%3Dlightbox%26settings%3DeyJpZCI6MzMxMCwidXJsIjoiaHR0cDpcL1wvc2FpbGluZy1wYWxhdmEuY29tXC93cC1jb250ZW50XC91cGxvYWRzXC8yMDI1XC8wNVwvSHllcmVzXzA1LmpwZyIsInNsaWRlc2hvdyI6ImFiNjc3NWMifQ%3D%3D\" href='http:\/\/sailing-palava.com\/wp-content\/uploads\/2025\/05\/Hyeres_05.jpg'><img decoding=\"async\" width=\"640\" height=\"427\" src=\"http:\/\/sailing-palava.com\/wp-content\/uploads\/2025\/05\/Hyeres_05.jpg\" class=\"attachment-medium_large size-medium_large\" alt=\"\" srcset=\"http:\/\/sailing-palava.com\/wp-content\/uploads\/2025\/05\/Hyeres_05.jpg 700w, http:\/\/sailing-palava.com\/wp-content\/uploads\/2025\/05\/Hyeres_05-300x200.jpg 300w\" sizes=\"(max-width: 640px) 100vw, 640px\" \/><\/a>\n\t\t\t<\/div><\/figure><figure class='gallery-item'>\n\t\t\t<div class='gallery-icon portrait'>\n\t\t\t\t<a data-elementor-open-lightbox=\"yes\" data-elementor-lightbox-slideshow=\"ab6775c\" data-elementor-lightbox-title=\"Hyeres_02\" data-e-action-hash=\"#elementor-action%3Aaction%3Dlightbox%26settings%3DeyJpZCI6MzMwOCwidXJsIjoiaHR0cDpcL1wvc2FpbGluZy1wYWxhdmEuY29tXC93cC1jb250ZW50XC91cGxvYWRzXC8yMDI1XC8wNVwvSHllcmVzXzAyLmpwZyIsInNsaWRlc2hvdyI6ImFiNjc3NWMifQ%3D%3D\" href='http:\/\/sailing-palava.com\/wp-content\/uploads\/2025\/05\/Hyeres_02.jpg'><img loading=\"lazy\" decoding=\"async\" width=\"640\" height=\"851\" src=\"http:\/\/sailing-palava.com\/wp-content\/uploads\/2025\/05\/Hyeres_02-768x1021.jpg\" class=\"attachment-medium_large size-medium_large\" alt=\"\" srcset=\"http:\/\/sailing-palava.com\/wp-content\/uploads\/2025\/05\/Hyeres_02-768x1021.jpg 768w, http:\/\/sailing-palava.com\/wp-content\/uploads\/2025\/05\/Hyeres_02-226x300.jpg 226w, http:\/\/sailing-palava.com\/wp-content\/uploads\/2025\/05\/Hyeres_02-770x1024.jpg 770w, http:\/\/sailing-palava.com\/wp-content\/uploads\/2025\/05\/Hyeres_02.jpg 996w\" sizes=\"(max-width: 640px) 100vw, 640px\" \/><\/a>\n\t\t\t<\/div><\/figure>\n\t\t<\/div>\n\t\t<\/div>\n\t\t\t\t\t\t<\/div>\n\t\t\t\t<\/div>\n\t\t\t\t\t<\/div>\n\t\t<\/div>\n\t\t\t\t\t<\/div>\n\t\t<\/section>\n\t\t\t\t<\/div>\n\t\t","protected":false},"excerpt":{"rendered":"<p>Vojt\u011bch Ko\u0161ka zaz\u00e1\u0159il ve francouzsk\u00e9m Hy\u00e8res \u00a0\u00a0 FRENCH OLYMPIC SAILING WEEK 19.\u201326. 4. 2025 \u00a0 French Olympic Week 2025 p\u0159inesl \u010desk\u00e9mu kiteboardingu skv\u011bl\u00fd v\u00fdsledek! Vojt\u011bch Ko\u0161ka pro\u017eil mimo\u0159\u00e1dn\u011b \u00fasp\u011b\u0161n\u00fd t\u00fdden 19.\u201326. dubna 2025 na druh\u00e9m sv\u011btov\u00e9m poh\u00e1ru sezony \u2013 presti\u017en\u00edm z\u00e1vod\u011b French Olympic Week. V olympijsk\u00e9 t\u0159\u00edd\u011b Formula Kite si \u010desk\u00fd reprezentant skv\u011bl\u00fdmi v\u00fdkony vybojoval&hellip;<\/p>\n","protected":false},"author":1,"featured_media":3307,"parent":0,"menu_order":0,"comment_status":"closed","ping_status":"closed","template":"","meta":{"footnotes":""},"class_list":["post-3302","page","type-page","status-publish","has-post-thumbnail","hentry"],"_links":{"self":[{"href":"http:\/\/sailing-palava.com\/index.php?rest_route=\/wp\/v2\/pages\/3302","targetHints":{"allow":["GET"]}}],"collection":[{"href":"http:\/\/sailing-palava.com\/index.php?rest_route=\/wp\/v2\/pages"}],"about":[{"href":"http:\/\/sailing-palava.com\/index.php?rest_route=\/wp\/v2\/types\/page"}],"author":[{"embeddable":true,"href":"http:\/\/sailing-palava.com\/index.php?rest_route=\/wp\/v2\/users\/1"}],"replies":[{"embeddable":true,"href":"http:\/\/sailing-palava.com\/index.php?rest_route=%2Fwp%2Fv2%2Fcomments&post=3302"}],"version-history":[{"count":29,"href":"http:\/\/sailing-palava.com\/index.php?rest_route=\/wp\/v2\/pages\/3302\/revisions"}],"predecessor-version":[{"id":3348,"href":"http:\/\/sailing-palava.com\/index.php?rest_route=\/wp\/v2\/pages\/3302\/revisions\/3348"}],"wp:featuredmedia":[{"embeddable":true,"href":"http:\/\/sailing-palava.com\/index.php?rest_route=\/wp\/v2\/media\/3307"}],"wp:attachment":[{"href":"http:\/\/sailing-palava.com\/index.php?rest_route=%2Fwp%2Fv2%2Fmedia&parent=3302"}],"curies":[{"name":"wp","href":"https:\/\/api.w.org\/{rel}","templated":true}]}}