{"id":3846,"date":"2025-07-20T18:14:35","date_gmt":"2025-07-20T16:14:35","guid":{"rendered":"https:\/\/sailing-palava.com\/?page_id=3846"},"modified":"2026-02-15T16:10:46","modified_gmt":"2026-02-15T15:10:46","slug":"dominika-braunova","status":"publish","type":"page","link":"http:\/\/sailing-palava.com\/dominika-braunova\/","title":{"rendered":"Dominika Braunov\u00e1"},"content":{"rendered":"\t\t<div data-elementor-type=\"wp-page\" data-elementor-id=\"3846\" class=\"elementor elementor-3846\">\n\t\t\t\t\t\t<section class=\"elementor-section elementor-top-section elementor-element elementor-element-8c60c02 elementor-section-boxed elementor-section-height-default elementor-section-height-default\" data-id=\"8c60c02\" data-element_type=\"section\" data-e-type=\"section\">\n\t\t\t\t\t\t<div class=\"elementor-container elementor-column-gap-default\">\n\t\t\t\t\t<div class=\"elementor-column elementor-col-100 elementor-top-column elementor-element elementor-element-61672569\" data-id=\"61672569\" data-element_type=\"column\" data-e-type=\"column\">\n\t\t\t<div class=\"elementor-widget-wrap elementor-element-populated\">\n\t\t\t\t\t\t<div class=\"elementor-element elementor-element-30fde902 elementor-widget elementor-widget-text-editor\" data-id=\"30fde902\" data-element_type=\"widget\" data-e-type=\"widget\" data-widget_type=\"text-editor.default\">\n\t\t\t\t<div class=\"elementor-widget-container\">\n\t\t\t\t\t\t\t\t\t\n<div class=\"wp-block-columns has-6-columns\">\n<div class=\"&quot;wp-block-column\u201c\">\n<h3>DOMINIKA BRAUNOV\u00c1<\/h3>\n<\/div>\n<\/div>\n<div class=\"wp-block-columns has-6-columns\">\n<div class=\"&quot;wp-block-column\u201c\">\u00a0<\/div>\n<\/div>\n<p><a style=\"color: #000000;\" href=\"https:\/\/www.facebook.com\/domi.braunova2811\"><img decoding=\"async\" class=\"alignnone\" src=\"http:\/\/sailing-palava.com\/wp-content\/uploads\/2019\/10\/facebook-300x263.png\" alt=\"\" width=\"73\" height=\"64\" \/><\/a><a style=\"color: #000000;\" href=\"https:\/\/www.instagram.com\/braunovadominika\/\"><img decoding=\"async\" class=\"alignnone\" src=\"http:\/\/sailing-palava.com\/wp-content\/uploads\/2019\/10\/instagram-300x263.png\" alt=\"\" width=\"73\" height=\"64\" \/><\/a>\u00a0 \u00a0 \u00a0 \u00a0 \u00a0 \u00a0 \u00a0 \u00a0 \u00a0 \u00a0 \u00a0 \u00a0 <\/div>\n<\/div>\n<p>&nbsp;<\/p>\n<figure class=\"wp-block-image\">\n<p style=\"text-align: left;\"><span style=\"color: #000000;\"><strong>\u010clenka: <span style=\"font-weight: 400;\">TJ Sailing P\u00e1lava, \u010cesk\u00fd svaz jachtingu<\/span><\/strong><\/p>\n<\/figure>\n<div class=\"wp-block-columns has-6-columns\" style=\"text-align: left;\">\n<div class=\"wp-block-column\">\n<p><span style=\"color: #000000;\"><strong>Narozena:<\/strong> 2006<\/span><\/p>\n<p><span style=\"color: #000000;\"><strong>Kiteboarding:<\/strong> od roku 2020<\/span><\/p>\n<p><span style=\"color: #000000;\"><strong>Discipl\u00edna:<\/strong> Formula Kite, hydrofoil race, kiteboarding slalom a race, snowkiting race, freestyle<\/span><\/p>\n<p><span style=\"color: #000000;\"><strong>Nejv\u00fdznamn\u011bj\u0161\u00ed \u00fasp\u011bchy:<\/strong><\/span><\/p>\n<p><span style=\"color: #000000;\">2025<\/span><\/p>\n<ul>\n<li>\n<p><span style=\"color: #000000;\">7. m\u00edsto MSJ Formula Kite U21, Praia da Vitoria, Azory, Portugalsko<\/span><\/p>\n<\/li>\n<li><span style=\"color: #000000;\">8. m\u00edsto MEJ Formula Kite U21, Gizzeria, It\u00e1lie<\/span><\/li>\n<li>\n<p><span style=\"color: #000000;\">21. m\u00edsto ME Formula Kite, Urla, Turecko<\/span><\/p>\n<\/li>\n<li>\n<p><span style=\"color: #000000;\">28. m\u00edsto sv\u011btov\u00fd poh\u00e1r Formula Kite Mallorca<\/span><\/p>\n<\/li>\n<\/ul>\n<p><span style=\"color: #000000;\">2024<\/span><\/p>\n<ul>\n<li>\n<p><span style=\"color: #000000;\">10. m\u00edsto MEJ Formula Kite U21 Torre Grande, Sardinie<\/span><\/p>\n<\/li>\n<li>\n<p><span style=\"color: #000000;\">19. m\u00edsto Last Chance Regatta Formula Kite, Hyeres, Francie<\/span><\/p>\n<\/li>\n<\/ul>\n<p><span style=\"color: #000000;\">2023<\/span><\/p>\n<ul>\n<li>\n<p><span style=\"color: #000000;\">7. m\u00edsto MSJ WS Buzios, Braz\u00edlie<\/span><\/p>\n<\/li>\n<li>\n<p><span style=\"color: #000000;\">12. m\u00edsto MSJ Formula Kite U21 Gizzeria, It\u00e1lie<\/span><\/p>\n<\/li>\n<li>\n<p><span style=\"color: #000000;\">16. m\u00edsto MEJ Formula Kite U21 Torre Grande, Sardinie<br \/><\/span><\/p>\n<\/li>\n<\/ul>\n<p><span style=\"color: #000000;\">2022<\/span><\/p>\n<ul>\n<li>\n<p><span style=\"color: #000000;\">44. m\u00edsto MS Formula Kite, Sardinie<\/span><\/p>\n<\/li>\n<li>\n<p><span style=\"color: #000000;\">2. m\u00edsto CKWI hydrofoil racing\u00a0<\/span><\/p>\n<\/li>\n<li>\n<p><span style=\"color: #000000;\">4. m\u00edsto Ultivan Heilingenhafen HF\u00a0<\/span><\/p>\n<\/li>\n<\/ul>\n<p><span style=\"color: #000000;\">2021<\/span><\/p>\n<ul>\n<li>\n<p><span style=\"font-size: 11.5pt; line-height: 107%; font-family: inherit, serif; color: #000000;\">1. m\u00edsto Snowkite Cup Slovensko\u00a0<\/span><\/p>\n<\/li>\n<li>\n<p style=\"margin-bottom: 0cm; line-height: normal; background-image: initial; background-position: initial; background-size: initial; background-repeat: initial; background-attachment: initial; background-origin: initial; background-clip: initial;\"><span style=\"font-size: 11.5pt; font-family: inherit, serif; color: #000000;\">1. m\u00edsto Visegrad Snowkite Cup Lipno<\/span><\/p>\n<\/li>\n<li>\n<p style=\"margin-bottom: 0cm; line-height: normal; background-image: initial; background-position: initial; background-size: initial; background-repeat: initial; background-attachment: initial; background-origin: initial; background-clip: initial;\"><span style=\"font-size: 11.5pt; font-family: inherit, serif; color: #000000;\">3. m\u00edsto Bejkroll kite challenge (freestyle twintipp)<\/span><\/p>\n<\/li>\n<\/ul>\n<p>&nbsp;<\/p>\n<p><span style=\"color: #000000;\"><strong>Jej\u00ed sen:<\/strong> Nominovat se na olympijsk\u00e9 hry 2028<\/span><\/p>\n<p><span style=\"color: #000000;\"><span style=\"font-family: 'Times New Roman', serif;\">Jej\u00edm c\u00edlem je dr\u017eet se sv\u00fdch sn\u016f, d\u00e1t do toho v\u0161e a tvrdou prac\u00ed a tr\u00e9ninky se dostat a\u017e na samotn\u00fd vrchol. \u00a0I \u010cesko m\u016f\u017ee m\u00edt sv\u00e9 mistry, i kdy\u017e nem\u00e1 mo\u0159e a ide\u00e1ln\u00ed podm\u00ednky na tr\u00e9ninky.<\/span><\/span><\/p>\n<p><span style=\"font-family: 'Times New Roman', serif; color: #000000;\">Jej\u00edm nejv\u011bt\u0161\u00edm sponzorem a oporou je rodina, bez kter\u00e9 by se ke kitu a k hydrofoilu nikdy nedostala. Jej\u00edm druh\u00fdm z\u00e1chytn\u00fdm bodem a \u00a0velkou oporou v t\u011b\u017ek\u00fdch za\u010d\u00e1tc\u00edch byl Martin Lafek, \u0159editel KITEFORCE.CZ. Dal\u0161\u00edmi sponzory jsou tak\u00e9 BejkRoll a Albatros team moving.<\/span><\/p>\n<p><span style=\"color: #000000;\"><strong>Vybaven\u00ed: Gin kiteboarding <\/strong><\/span><br \/><span style=\"color: #000000;\"><strong>Z\u00e1jmy:<\/strong> tanec, hudba, snowboarding <\/span><br \/><span style=\"color: #000000;\"><strong>Dom\u00e1c\u00ed spot:<\/strong> Lo Stagnone, Sic\u00edlie <\/span><br \/><span style=\"color: #000000;\"><strong>Obl\u00edben\u00fd spot:<\/strong> Traunsee, Rakousko<\/span><\/p>\n<\/div>\n<\/div>\n<figure class=\"wp-block-gallery has-nested-images columns-default is-cropped\">\n<p>&nbsp;<\/p>\n<figure class=\"wp-block-image\"><\/figure>\n<p>\n\n\n\n\n\n<\/p>\n<\/figure>\n<p><!-- \/wp:gallery -->\n\n<!-- wp:gallery {\"linkTo\":\"none\"} --><\/p>\n<figure class=\"wp-block-gallery has-nested-images columns-default is-cropped\"><!-- wp:image {\"id\":1899,\"linkDestination\":\"none\"} -->\n<p>&nbsp;<\/p>\n<figure class=\"wp-block-image\"><\/figure>\n<p><!-- \/wp:image --><\/p>\n<\/figure>\n<p><!-- \/wp:gallery --><\/p>\t\t\t\t\t\t\t\t<\/div>\n\t\t\t\t<\/div>\n\t\t\t\t\t<\/div>\n\t\t<\/div>\n\t\t\t\t\t<\/div>\n\t\t<\/section>\n\t\t\t\t<\/div>\n\t\t","protected":false},"excerpt":{"rendered":"<p>&nbsp;<\/p>\n","protected":false},"author":1,"featured_media":3852,"parent":0,"menu_order":0,"comment_status":"closed","ping_status":"closed","template":"","meta":{"footnotes":""},"class_list":["post-3846","page","type-page","status-publish","has-post-thumbnail","hentry"],"_links":{"self":[{"href":"http:\/\/sailing-palava.com\/wp-json\/wp\/v2\/pages\/3846","targetHints":{"allow":["GET"]}}],"collection":[{"href":"http:\/\/sailing-palava.com\/wp-json\/wp\/v2\/pages"}],"about":[{"href":"http:\/\/sailing-palava.com\/wp-json\/wp\/v2\/types\/page"}],"author":[{"embeddable":true,"href":"http:\/\/sailing-palava.com\/wp-json\/wp\/v2\/users\/1"}],"replies":[{"embeddable":true,"href":"http:\/\/sailing-palava.com\/wp-json\/wp\/v2\/comments?post=3846"}],"version-history":[{"count":25,"href":"http:\/\/sailing-palava.com\/wp-json\/wp\/v2\/pages\/3846\/revisions"}],"predecessor-version":[{"id":4513,"href":"http:\/\/sailing-palava.com\/wp-json\/wp\/v2\/pages\/3846\/revisions\/4513"}],"wp:featuredmedia":[{"embeddable":true,"href":"http:\/\/sailing-palava.com\/wp-json\/wp\/v2\/media\/3852"}],"wp:attachment":[{"href":"http:\/\/sailing-palava.com\/wp-json\/wp\/v2\/media?parent=3846"}],"curies":[{"name":"wp","href":"https:\/\/api.w.org\/{rel}","templated":true}]}}