{"id":3905,"date":"2025-07-30T13:53:38","date_gmt":"2025-07-30T11:53:38","guid":{"rendered":"https:\/\/sailing-palava.com\/?page_id=3905"},"modified":"2025-07-30T14:04:37","modified_gmt":"2025-07-30T12:04:37","slug":"monika-zizi","status":"publish","type":"page","link":"http:\/\/sailing-palava.com\/?page_id=3905","title":{"rendered":"Monika \u017di\u017elavsk\u00e1"},"content":{"rendered":"\t\t<div data-elementor-type=\"wp-page\" data-elementor-id=\"3905\" class=\"elementor elementor-3905\">\n\t\t\t\t\t\t<section class=\"elementor-section elementor-top-section elementor-element elementor-element-8c60c02 elementor-section-boxed elementor-section-height-default elementor-section-height-default\" data-id=\"8c60c02\" data-element_type=\"section\" data-e-type=\"section\">\n\t\t\t\t\t\t<div class=\"elementor-container elementor-column-gap-default\">\n\t\t\t\t\t<div class=\"elementor-column elementor-col-100 elementor-top-column elementor-element elementor-element-61672569\" data-id=\"61672569\" data-element_type=\"column\" data-e-type=\"column\">\n\t\t\t<div class=\"elementor-widget-wrap elementor-element-populated\">\n\t\t\t\t\t\t<div class=\"elementor-element elementor-element-30fde902 elementor-widget elementor-widget-text-editor\" data-id=\"30fde902\" data-element_type=\"widget\" data-e-type=\"widget\" data-widget_type=\"text-editor.default\">\n\t\t\t\t<div class=\"elementor-widget-container\">\n\t\t\t\t\t\t\t\t\t<p><\/p>\n<div class=\"wp-block-columns has-6-columns\" style=\"text-align: left;\">\n<div class=\"wp-block-column\">\n<h3>MONIKA \u017dI\u017dLAVSK\u00c1<\/h3>\n<p>\u00a0<\/p>\n<p><a href=\"https:\/\/www.facebook.com\/czemz2\"><img decoding=\"async\" class=\"alignleft wp-image-2409\" src=\"http:\/\/sailing-palava.com\/wp-content\/uploads\/2019\/10\/facebook-300x263.png\" alt=\"\" width=\"73\" height=\"64\" srcset=\"http:\/\/sailing-palava.com\/wp-content\/uploads\/2019\/10\/facebook-300x263.png 300w, http:\/\/sailing-palava.com\/wp-content\/uploads\/2019\/10\/facebook.png 701w\" sizes=\"(max-width: 73px) 100vw, 73px\" \/><\/a><\/p>\n<h3><a href=\"https:\/\/www.instagram.com\/monifs7?igsh=bmp2NzZuc25hcmVl\"><img decoding=\"async\" class=\"alignleft wp-image-2406\" src=\"http:\/\/sailing-palava.com\/wp-content\/uploads\/2019\/10\/instagram-300x263.png\" alt=\"\" width=\"74\" height=\"65\" srcset=\"http:\/\/sailing-palava.com\/wp-content\/uploads\/2019\/10\/instagram-300x263.png 300w, http:\/\/sailing-palava.com\/wp-content\/uploads\/2019\/10\/instagram.png 701w\" sizes=\"(max-width: 74px) 100vw, 74px\" \/><\/a><\/h3>\n<h3>\u00a0<\/h3>\n<h3>\u00a0<\/h3>\n<p><strong style=\"color: #000000; font-size: 15px; font-family: var( --e-global-typography-text-font-family ), Sans-serif;\">\u010clenka: <\/strong><span style=\"color: #000000;\"><strong style=\"font-size: 15px; font-family: var( --e-global-typography-text-font-family ), Sans-serif;\"><span style=\"font-weight: 400;\">TJ Sailing P\u00e1lava<\/span><\/strong><\/span><\/p>\n<p><span style=\"color: #000000;\">Narozena: 1983<\/span><br \/><span style=\"color: #000000;\">Kiteboarding: od 2013<\/span><br \/><span style=\"color: #000000;\">Discipl\u00edny: Formula Kite, <\/span><span style=\"color: #000000;\">hydrofoil race, kiteboarding slalom a race, boardercross, snowkiting race, freestyle<\/span><\/p>\n<p><strong><span style=\"color: #000000;\">Nejv\u00fdznamn\u011bj\u0161\u00ed \u00fasp\u011bchy:<\/span><\/strong><\/p>\n<p><span style=\"color: #000000;\">2024<\/span><\/p>\n<ul>\n<li>\n<p><span style=\"color: #000000;\">16. m\u00edsto Last Chance Regatta Formula Kite \u017eeny, Hyeres, Francie <\/span><\/p>\n<\/li>\n<\/ul>\n<p><span style=\"color: #000000;\">2023<\/span><\/p>\n<ul>\n<li>\n<p><span style=\"color: #000000;\">2. m\u00edsto MS Masters Formua Kite \u017eeny Torregrande Sardinie\u00a0<\/span><\/p>\n<\/li>\n<\/ul>\n<p><span style=\"color: #000000;\">2022<\/span><\/p>\n<ul>\n<li>\n<p><span style=\"color: #000000;\">46. m\u00edsto MS Formua Kite \u017eeny Torregrande Sardinie\u00a0<\/span><\/p>\n<\/li>\n<li>\n<p><span style=\"color: #000000;\">40. m\u00edsto ME Formua Kite \u017eeny \u0158ecko<\/span><\/p>\n<\/li>\n<li>\n<p><span style=\"color: #000000;\">19. m\u00edsto Test Event Formua Kite \u017eeny Haag Nizozemsko <\/span><span style=\"color: #000000;\">\u00a0<\/span><\/p>\n<\/li>\n<\/ul>\n<p><span style=\"color: #000000;\">2021<\/span><\/p>\n<ul>\n<li>\n<p><span style=\"font-size: 11.5pt; line-height: 107%; color: #000000;\">5. m\u00edsto MS Formula Kite &#8211; kategorie nad 35 let Torregrande Sardinie<\/span><\/p>\n<\/li>\n<li>\n<p style=\"margin-bottom: 0cm; line-height: normal; background-image: initial; background-position: initial; background-size: initial; background-repeat: initial; background-attachment: initial; background-origin: initial; background-clip: initial;\"><span style=\"font-size: 11.5pt; color: #000000;\">1. m\u00edsto M\u010cR v kategorii freestyle \u017eeny a v kategorii slalom \u017eeny<\/span><\/p>\n<\/li>\n<\/ul>\n<p><span style=\"color: #000000;\">2020<\/span><\/p>\n<ul>\n<li>\n<p style=\"margin-bottom: 0cm; line-height: normal; background-image: initial; background-position: initial; background-size: initial; background-repeat: initial; background-attachment: initial; background-origin: initial; background-clip: initial;\"><span style=\"font-size: 11.5pt; color: #000000;\">4. m\u00edsto EL Gouna Egypt Kite Fest v kategorii freestyle \u017eeny<\/span><\/p>\n<\/li>\n<li>\n<p style=\"margin-bottom: 0cm; line-height: normal; background-image: initial; background-position: initial; background-size: initial; background-repeat: initial; background-attachment: initial; background-origin: initial; background-clip: initial;\"><span style=\"font-size: 11.5pt; color: #000000;\">4. m\u00edsto Podersdorf Games v kategorii freestyle \u017eeny<\/span><\/p>\n<\/li>\n<li>\n<p><span style=\"font-size: 11.5pt; line-height: 107%; color: #000000;\">2. m\u00edsto Podersdorf Games HF race &#8211; sm\u00ed\u0161en\u00e1 kategorie<\/span><\/p>\n<\/li>\n<li>\n<p><span style=\"font-size: 11.5pt; color: #000000;\">2x 1. m\u00edsto v \u010desk\u00fdch z\u00e1vodech na HF v kategorii \u017eeny<\/span><\/p>\n<\/li>\n<\/ul>\n<p><span style=\"color: #000000;\">2019<\/span><\/p>\n<ul>\n<li>\n<p style=\"margin-bottom: 0cm; line-height: normal; background-image: initial; background-position: initial; background-size: initial; background-repeat: initial; background-attachment: initial; background-origin: initial; background-clip: initial;\"><span style=\"font-size: 11.5pt; color: #000000;\">1. m\u00edsto Moldava cross country race \u017eeny<\/span><\/p>\n<\/li>\n<li><span style=\"font-size: 11.5pt; line-height: 107%; color: #000000;\">1. m\u00edsto M\u010cR snow race \u017eeny, kategorie snowboard<\/span><\/li>\n<li>\n<p style=\"margin-bottom: 0cm; line-height: normal; background-image: initial; background-position: initial; background-size: initial; background-repeat: initial; background-attachment: initial; background-origin: initial; background-clip: initial;\"><span style=\"font-size: 11.5pt; color: #000000;\">1. m\u00edsto M\u010cR snow freestyle \u017eeny<\/span><\/p>\n<\/li>\n<\/ul>\n<p><span style=\"color: #000000;\"><strong>Jej\u00ed sen:<\/strong> Jej\u00edm snem je \u00fa\u010dast na olympijsk\u00fdch hr\u00e1ch a u\u017e <span style=\"font-family: 'Times New Roman', serif; font-size: 12pt;\">mo\u017enost uch\u00e1zet se o nominaci na Olympijsk\u00e9 hry v Pa\u0159\u00ed\u017ei 2024, kde m\u011bl tento \u00fachvatn\u00fd nov\u00fd sport svoji premi\u00e9ru, byla pro ni \u010dest.<\/span><\/span><\/p>\n<p><span style=\"color: #000000;\"><strong>Vybaven\u00ed: Flysurfer<\/strong><\/span><br \/><span style=\"color: #000000;\"><strong>Z\u00e1jmy:<\/strong> urologie<\/span><br \/><span style=\"color: #000000;\"><strong>Dom\u00e1c\u00ed spot:<\/strong> Velk\u00e9 D\u00e1\u0159ko<\/span><br \/><span style=\"color: #000000;\"><strong>Obl\u00edben\u00fd spot:<\/strong> Rozko\u0161<\/span><\/p>\n<\/div>\n<\/div>\n<figure class=\"wp-block-gallery has-nested-images columns-default is-cropped\">\n<figure class=\"wp-block-image\"><\/figure>\n<p><\/p>\n<\/figure>\n<p><!-- \/wp:gallery --><!-- wp:gallery {\"linkTo\":\"none\"} --><\/p>\n<figure class=\"wp-block-gallery has-nested-images columns-default is-cropped\"><!-- wp:image {\"id\":1899,\"linkDestination\":\"none\"} -->\n<p>\u00a0<\/p>\n<figure class=\"wp-block-image\"><\/figure>\n<p><!-- \/wp:image --><\/p>\n<\/figure>\n<p><!-- \/wp:gallery --><\/p>\t\t\t\t\t\t\t\t<\/div>\n\t\t\t\t<\/div>\n\t\t\t\t\t<\/div>\n\t\t<\/div>\n\t\t\t\t\t<\/div>\n\t\t<\/section>\n\t\t\t\t<\/div>\n\t\t","protected":false},"excerpt":{"rendered":"<p>\u00a0<\/p>\n","protected":false},"author":1,"featured_media":3900,"parent":0,"menu_order":0,"comment_status":"closed","ping_status":"closed","template":"","meta":{"footnotes":""},"class_list":["post-3905","page","type-page","status-publish","has-post-thumbnail","hentry"],"_links":{"self":[{"href":"http:\/\/sailing-palava.com\/index.php?rest_route=\/wp\/v2\/pages\/3905","targetHints":{"allow":["GET"]}}],"collection":[{"href":"http:\/\/sailing-palava.com\/index.php?rest_route=\/wp\/v2\/pages"}],"about":[{"href":"http:\/\/sailing-palava.com\/index.php?rest_route=\/wp\/v2\/types\/page"}],"author":[{"embeddable":true,"href":"http:\/\/sailing-palava.com\/index.php?rest_route=\/wp\/v2\/users\/1"}],"replies":[{"embeddable":true,"href":"http:\/\/sailing-palava.com\/index.php?rest_route=%2Fwp%2Fv2%2Fcomments&post=3905"}],"version-history":[{"count":11,"href":"http:\/\/sailing-palava.com\/index.php?rest_route=\/wp\/v2\/pages\/3905\/revisions"}],"predecessor-version":[{"id":3920,"href":"http:\/\/sailing-palava.com\/index.php?rest_route=\/wp\/v2\/pages\/3905\/revisions\/3920"}],"wp:featuredmedia":[{"embeddable":true,"href":"http:\/\/sailing-palava.com\/index.php?rest_route=\/wp\/v2\/media\/3900"}],"wp:attachment":[{"href":"http:\/\/sailing-palava.com\/index.php?rest_route=%2Fwp%2Fv2%2Fmedia&parent=3905"}],"curies":[{"name":"wp","href":"https:\/\/api.w.org\/{rel}","templated":true}]}}