{"id":4135,"date":"2025-10-06T13:22:37","date_gmt":"2025-10-06T11:22:37","guid":{"rendered":"https:\/\/sailing-palava.com\/?page_id=4135"},"modified":"2025-10-07T17:35:06","modified_gmt":"2025-10-07T15:35:06","slug":"seste-misto-z-mistrovstvi-sveta","status":"publish","type":"page","link":"http:\/\/sailing-palava.com\/?page_id=4135","title":{"rendered":"\u0160est\u00e9 m\u00edsto z mistrovstv\u00ed sv\u011bta"},"content":{"rendered":"\t\t<div data-elementor-type=\"wp-page\" data-elementor-id=\"4135\" class=\"elementor elementor-4135\">\n\t\t\t\t\t\t<section class=\"elementor-section elementor-top-section elementor-element elementor-element-26c9bb5 elementor-section-boxed elementor-section-height-default elementor-section-height-default\" data-id=\"26c9bb5\" data-element_type=\"section\" data-e-type=\"section\">\n\t\t\t\t\t\t<div class=\"elementor-container elementor-column-gap-default\">\n\t\t\t\t\t<div class=\"elementor-column elementor-col-50 elementor-top-column elementor-element elementor-element-ad41094\" data-id=\"ad41094\" data-element_type=\"column\" data-e-type=\"column\">\n\t\t\t<div class=\"elementor-widget-wrap elementor-element-populated\">\n\t\t\t\t\t\t<div class=\"elementor-element elementor-element-54cea8a elementor-widget elementor-widget-text-editor\" data-id=\"54cea8a\" data-element_type=\"widget\" data-e-type=\"widget\" data-widget_type=\"text-editor.default\">\n\t\t\t\t<div class=\"elementor-widget-container\">\n\t\t\t\t\t\t\t\t\t<div dir=\"auto\" style=\"font-family: inherit; animation-name: none!important; transition-property: none!important;\"><p style=\"margin-bottom: 0cm; line-height: normal; background-image: initial; background-position: initial; background-size: initial; background-repeat: initial; background-attachment: initial; background-origin: initial; background-clip: initial;\"><strong><span style=\"font-size: 12pt; font-family: Arial, sans-serif; color: #000080; background: whitesmoke;\">\u0160est\u00e9 m\u00edsto z mistrovstv\u00ed sv\u011bta<\/span><\/strong><\/p><div>\u00a0<\/div><div>\u00a0<\/div><p style=\"margin-bottom: 0cm; line-height: normal; background-image: initial; background-position: initial; background-size: initial; background-repeat: initial; background-attachment: initial; background-origin: initial; background-clip: initial;\"><span style=\"font-size: 12pt; font-family: 'Arial',sans-serif; mso-fareast-font-family: 'Times New Roman'; color: #003399; mso-fareast-language: CS;\">FORMULA KITE WORLD CHAMPIONSHIP<\/span><\/p><p style=\"margin-bottom: 0cm; line-height: normal; background-image: initial; background-position: initial; background-size: initial; background-repeat: initial; background-attachment: initial; background-origin: initial; background-clip: initial;\"><span style=\"font-size: 12pt; line-height: 107%; font-family: 'Arial',sans-serif; mso-fareast-font-family: 'Times New Roman'; color: #003399; mso-fareast-language: CS;\">28. 9.\u20135. 10. 2025<\/span><\/p><p style=\"font-weight: 400;\"><strong>Vojt\u011bch Ko\u0161ka <\/strong><b style=\"font-family: inherit;\">\u0161est\u00fd na mistrovstv\u00ed sv\u011bta v olympijsk\u00e9m kiteboardingu<\/b><strong>!<\/strong><\/p><p style=\"font-weight: 400;\">\u010cesk\u00e9 barvy byly po\u0159\u00e1dn\u011b vid\u011bt na leto\u0161n\u00edm mistrovstv\u00ed sv\u011bta v olympijsk\u00e9 t\u0159\u00edd\u011b Formula Kite, kter\u00e9 se konalo uplynul\u00fd t\u00fdden na Sardinii.<\/p><p style=\"font-weight: 400;\"><strong>Vojt\u011bch Ko\u0161ka<\/strong> skon\u010dil v siln\u00e9 sv\u011btov\u00e9 konkurenci na vynikaj\u00edc\u00edm\u00a0<strong data-start=\"545\" data-end=\"557\">6. m\u00edst\u011b<\/strong>\u00a0a potvrdil p\u0159\u00edslu\u0161nost k absolutn\u00ed sv\u011btov\u00e9 \u0161pi\u010dce. <strong>Dominika Braunov\u00e1<\/strong> obsadila\u00a0<strong data-start=\"636\" data-end=\"662\">30. p\u0159\u00ed\u010dku mezi \u017eenami<\/strong> a z\u00edskala cenn\u00e9 zku\u0161enosti do dal\u0161\u00edch let.<\/p><p style=\"font-weight: 400;\" data-start=\"709\" data-end=\"977\">Do z\u00e1vodu v italsk\u00e9m letovisku Quartu Sant\u2019Elena na pl\u00e1\u017ei Poetto nastoupilo 62 mu\u017e\u016f a 34 \u017een z v\u00edce ne\u017e dvaceti zem\u00ed. Po cel\u00fd t\u00fdden panovaly prom\u011bnliv\u00e9 podm\u00ednky \u2013 od slab\u00e9ho onshore v\u011btru po siln\u00fd a poryvov\u00fd mistr\u00e1l. To prov\u011b\u0159ilo nejen techniku, ale i psychickou odolnost z\u00e1vodn\u00edk\u016f.<\/p><p style=\"font-weight: 400;\" data-start=\"979\" data-end=\"1268\"><em>\u201eM\u00e1m velkou radost, \u017ee se mi poda\u0159ilo postoupit a\u017e do semifin\u00e1le a skon\u010dit \u0161est\u00fd. Mrz\u00ed m\u011b, \u017ee jsem ve chv\u00edli rozhodnut\u00ed ud\u011blal chybu kr\u00e1tce po startu, kv\u016fli kter\u00e9 jsem ztratil rychlost. Ale beru to pozitivn\u011b \u2013 uk\u00e1zalo mi to, \u017ee m\u00e1m na to jezdit s nejlep\u0161\u00edmi,\u201c<\/em> \u0159ekl po dojezdu\u00a0<strong data-start=\"1248\" data-end=\"1265\">Vojt\u011bch Ko\u0161ka<\/strong>.<\/p><p style=\"font-weight: 400;\" data-start=\"1270\" data-end=\"1501\">Vojta zajel \u010dtvrtfin\u00e1le skv\u011ble a z\u00a0druh\u00e9ho m\u00edsta postoupil do semifin\u00e1le. V\u00a0n\u011bm bohu\u017eel kr\u00e1tce po startu spadl na chvili\u010dku z foilu na hladinu, \u010d\u00edm\u017e zpomalil a to rozhodlo. Ztr\u00e1tu u\u017e dot\u00e1hnout nedok\u00e1zal a skon\u010dil v\u00a0semifin\u00e1le na 4. nepostupov\u00e9m m\u00edst\u011b. P\u0159esto 6. p\u0159\u00ed\u010dka znamen\u00e1 pro \u010desk\u00fd kiteboarding historicky v\u00fdznamn\u00fd \u00fasp\u011bch.<\/p><p style=\"font-weight: 400;\"><em>\u201eByl to pro m\u011b d\u016fle\u017eit\u00fd test. P\u0159ed sebou m\u00e1m zimu plnou tr\u00e9ninku, \u010d\u00e1st str\u00e1v\u00edm na Kan\u00e1rech s italsk\u00fdm t\u00fdmem. V \u00fanoru m\u011b \u010dek\u00e1 testovac\u00ed z\u00e1vod v Braz\u00edlii, kde se v roce 2027 pojede prvn\u00ed olympijsk\u00e1 kvalifikace. Tenhle \u0161ampion\u00e1t mi uk\u00e1zal, \u017ee jsem na dobr\u00e9 cest\u011b,\u201c<\/em> dodal Vojta, kter\u00fd se ji\u017e v\u00a0polovin\u011b \u0159\u00edjna p\u0159esouv\u00e1 na Azory, kde pojede je\u0161t\u011b mistrovstv\u00ed sv\u011bta junior\u016f do 21 let.<\/p><p style=\"font-weight: 400;\" data-start=\"1781\" data-end=\"2055\">Mezi \u017eenami se p\u0159edstavila\u00a0<strong data-start=\"1808\" data-end=\"1829\">Dominika Braunov\u00e1<\/strong>, kter\u00e1 v t\u011b\u017ek\u00e9 konkurenci olympijsk\u00fdch medailistek obsadila 30. p\u0159\u00ed\u010dku. <em>\u201ePro m\u011b to byla obrovsk\u00e1 zku\u0161enost. Z\u00e1vodit po boku nejlep\u0161\u00edch sv\u011btov\u00fdch kiteboardistek je n\u011bco, z \u010deho budu \u010derpat do dal\u0161\u00edch sez\u00f3n<\/em>,\u201c \u0159ekla po z\u00e1vod\u011b.<\/p><p><strong>Nov\u00ed sv\u011btov\u00ed \u0161ampioni<\/strong><\/p><p style=\"font-weight: 400;\" data-start=\"2088\" data-end=\"2450\">Tituly mistr\u016f sv\u011bta vybojovali dom\u00e1c\u00ed Ital\u00a0<strong data-start=\"2131\" data-end=\"2151\">Riccardo Pianosi<\/strong>\u00a0a Nizozemka\u00a0<strong data-start=\"2164\" data-end=\"2182\">Jessie Kampman<\/strong>. Pianosi vyu\u017eil znalosti m\u00edstn\u00edch podm\u00ednek a p\u0159ed dom\u00e1c\u00edm publikem odolal tlaku druh\u00e9ho Maximiliana Maedera \u010di t\u0159et\u00edho Francouze Benoita Gomeze. Jessie Kampman potvrdila formu, kterou p\u0159edv\u00e1d\u011bla po cel\u00fd t\u00fdden, a ve fin\u00e1le odrazila \u00fatoky celkov\u011b druh\u00e9 \u0161estin\u00e1sobn\u00e9 \u0161ampionky Ameri\u010danky s \u010desk\u00fdmi ko\u0159eny Daniely Moroz i obh\u00e1jkyn\u011b titulu Francouzky Lauriane Nolot.<\/p><p style=\"font-weight: 400;\"><em style=\"font-family: inherit;\">Foto IKA media \/ Robert Hajduk<\/em><\/p><\/div>\t\t\t\t\t\t\t\t<\/div>\n\t\t\t\t<\/div>\n\t\t\t\t<div class=\"elementor-element elementor-element-02e31ba elementor-widget elementor-widget-text-editor\" data-id=\"02e31ba\" data-element_type=\"widget\" data-e-type=\"widget\" data-widget_type=\"text-editor.default\">\n\t\t\t\t<div class=\"elementor-widget-container\">\n\t\t\t\t\t\t\t\t\t<p><a href=\"https:\/\/www.kiteclasses.org\/2025worlds\" target=\"_blank\" rel=\"noopener\">V\u00fdsledky ZDE<\/a><\/p>\t\t\t\t\t\t\t\t<\/div>\n\t\t\t\t<\/div>\n\t\t\t\t\t<\/div>\n\t\t<\/div>\n\t\t\t\t<div class=\"elementor-column elementor-col-50 elementor-top-column elementor-element elementor-element-20f5c56\" data-id=\"20f5c56\" data-element_type=\"column\" data-e-type=\"column\">\n\t\t\t<div class=\"elementor-widget-wrap elementor-element-populated\">\n\t\t\t\t\t\t<div class=\"elementor-element elementor-element-ab6775c elementor-widget elementor-widget-image-gallery\" data-id=\"ab6775c\" data-element_type=\"widget\" data-e-type=\"widget\" data-widget_type=\"image-gallery.default\">\n\t\t\t\t<div class=\"elementor-widget-container\">\n\t\t\t\t\t\t\t<div class=\"elementor-image-gallery\">\n\t\t\t<div id='gallery-1' class='gallery galleryid-4135 gallery-columns-1 gallery-size-medium_large'><figure class='gallery-item'>\n\t\t\t<div class='gallery-icon landscape'>\n\t\t\t\t<a data-elementor-open-lightbox=\"yes\" data-elementor-lightbox-slideshow=\"ab6775c\" data-elementor-lightbox-title=\"556944116_1107329238243971_3831779229705763480_n\" data-e-action-hash=\"#elementor-action%3Aaction%3Dlightbox%26settings%3DeyJpZCI6NDE0MCwidXJsIjoiaHR0cDpcL1wvc2FpbGluZy1wYWxhdmEuY29tXC93cC1jb250ZW50XC91cGxvYWRzXC8yMDI1XC8xMFwvNTU2OTQ0MTE2XzExMDczMjkyMzgyNDM5NzFfMzgzMTc3OTIyOTcwNTc2MzQ4MF9uLmpwZyIsInNsaWRlc2hvdyI6ImFiNjc3NWMifQ%3D%3D\" href='http:\/\/sailing-palava.com\/wp-content\/uploads\/2025\/10\/556944116_1107329238243971_3831779229705763480_n.jpg'><img fetchpriority=\"high\" decoding=\"async\" width=\"640\" height=\"360\" src=\"http:\/\/sailing-palava.com\/wp-content\/uploads\/2025\/10\/556944116_1107329238243971_3831779229705763480_n-768x432.jpg\" class=\"attachment-medium_large size-medium_large\" alt=\"\" srcset=\"http:\/\/sailing-palava.com\/wp-content\/uploads\/2025\/10\/556944116_1107329238243971_3831779229705763480_n-768x432.jpg 768w, http:\/\/sailing-palava.com\/wp-content\/uploads\/2025\/10\/556944116_1107329238243971_3831779229705763480_n-300x169.jpg 300w, http:\/\/sailing-palava.com\/wp-content\/uploads\/2025\/10\/556944116_1107329238243971_3831779229705763480_n-1024x576.jpg 1024w, http:\/\/sailing-palava.com\/wp-content\/uploads\/2025\/10\/556944116_1107329238243971_3831779229705763480_n-1536x864.jpg 1536w, http:\/\/sailing-palava.com\/wp-content\/uploads\/2025\/10\/556944116_1107329238243971_3831779229705763480_n.jpg 2000w\" sizes=\"(max-width: 640px) 100vw, 640px\" \/><\/a>\n\t\t\t<\/div><\/figure><figure class='gallery-item'>\n\t\t\t<div class='gallery-icon landscape'>\n\t\t\t\t<a data-elementor-open-lightbox=\"yes\" data-elementor-lightbox-slideshow=\"ab6775c\" data-elementor-lightbox-title=\"IMG_1736\" data-e-action-hash=\"#elementor-action%3Aaction%3Dlightbox%26settings%3DeyJpZCI6NDE0NywidXJsIjoiaHR0cDpcL1wvc2FpbGluZy1wYWxhdmEuY29tXC93cC1jb250ZW50XC91cGxvYWRzXC8yMDI1XC8xMFwvSU1HXzE3MzYuanBnIiwic2xpZGVzaG93IjoiYWI2Nzc1YyJ9\" href='http:\/\/sailing-palava.com\/wp-content\/uploads\/2025\/10\/IMG_1736.jpg'><img decoding=\"async\" width=\"640\" height=\"329\" src=\"http:\/\/sailing-palava.com\/wp-content\/uploads\/2025\/10\/IMG_1736-768x395.jpg\" class=\"attachment-medium_large size-medium_large\" alt=\"\" srcset=\"http:\/\/sailing-palava.com\/wp-content\/uploads\/2025\/10\/IMG_1736-768x395.jpg 768w, http:\/\/sailing-palava.com\/wp-content\/uploads\/2025\/10\/IMG_1736-300x154.jpg 300w, http:\/\/sailing-palava.com\/wp-content\/uploads\/2025\/10\/IMG_1736-1024x527.jpg 1024w, http:\/\/sailing-palava.com\/wp-content\/uploads\/2025\/10\/IMG_1736.jpg 1500w\" sizes=\"(max-width: 640px) 100vw, 640px\" \/><\/a>\n\t\t\t<\/div><\/figure><figure class='gallery-item'>\n\t\t\t<div class='gallery-icon landscape'>\n\t\t\t\t<a data-elementor-open-lightbox=\"yes\" data-elementor-lightbox-slideshow=\"ab6775c\" data-elementor-lightbox-title=\"IMG_1735\" data-e-action-hash=\"#elementor-action%3Aaction%3Dlightbox%26settings%3DeyJpZCI6NDE0OCwidXJsIjoiaHR0cDpcL1wvc2FpbGluZy1wYWxhdmEuY29tXC93cC1jb250ZW50XC91cGxvYWRzXC8yMDI1XC8xMFwvSU1HXzE3MzUuanBnIiwic2xpZGVzaG93IjoiYWI2Nzc1YyJ9\" href='http:\/\/sailing-palava.com\/wp-content\/uploads\/2025\/10\/IMG_1735.jpg'><img decoding=\"async\" width=\"640\" height=\"340\" src=\"http:\/\/sailing-palava.com\/wp-content\/uploads\/2025\/10\/IMG_1735-768x408.jpg\" class=\"attachment-medium_large size-medium_large\" alt=\"\" srcset=\"http:\/\/sailing-palava.com\/wp-content\/uploads\/2025\/10\/IMG_1735-768x408.jpg 768w, http:\/\/sailing-palava.com\/wp-content\/uploads\/2025\/10\/IMG_1735-300x159.jpg 300w, http:\/\/sailing-palava.com\/wp-content\/uploads\/2025\/10\/IMG_1735-1024x543.jpg 1024w, http:\/\/sailing-palava.com\/wp-content\/uploads\/2025\/10\/IMG_1735.jpg 1500w\" sizes=\"(max-width: 640px) 100vw, 640px\" \/><\/a>\n\t\t\t<\/div><\/figure><figure class='gallery-item'>\n\t\t\t<div class='gallery-icon landscape'>\n\t\t\t\t<a data-elementor-open-lightbox=\"yes\" data-elementor-lightbox-slideshow=\"ab6775c\" data-elementor-lightbox-title=\"IMG_1688\" data-e-action-hash=\"#elementor-action%3Aaction%3Dlightbox%26settings%3DeyJpZCI6NDE0OSwidXJsIjoiaHR0cDpcL1wvc2FpbGluZy1wYWxhdmEuY29tXC93cC1jb250ZW50XC91cGxvYWRzXC8yMDI1XC8xMFwvSU1HXzE2ODguanBnIiwic2xpZGVzaG93IjoiYWI2Nzc1YyJ9\" href='http:\/\/sailing-palava.com\/wp-content\/uploads\/2025\/10\/IMG_1688.jpg'><img loading=\"lazy\" decoding=\"async\" width=\"640\" height=\"353\" src=\"http:\/\/sailing-palava.com\/wp-content\/uploads\/2025\/10\/IMG_1688-768x423.jpg\" class=\"attachment-medium_large size-medium_large\" alt=\"\" srcset=\"http:\/\/sailing-palava.com\/wp-content\/uploads\/2025\/10\/IMG_1688-768x423.jpg 768w, http:\/\/sailing-palava.com\/wp-content\/uploads\/2025\/10\/IMG_1688-300x165.jpg 300w, http:\/\/sailing-palava.com\/wp-content\/uploads\/2025\/10\/IMG_1688-1024x565.jpg 1024w, http:\/\/sailing-palava.com\/wp-content\/uploads\/2025\/10\/IMG_1688.jpg 1500w\" sizes=\"(max-width: 640px) 100vw, 640px\" \/><\/a>\n\t\t\t<\/div><\/figure><figure class='gallery-item'>\n\t\t\t<div class='gallery-icon landscape'>\n\t\t\t\t<a data-elementor-open-lightbox=\"yes\" data-elementor-lightbox-slideshow=\"ab6775c\" data-elementor-lightbox-title=\"IMG_1733\" data-e-action-hash=\"#elementor-action%3Aaction%3Dlightbox%26settings%3DeyJpZCI6NDE0NiwidXJsIjoiaHR0cDpcL1wvc2FpbGluZy1wYWxhdmEuY29tXC93cC1jb250ZW50XC91cGxvYWRzXC8yMDI1XC8xMFwvSU1HXzE3MzMuanBnIiwic2xpZGVzaG93IjoiYWI2Nzc1YyJ9\" href='http:\/\/sailing-palava.com\/wp-content\/uploads\/2025\/10\/IMG_1733.jpg'><img loading=\"lazy\" decoding=\"async\" width=\"640\" height=\"433\" src=\"http:\/\/sailing-palava.com\/wp-content\/uploads\/2025\/10\/IMG_1733-768x520.jpg\" class=\"attachment-medium_large size-medium_large\" alt=\"\" srcset=\"http:\/\/sailing-palava.com\/wp-content\/uploads\/2025\/10\/IMG_1733-768x520.jpg 768w, http:\/\/sailing-palava.com\/wp-content\/uploads\/2025\/10\/IMG_1733-300x203.jpg 300w, http:\/\/sailing-palava.com\/wp-content\/uploads\/2025\/10\/IMG_1733-1024x694.jpg 1024w, http:\/\/sailing-palava.com\/wp-content\/uploads\/2025\/10\/IMG_1733.jpg 1500w\" sizes=\"(max-width: 640px) 100vw, 640px\" \/><\/a>\n\t\t\t<\/div><\/figure><figure class='gallery-item'>\n\t\t\t<div class='gallery-icon landscape'>\n\t\t\t\t<a data-elementor-open-lightbox=\"yes\" data-elementor-lightbox-slideshow=\"ab6775c\" data-elementor-lightbox-title=\"556839015_1107329511577277_3541879311342527460_n\" data-e-action-hash=\"#elementor-action%3Aaction%3Dlightbox%26settings%3DeyJpZCI6NDE1MywidXJsIjoiaHR0cDpcL1wvc2FpbGluZy1wYWxhdmEuY29tXC93cC1jb250ZW50XC91cGxvYWRzXC8yMDI1XC8xMFwvNTU2ODM5MDE1XzExMDczMjk1MTE1NzcyNzdfMzU0MTg3OTMxMTM0MjUyNzQ2MF9uLmpwZyIsInNsaWRlc2hvdyI6ImFiNjc3NWMifQ%3D%3D\" href='http:\/\/sailing-palava.com\/wp-content\/uploads\/2025\/10\/556839015_1107329511577277_3541879311342527460_n.jpg'><img loading=\"lazy\" decoding=\"async\" width=\"640\" height=\"360\" src=\"http:\/\/sailing-palava.com\/wp-content\/uploads\/2025\/10\/556839015_1107329511577277_3541879311342527460_n-768x432.jpg\" class=\"attachment-medium_large size-medium_large\" alt=\"\" srcset=\"http:\/\/sailing-palava.com\/wp-content\/uploads\/2025\/10\/556839015_1107329511577277_3541879311342527460_n-768x432.jpg 768w, http:\/\/sailing-palava.com\/wp-content\/uploads\/2025\/10\/556839015_1107329511577277_3541879311342527460_n-300x169.jpg 300w, http:\/\/sailing-palava.com\/wp-content\/uploads\/2025\/10\/556839015_1107329511577277_3541879311342527460_n-1024x576.jpg 1024w, http:\/\/sailing-palava.com\/wp-content\/uploads\/2025\/10\/556839015_1107329511577277_3541879311342527460_n-1536x864.jpg 1536w, http:\/\/sailing-palava.com\/wp-content\/uploads\/2025\/10\/556839015_1107329511577277_3541879311342527460_n.jpg 2000w\" sizes=\"(max-width: 640px) 100vw, 640px\" \/><\/a>\n\t\t\t<\/div><\/figure><figure class='gallery-item'>\n\t\t\t<div class='gallery-icon landscape'>\n\t\t\t\t<a data-elementor-open-lightbox=\"yes\" data-elementor-lightbox-slideshow=\"ab6775c\" data-elementor-lightbox-title=\"IMG_1638\" data-e-action-hash=\"#elementor-action%3Aaction%3Dlightbox%26settings%3DeyJpZCI6NDE0NSwidXJsIjoiaHR0cDpcL1wvc2FpbGluZy1wYWxhdmEuY29tXC93cC1jb250ZW50XC91cGxvYWRzXC8yMDI1XC8xMFwvSU1HXzE2MzguanBnIiwic2xpZGVzaG93IjoiYWI2Nzc1YyJ9\" href='http:\/\/sailing-palava.com\/wp-content\/uploads\/2025\/10\/IMG_1638.jpg'><img loading=\"lazy\" decoding=\"async\" width=\"640\" height=\"363\" src=\"http:\/\/sailing-palava.com\/wp-content\/uploads\/2025\/10\/IMG_1638-768x435.jpg\" class=\"attachment-medium_large size-medium_large\" alt=\"\" srcset=\"http:\/\/sailing-palava.com\/wp-content\/uploads\/2025\/10\/IMG_1638-768x435.jpg 768w, http:\/\/sailing-palava.com\/wp-content\/uploads\/2025\/10\/IMG_1638-300x170.jpg 300w, http:\/\/sailing-palava.com\/wp-content\/uploads\/2025\/10\/IMG_1638-1024x580.jpg 1024w, http:\/\/sailing-palava.com\/wp-content\/uploads\/2025\/10\/IMG_1638.jpg 1500w\" sizes=\"(max-width: 640px) 100vw, 640px\" \/><\/a>\n\t\t\t<\/div><\/figure>\n\t\t<\/div>\n\t\t<\/div>\n\t\t\t\t\t\t<\/div>\n\t\t\t\t<\/div>\n\t\t\t\t\t<\/div>\n\t\t<\/div>\n\t\t\t\t\t<\/div>\n\t\t<\/section>\n\t\t\t\t<\/div>\n\t\t","protected":false},"excerpt":{"rendered":"<p>\u0160est\u00e9 m\u00edsto z mistrovstv\u00ed sv\u011bta \u00a0\u00a0 FORMULA KITE WORLD CHAMPIONSHIP 28. 9.\u20135. 10. 2025 Vojt\u011bch Ko\u0161ka \u0161est\u00fd na mistrovstv\u00ed sv\u011bta v olympijsk\u00e9m kiteboardingu! \u010cesk\u00e9 barvy byly po\u0159\u00e1dn\u011b vid\u011bt na leto\u0161n\u00edm mistrovstv\u00ed sv\u011bta v olympijsk\u00e9 t\u0159\u00edd\u011b Formula Kite, kter\u00e9 se konalo uplynul\u00fd t\u00fdden na Sardinii. Vojt\u011bch Ko\u0161ka skon\u010dil v siln\u00e9 sv\u011btov\u00e9 konkurenci na vynikaj\u00edc\u00edm\u00a06. m\u00edst\u011b\u00a0a potvrdil&hellip;<\/p>\n","protected":false},"author":1,"featured_media":4174,"parent":0,"menu_order":0,"comment_status":"closed","ping_status":"closed","template":"","meta":{"footnotes":""},"class_list":["post-4135","page","type-page","status-publish","has-post-thumbnail","hentry"],"_links":{"self":[{"href":"http:\/\/sailing-palava.com\/index.php?rest_route=\/wp\/v2\/pages\/4135","targetHints":{"allow":["GET"]}}],"collection":[{"href":"http:\/\/sailing-palava.com\/index.php?rest_route=\/wp\/v2\/pages"}],"about":[{"href":"http:\/\/sailing-palava.com\/index.php?rest_route=\/wp\/v2\/types\/page"}],"author":[{"embeddable":true,"href":"http:\/\/sailing-palava.com\/index.php?rest_route=\/wp\/v2\/users\/1"}],"replies":[{"embeddable":true,"href":"http:\/\/sailing-palava.com\/index.php?rest_route=%2Fwp%2Fv2%2Fcomments&post=4135"}],"version-history":[{"count":22,"href":"http:\/\/sailing-palava.com\/index.php?rest_route=\/wp\/v2\/pages\/4135\/revisions"}],"predecessor-version":[{"id":4177,"href":"http:\/\/sailing-palava.com\/index.php?rest_route=\/wp\/v2\/pages\/4135\/revisions\/4177"}],"wp:featuredmedia":[{"embeddable":true,"href":"http:\/\/sailing-palava.com\/index.php?rest_route=\/wp\/v2\/media\/4174"}],"wp:attachment":[{"href":"http:\/\/sailing-palava.com\/index.php?rest_route=%2Fwp%2Fv2%2Fmedia&parent=4135"}],"curies":[{"name":"wp","href":"https:\/\/api.w.org\/{rel}","templated":true}]}}