{"id":4253,"date":"2025-11-03T13:52:00","date_gmt":"2025-11-03T12:52:00","guid":{"rendered":"https:\/\/sailing-palava.com\/?page_id=4253"},"modified":"2025-11-25T10:23:43","modified_gmt":"2025-11-25T09:23:43","slug":"hlasujte-pro-vojtu-kosku-v-ankete-jachtar-roku-2025","status":"publish","type":"page","link":"http:\/\/sailing-palava.com\/?page_id=4253","title":{"rendered":"Vojt\u011bch Ko\u0161ka nominov\u00e1n v anket\u011b JACHTA\u0158 ROKU 2025"},"content":{"rendered":"\t\t<div data-elementor-type=\"wp-page\" data-elementor-id=\"4253\" class=\"elementor elementor-4253\">\n\t\t\t\t\t\t<section class=\"elementor-section elementor-top-section elementor-element elementor-element-26c9bb5 elementor-section-boxed elementor-section-height-default elementor-section-height-default\" data-id=\"26c9bb5\" data-element_type=\"section\" data-e-type=\"section\">\n\t\t\t\t\t\t<div class=\"elementor-container elementor-column-gap-default\">\n\t\t\t\t\t<div class=\"elementor-column elementor-col-50 elementor-top-column elementor-element elementor-element-ad41094\" data-id=\"ad41094\" data-element_type=\"column\" data-e-type=\"column\">\n\t\t\t<div class=\"elementor-widget-wrap elementor-element-populated\">\n\t\t\t\t\t\t<div class=\"elementor-element elementor-element-54cea8a elementor-widget elementor-widget-text-editor\" data-id=\"54cea8a\" data-element_type=\"widget\" data-e-type=\"widget\" data-widget_type=\"text-editor.default\">\n\t\t\t\t<div class=\"elementor-widget-container\">\n\t\t\t\t\t\t\t\t\t<div dir=\"auto\" style=\"font-family: inherit; animation-name: none!important; transition-property: none!important;\"><p style=\"margin-bottom: 0cm; line-height: normal; background-image: initial; background-position: initial; background-size: initial; background-repeat: initial; background-attachment: initial; background-origin: initial; background-clip: initial;\"><strong><span style=\"font-size: 12pt; font-family: Arial, sans-serif; color: #000080; background: whitesmoke;\">Vojt\u011bch Ko\u0161ka nominov\u00e1n v anket\u011b JACHTA\u0158 ROKU 2025<\/span><\/strong><\/p><\/div><div dir=\"auto\" style=\"font-family: inherit; animation-name: none!important; transition-property: none!important;\"><p style=\"font-weight: 400;\"><strong>Vojt\u011bch Ko\u0161ka byl nominov\u00e1n na Jachta\u0159e roku 2025! <\/strong><\/p><p style=\"font-weight: 400;\">V leto\u0161n\u00edm roce se Vojta pravideln\u011b umis\u0165uje v prvn\u00ed des\u00edtce na v\u0161ech v\u00fdznamn\u00fdch sv\u011btov\u00fdch z\u00e1vodech. Z test eventu v Los Angeles, v m\u00edst\u011b kon\u00e1n\u00ed p\u0159\u00ed\u0161t\u00edch olympijsk\u00fdch her p\u0159ivezl bronzovou medaili, stejn\u011b jako z MS a ME do 21 let. A to mu vyneslo nominaci do ankety Jachta\u0159 roku 2025.<\/p><p style=\"font-weight: 400;\"><strong>V\u00fdsledky zde:<a href=\"https:\/\/sailing-palava.com\/?page_id=2576\"> https:\/\/sailing-palava.com\/nastym<\/a><\/strong><\/p><p style=\"font-weight: 400;\">\u00a0<\/p><div><p><em>Foto IKA media \/ Robert Hajduk<\/em><\/p><\/div><\/div>\t\t\t\t\t\t\t\t<\/div>\n\t\t\t\t<\/div>\n\t\t\t\t\t<\/div>\n\t\t<\/div>\n\t\t\t\t<div class=\"elementor-column elementor-col-50 elementor-top-column elementor-element elementor-element-20f5c56\" data-id=\"20f5c56\" data-element_type=\"column\" data-e-type=\"column\">\n\t\t\t<div class=\"elementor-widget-wrap elementor-element-populated\">\n\t\t\t\t\t\t<div class=\"elementor-element elementor-element-ab6775c elementor-widget elementor-widget-image-gallery\" data-id=\"ab6775c\" data-element_type=\"widget\" data-e-type=\"widget\" data-widget_type=\"image-gallery.default\">\n\t\t\t\t<div class=\"elementor-widget-container\">\n\t\t\t\t\t\t\t<div class=\"elementor-image-gallery\">\n\t\t\t<div id='gallery-1' class='gallery galleryid-4253 gallery-columns-1 gallery-size-medium_large'><figure class='gallery-item'>\n\t\t\t<div class='gallery-icon landscape'>\n\t\t\t\t<a data-elementor-open-lightbox=\"yes\" data-elementor-lightbox-slideshow=\"ab6775c\" data-elementor-lightbox-title=\"IMG_2239\" data-e-action-hash=\"#elementor-action%3Aaction%3Dlightbox%26settings%3DeyJpZCI6NDI1NSwidXJsIjoiaHR0cDpcL1wvc2FpbGluZy1wYWxhdmEuY29tXC93cC1jb250ZW50XC91cGxvYWRzXC8yMDI1XC8xMVwvSU1HXzIyMzkuanBnIiwic2xpZGVzaG93IjoiYWI2Nzc1YyJ9\" href='http:\/\/sailing-palava.com\/wp-content\/uploads\/2025\/11\/IMG_2239.jpg'><img fetchpriority=\"high\" decoding=\"async\" width=\"640\" height=\"308\" src=\"http:\/\/sailing-palava.com\/wp-content\/uploads\/2025\/11\/IMG_2239-768x370.jpg\" class=\"attachment-medium_large size-medium_large\" alt=\"\" srcset=\"http:\/\/sailing-palava.com\/wp-content\/uploads\/2025\/11\/IMG_2239-768x370.jpg 768w, http:\/\/sailing-palava.com\/wp-content\/uploads\/2025\/11\/IMG_2239-300x144.jpg 300w, http:\/\/sailing-palava.com\/wp-content\/uploads\/2025\/11\/IMG_2239-1024x493.jpg 1024w, http:\/\/sailing-palava.com\/wp-content\/uploads\/2025\/11\/IMG_2239.jpg 1500w\" sizes=\"(max-width: 640px) 100vw, 640px\" \/><\/a>\n\t\t\t<\/div><\/figure><figure class='gallery-item'>\n\t\t\t<div class='gallery-icon landscape'>\n\t\t\t\t<a data-elementor-open-lightbox=\"yes\" data-elementor-lightbox-slideshow=\"ab6775c\" data-elementor-lightbox-title=\"IMG_2231\" data-e-action-hash=\"#elementor-action%3Aaction%3Dlightbox%26settings%3DeyJpZCI6NDI1NiwidXJsIjoiaHR0cDpcL1wvc2FpbGluZy1wYWxhdmEuY29tXC93cC1jb250ZW50XC91cGxvYWRzXC8yMDI1XC8xMVwvSU1HXzIyMzEuanBnIiwic2xpZGVzaG93IjoiYWI2Nzc1YyJ9\" href='http:\/\/sailing-palava.com\/wp-content\/uploads\/2025\/11\/IMG_2231.jpg'><img decoding=\"async\" width=\"640\" height=\"512\" src=\"http:\/\/sailing-palava.com\/wp-content\/uploads\/2025\/11\/IMG_2231-768x614.jpg\" class=\"attachment-medium_large size-medium_large\" alt=\"\" srcset=\"http:\/\/sailing-palava.com\/wp-content\/uploads\/2025\/11\/IMG_2231-768x614.jpg 768w, http:\/\/sailing-palava.com\/wp-content\/uploads\/2025\/11\/IMG_2231-300x240.jpg 300w, http:\/\/sailing-palava.com\/wp-content\/uploads\/2025\/11\/IMG_2231-1024x819.jpg 1024w, http:\/\/sailing-palava.com\/wp-content\/uploads\/2025\/11\/IMG_2231.jpg 1440w\" sizes=\"(max-width: 640px) 100vw, 640px\" \/><\/a>\n\t\t\t<\/div><\/figure><figure class='gallery-item'>\n\t\t\t<div class='gallery-icon landscape'>\n\t\t\t\t<a data-elementor-open-lightbox=\"yes\" data-elementor-lightbox-slideshow=\"ab6775c\" data-elementor-lightbox-title=\"IMG_2234\" data-e-action-hash=\"#elementor-action%3Aaction%3Dlightbox%26settings%3DeyJpZCI6NDI1NywidXJsIjoiaHR0cDpcL1wvc2FpbGluZy1wYWxhdmEuY29tXC93cC1jb250ZW50XC91cGxvYWRzXC8yMDI1XC8xMVwvSU1HXzIyMzQuanBnIiwic2xpZGVzaG93IjoiYWI2Nzc1YyJ9\" href='http:\/\/sailing-palava.com\/wp-content\/uploads\/2025\/11\/IMG_2234.jpg'><img decoding=\"async\" width=\"640\" height=\"513\" src=\"http:\/\/sailing-palava.com\/wp-content\/uploads\/2025\/11\/IMG_2234-768x615.jpg\" class=\"attachment-medium_large size-medium_large\" alt=\"\" srcset=\"http:\/\/sailing-palava.com\/wp-content\/uploads\/2025\/11\/IMG_2234-768x615.jpg 768w, http:\/\/sailing-palava.com\/wp-content\/uploads\/2025\/11\/IMG_2234-300x240.jpg 300w, http:\/\/sailing-palava.com\/wp-content\/uploads\/2025\/11\/IMG_2234-1024x821.jpg 1024w, http:\/\/sailing-palava.com\/wp-content\/uploads\/2025\/11\/IMG_2234.jpg 1440w\" sizes=\"(max-width: 640px) 100vw, 640px\" \/><\/a>\n\t\t\t<\/div><\/figure>\n\t\t<\/div>\n\t\t<\/div>\n\t\t\t\t\t\t<\/div>\n\t\t\t\t<\/div>\n\t\t\t\t\t<\/div>\n\t\t<\/div>\n\t\t\t\t\t<\/div>\n\t\t<\/section>\n\t\t\t\t<\/div>\n\t\t","protected":false},"excerpt":{"rendered":"<p>Vojt\u011bch Ko\u0161ka nominov\u00e1n v anket\u011b JACHTA\u0158 ROKU 2025 Vojt\u011bch Ko\u0161ka byl nominov\u00e1n na Jachta\u0159e roku 2025! V leto\u0161n\u00edm roce se Vojta pravideln\u011b umis\u0165uje v prvn\u00ed des\u00edtce na v\u0161ech v\u00fdznamn\u00fdch sv\u011btov\u00fdch z\u00e1vodech. Z test eventu v Los Angeles, v m\u00edst\u011b kon\u00e1n\u00ed p\u0159\u00ed\u0161t\u00edch olympijsk\u00fdch her p\u0159ivezl bronzovou medaili, stejn\u011b jako z MS a ME do 21 let.&hellip;<\/p>\n","protected":false},"author":1,"featured_media":4261,"parent":0,"menu_order":0,"comment_status":"closed","ping_status":"closed","template":"","meta":{"footnotes":""},"class_list":["post-4253","page","type-page","status-publish","has-post-thumbnail","hentry"],"_links":{"self":[{"href":"http:\/\/sailing-palava.com\/index.php?rest_route=\/wp\/v2\/pages\/4253","targetHints":{"allow":["GET"]}}],"collection":[{"href":"http:\/\/sailing-palava.com\/index.php?rest_route=\/wp\/v2\/pages"}],"about":[{"href":"http:\/\/sailing-palava.com\/index.php?rest_route=\/wp\/v2\/types\/page"}],"author":[{"embeddable":true,"href":"http:\/\/sailing-palava.com\/index.php?rest_route=\/wp\/v2\/users\/1"}],"replies":[{"embeddable":true,"href":"http:\/\/sailing-palava.com\/index.php?rest_route=%2Fwp%2Fv2%2Fcomments&post=4253"}],"version-history":[{"count":14,"href":"http:\/\/sailing-palava.com\/index.php?rest_route=\/wp\/v2\/pages\/4253\/revisions"}],"predecessor-version":[{"id":4281,"href":"http:\/\/sailing-palava.com\/index.php?rest_route=\/wp\/v2\/pages\/4253\/revisions\/4281"}],"wp:featuredmedia":[{"embeddable":true,"href":"http:\/\/sailing-palava.com\/index.php?rest_route=\/wp\/v2\/media\/4261"}],"wp:attachment":[{"href":"http:\/\/sailing-palava.com\/index.php?rest_route=%2Fwp%2Fv2%2Fmedia&parent=4253"}],"curies":[{"name":"wp","href":"https:\/\/api.w.org\/{rel}","templated":true}]}}