{"id":4456,"date":"2026-01-01T14:27:10","date_gmt":"2026-01-01T13:27:10","guid":{"rendered":"https:\/\/sailing-palava.com\/?page_id=4456"},"modified":"2026-02-15T14:39:20","modified_gmt":"2026-02-15T13:39:20","slug":"tj-sailing-palava-se-stava-novym-provozovatelem-hlavni-casti-arealu","status":"publish","type":"page","link":"http:\/\/sailing-palava.com\/?page_id=4456","title":{"rendered":"TJ Sailing P\u00e1lava se st\u00e1v\u00e1 nov\u00fdm provozovatelem hlavn\u00ed \u010d\u00e1sti are\u00e1lu"},"content":{"rendered":"\t\t<div data-elementor-type=\"wp-page\" data-elementor-id=\"4456\" class=\"elementor elementor-4456\">\n\t\t\t\t\t\t<section class=\"elementor-section elementor-top-section elementor-element elementor-element-26c9bb5 elementor-section-boxed elementor-section-height-default elementor-section-height-default\" data-id=\"26c9bb5\" data-element_type=\"section\" data-e-type=\"section\">\n\t\t\t\t\t\t<div class=\"elementor-container elementor-column-gap-default\">\n\t\t\t\t\t<div class=\"elementor-column elementor-col-50 elementor-top-column elementor-element elementor-element-ad41094\" data-id=\"ad41094\" data-element_type=\"column\" data-e-type=\"column\">\n\t\t\t<div class=\"elementor-widget-wrap elementor-element-populated\">\n\t\t\t\t\t\t<div class=\"elementor-element elementor-element-54cea8a elementor-widget elementor-widget-text-editor\" data-id=\"54cea8a\" data-element_type=\"widget\" data-e-type=\"widget\" data-widget_type=\"text-editor.default\">\n\t\t\t\t<div class=\"elementor-widget-container\">\n\t\t\t\t\t\t\t\t\t<div dir=\"auto\" style=\"font-family: inherit; animation-name: none!important; transition-property: none!important;\"><p style=\"margin-bottom: 0cm; line-height: normal; background-image: initial; background-position: initial; background-size: initial; background-repeat: initial; background-attachment: initial; background-origin: initial; background-clip: initial;\"><strong><span style=\"font-size: 12pt; font-family: Arial, sans-serif; color: #000080; background: whitesmoke;\">TJ Sailing P\u00e1lava se st\u00e1v\u00e1 nov\u00fdm provozovatelem hlavn\u00ed \u010d\u00e1sti are\u00e1lu<\/span><\/strong><\/p><p>\u00a0<\/p><div><span style=\"color: #000080;\"><span class=\"s4\">Od 1. 1. 2026 se sportovn\u00ed spolek TJ Sailing P\u00e1lava stal na z\u00e1klad\u011b v\u00fdb\u011brov\u00e9ho \u0159\u00edzen\u00ed <\/span><span class=\"s4\">vyhl\u00e1\u0161en\u00e9ho obc\u00ed Pavlov nov\u00fdm n\u00e1jemcem a provozovatelem pozemk\u016f tvo\u0159\u00edc\u00edch <\/span><span class=\"s4\">v\u011bt\u0161\u00ed \u010d\u00e1st p\u016fvodn\u00edho sportovn\u00edho are\u00e1lu u Novoml\u00fdnsk\u00fdch n\u00e1dr\u017e\u00ed.<\/span><\/span><\/div><div>\u00a0<\/div><div><span class=\"s4\">Tato v\u011bt\u0161\u00ed \u010d\u00e1st dosavadn\u00edho are\u00e1lu, d\u0159\u00edve provozovan\u00e1 Yacht Clubem Dyje B\u0159eclav (YCD), <\/span><span class=\"s4\">je nov\u011b provozov\u00e1na pod n\u00e1zvem Sportovn\u00ed centrum Sailing P\u00e1lava.\u00a0<\/span><span class=\"s4\">Dosavadn\u00ed n\u00e1jemce, Yacht Club Dyje B\u0159eclav (YCD), z\u016fst\u00e1v\u00e1 i nad\u00e1le provozovatelem <\/span><span class=\"s4\">odd\u011blen\u00e9 a samostatn\u00e9 \u010d\u00e1sti p\u016fvodn\u00edho are\u00e1lu. <\/span><span class=\"s4\">Hlavn\u00ed \u010d\u00e1st p\u016fvodn\u00edho are\u00e1lu (tzv. \u201ekite beach\u201c) nyn\u00ed provozuje<\/span><\/div><div><span class=\"s4\">TJ Sailing P\u00e1lava v r\u00e1mci Sportovn\u00edho centra Sailing P\u00e1lava. <\/span><span class=\"s4\">Mezi TJ Sailing P\u00e1lava a Yacht Clubem Dyje B\u0159eclav prob\u00edhaj\u00ed jedn\u00e1n\u00ed <\/span><span class=\"s4\">o podob\u011b budouc\u00ed spolupr\u00e1ce. O v\u00fdsledc\u00edch t\u011bchto jedn\u00e1n\u00ed <\/span><span class=\"s4\">budeme ve\u0159ejnost pr\u016fb\u011b\u017en\u011b informovat.<\/span><\/div><\/div>\t\t\t\t\t\t\t\t<\/div>\n\t\t\t\t<\/div>\n\t\t\t\t\t<\/div>\n\t\t<\/div>\n\t\t\t\t<div class=\"elementor-column elementor-col-50 elementor-top-column elementor-element elementor-element-20f5c56\" data-id=\"20f5c56\" data-element_type=\"column\" data-e-type=\"column\">\n\t\t\t<div class=\"elementor-widget-wrap elementor-element-populated\">\n\t\t\t\t\t\t<div class=\"elementor-element elementor-element-ab6775c elementor-widget elementor-widget-image-gallery\" data-id=\"ab6775c\" data-element_type=\"widget\" data-e-type=\"widget\" data-widget_type=\"image-gallery.default\">\n\t\t\t\t<div class=\"elementor-widget-container\">\n\t\t\t\t\t\t\t<div class=\"elementor-image-gallery\">\n\t\t\t<div id='gallery-1' class='gallery galleryid-4456 gallery-columns-1 gallery-size-medium_large'><figure class='gallery-item'>\n\t\t\t<div class='gallery-icon landscape'>\n\t\t\t\t<a data-elementor-open-lightbox=\"yes\" data-elementor-lightbox-slideshow=\"ab6775c\" data-elementor-lightbox-title=\"DJI_0182\" data-e-action-hash=\"#elementor-action%3Aaction%3Dlightbox%26settings%3DeyJpZCI6NDQ2MSwidXJsIjoiaHR0cDpcL1wvc2FpbGluZy1wYWxhdmEuY29tXC93cC1jb250ZW50XC91cGxvYWRzXC8yMDI2XC8wMlwvREpJXzAxODItc2NhbGVkLmpwZyIsInNsaWRlc2hvdyI6ImFiNjc3NWMifQ%3D%3D\" href='http:\/\/sailing-palava.com\/wp-content\/uploads\/2026\/02\/DJI_0182-scaled.jpg'><img fetchpriority=\"high\" decoding=\"async\" width=\"640\" height=\"360\" src=\"http:\/\/sailing-palava.com\/wp-content\/uploads\/2026\/02\/DJI_0182-768x432.jpg\" class=\"attachment-medium_large size-medium_large\" alt=\"\" srcset=\"http:\/\/sailing-palava.com\/wp-content\/uploads\/2026\/02\/DJI_0182-768x432.jpg 768w, http:\/\/sailing-palava.com\/wp-content\/uploads\/2026\/02\/DJI_0182-300x169.jpg 300w, http:\/\/sailing-palava.com\/wp-content\/uploads\/2026\/02\/DJI_0182-1024x575.jpg 1024w, http:\/\/sailing-palava.com\/wp-content\/uploads\/2026\/02\/DJI_0182-100x56.jpg 100w, http:\/\/sailing-palava.com\/wp-content\/uploads\/2026\/02\/DJI_0182-1536x863.jpg 1536w, http:\/\/sailing-palava.com\/wp-content\/uploads\/2026\/02\/DJI_0182-2048x1151.jpg 2048w\" sizes=\"(max-width: 640px) 100vw, 640px\" \/><\/a>\n\t\t\t<\/div><\/figure><figure class='gallery-item'>\n\t\t\t<div class='gallery-icon landscape'>\n\t\t\t\t<a data-elementor-open-lightbox=\"yes\" data-elementor-lightbox-slideshow=\"ab6775c\" data-elementor-lightbox-title=\"_H7D9776\" data-e-action-hash=\"#elementor-action%3Aaction%3Dlightbox%26settings%3DeyJpZCI6NDQ2MywidXJsIjoiaHR0cDpcL1wvc2FpbGluZy1wYWxhdmEuY29tXC93cC1jb250ZW50XC91cGxvYWRzXC8yMDI2XC8wMlwvSDdEOTc3Ni1zY2FsZWQuanBnIiwic2xpZGVzaG93IjoiYWI2Nzc1YyJ9\" href='http:\/\/sailing-palava.com\/wp-content\/uploads\/2026\/02\/H7D9776-scaled.jpg'><img decoding=\"async\" width=\"640\" height=\"320\" src=\"http:\/\/sailing-palava.com\/wp-content\/uploads\/2026\/02\/H7D9776-768x384.jpg\" class=\"attachment-medium_large size-medium_large\" alt=\"\" srcset=\"http:\/\/sailing-palava.com\/wp-content\/uploads\/2026\/02\/H7D9776-768x384.jpg 768w, http:\/\/sailing-palava.com\/wp-content\/uploads\/2026\/02\/H7D9776-300x150.jpg 300w, http:\/\/sailing-palava.com\/wp-content\/uploads\/2026\/02\/H7D9776-1024x512.jpg 1024w, http:\/\/sailing-palava.com\/wp-content\/uploads\/2026\/02\/H7D9776-100x50.jpg 100w, http:\/\/sailing-palava.com\/wp-content\/uploads\/2026\/02\/H7D9776-1536x768.jpg 1536w, http:\/\/sailing-palava.com\/wp-content\/uploads\/2026\/02\/H7D9776-2048x1024.jpg 2048w\" sizes=\"(max-width: 640px) 100vw, 640px\" \/><\/a>\n\t\t\t<\/div><\/figure>\n\t\t<\/div>\n\t\t<\/div>\n\t\t\t\t\t\t<\/div>\n\t\t\t\t<\/div>\n\t\t\t\t\t<\/div>\n\t\t<\/div>\n\t\t\t\t\t<\/div>\n\t\t<\/section>\n\t\t\t\t<\/div>\n\t\t","protected":false},"excerpt":{"rendered":"<p>TJ Sailing P\u00e1lava se st\u00e1v\u00e1 nov\u00fdm provozovatelem hlavn\u00ed \u010d\u00e1sti are\u00e1lu \u00a0 Od 1. 1. 2026 se sportovn\u00ed spolek TJ Sailing P\u00e1lava stal na z\u00e1klad\u011b v\u00fdb\u011brov\u00e9ho \u0159\u00edzen\u00ed vyhl\u00e1\u0161en\u00e9ho obc\u00ed Pavlov nov\u00fdm n\u00e1jemcem a provozovatelem pozemk\u016f tvo\u0159\u00edc\u00edch v\u011bt\u0161\u00ed \u010d\u00e1st p\u016fvodn\u00edho sportovn\u00edho are\u00e1lu u Novoml\u00fdnsk\u00fdch n\u00e1dr\u017e\u00ed.\u00a0Tato v\u011bt\u0161\u00ed \u010d\u00e1st dosavadn\u00edho are\u00e1lu, d\u0159\u00edve provozovan\u00e1 Yacht Clubem Dyje B\u0159eclav (YCD), je&hellip;<\/p>\n","protected":false},"author":1,"featured_media":4467,"parent":0,"menu_order":0,"comment_status":"closed","ping_status":"closed","template":"","meta":{"footnotes":""},"class_list":["post-4456","page","type-page","status-publish","has-post-thumbnail","hentry"],"_links":{"self":[{"href":"http:\/\/sailing-palava.com\/index.php?rest_route=\/wp\/v2\/pages\/4456","targetHints":{"allow":["GET"]}}],"collection":[{"href":"http:\/\/sailing-palava.com\/index.php?rest_route=\/wp\/v2\/pages"}],"about":[{"href":"http:\/\/sailing-palava.com\/index.php?rest_route=\/wp\/v2\/types\/page"}],"author":[{"embeddable":true,"href":"http:\/\/sailing-palava.com\/index.php?rest_route=\/wp\/v2\/users\/1"}],"replies":[{"embeddable":true,"href":"http:\/\/sailing-palava.com\/index.php?rest_route=%2Fwp%2Fv2%2Fcomments&post=4456"}],"version-history":[{"count":11,"href":"http:\/\/sailing-palava.com\/index.php?rest_route=\/wp\/v2\/pages\/4456\/revisions"}],"predecessor-version":[{"id":4486,"href":"http:\/\/sailing-palava.com\/index.php?rest_route=\/wp\/v2\/pages\/4456\/revisions\/4486"}],"wp:featuredmedia":[{"embeddable":true,"href":"http:\/\/sailing-palava.com\/index.php?rest_route=\/wp\/v2\/media\/4467"}],"wp:attachment":[{"href":"http:\/\/sailing-palava.com\/index.php?rest_route=%2Fwp%2Fv2%2Fmedia&parent=4456"}],"curies":[{"name":"wp","href":"https:\/\/api.w.org\/{rel}","templated":true}]}}