{"id":4517,"date":"2026-02-15T16:47:41","date_gmt":"2026-02-15T15:47:41","guid":{"rendered":"https:\/\/sailing-palava.com\/?page_id=4517"},"modified":"2026-02-15T17:03:00","modified_gmt":"2026-02-15T16:03:00","slug":"docasne-uzavreni-arealu-pro-verejnost","status":"publish","type":"page","link":"http:\/\/sailing-palava.com\/?page_id=4517","title":{"rendered":"Pl\u00e1novan\u00e9 otev\u0159en\u00ed Sportovn\u00edho centra Sailing P\u00e1lava na sez\u00f3nu 2026"},"content":{"rendered":"\t\t<div data-elementor-type=\"wp-page\" data-elementor-id=\"4517\" class=\"elementor elementor-4517\">\n\t\t\t\t\t\t<section class=\"elementor-section elementor-top-section elementor-element elementor-element-26c9bb5 elementor-section-boxed elementor-section-height-default elementor-section-height-default\" data-id=\"26c9bb5\" data-element_type=\"section\" data-e-type=\"section\">\n\t\t\t\t\t\t<div class=\"elementor-container elementor-column-gap-default\">\n\t\t\t\t\t<div class=\"elementor-column elementor-col-50 elementor-top-column elementor-element elementor-element-ad41094\" data-id=\"ad41094\" data-element_type=\"column\" data-e-type=\"column\">\n\t\t\t<div class=\"elementor-widget-wrap elementor-element-populated\">\n\t\t\t\t\t\t<div class=\"elementor-element elementor-element-54cea8a elementor-widget__width-initial elementor-widget elementor-widget-text-editor\" data-id=\"54cea8a\" data-element_type=\"widget\" data-e-type=\"widget\" data-widget_type=\"text-editor.default\">\n\t\t\t\t<div class=\"elementor-widget-container\">\n\t\t\t\t\t\t\t\t\t<div dir=\"auto\" style=\"font-family: inherit; animation-name: none!important; transition-property: none!important;\"><p style=\"margin-bottom: 0cm; line-height: normal; background-image: initial; background-position: initial; background-size: initial; background-repeat: initial; background-attachment: initial; background-origin: initial; background-clip: initial;\"><strong><span style=\"font-size: 12pt; font-family: Arial, sans-serif; color: #000080; background: whitesmoke;\">Pl\u00e1novan\u00e9 otev\u0159en\u00ed Sportovn\u00edho centra Sailing P\u00e1lava na sezonu 2026<\/span><\/strong><span style=\"caret-color: #000000; color: #000000; font-size: 11pt; line-height: 16.866667px; font-family: Arial, sans-serif;\"><br \/><\/span><\/p><div>\u00a0<\/div><div>\u00a0<\/div><div><p style=\"font-weight: 400;\"><span style=\"color: #000080;\">P\u0159edpokl\u00e1dan\u00fd term\u00edn otev\u0159en\u00ed Sportovn\u00edho centra Sailing P\u00e1lava pro ve\u0159ejnost je stanoven na 1. 4. 2026. Term\u00edn m\u016f\u017ee b\u00fdt upraven dle pr\u016fb\u011bhu p\u0159\u00edpravn\u00fdch prac\u00ed.<\/span><\/p><p><span style=\"font-weight: 400;\">Dne 15. 1. 2026 byly zah\u00e1jeny p\u0159\u00edpravn\u00e9 pr\u00e1ce sm\u011b\u0159uj\u00edc\u00ed k otev\u0159en\u00ed Sportovn\u00edho centra Sailing P\u00e1lava pro sez\u00f3nu 2026. Nyn\u00ed prob\u00edhaj\u00ed organiza\u010dn\u00ed, technick\u00e9 a provozn\u00ed kroky, jejich\u017e c\u00edlem je p\u0159ipravit are\u00e1l na sportovn\u00ed provoz, tr\u00e9ninkovou \u010dinnost a po\u0159\u00e1d\u00e1n\u00ed z\u00e1vod\u016f. O pr\u016fb\u011bhu p\u0159\u00edprav budeme ve\u0159ejnost pr\u016fb\u011b\u017en\u011b informovat.<\/span><\/p><\/div><\/div>\t\t\t\t\t\t\t\t<\/div>\n\t\t\t\t<\/div>\n\t\t\t\t\t<\/div>\n\t\t<\/div>\n\t\t\t\t<div class=\"elementor-column elementor-col-50 elementor-top-column elementor-element elementor-element-20f5c56\" data-id=\"20f5c56\" data-element_type=\"column\" data-e-type=\"column\">\n\t\t\t<div class=\"elementor-widget-wrap elementor-element-populated\">\n\t\t\t\t\t\t<div class=\"elementor-element elementor-element-ab6775c elementor-widget elementor-widget-image-gallery\" data-id=\"ab6775c\" data-element_type=\"widget\" data-e-type=\"widget\" data-widget_type=\"image-gallery.default\">\n\t\t\t\t<div class=\"elementor-widget-container\">\n\t\t\t\t\t\t\t<div class=\"elementor-image-gallery\">\n\t\t\t<div id='gallery-1' class='gallery galleryid-4517 gallery-columns-1 gallery-size-medium_large'><figure class='gallery-item'>\n\t\t\t<div class='gallery-icon landscape'>\n\t\t\t\t<a data-elementor-open-lightbox=\"yes\" data-elementor-lightbox-slideshow=\"ab6775c\" data-elementor-lightbox-title=\"HM105466\" data-e-action-hash=\"#elementor-action%3Aaction%3Dlightbox%26settings%3DeyJpZCI6NDU0MiwidXJsIjoiaHR0cHM6XC9cL3NhaWxpbmctcGFsYXZhLmNvbVwvd3AtY29udGVudFwvdXBsb2Fkc1wvMjAyNlwvMDJcL0hNMTA1NDY2LXNjYWxlZC5qcGciLCJzbGlkZXNob3ciOiJhYjY3NzVjIn0%3D\" href='https:\/\/sailing-palava.com\/wp-content\/uploads\/2026\/02\/HM105466-scaled.jpg'><img fetchpriority=\"high\" decoding=\"async\" width=\"640\" height=\"274\" src=\"https:\/\/sailing-palava.com\/wp-content\/uploads\/2026\/02\/HM105466-768x329.jpg\" class=\"attachment-medium_large size-medium_large\" alt=\"\" srcset=\"https:\/\/sailing-palava.com\/wp-content\/uploads\/2026\/02\/HM105466-768x329.jpg 768w, https:\/\/sailing-palava.com\/wp-content\/uploads\/2026\/02\/HM105466-300x129.jpg 300w, https:\/\/sailing-palava.com\/wp-content\/uploads\/2026\/02\/HM105466-1024x439.jpg 1024w, https:\/\/sailing-palava.com\/wp-content\/uploads\/2026\/02\/HM105466-100x43.jpg 100w, https:\/\/sailing-palava.com\/wp-content\/uploads\/2026\/02\/HM105466-1536x658.jpg 1536w, https:\/\/sailing-palava.com\/wp-content\/uploads\/2026\/02\/HM105466-2048x878.jpg 2048w\" sizes=\"(max-width: 640px) 100vw, 640px\" \/><\/a>\n\t\t\t<\/div><\/figure><figure class='gallery-item'>\n\t\t\t<div class='gallery-icon landscape'>\n\t\t\t\t<a data-elementor-open-lightbox=\"yes\" data-elementor-lightbox-slideshow=\"ab6775c\" data-elementor-lightbox-title=\"HMR14351\" data-e-action-hash=\"#elementor-action%3Aaction%3Dlightbox%26settings%3DeyJpZCI6NDU0MywidXJsIjoiaHR0cHM6XC9cL3NhaWxpbmctcGFsYXZhLmNvbVwvd3AtY29udGVudFwvdXBsb2Fkc1wvMjAyNlwvMDJcL0hNUjE0MzUxLXNjYWxlZC5qcGciLCJzbGlkZXNob3ciOiJhYjY3NzVjIn0%3D\" href='https:\/\/sailing-palava.com\/wp-content\/uploads\/2026\/02\/HMR14351-scaled.jpg'><img decoding=\"async\" width=\"640\" height=\"320\" src=\"https:\/\/sailing-palava.com\/wp-content\/uploads\/2026\/02\/HMR14351-768x384.jpg\" class=\"attachment-medium_large size-medium_large\" alt=\"\" srcset=\"https:\/\/sailing-palava.com\/wp-content\/uploads\/2026\/02\/HMR14351-768x384.jpg 768w, https:\/\/sailing-palava.com\/wp-content\/uploads\/2026\/02\/HMR14351-300x150.jpg 300w, https:\/\/sailing-palava.com\/wp-content\/uploads\/2026\/02\/HMR14351-1024x512.jpg 1024w, https:\/\/sailing-palava.com\/wp-content\/uploads\/2026\/02\/HMR14351-100x50.jpg 100w, https:\/\/sailing-palava.com\/wp-content\/uploads\/2026\/02\/HMR14351-1536x768.jpg 1536w, https:\/\/sailing-palava.com\/wp-content\/uploads\/2026\/02\/HMR14351-2048x1024.jpg 2048w\" sizes=\"(max-width: 640px) 100vw, 640px\" \/><\/a>\n\t\t\t<\/div><\/figure>\n\t\t<\/div>\n\t\t<\/div>\n\t\t\t\t\t\t<\/div>\n\t\t\t\t<\/div>\n\t\t\t\t\t<\/div>\n\t\t<\/div>\n\t\t\t\t\t<\/div>\n\t\t<\/section>\n\t\t\t\t<\/div>\n\t\t","protected":false},"excerpt":{"rendered":"<p>Pl\u00e1novan\u00e9 otev\u0159en\u00ed Sportovn\u00edho centra Sailing P\u00e1lava na sezonu 2026 \u00a0\u00a0 P\u0159edpokl\u00e1dan\u00fd term\u00edn otev\u0159en\u00ed Sportovn\u00edho centra Sailing P\u00e1lava pro ve\u0159ejnost je stanoven na 1. 4. 2026. Term\u00edn m\u016f\u017ee b\u00fdt upraven dle pr\u016fb\u011bhu p\u0159\u00edpravn\u00fdch prac\u00ed. Dne 15. 1. 2026 byly zah\u00e1jeny p\u0159\u00edpravn\u00e9 pr\u00e1ce sm\u011b\u0159uj\u00edc\u00ed k otev\u0159en\u00ed Sportovn\u00edho centra Sailing P\u00e1lava pro sez\u00f3nu 2026. Nyn\u00ed prob\u00edhaj\u00ed organiza\u010dn\u00ed, technick\u00e9&hellip;<\/p>\n","protected":false},"author":1,"featured_media":4538,"parent":0,"menu_order":0,"comment_status":"closed","ping_status":"closed","template":"","meta":{"footnotes":""},"class_list":["post-4517","page","type-page","status-publish","has-post-thumbnail","hentry"],"_links":{"self":[{"href":"http:\/\/sailing-palava.com\/index.php?rest_route=\/wp\/v2\/pages\/4517","targetHints":{"allow":["GET"]}}],"collection":[{"href":"http:\/\/sailing-palava.com\/index.php?rest_route=\/wp\/v2\/pages"}],"about":[{"href":"http:\/\/sailing-palava.com\/index.php?rest_route=\/wp\/v2\/types\/page"}],"author":[{"embeddable":true,"href":"http:\/\/sailing-palava.com\/index.php?rest_route=\/wp\/v2\/users\/1"}],"replies":[{"embeddable":true,"href":"http:\/\/sailing-palava.com\/index.php?rest_route=%2Fwp%2Fv2%2Fcomments&post=4517"}],"version-history":[{"count":23,"href":"http:\/\/sailing-palava.com\/index.php?rest_route=\/wp\/v2\/pages\/4517\/revisions"}],"predecessor-version":[{"id":4546,"href":"http:\/\/sailing-palava.com\/index.php?rest_route=\/wp\/v2\/pages\/4517\/revisions\/4546"}],"wp:featuredmedia":[{"embeddable":true,"href":"http:\/\/sailing-palava.com\/index.php?rest_route=\/wp\/v2\/media\/4538"}],"wp:attachment":[{"href":"http:\/\/sailing-palava.com\/index.php?rest_route=%2Fwp%2Fv2%2Fmedia&parent=4517"}],"curies":[{"name":"wp","href":"https:\/\/api.w.org\/{rel}","templated":true}]}}