{"id":4605,"date":"2026-02-15T17:34:19","date_gmt":"2026-02-15T16:34:19","guid":{"rendered":"https:\/\/sailing-palava.com\/?page_id=4605"},"modified":"2026-04-15T13:34:55","modified_gmt":"2026-04-15T11:34:55","slug":"ubytovani-zazemi","status":"publish","type":"page","link":"http:\/\/sailing-palava.com\/?page_id=4605","title":{"rendered":"UBYTOV\u00c1N\u00cd &#038; Z\u00c1ZEM\u00cd"},"content":{"rendered":"\t\t<div data-elementor-type=\"wp-page\" data-elementor-id=\"4605\" class=\"elementor elementor-4605\">\n\t\t\t\t\t\t<section class=\"elementor-section elementor-top-section elementor-element elementor-element-4c39977 elementor-section-boxed elementor-section-height-default elementor-section-height-default\" data-id=\"4c39977\" data-element_type=\"section\" data-e-type=\"section\">\n\t\t\t\t\t\t<div class=\"elementor-container elementor-column-gap-default\">\n\t\t\t\t\t<div class=\"elementor-column elementor-col-100 elementor-top-column elementor-element elementor-element-e780cf8\" data-id=\"e780cf8\" data-element_type=\"column\" data-e-type=\"column\">\n\t\t\t<div class=\"elementor-widget-wrap elementor-element-populated\">\n\t\t\t\t\t\t<div class=\"elementor-element elementor-element-5a44071 elementor-widget__width-initial elementor-widget elementor-widget-text-editor\" data-id=\"5a44071\" data-element_type=\"widget\" data-e-type=\"widget\" data-widget_type=\"text-editor.default\">\n\t\t\t\t<div class=\"elementor-widget-container\">\n\t\t\t\t\t\t\t\t\t<h3><span style=\"color: #00ccff;\">UBYTOV\u00c1N\u00cd &amp; Z\u00c1ZEM\u00cd<\/span><\/h3><p style=\"text-align: left;\">Sou\u010d\u00e1st\u00ed are\u00e1lu je technick\u00e9 a provozn\u00ed z\u00e1zem\u00ed pro sportovce a \u00fa\u010dastn\u00edky akc\u00ed. Ubytov\u00e1n\u00ed formou karavanov\u00fdch st\u00e1n\u00ed a mobiln\u00edch objekt\u016f slou\u017e\u00ed v\u00fdhradn\u011b jako dopl\u0148kov\u00e1 slu\u017eba k hlavn\u00ed sportovn\u00ed funkci are\u00e1lu.<\/p><p><a href=\"https:\/\/sailing-palava.recepce-online.cz\/\"><img decoding=\"async\" class=\"alignnone size-medium wp-image-4817\" src=\"http:\/\/sailing-palava.com\/wp-content\/uploads\/2026\/04\/Rezervace-ubytovani-300x150.jpg\" alt=\"\" width=\"300\" height=\"150\" srcset=\"http:\/\/sailing-palava.com\/wp-content\/uploads\/2026\/04\/Rezervace-ubytovani-300x150.jpg 300w, http:\/\/sailing-palava.com\/wp-content\/uploads\/2026\/04\/Rezervace-ubytovani-100x50.jpg 100w, http:\/\/sailing-palava.com\/wp-content\/uploads\/2026\/04\/Rezervace-ubytovani.jpg 591w\" sizes=\"(max-width: 300px) 100vw, 300px\" \/><\/a><\/p>\t\t\t\t\t\t\t\t<\/div>\n\t\t\t\t<\/div>\n\t\t\t\t\t<\/div>\n\t\t<\/div>\n\t\t\t\t\t<\/div>\n\t\t<\/section>\n\t\t\t\t<section class=\"elementor-section elementor-top-section elementor-element elementor-element-1501c6c elementor-section-boxed elementor-section-height-default elementor-section-height-default\" data-id=\"1501c6c\" data-element_type=\"section\" data-e-type=\"section\">\n\t\t\t\t\t\t<div class=\"elementor-container elementor-column-gap-default\">\n\t\t\t\t\t<div class=\"elementor-column elementor-col-100 elementor-top-column elementor-element elementor-element-eddd7d2\" data-id=\"eddd7d2\" data-element_type=\"column\" data-e-type=\"column\">\n\t\t\t<div class=\"elementor-widget-wrap elementor-element-populated\">\n\t\t\t\t\t\t<div class=\"elementor-element elementor-element-3536cf9 elementor-widget elementor-widget-image\" data-id=\"3536cf9\" data-element_type=\"widget\" data-e-type=\"widget\" data-widget_type=\"image.default\">\n\t\t\t\t<div class=\"elementor-widget-container\">\n\t\t\t\t\t\t\t\t\t\t\t\t\t\t\t<img fetchpriority=\"high\" decoding=\"async\" width=\"1350\" height=\"600\" src=\"https:\/\/sailing-palava.com\/wp-content\/uploads\/2026\/02\/DJI_01426-1350x600.jpg\" class=\"attachment-fitness-park-slider size-fitness-park-slider wp-image-4584\" alt=\"\" \/>\t\t\t\t\t\t\t\t\t\t\t\t\t\t\t<\/div>\n\t\t\t\t<\/div>\n\t\t\t\t\t<\/div>\n\t\t<\/div>\n\t\t\t\t\t<\/div>\n\t\t<\/section>\n\t\t\t\t<section class=\"elementor-section elementor-top-section elementor-element elementor-element-49eb485 elementor-section-boxed elementor-section-height-default elementor-section-height-default\" data-id=\"49eb485\" data-element_type=\"section\" data-e-type=\"section\">\n\t\t\t\t\t\t<div class=\"elementor-container elementor-column-gap-default\">\n\t\t\t\t\t<div class=\"elementor-column elementor-col-100 elementor-top-column elementor-element elementor-element-a470259\" data-id=\"a470259\" data-element_type=\"column\" data-e-type=\"column\">\n\t\t\t<div class=\"elementor-widget-wrap elementor-element-populated\">\n\t\t\t\t\t\t\t<\/div>\n\t\t<\/div>\n\t\t\t\t\t<\/div>\n\t\t<\/section>\n\t\t\t\t<\/div>\n\t\t","protected":false},"excerpt":{"rendered":"<p>UBYTOV\u00c1N\u00cd &amp; Z\u00c1ZEM\u00cd Sou\u010d\u00e1st\u00ed are\u00e1lu je technick\u00e9 a provozn\u00ed z\u00e1zem\u00ed pro sportovce a \u00fa\u010dastn\u00edky akc\u00ed. Ubytov\u00e1n\u00ed formou karavanov\u00fdch st\u00e1n\u00ed a mobiln\u00edch objekt\u016f slou\u017e\u00ed v\u00fdhradn\u011b jako dopl\u0148kov\u00e1 slu\u017eba k hlavn\u00ed sportovn\u00ed funkci are\u00e1lu.<\/p>\n","protected":false},"author":1,"featured_media":0,"parent":0,"menu_order":0,"comment_status":"closed","ping_status":"closed","template":"","meta":{"footnotes":""},"class_list":["post-4605","page","type-page","status-publish","hentry"],"_links":{"self":[{"href":"http:\/\/sailing-palava.com\/index.php?rest_route=\/wp\/v2\/pages\/4605","targetHints":{"allow":["GET"]}}],"collection":[{"href":"http:\/\/sailing-palava.com\/index.php?rest_route=\/wp\/v2\/pages"}],"about":[{"href":"http:\/\/sailing-palava.com\/index.php?rest_route=\/wp\/v2\/types\/page"}],"author":[{"embeddable":true,"href":"http:\/\/sailing-palava.com\/index.php?rest_route=\/wp\/v2\/users\/1"}],"replies":[{"embeddable":true,"href":"http:\/\/sailing-palava.com\/index.php?rest_route=%2Fwp%2Fv2%2Fcomments&post=4605"}],"version-history":[{"count":13,"href":"http:\/\/sailing-palava.com\/index.php?rest_route=\/wp\/v2\/pages\/4605\/revisions"}],"predecessor-version":[{"id":4884,"href":"http:\/\/sailing-palava.com\/index.php?rest_route=\/wp\/v2\/pages\/4605\/revisions\/4884"}],"wp:attachment":[{"href":"http:\/\/sailing-palava.com\/index.php?rest_route=%2Fwp%2Fv2%2Fmedia&parent=4605"}],"curies":[{"name":"wp","href":"https:\/\/api.w.org\/{rel}","templated":true}]}}