{"id":4614,"date":"2026-02-15T17:36:06","date_gmt":"2026-02-15T16:36:06","guid":{"rendered":"https:\/\/sailing-palava.com\/?page_id=4614"},"modified":"2026-04-15T13:24:14","modified_gmt":"2026-04-15T11:24:14","slug":"partneri","status":"publish","type":"page","link":"http:\/\/sailing-palava.com\/?page_id=4614","title":{"rendered":"PARTNE\u0158I"},"content":{"rendered":"\t\t<div data-elementor-type=\"wp-page\" data-elementor-id=\"4614\" class=\"elementor elementor-4614\">\n\t\t\t\t\t\t<section class=\"elementor-section elementor-top-section elementor-element elementor-element-4c39977 elementor-section-boxed elementor-section-height-default elementor-section-height-default\" data-id=\"4c39977\" data-element_type=\"section\" data-e-type=\"section\">\n\t\t\t\t\t\t<div class=\"elementor-container elementor-column-gap-default\">\n\t\t\t\t\t<div class=\"elementor-column elementor-col-100 elementor-top-column elementor-element elementor-element-e780cf8\" data-id=\"e780cf8\" data-element_type=\"column\" data-e-type=\"column\">\n\t\t\t<div class=\"elementor-widget-wrap elementor-element-populated\">\n\t\t\t\t\t\t<div class=\"elementor-element elementor-element-5a44071 elementor-widget__width-initial elementor-widget elementor-widget-text-editor\" data-id=\"5a44071\" data-element_type=\"widget\" data-e-type=\"widget\" data-widget_type=\"text-editor.default\">\n\t\t\t\t<div class=\"elementor-widget-container\">\n\t\t\t\t\t\t\t\t\t<h3><span style=\"color: #00ccff;\">PARTNE\u0158I<\/span><\/h3><p>Sportovn\u00ed centrum Sailing P\u00e1lava je otev\u0159en\u00e9 spolupr\u00e1ci se sportovn\u00edmi kluby, svazy, partnery a sponzory. Spolupr\u00e1ci vn\u00edm\u00e1me jako kl\u00ed\u010dovou sou\u010d\u00e1st dlouhodob\u00e9ho rozvoje are\u00e1lu.\u00a0<\/p><p>\u00a0<\/p><p>Nyn\u00ed spolupracujeme s t\u011bmito partnery:<\/p><p>\u00a0<\/p><p><a href=\"https:\/\/www.sailing.cz\"><img fetchpriority=\"high\" decoding=\"async\" class=\"alignnone wp-image-4858 size-medium\" src=\"http:\/\/sailing-palava.com\/wp-content\/uploads\/2026\/04\/Snimek-obrazovky-2026-04-15-v-13.11.03-300x179.png\" alt=\"\" width=\"300\" height=\"179\" srcset=\"http:\/\/sailing-palava.com\/wp-content\/uploads\/2026\/04\/Snimek-obrazovky-2026-04-15-v-13.11.03-300x179.png 300w, http:\/\/sailing-palava.com\/wp-content\/uploads\/2026\/04\/Snimek-obrazovky-2026-04-15-v-13.11.03-1024x610.png 1024w, http:\/\/sailing-palava.com\/wp-content\/uploads\/2026\/04\/Snimek-obrazovky-2026-04-15-v-13.11.03-768x457.png 768w, http:\/\/sailing-palava.com\/wp-content\/uploads\/2026\/04\/Snimek-obrazovky-2026-04-15-v-13.11.03-100x60.png 100w, http:\/\/sailing-palava.com\/wp-content\/uploads\/2026\/04\/Snimek-obrazovky-2026-04-15-v-13.11.03-1536x914.png 1536w, http:\/\/sailing-palava.com\/wp-content\/uploads\/2026\/04\/Snimek-obrazovky-2026-04-15-v-13.11.03-2048x1219.png 2048w\" sizes=\"(max-width: 300px) 100vw, 300px\" \/>\u00a0 \u00a0 \u00a0 \u00a0 \u00a0 \u00a0 \u00a0 \u00a0 \u00a0 \u00a0 \u00a0 \u00a0 \u00a0 \u00a0 \u00a0 \u00a0 \u00a0 \u00a0 \u00a0 \u00a0 \u00a0 \u00a0 \u00a0 \u00a0 \u00a0 \u00a0 \u00a0 \u00a0 \u00a0 \u00a0 \u00a0 \u00a0 \u00a0 <img decoding=\"async\" class=\"alignnone size-medium wp-image-4863\" src=\"http:\/\/sailing-palava.com\/wp-content\/uploads\/2026\/04\/logo-300x290.jpg\" alt=\"\" width=\"300\" height=\"290\" srcset=\"http:\/\/sailing-palava.com\/wp-content\/uploads\/2026\/04\/logo-300x290.jpg 300w, http:\/\/sailing-palava.com\/wp-content\/uploads\/2026\/04\/logo-1024x990.jpg 1024w, http:\/\/sailing-palava.com\/wp-content\/uploads\/2026\/04\/logo-768x743.jpg 768w, http:\/\/sailing-palava.com\/wp-content\/uploads\/2026\/04\/logo-100x97.jpg 100w, http:\/\/sailing-palava.com\/wp-content\/uploads\/2026\/04\/logo.jpg 1206w\" sizes=\"(max-width: 300px) 100vw, 300px\" \/><\/a><\/p><p>\u00a0<\/p><p>\u00a0<\/p><p><a href=\"https:\/\/ceskykiting.cz\"><img decoding=\"async\" class=\"alignnone size-medium wp-image-4867\" src=\"http:\/\/sailing-palava.com\/wp-content\/uploads\/2026\/04\/logo-en-300x103.png\" alt=\"\" width=\"300\" height=\"103\" srcset=\"http:\/\/sailing-palava.com\/wp-content\/uploads\/2026\/04\/logo-en-300x103.png 300w, http:\/\/sailing-palava.com\/wp-content\/uploads\/2026\/04\/logo-en-100x34.png 100w, http:\/\/sailing-palava.com\/wp-content\/uploads\/2026\/04\/logo-en.png 335w\" sizes=\"(max-width: 300px) 100vw, 300px\" \/>\u00a0 \u00a0 \u00a0 \u00a0 \u00a0 \u00a0 \u00a0 \u00a0 \u00a0 \u00a0 \u00a0 \u00a0 \u00a0 \u00a0 \u00a0 \u00a0 \u00a0 \u00a0 \u00a0 \u00a0 \u00a0 \u00a0 \u00a0 \u00a0 \u00a0 \u00a0 \u00a0 \u00a0 \u00a0 \u00a0 \u00a0 \u00a0<img loading=\"lazy\" decoding=\"async\" class=\"alignnone size-full wp-image-4868\" src=\"http:\/\/sailing-palava.com\/wp-content\/uploads\/2026\/04\/Cesky-kiting_logo_1-300x300-1.png\" alt=\"\" width=\"300\" height=\"300\" srcset=\"http:\/\/sailing-palava.com\/wp-content\/uploads\/2026\/04\/Cesky-kiting_logo_1-300x300-1.png 300w, http:\/\/sailing-palava.com\/wp-content\/uploads\/2026\/04\/Cesky-kiting_logo_1-300x300-1-150x150.png 150w, http:\/\/sailing-palava.com\/wp-content\/uploads\/2026\/04\/Cesky-kiting_logo_1-300x300-1-100x100.png 100w\" sizes=\"(max-width: 300px) 100vw, 300px\" \/><\/a><\/p><p>\u00a0<\/p><p>\u00a0<\/p><p><a href=\"https:\/\/www.obec-pavlov.cz\"><img loading=\"lazy\" decoding=\"async\" class=\"alignnone size-medium wp-image-4872\" src=\"http:\/\/sailing-palava.com\/wp-content\/uploads\/2026\/04\/Snimek-obrazovky-2026-04-15-v-13.23.15-300x88.png\" alt=\"\" width=\"300\" height=\"88\" srcset=\"http:\/\/sailing-palava.com\/wp-content\/uploads\/2026\/04\/Snimek-obrazovky-2026-04-15-v-13.23.15-300x88.png 300w, http:\/\/sailing-palava.com\/wp-content\/uploads\/2026\/04\/Snimek-obrazovky-2026-04-15-v-13.23.15-1024x299.png 1024w, http:\/\/sailing-palava.com\/wp-content\/uploads\/2026\/04\/Snimek-obrazovky-2026-04-15-v-13.23.15-768x224.png 768w, http:\/\/sailing-palava.com\/wp-content\/uploads\/2026\/04\/Snimek-obrazovky-2026-04-15-v-13.23.15-100x29.png 100w, http:\/\/sailing-palava.com\/wp-content\/uploads\/2026\/04\/Snimek-obrazovky-2026-04-15-v-13.23.15.png 1248w\" sizes=\"(max-width: 300px) 100vw, 300px\" \/><\/a><\/p><p>\u00a0<\/p>\t\t\t\t\t\t\t\t<\/div>\n\t\t\t\t<\/div>\n\t\t\t\t\t<\/div>\n\t\t<\/div>\n\t\t\t\t\t<\/div>\n\t\t<\/section>\n\t\t\t\t<section class=\"elementor-section elementor-top-section elementor-element elementor-element-1501c6c elementor-section-boxed elementor-section-height-default elementor-section-height-default\" data-id=\"1501c6c\" data-element_type=\"section\" data-e-type=\"section\">\n\t\t\t\t\t\t<div class=\"elementor-container elementor-column-gap-default\">\n\t\t\t\t\t<div class=\"elementor-column elementor-col-100 elementor-top-column elementor-element elementor-element-eddd7d2\" data-id=\"eddd7d2\" data-element_type=\"column\" data-e-type=\"column\">\n\t\t\t<div class=\"elementor-widget-wrap elementor-element-populated\">\n\t\t\t\t\t\t\t<\/div>\n\t\t<\/div>\n\t\t\t\t\t<\/div>\n\t\t<\/section>\n\t\t\t\t<section class=\"elementor-section elementor-top-section elementor-element elementor-element-49eb485 elementor-section-boxed elementor-section-height-default elementor-section-height-default\" data-id=\"49eb485\" data-element_type=\"section\" data-e-type=\"section\">\n\t\t\t\t\t\t<div class=\"elementor-container elementor-column-gap-default\">\n\t\t\t\t\t<div class=\"elementor-column elementor-col-100 elementor-top-column elementor-element elementor-element-a470259\" data-id=\"a470259\" data-element_type=\"column\" data-e-type=\"column\">\n\t\t\t<div class=\"elementor-widget-wrap elementor-element-populated\">\n\t\t\t\t\t\t\t<\/div>\n\t\t<\/div>\n\t\t\t\t\t<\/div>\n\t\t<\/section>\n\t\t\t\t<\/div>\n\t\t","protected":false},"excerpt":{"rendered":"<p>PARTNE\u0158I Sportovn\u00ed centrum Sailing P\u00e1lava je otev\u0159en\u00e9 spolupr\u00e1ci se sportovn\u00edmi kluby, svazy, partnery a sponzory. Spolupr\u00e1ci vn\u00edm\u00e1me jako kl\u00ed\u010dovou sou\u010d\u00e1st dlouhodob\u00e9ho rozvoje are\u00e1lu.\u00a0 \u00a0 Nyn\u00ed spolupracujeme s t\u011bmito partnery: \u00a0 \u00a0 \u00a0 \u00a0 \u00a0 \u00a0 \u00a0 \u00a0 \u00a0 \u00a0 \u00a0 \u00a0 \u00a0 \u00a0 \u00a0 \u00a0 \u00a0 \u00a0 \u00a0 \u00a0 \u00a0 \u00a0 \u00a0 \u00a0 \u00a0 \u00a0&hellip;<\/p>\n","protected":false},"author":1,"featured_media":0,"parent":0,"menu_order":0,"comment_status":"closed","ping_status":"closed","template":"","meta":{"footnotes":""},"class_list":["post-4614","page","type-page","status-publish","hentry"],"_links":{"self":[{"href":"http:\/\/sailing-palava.com\/index.php?rest_route=\/wp\/v2\/pages\/4614","targetHints":{"allow":["GET"]}}],"collection":[{"href":"http:\/\/sailing-palava.com\/index.php?rest_route=\/wp\/v2\/pages"}],"about":[{"href":"http:\/\/sailing-palava.com\/index.php?rest_route=\/wp\/v2\/types\/page"}],"author":[{"embeddable":true,"href":"http:\/\/sailing-palava.com\/index.php?rest_route=\/wp\/v2\/users\/1"}],"replies":[{"embeddable":true,"href":"http:\/\/sailing-palava.com\/index.php?rest_route=%2Fwp%2Fv2%2Fcomments&post=4614"}],"version-history":[{"count":25,"href":"http:\/\/sailing-palava.com\/index.php?rest_route=\/wp\/v2\/pages\/4614\/revisions"}],"predecessor-version":[{"id":4878,"href":"http:\/\/sailing-palava.com\/index.php?rest_route=\/wp\/v2\/pages\/4614\/revisions\/4878"}],"wp:attachment":[{"href":"http:\/\/sailing-palava.com\/index.php?rest_route=%2Fwp%2Fv2%2Fmedia&parent=4614"}],"curies":[{"name":"wp","href":"https:\/\/api.w.org\/{rel}","templated":true}]}}