{"id":4619,"date":"2026-02-15T17:37:35","date_gmt":"2026-02-15T16:37:35","guid":{"rendered":"https:\/\/sailing-palava.com\/?page_id=4619"},"modified":"2026-04-01T11:22:59","modified_gmt":"2026-04-01T09:22:59","slug":"provoz-dokumenty","status":"publish","type":"page","link":"http:\/\/sailing-palava.com\/?page_id=4619","title":{"rendered":"PROVOZ &#038; DOKUMENTY"},"content":{"rendered":"\t\t<div data-elementor-type=\"wp-page\" data-elementor-id=\"4619\" class=\"elementor elementor-4619\">\n\t\t\t\t\t\t<section class=\"elementor-section elementor-top-section elementor-element elementor-element-4c39977 elementor-section-boxed elementor-section-height-default elementor-section-height-default\" data-id=\"4c39977\" data-element_type=\"section\" data-e-type=\"section\">\n\t\t\t\t\t\t<div class=\"elementor-container elementor-column-gap-default\">\n\t\t\t\t\t<div class=\"elementor-column elementor-col-100 elementor-top-column elementor-element elementor-element-e780cf8\" data-id=\"e780cf8\" data-element_type=\"column\" data-e-type=\"column\">\n\t\t\t<div class=\"elementor-widget-wrap elementor-element-populated\">\n\t\t\t\t\t\t<div class=\"elementor-element elementor-element-5a44071 elementor-widget__width-initial elementor-widget elementor-widget-text-editor\" data-id=\"5a44071\" data-element_type=\"widget\" data-e-type=\"widget\" data-widget_type=\"text-editor.default\">\n\t\t\t\t<div class=\"elementor-widget-container\">\n\t\t\t\t\t\t\t\t\t<h3 style=\"text-align: left;\"><span style=\"color: #00ccff;\">PROVOZ &amp; DOKUMENTY<\/span><\/h3><h4 style=\"text-align: left;\"><span style=\"text-decoration: underline;\"><a href=\"http:\/\/sailing-palava.com\/wp-content\/uploads\/2026\/03\/Provozni-rad-SCSP-190326.pdf\">Provozn\u00ed \u0159\u00e1d SCSP<\/a><\/span><\/h4><h4><span style=\"text-decoration: underline;\"><a href=\"http:\/\/sailing-palava.com\/wp-content\/uploads\/2026\/03\/Ubytovaci-rad-SCSP-190326.pdf\">Ubytovac\u00ed \u0159\u00e1d SCSP<\/a><\/span><\/h4><h4><span style=\"text-decoration: underline;\"><a href=\"http:\/\/sailing-palava.com\/wp-content\/uploads\/2026\/03\/Organizacni-a-zavodni-rad-SCSP-190326.pdf\">Organiza\u010dn\u00ed a zavodni \u0159\u00e1d SCSP<\/a><\/span><\/h4><h4><span style=\"text-decoration: underline;\"><a href=\"http:\/\/sailing-palava.com\/wp-content\/uploads\/2026\/03\/Bezpecnostni-rad-SCSP-190326.pdf\">Bezpe\u010dnostn\u00ed \u0159\u00e1d SCSP<\/a><\/span><\/h4><h4><span style=\"text-decoration: underline;\"><a href=\"http:\/\/sailing-palava.com\/wp-content\/uploads\/2026\/03\/Obchodni-podminky-SCSP-190326.pdf\">Obchodn\u00ed podm\u00ednky SCSP<\/a><\/span><\/h4><h4><span style=\"text-decoration: underline;\"><a href=\"http:\/\/sailing-palava.com\/wp-content\/uploads\/2026\/03\/GDPR-SCSP-190326.pdf\">GDPR SCSP<\/a><\/span><\/h4><h4><span style=\"text-decoration: underline;\"><a href=\"http:\/\/sailing-palava.com\/wp-content\/uploads\/2026\/04\/Zasady-uctovani-energii-SCSP.pdf\">Z\u00e1sady \u00fa\u010dtov\u00e1n\u00ed energi\u00ed SCSP<\/a><\/span><\/h4><h4><span style=\"text-decoration: underline;\"><a href=\"http:\/\/sailing-palava.com\/wp-content\/uploads\/2026\/04\/Smluvni-a-storno-podminky-SCSP.pdf\">Smluvn\u00ed a storno podm\u00ednky SCSP<\/a><\/span><\/h4><h4><span style=\"text-decoration: underline;\"><a href=\"http:\/\/sailing-palava.com\/wp-content\/uploads\/2026\/04\/Informace-pro-residenty-SCSP.pdf\">Informace pro residenty SCSP<\/a><\/span><\/h4><h4><span style=\"text-decoration: underline;\"><a href=\"http:\/\/sailing-palava.com\/wp-content\/uploads\/2026\/04\/Cenik-a-pravidla-pro-residenty-SCSP-2026.pdf\">Cen\u00edk a pravidla pro residenty SCSP 2026<\/a><\/span><\/h4><h4><span style=\"text-decoration: underline;\"><a href=\"http:\/\/sailing-palava.com\/wp-content\/uploads\/2026\/04\/Interni-karta-residenta-SCSP.pdf\">Intern\u00ed karta residenta SCSP<\/a><\/span><\/h4><p style=\"font-weight: 400;\">\u00a0<\/p>\t\t\t\t\t\t\t\t<\/div>\n\t\t\t\t<\/div>\n\t\t\t\t\t<\/div>\n\t\t<\/div>\n\t\t\t\t\t<\/div>\n\t\t<\/section>\n\t\t\t\t<section class=\"elementor-section elementor-top-section elementor-element elementor-element-1501c6c elementor-section-boxed elementor-section-height-default elementor-section-height-default\" data-id=\"1501c6c\" data-element_type=\"section\" data-e-type=\"section\">\n\t\t\t\t\t\t<div class=\"elementor-container elementor-column-gap-default\">\n\t\t\t\t\t<div class=\"elementor-column elementor-col-100 elementor-top-column elementor-element elementor-element-eddd7d2\" data-id=\"eddd7d2\" data-element_type=\"column\" data-e-type=\"column\">\n\t\t\t<div class=\"elementor-widget-wrap elementor-element-populated\">\n\t\t\t\t\t\t\t<\/div>\n\t\t<\/div>\n\t\t\t\t\t<\/div>\n\t\t<\/section>\n\t\t\t\t<section class=\"elementor-section elementor-top-section elementor-element elementor-element-49eb485 elementor-section-boxed elementor-section-height-default elementor-section-height-default\" data-id=\"49eb485\" data-element_type=\"section\" data-e-type=\"section\">\n\t\t\t\t\t\t<div class=\"elementor-container elementor-column-gap-default\">\n\t\t\t\t\t<div class=\"elementor-column elementor-col-100 elementor-top-column elementor-element elementor-element-a470259\" data-id=\"a470259\" data-element_type=\"column\" data-e-type=\"column\">\n\t\t\t<div class=\"elementor-widget-wrap elementor-element-populated\">\n\t\t\t\t\t\t\t<\/div>\n\t\t<\/div>\n\t\t\t\t\t<\/div>\n\t\t<\/section>\n\t\t\t\t<\/div>\n\t\t","protected":false},"excerpt":{"rendered":"<p>PROVOZ &amp; DOKUMENTY Provozn\u00ed \u0159\u00e1d SCSP Ubytovac\u00ed \u0159\u00e1d SCSP Organiza\u010dn\u00ed a zavodni \u0159\u00e1d SCSP Bezpe\u010dnostn\u00ed \u0159\u00e1d SCSP Obchodn\u00ed podm\u00ednky SCSP GDPR SCSP Z\u00e1sady \u00fa\u010dtov\u00e1n\u00ed energi\u00ed SCSP Smluvn\u00ed a storno podm\u00ednky SCSP Informace pro residenty SCSP Cen\u00edk a pravidla pro residenty SCSP 2026 Intern\u00ed karta residenta SCSP \u00a0<\/p>\n","protected":false},"author":1,"featured_media":0,"parent":0,"menu_order":0,"comment_status":"closed","ping_status":"closed","template":"","meta":{"footnotes":""},"class_list":["post-4619","page","type-page","status-publish","hentry"],"_links":{"self":[{"href":"http:\/\/sailing-palava.com\/index.php?rest_route=\/wp\/v2\/pages\/4619","targetHints":{"allow":["GET"]}}],"collection":[{"href":"http:\/\/sailing-palava.com\/index.php?rest_route=\/wp\/v2\/pages"}],"about":[{"href":"http:\/\/sailing-palava.com\/index.php?rest_route=\/wp\/v2\/types\/page"}],"author":[{"embeddable":true,"href":"http:\/\/sailing-palava.com\/index.php?rest_route=\/wp\/v2\/users\/1"}],"replies":[{"embeddable":true,"href":"http:\/\/sailing-palava.com\/index.php?rest_route=%2Fwp%2Fv2%2Fcomments&post=4619"}],"version-history":[{"count":22,"href":"http:\/\/sailing-palava.com\/index.php?rest_route=\/wp\/v2\/pages\/4619\/revisions"}],"predecessor-version":[{"id":4726,"href":"http:\/\/sailing-palava.com\/index.php?rest_route=\/wp\/v2\/pages\/4619\/revisions\/4726"}],"wp:attachment":[{"href":"http:\/\/sailing-palava.com\/index.php?rest_route=%2Fwp%2Fv2%2Fmedia&parent=4619"}],"curies":[{"name":"wp","href":"https:\/\/api.w.org\/{rel}","templated":true}]}}