{"id":4703,"date":"2026-04-01T10:38:19","date_gmt":"2026-04-01T08:38:19","guid":{"rendered":"https:\/\/sailing-palava.com\/?page_id=4703"},"modified":"2026-04-01T10:46:32","modified_gmt":"2026-04-01T08:46:32","slug":"novinky-od-tj-sailing-palava","status":"publish","type":"page","link":"http:\/\/sailing-palava.com\/?page_id=4703","title":{"rendered":"Novinky od TJ Sailing P\u00e1lava"},"content":{"rendered":"\t\t<div data-elementor-type=\"wp-page\" data-elementor-id=\"4703\" class=\"elementor elementor-4703\">\n\t\t\t\t\t\t<section class=\"elementor-section elementor-top-section elementor-element elementor-element-26c9bb5 elementor-section-boxed elementor-section-height-default elementor-section-height-default\" data-id=\"26c9bb5\" data-element_type=\"section\" data-e-type=\"section\">\n\t\t\t\t\t\t<div class=\"elementor-container elementor-column-gap-default\">\n\t\t\t\t\t<div class=\"elementor-column elementor-col-50 elementor-top-column elementor-element elementor-element-ad41094\" data-id=\"ad41094\" data-element_type=\"column\" data-e-type=\"column\">\n\t\t\t<div class=\"elementor-widget-wrap elementor-element-populated\">\n\t\t\t\t\t\t<div class=\"elementor-element elementor-element-54cea8a elementor-widget__width-initial elementor-widget elementor-widget-text-editor\" data-id=\"54cea8a\" data-element_type=\"widget\" data-e-type=\"widget\" data-widget_type=\"text-editor.default\">\n\t\t\t\t<div class=\"elementor-widget-container\">\n\t\t\t\t\t\t\t\t\t<div dir=\"auto\" style=\"font-family: inherit; animation-name: none!important; transition-property: none!important;\"><p style=\"margin-bottom: 0cm; line-height: normal; background-image: initial; background-position: initial; background-size: initial; background-repeat: initial; background-attachment: initial; background-origin: initial; background-clip: initial;\"><strong><span style=\"font-size: 12pt; font-family: Arial, sans-serif; color: #000080; background: whitesmoke;\">Novinky od TJ Sailing P\u00e1lava<\/span><\/strong><span style=\"caret-color: #000000; color: #000000; font-size: 11pt; line-height: 16.866667px; font-family: Arial, sans-serif;\"><br \/><\/span><\/p><div>\u00a0<\/div><div>\u00a0<\/div><div><p style=\"font-weight: 400;\"><span style=\"color: #000080;\">Hl\u00e1s\u00edme se s dal\u0161\u00edmi informacemi. Rozhodn\u011b jsme se nenudili \u2013 t\u00fdm TJ Sailing P\u00e1lava intenzivn\u011b pracuje na tom, aby se pro v\u00e1s jedno z nejlep\u0161\u00edch m\u00edst pro vodn\u00ed a v\u011btrn\u00e9 sporty v \u010cR otev\u0159elo v pln\u00e9 kr\u00e1se.<\/span><\/p><p style=\"font-weight: 400;\">Nov\u00fd vstup do na\u0161eho sportovn\u00edho centra je t\u00e9m\u011b\u0159 dokon\u010den! Pr\u00e1v\u011b finalizujeme recepci a p\u0159ipravujeme instalaci modern\u00edch vstupn\u00edch syst\u00e9m\u016f, jejich\u017e pln\u00e9 zprovozn\u011bn\u00ed o\u010dek\u00e1v\u00e1me ve druh\u00e9 polovin\u011b dubna. V\u011b\u0159\u00edme, \u017ee tyto syst\u00e9my n\u00e1m v\u0161em zp\u0159\u00edjemn\u00ed provoz nejen ve \u0161pi\u010dk\u00e1ch, ale i mimo n\u011b. Provoz recepce bude ka\u017ed\u00fd den od 8:00 do 20:00 a n\u00e1\u0161 t\u00fdm v\u00e1m r\u00e1d pom\u016f\u017ee s dotazy i po\u017eadavky.<\/p><p style=\"font-weight: 400;\">Ji\u017e od \u010dtvrtka 2. 4. bude recepce fungovat v pilotn\u00edm provozu a\u017e do \u00fapln\u00e9ho spu\u0161t\u011bn\u00ed. B\u011bhem t\u00e9to doby se budeme soust\u0159edit na odlad\u011bn\u00ed technick\u00fdch a provozn\u00edch oblast\u00ed, aby bylo v\u0161e p\u0159ipraveno pro plnohodnotn\u00fd start na konci dubna. Po dokon\u010den\u00ed instalace pro v\u00e1s ihned spust\u00edme online rezerva\u010dn\u00ed syst\u00e9m na na\u0161ich webov\u00fdch str\u00e1nk\u00e1ch. D\u00edky n\u011bmu budete moci pohodln\u011b proj\u00ed\u017ed\u011bt p\u0159es recepci 24\/7 pomoc\u00ed rozpozn\u00e1v\u00e1n\u00ed SPZ nebo vyu\u017e\u00edt brankov\u00fd syst\u00e9m s QR k\u00f3dem. K dispozici bude tak\u00e9 odstavn\u00e9 parkovi\u0161t\u011b p\u0159\u00edmo p\u0159ed recepc\u00ed, hned u vjezdu do are\u00e1lu. P\u0159ij\u010fte n\u00e1s omrknout a pod\u00edvat se, jak pr\u00e1ce postupuj\u00ed!<\/p><p style=\"font-weight: 400;\">T\u011b\u0161\u00edme se na v\u00e1s!<\/p><p style=\"font-weight: 400;\">T\u00fdm TJSP<\/p><p style=\"font-weight: 400;\"><strong>Zpr\u00e1va pro rezidenty<\/strong><\/p><p style=\"font-weight: 400;\">B\u011bhem tohoto v\u00edkendu si m\u016f\u017eete na recepci vyzvednout v\u0161echny pot\u0159ebn\u00e9 informace ke sv\u00fdm karavanov\u00fdm st\u00e1n\u00edm a osobn\u011b vy\u0159\u00eddit pot\u0159ebn\u00e9 n\u00e1le\u017eitosti. Mnoh\u00e9 z v\u00e1s jsme zat\u00edm nem\u011bli mo\u017enost poznat, proto budeme r\u00e1di, kdy\u017e se zastav\u00edte t\u0159eba jen na kr\u00e1tk\u00e9 setk\u00e1n\u00ed.\u00a0<\/p><p style=\"font-weight: 400;\">\u00a0<\/p><\/div><\/div>\t\t\t\t\t\t\t\t<\/div>\n\t\t\t\t<\/div>\n\t\t\t\t\t<\/div>\n\t\t<\/div>\n\t\t\t\t<div class=\"elementor-column elementor-col-50 elementor-top-column elementor-element elementor-element-20f5c56\" data-id=\"20f5c56\" data-element_type=\"column\" data-e-type=\"column\">\n\t\t\t<div class=\"elementor-widget-wrap elementor-element-populated\">\n\t\t\t\t\t\t<div class=\"elementor-element elementor-element-ab6775c elementor-widget elementor-widget-image-gallery\" data-id=\"ab6775c\" data-element_type=\"widget\" data-e-type=\"widget\" data-widget_type=\"image-gallery.default\">\n\t\t\t\t<div class=\"elementor-widget-container\">\n\t\t\t\t\t\t\t<div class=\"elementor-image-gallery\">\n\t\t\t<div id='gallery-1' class='gallery galleryid-4703 gallery-columns-1 gallery-size-medium_large'><figure class='gallery-item'>\n\t\t\t<div class='gallery-icon landscape'>\n\t\t\t\t<a data-elementor-open-lightbox=\"yes\" data-elementor-lightbox-slideshow=\"ab6775c\" data-elementor-lightbox-title=\"DJI_0192\" data-e-action-hash=\"#elementor-action%3Aaction%3Dlightbox%26settings%3DeyJpZCI6NDYxMCwidXJsIjoiaHR0cHM6XC9cL3NhaWxpbmctcGFsYXZhLmNvbVwvd3AtY29udGVudFwvdXBsb2Fkc1wvMjAyNlwvMDJcL0RKSV8wMTkyLXNjYWxlZC5qcGciLCJzbGlkZXNob3ciOiJhYjY3NzVjIn0%3D\" href='https:\/\/sailing-palava.com\/wp-content\/uploads\/2026\/02\/DJI_0192-scaled.jpg'><img fetchpriority=\"high\" decoding=\"async\" width=\"640\" height=\"360\" src=\"https:\/\/sailing-palava.com\/wp-content\/uploads\/2026\/02\/DJI_0192-768x432.jpg\" class=\"attachment-medium_large size-medium_large\" alt=\"\" srcset=\"https:\/\/sailing-palava.com\/wp-content\/uploads\/2026\/02\/DJI_0192-768x432.jpg 768w, https:\/\/sailing-palava.com\/wp-content\/uploads\/2026\/02\/DJI_0192-300x169.jpg 300w, https:\/\/sailing-palava.com\/wp-content\/uploads\/2026\/02\/DJI_0192-1024x575.jpg 1024w, https:\/\/sailing-palava.com\/wp-content\/uploads\/2026\/02\/DJI_0192-100x56.jpg 100w, https:\/\/sailing-palava.com\/wp-content\/uploads\/2026\/02\/DJI_0192-1536x863.jpg 1536w, https:\/\/sailing-palava.com\/wp-content\/uploads\/2026\/02\/DJI_0192-2048x1151.jpg 2048w\" sizes=\"(max-width: 640px) 100vw, 640px\" \/><\/a>\n\t\t\t<\/div><\/figure>\n\t\t<\/div>\n\t\t<\/div>\n\t\t\t\t\t\t<\/div>\n\t\t\t\t<\/div>\n\t\t\t\t\t<\/div>\n\t\t<\/div>\n\t\t\t\t\t<\/div>\n\t\t<\/section>\n\t\t\t\t<\/div>\n\t\t","protected":false},"excerpt":{"rendered":"<p>Novinky od TJ Sailing P\u00e1lava \u00a0\u00a0 Hl\u00e1s\u00edme se s dal\u0161\u00edmi informacemi. Rozhodn\u011b jsme se nenudili \u2013 t\u00fdm TJ Sailing P\u00e1lava intenzivn\u011b pracuje na tom, aby se pro v\u00e1s jedno z nejlep\u0161\u00edch m\u00edst pro vodn\u00ed a v\u011btrn\u00e9 sporty v \u010cR otev\u0159elo v pln\u00e9 kr\u00e1se. Nov\u00fd vstup do na\u0161eho sportovn\u00edho centra je t\u00e9m\u011b\u0159 dokon\u010den! Pr\u00e1v\u011b finalizujeme recepci&hellip;<\/p>\n","protected":false},"author":1,"featured_media":4708,"parent":0,"menu_order":0,"comment_status":"closed","ping_status":"closed","template":"","meta":{"footnotes":""},"class_list":["post-4703","page","type-page","status-publish","has-post-thumbnail","hentry"],"_links":{"self":[{"href":"http:\/\/sailing-palava.com\/index.php?rest_route=\/wp\/v2\/pages\/4703","targetHints":{"allow":["GET"]}}],"collection":[{"href":"http:\/\/sailing-palava.com\/index.php?rest_route=\/wp\/v2\/pages"}],"about":[{"href":"http:\/\/sailing-palava.com\/index.php?rest_route=\/wp\/v2\/types\/page"}],"author":[{"embeddable":true,"href":"http:\/\/sailing-palava.com\/index.php?rest_route=\/wp\/v2\/users\/1"}],"replies":[{"embeddable":true,"href":"http:\/\/sailing-palava.com\/index.php?rest_route=%2Fwp%2Fv2%2Fcomments&post=4703"}],"version-history":[{"count":7,"href":"http:\/\/sailing-palava.com\/index.php?rest_route=\/wp\/v2\/pages\/4703\/revisions"}],"predecessor-version":[{"id":4711,"href":"http:\/\/sailing-palava.com\/index.php?rest_route=\/wp\/v2\/pages\/4703\/revisions\/4711"}],"wp:featuredmedia":[{"embeddable":true,"href":"http:\/\/sailing-palava.com\/index.php?rest_route=\/wp\/v2\/media\/4708"}],"wp:attachment":[{"href":"http:\/\/sailing-palava.com\/index.php?rest_route=%2Fwp%2Fv2%2Fmedia&parent=4703"}],"curies":[{"name":"wp","href":"https:\/\/api.w.org\/{rel}","templated":true}]}}