{"id":4727,"date":"2026-04-05T14:48:19","date_gmt":"2026-04-05T12:48:19","guid":{"rendered":"https:\/\/sailing-palava.com\/?page_id=4727"},"modified":"2026-04-16T10:00:20","modified_gmt":"2026-04-16T08:00:20","slug":"vojtech-koska-stejne-jako-vloni-osmy-na-svetovem-poharu-na-mallorce","status":"publish","type":"page","link":"http:\/\/sailing-palava.com\/?page_id=4727","title":{"rendered":"Vojt\u011bch Ko\u0161ka osm\u00fd na Mallorce"},"content":{"rendered":"\t\t<div data-elementor-type=\"wp-page\" data-elementor-id=\"4727\" class=\"elementor elementor-4727\">\n\t\t\t\t\t\t<section class=\"elementor-section elementor-top-section elementor-element elementor-element-26c9bb5 elementor-section-boxed elementor-section-height-default elementor-section-height-default\" data-id=\"26c9bb5\" data-element_type=\"section\" data-e-type=\"section\">\n\t\t\t\t\t\t<div class=\"elementor-container elementor-column-gap-default\">\n\t\t\t\t\t<div class=\"elementor-column elementor-col-50 elementor-top-column elementor-element elementor-element-ad41094\" data-id=\"ad41094\" data-element_type=\"column\" data-e-type=\"column\">\n\t\t\t<div class=\"elementor-widget-wrap elementor-element-populated\">\n\t\t\t\t\t\t<div class=\"elementor-element elementor-element-54cea8a elementor-widget elementor-widget-text-editor\" data-id=\"54cea8a\" data-element_type=\"widget\" data-e-type=\"widget\" data-widget_type=\"text-editor.default\">\n\t\t\t\t<div class=\"elementor-widget-container\">\n\t\t\t\t\t\t\t\t\t<div dir=\"auto\" style=\"font-family: inherit; animation-name: none!important; transition-property: none!important;\"><p style=\"margin-bottom: 0cm; line-height: normal; background-image: initial; background-position: initial; background-size: initial; background-repeat: initial; background-attachment: initial; background-origin: initial; background-clip: initial;\"><strong><span style=\"font-size: 12pt; font-family: Arial, sans-serif; color: #000080; background: whitesmoke;\">Vojt\u011bch Ko\u0161ka osm\u00fd na sv\u011btov\u00e9m poh\u00e1ru na Mallorce<\/span><\/strong><\/p><p>\u00a0<\/p><p style=\"margin-bottom: 0cm; line-height: normal; background-image: initial; background-position: initial; background-size: initial; background-repeat: initial; background-attachment: initial; background-origin: initial; background-clip: initial;\"><span style=\"font-size: 12pt; font-family: 'Arial',sans-serif; mso-fareast-font-family: 'Times New Roman'; color: #003399; mso-fareast-language: CS;\">55 TROFEO S.A.R. Princessa Sofia<\/span><\/p><p>\u00a0<\/p><p style=\"margin-bottom: 0cm; line-height: normal; background-image: initial; background-position: initial; background-size: initial; background-repeat: initial; background-attachment: initial; background-origin: initial; background-clip: initial;\"><span style=\"font-size: 12pt; line-height: 107%; font-family: 'Arial',sans-serif; mso-fareast-font-family: 'Times New Roman'; color: #003399; mso-fareast-language: CS;\">30. 3.\u20134. 4. 2026<\/span><\/p><p>\u00a0<\/p><p style=\"font-weight: 400;\"><strong>Na Mallorce se v\u00a0t\u00fddnu od 30. b\u0159ezna do 4. dubna konal sv\u011btov\u00fd poh\u00e1r olympijsk\u00fdch t\u0159\u00edd, mezi kter\u00e9 pat\u0159\u00ed i Formula Kite, v n\u00ed\u017e z\u00e1vod\u00ed Vojt\u011bch Ko\u0161ka a Dominika Braunov\u00e1 z\u00a0TJ Sailing P\u00e1lava.<\/strong><\/p><p style=\"font-weight: 400;\">Celkem letos z\u00e1vodilo v deseti olympijsk\u00fdch t\u0159\u00edd\u00e1ch v\u00edce ne\u017e 1 100 jachta\u0159\u016f ze 62 zem\u00ed. Na startu byla po\u010detn\u00e1 \u010desk\u00e1 v\u00fdprava, zastoupen\u00ed jsme m\u011bli t\u00e9m\u011b\u0159 ve v\u0161ech lodn\u00edch t\u0159\u00edd\u00e1ch.<\/p><p style=\"font-weight: 400;\"><strong>Vojt\u011bch Ko\u0161ka se jako jedin\u00fd \u010desk\u00fd reprezentant probojoval do sobotn\u00edch fin\u00e1lov\u00fdch j\u00edzd pro 10 nejlep\u0161\u00edch. <\/strong><\/p><p style=\"font-weight: 400;\">\u00a0<\/p><p style=\"font-weight: 400;\"><em>\u201eZa\u010d\u00e1tek regaty byl opravdu netypick\u00fd. Foukal siln\u00fd a hodn\u011b prom\u011bnliv\u00fd severn\u00ed v\u00edtr, do toho nezvykle chladn\u00e9 po\u010das\u00ed \u2013 r\u00e1no kolem p\u011bti stup\u0148\u016f, odpoledne maxim\u00e1ln\u011b deset a\u017e \u010dtrn\u00e1ct. Na mallorsk\u00fdch hor\u00e1ch byl dokonce sn\u00edh. Po prvn\u00edm dnu jsem byl \u0161estn\u00e1ct\u00fd, p\u0159i\u010dem\u017e startovn\u00ed pole bylo extr\u00e9mn\u011b vyrovnan\u00e9 a rozhodovaly drobnosti. V dal\u0161\u00edch j\u00edzd\u00e1ch se mi poda\u0159ilo zajet lep\u0161\u00ed v\u00fdsledky ne\u017e v\u011bt\u0161ina soupe\u0159\u016f a postupn\u011b jsem se posunul po\u0159ad\u00edm nahoru. Do fin\u00e1lov\u00e9ho dne jsem \u0161el z\u00a0dev\u00e1t\u00e9ho m\u00edsta s c\u00edlem zabojovat o co nejlep\u0161\u00ed um\u00edst\u011bn\u00ed. Jsem r\u00e1d, \u017ee se mi do fin\u00e1le poda\u0159ilo postoupit, co\u017e byl jeden z hlavn\u00edch c\u00edl\u016f. T\u00edm druh\u00fdm bylo um\u00edst\u011bn\u00ed mezi osmi st\u00e1ty, kter\u00e9 se kvalifikuj\u00ed u\u017e p\u0159\u00ed\u0161t\u00ed rok z\u00a0MS kvalifikuj\u00ed na olympi\u00e1du \u2013 a to se poda\u0159ilo splnit. To beru jako velk\u00fd \u00fasp\u011bch. Na druhou stranu v\u00edm, \u017ee z\u00e1vod mohl dopadnout je\u0161t\u011b l\u00e9pe. Ve \u010dtvrtfin\u00e1le jsem ud\u011blal chybu, kter\u00e9 m\u011b st\u00e1la postup do semifin\u00e1le. O to v\u00edc ale v\u00edme, na \u010dem pracovat a kde se posunout. Celkov\u011b m\u00e1m ze z\u00e1vodu dobr\u00fd pocit. Nejsem \u00fapln\u011b spokojen\u00fd, ale ani zklaman\u00fd \u2013 beru to jako velmi solidn\u00ed v\u00fdsledek a d\u016fle\u017eit\u00fd krok d\u00e1l,\u201c<\/em> zhodnotil z\u00e1vod Vojta. <em>\u201eTe\u010f n\u00e1s \u010dek\u00e1 dal\u0161\u00ed sv\u011btov\u00fd poh\u00e1r ve francouzsk\u00e9m Hyeres, kde bych cht\u011bl znovu postoupit do fin\u00e1lov\u00e9ho dne a v\u00fdsledek z Mallorky je\u0161t\u011b vylep\u0161it. N\u00e1sledovat bude mistrovstv\u00ed sv\u011bta v\u00a0Portugalsku,\u201c<\/em>prozradil dal\u0161\u00ed pl\u00e1ny.<\/p><p style=\"font-weight: 400;\">\u00a0<\/p><p style=\"font-weight: 400;\"><strong>Dominika Braunov\u00e1 vybojovala 25. m\u00edsto, ale 14. z\u00a0n\u00e1rod\u016f, co\u017e tak\u00e9 d\u00e1v\u00e1 nad\u011bji na olympijskou kvalifikaci.<\/strong><\/p><p style=\"font-weight: 400;\"><em style=\"font-family: inherit;\">Foto Sailing Energy<\/em><\/p><\/div>\t\t\t\t\t\t\t\t<\/div>\n\t\t\t\t<\/div>\n\t\t\t\t<div class=\"elementor-element elementor-element-02e31ba elementor-widget elementor-widget-text-editor\" data-id=\"02e31ba\" data-element_type=\"widget\" data-e-type=\"widget\" data-widget_type=\"text-editor.default\">\n\t\t\t\t<div class=\"elementor-widget-container\">\n\t\t\t\t\t\t\t\t\t<p><a href=\"https:\/\/www.trofeoprincesasofia.org\/en\/default\/races\/race-resultsall\" target=\"_blank\" rel=\"noopener\">V\u00fdsledky ZDE<\/a><\/p>\t\t\t\t\t\t\t\t<\/div>\n\t\t\t\t<\/div>\n\t\t\t\t\t<\/div>\n\t\t<\/div>\n\t\t\t\t<div class=\"elementor-column elementor-col-50 elementor-top-column elementor-element elementor-element-20f5c56\" data-id=\"20f5c56\" data-element_type=\"column\" data-e-type=\"column\">\n\t\t\t<div class=\"elementor-widget-wrap elementor-element-populated\">\n\t\t\t\t\t\t<div class=\"elementor-element elementor-element-ab6775c elementor-widget elementor-widget-image-gallery\" data-id=\"ab6775c\" data-element_type=\"widget\" data-e-type=\"widget\" data-widget_type=\"image-gallery.default\">\n\t\t\t\t<div class=\"elementor-widget-container\">\n\t\t\t\t\t\t\t<div class=\"elementor-image-gallery\">\n\t\t\t<div id='gallery-1' class='gallery galleryid-4727 gallery-columns-1 gallery-size-medium_large'><figure class='gallery-item'>\n\t\t\t<div class='gallery-icon portrait'>\n\t\t\t\t<a data-elementor-open-lightbox=\"yes\" data-elementor-lightbox-slideshow=\"ab6775c\" data-elementor-lightbox-title=\"55th Trofeo Princesa Sof\u00eda Mallorca\" data-e-action-hash=\"#elementor-action%3Aaction%3Dlightbox%26settings%3DeyJpZCI6NDc0NywidXJsIjoiaHR0cHM6XC9cL3NhaWxpbmctcGFsYXZhLmNvbVwvd3AtY29udGVudFwvdXBsb2Fkc1wvMjAyNlwvMDRcL2tvc2thLTEuanBnIiwic2xpZGVzaG93IjoiYWI2Nzc1YyJ9\" href='https:\/\/sailing-palava.com\/wp-content\/uploads\/2026\/04\/koska-1.jpg'><img fetchpriority=\"high\" decoding=\"async\" width=\"640\" height=\"833\" src=\"https:\/\/sailing-palava.com\/wp-content\/uploads\/2026\/04\/koska-1-768x1000.jpg\" class=\"attachment-medium_large size-medium_large\" alt=\"\" aria-describedby=\"gallery-1-4747\" srcset=\"https:\/\/sailing-palava.com\/wp-content\/uploads\/2026\/04\/koska-1-768x1000.jpg 768w, https:\/\/sailing-palava.com\/wp-content\/uploads\/2026\/04\/koska-1-231x300.jpg 231w, https:\/\/sailing-palava.com\/wp-content\/uploads\/2026\/04\/koska-1-787x1024.jpg 787w, https:\/\/sailing-palava.com\/wp-content\/uploads\/2026\/04\/koska-1-100x130.jpg 100w, https:\/\/sailing-palava.com\/wp-content\/uploads\/2026\/04\/koska-1.jpg 922w\" sizes=\"(max-width: 640px) 100vw, 640px\" \/><\/a>\n\t\t\t<\/div>\n\t\t\t\t<figcaption class='wp-caption-text gallery-caption' id='gallery-1-4747'>\n\t\t\t\t55th Trofeo Princesa Sof\u00eda Mallorca. March 30th till April 4th 2026. \n\u00a9 Sailing Energy \/ Princesa Sof\u00eda Mallorca\n\t\t\t\t<\/figcaption><\/figure><figure class='gallery-item'>\n\t\t\t<div class='gallery-icon landscape'>\n\t\t\t\t<a data-elementor-open-lightbox=\"yes\" data-elementor-lightbox-slideshow=\"ab6775c\" data-elementor-lightbox-title=\"55th Trofeo Princesa Sof\u00eda Mallorca\" data-e-action-hash=\"#elementor-action%3Aaction%3Dlightbox%26settings%3DeyJpZCI6NDc1MSwidXJsIjoiaHR0cHM6XC9cL3NhaWxpbmctcGFsYXZhLmNvbVwvd3AtY29udGVudFwvdXBsb2Fkc1wvMjAyNlwvMDRcL1ZvanRhLUtvc2thLmpwZyIsInNsaWRlc2hvdyI6ImFiNjc3NWMifQ%3D%3D\" href='https:\/\/sailing-palava.com\/wp-content\/uploads\/2026\/04\/Vojta-Koska.jpg'><img decoding=\"async\" width=\"640\" height=\"426\" src=\"https:\/\/sailing-palava.com\/wp-content\/uploads\/2026\/04\/Vojta-Koska-768x511.jpg\" class=\"attachment-medium_large size-medium_large\" alt=\"\" aria-describedby=\"gallery-1-4751\" srcset=\"https:\/\/sailing-palava.com\/wp-content\/uploads\/2026\/04\/Vojta-Koska-768x511.jpg 768w, https:\/\/sailing-palava.com\/wp-content\/uploads\/2026\/04\/Vojta-Koska-300x200.jpg 300w, https:\/\/sailing-palava.com\/wp-content\/uploads\/2026\/04\/Vojta-Koska-100x67.jpg 100w, https:\/\/sailing-palava.com\/wp-content\/uploads\/2026\/04\/Vojta-Koska.jpg 850w\" sizes=\"(max-width: 640px) 100vw, 640px\" \/><\/a>\n\t\t\t<\/div>\n\t\t\t\t<figcaption class='wp-caption-text gallery-caption' id='gallery-1-4751'>\n\t\t\t\t55th Trofeo Princesa Sof\u00eda Mallorca. March 30th till April 4th 2026. \n\u00a9 Sailing Energy \/ Princesa Sof\u00eda Mallorca\n\t\t\t\t<\/figcaption><\/figure><figure class='gallery-item'>\n\t\t\t<div class='gallery-icon portrait'>\n\t\t\t\t<a data-elementor-open-lightbox=\"yes\" data-elementor-lightbox-slideshow=\"ab6775c\" data-elementor-lightbox-title=\"PHOTO-2026-03-27-18-47-26 2\" data-e-action-hash=\"#elementor-action%3Aaction%3Dlightbox%26settings%3DeyJpZCI6NDc1MCwidXJsIjoiaHR0cHM6XC9cL3NhaWxpbmctcGFsYXZhLmNvbVwvd3AtY29udGVudFwvdXBsb2Fkc1wvMjAyNlwvMDRcL1BIT1RPLTIwMjYtMDMtMjctMTgtNDctMjYtMi0xLmpwZyIsInNsaWRlc2hvdyI6ImFiNjc3NWMifQ%3D%3D\" href='https:\/\/sailing-palava.com\/wp-content\/uploads\/2026\/04\/PHOTO-2026-03-27-18-47-26-2-1.jpg'><img decoding=\"async\" width=\"640\" height=\"853\" src=\"https:\/\/sailing-palava.com\/wp-content\/uploads\/2026\/04\/PHOTO-2026-03-27-18-47-26-2-1-768x1024.jpg\" class=\"attachment-medium_large size-medium_large\" alt=\"\" srcset=\"https:\/\/sailing-palava.com\/wp-content\/uploads\/2026\/04\/PHOTO-2026-03-27-18-47-26-2-1-768x1024.jpg 768w, https:\/\/sailing-palava.com\/wp-content\/uploads\/2026\/04\/PHOTO-2026-03-27-18-47-26-2-1-225x300.jpg 225w, https:\/\/sailing-palava.com\/wp-content\/uploads\/2026\/04\/PHOTO-2026-03-27-18-47-26-2-1-100x133.jpg 100w, https:\/\/sailing-palava.com\/wp-content\/uploads\/2026\/04\/PHOTO-2026-03-27-18-47-26-2-1.jpg 801w\" sizes=\"(max-width: 640px) 100vw, 640px\" \/><\/a>\n\t\t\t<\/div><\/figure><figure class='gallery-item'>\n\t\t\t<div class='gallery-icon landscape'>\n\t\t\t\t<a data-elementor-open-lightbox=\"yes\" data-elementor-lightbox-slideshow=\"ab6775c\" data-elementor-lightbox-title=\"55th Trofeo Princesa Sof\u00eda Mallorca\" data-e-action-hash=\"#elementor-action%3Aaction%3Dlightbox%26settings%3DeyJpZCI6NDc0OCwidXJsIjoiaHR0cHM6XC9cL3NhaWxpbmctcGFsYXZhLmNvbVwvd3AtY29udGVudFwvdXBsb2Fkc1wvMjAyNlwvMDRcL0RvbWluaWthLUJyYXVub3ZhLTEuanBnIiwic2xpZGVzaG93IjoiYWI2Nzc1YyJ9\" href='https:\/\/sailing-palava.com\/wp-content\/uploads\/2026\/04\/Dominika-Braunova-1.jpg'><img loading=\"lazy\" decoding=\"async\" width=\"640\" height=\"427\" src=\"https:\/\/sailing-palava.com\/wp-content\/uploads\/2026\/04\/Dominika-Braunova-1-768x512.jpg\" class=\"attachment-medium_large size-medium_large\" alt=\"\" aria-describedby=\"gallery-1-4748\" srcset=\"https:\/\/sailing-palava.com\/wp-content\/uploads\/2026\/04\/Dominika-Braunova-1-768x512.jpg 768w, https:\/\/sailing-palava.com\/wp-content\/uploads\/2026\/04\/Dominika-Braunova-1-300x200.jpg 300w, https:\/\/sailing-palava.com\/wp-content\/uploads\/2026\/04\/Dominika-Braunova-1-100x67.jpg 100w, https:\/\/sailing-palava.com\/wp-content\/uploads\/2026\/04\/Dominika-Braunova-1.jpg 850w\" sizes=\"(max-width: 640px) 100vw, 640px\" \/><\/a>\n\t\t\t<\/div>\n\t\t\t\t<figcaption class='wp-caption-text gallery-caption' id='gallery-1-4748'>\n\t\t\t\t55th Trofeo Princesa Sof\u00eda Mallorca. March 30th till April 4th 2026. \n\u00a9 Sailing Energy \/ Princesa Sof\u00eda Mallorca\n\t\t\t\t<\/figcaption><\/figure><figure class='gallery-item'>\n\t\t\t<div class='gallery-icon landscape'>\n\t\t\t\t<a data-elementor-open-lightbox=\"yes\" data-elementor-lightbox-slideshow=\"ab6775c\" data-elementor-lightbox-title=\"55th Trofeo Princesa Sof\u00eda Mallorca\" data-e-action-hash=\"#elementor-action%3Aaction%3Dlightbox%26settings%3DeyJpZCI6NDc0OSwidXJsIjoiaHR0cHM6XC9cL3NhaWxpbmctcGFsYXZhLmNvbVwvd3AtY29udGVudFwvdXBsb2Fkc1wvMjAyNlwvMDRcL2JyYXVub3ZhLTEuanBnIiwic2xpZGVzaG93IjoiYWI2Nzc1YyJ9\" href='https:\/\/sailing-palava.com\/wp-content\/uploads\/2026\/04\/braunova-1.jpg'><img loading=\"lazy\" decoding=\"async\" width=\"640\" height=\"427\" src=\"https:\/\/sailing-palava.com\/wp-content\/uploads\/2026\/04\/braunova-1-768x512.jpg\" class=\"attachment-medium_large size-medium_large\" alt=\"\" aria-describedby=\"gallery-1-4749\" srcset=\"https:\/\/sailing-palava.com\/wp-content\/uploads\/2026\/04\/braunova-1-768x512.jpg 768w, https:\/\/sailing-palava.com\/wp-content\/uploads\/2026\/04\/braunova-1-300x200.jpg 300w, https:\/\/sailing-palava.com\/wp-content\/uploads\/2026\/04\/braunova-1-100x67.jpg 100w, https:\/\/sailing-palava.com\/wp-content\/uploads\/2026\/04\/braunova-1.jpg 850w\" sizes=\"(max-width: 640px) 100vw, 640px\" \/><\/a>\n\t\t\t<\/div>\n\t\t\t\t<figcaption class='wp-caption-text gallery-caption' id='gallery-1-4749'>\n\t\t\t\t55th Trofeo Princesa Sof\u00eda Mallorca. March 30th till April 4th 2026. \n\u00a9 Sailing Energy \/ Princesa Sof\u00eda Mallorca\n\t\t\t\t<\/figcaption><\/figure>\n\t\t<\/div>\n\t\t<\/div>\n\t\t\t\t\t\t<\/div>\n\t\t\t\t<\/div>\n\t\t\t\t\t<\/div>\n\t\t<\/div>\n\t\t\t\t\t<\/div>\n\t\t<\/section>\n\t\t\t\t<\/div>\n\t\t","protected":false},"excerpt":{"rendered":"<p>Vojt\u011bch Ko\u0161ka osm\u00fd na sv\u011btov\u00e9m poh\u00e1ru na Mallorce \u00a0 55 TROFEO S.A.R. Princessa Sofia \u00a0 30. 3.\u20134. 4. 2026 \u00a0 Na Mallorce se v\u00a0t\u00fddnu od 30. b\u0159ezna do 4. dubna konal sv\u011btov\u00fd poh\u00e1r olympijsk\u00fdch t\u0159\u00edd, mezi kter\u00e9 pat\u0159\u00ed i Formula Kite, v n\u00ed\u017e z\u00e1vod\u00ed Vojt\u011bch Ko\u0161ka a Dominika Braunov\u00e1 z\u00a0TJ Sailing P\u00e1lava. Celkem letos z\u00e1vodilo&hellip;<\/p>\n","protected":false},"author":1,"featured_media":4743,"parent":0,"menu_order":0,"comment_status":"closed","ping_status":"closed","template":"","meta":{"footnotes":""},"class_list":["post-4727","page","type-page","status-publish","has-post-thumbnail","hentry"],"_links":{"self":[{"href":"http:\/\/sailing-palava.com\/index.php?rest_route=\/wp\/v2\/pages\/4727","targetHints":{"allow":["GET"]}}],"collection":[{"href":"http:\/\/sailing-palava.com\/index.php?rest_route=\/wp\/v2\/pages"}],"about":[{"href":"http:\/\/sailing-palava.com\/index.php?rest_route=\/wp\/v2\/types\/page"}],"author":[{"embeddable":true,"href":"http:\/\/sailing-palava.com\/index.php?rest_route=\/wp\/v2\/users\/1"}],"replies":[{"embeddable":true,"href":"http:\/\/sailing-palava.com\/index.php?rest_route=%2Fwp%2Fv2%2Fcomments&post=4727"}],"version-history":[{"count":16,"href":"http:\/\/sailing-palava.com\/index.php?rest_route=\/wp\/v2\/pages\/4727\/revisions"}],"predecessor-version":[{"id":4910,"href":"http:\/\/sailing-palava.com\/index.php?rest_route=\/wp\/v2\/pages\/4727\/revisions\/4910"}],"wp:featuredmedia":[{"embeddable":true,"href":"http:\/\/sailing-palava.com\/index.php?rest_route=\/wp\/v2\/media\/4743"}],"wp:attachment":[{"href":"http:\/\/sailing-palava.com\/index.php?rest_route=%2Fwp%2Fv2%2Fmedia&parent=4727"}],"curies":[{"name":"wp","href":"https:\/\/api.w.org\/{rel}","templated":true}]}}