{"id":3234,"date":"2023-05-25T12:44:45","date_gmt":"2023-05-25T10:44:45","guid":{"rendered":"https:\/\/sailing-palava.com\/?page_id=3234"},"modified":"2023-05-25T12:50:24","modified_gmt":"2023-05-25T10:50:24","slug":"francie-2023-hyeres","status":"publish","type":"page","link":"https:\/\/sailing-palava.com\/en\/francie-2023-hyeres\/","title":{"rendered":"Francie 2023 &#8211; Hyeres"},"content":{"rendered":"<div data-elementor-type=\"wp-page\" data-elementor-id=\"3234\" class=\"elementor elementor-3234\">\n\t\t\t\t\t\t<section class=\"elementor-section elementor-top-section elementor-element elementor-element-26c9bb5 elementor-section-boxed elementor-section-height-default elementor-section-height-default\" data-id=\"26c9bb5\" data-element_type=\"section\" data-e-type=\"section\">\n\t\t\t\t\t\t<div class=\"elementor-container elementor-column-gap-default\">\n\t\t\t\t\t<div class=\"elementor-column elementor-col-50 elementor-top-column elementor-element elementor-element-ad41094\" data-id=\"ad41094\" data-element_type=\"column\" data-e-type=\"column\">\n\t\t\t<div class=\"elementor-widget-wrap elementor-element-populated\">\n\t\t\t\t\t\t<div class=\"elementor-element elementor-element-54cea8a elementor-widget elementor-widget-text-editor\" data-id=\"54cea8a\" data-element_type=\"widget\" data-e-type=\"widget\" data-widget_type=\"text-editor.default\">\n\t\t\t\t<div class=\"elementor-widget-container\">\n\t\t\t\t\t\t\t\t\t<div dir=\"auto\" style=\"font-family: inherit; animation-name: none!important; transition-property: none!important;\"><p class=\"-wm-MsoNormal\" style=\"margin-bottom: 0cm; line-height: normal; background-image: initial; background-position: initial; background-size: initial; background-repeat: initial; background-attachment: initial; background-origin: initial; background-clip: initial;\"><b><span style=\"font-size: 12pt; font-family: 'Arial',sans-serif; mso-fareast-font-family: 'Times New Roman'; color: #003399; mso-fareast-language: CS;\">Francie: Hy\u00e8res 2023<\/span><\/b><\/p><p class=\"-wm-MsoNormal\"><span style=\"font-size: 12pt; line-height: 107%; font-family: 'Arial',sans-serif; mso-fareast-font-family: 'Times New Roman'; color: #003399; mso-fareast-language: CS;\">22.-29.4.2023\u00a0<\/span><\/p><p>Dal\u0161\u00ed s\u00e9rie sv\u011btov\u00e9ho poh\u00e1ru<\/p><div>Zd\u00e1lo by se, \u017ee se nikam neposouv\u00e1m, ale opak je pravdou. \u017densk\u00fd i mu\u017esk\u00fd fleet\u00a0 je po zim\u011b v\u00fdrazn\u011b siln\u011bj\u0161\u00ed, a i my d\u011bl\u00e1me pokroky. P\u0159ed rokem bychom je\u0161t\u011b do v\u011btru 25-30knot\u016f \u010di 7-9knot\u016f nenastoupili ( \u010di mo\u017en\u00e1 nastoupili, ale v\u00fdsledek by z toho nebyl , mo\u017en\u00e1 tak proj\u00ed\u017e\u010fka sanitkou a nebo na \u010dlunu ). T\u00fdden p\u0159ed z\u00e1vodem a den po z\u00e1vod\u011b vypadal zde ve Francii velice slibn\u011b, vlny tak akor\u00e1t a v 15tce \u010di 11tce draku taky tak akor\u00e1t. Z\u00e1vody pak byly celou dobu ve znamen\u00ed \u010dek\u00e1n\u00ed, prvn\u00ed dva dny ne\u017e v\u00edtr zesl\u00e1bne a dal\u0161\u00ed t\u0159i dny a\u017e v\u00edtr zes\u00edl\u00ed. Tedy sumasum\u00e1rum jsme odjely, my hor\u0161\u00ed holky, jen 4 kvalifika\u010dn\u00ed rozj\u00ed\u017e\u010fky v bu\u0161\u00e1ku na dev\u00edtk\u00e1ch, a pak 3 rozj\u00ed\u017e\u010fky ve st\u0159\u00edbrn\u00e9m fleetu v opravdov\u00fdm light windu. Kluci m\u011bli v kvalifikaci o jednu rozj\u00ed\u017e\u010fku v\u00edce.<br \/>\u201cPe\u0161ka\u201d\/\u010dern\u00e9ho Petra tu chytla Dominka Braunov\u00e1, kter\u00e9 se poda\u0159ilo dojet jen v jedn\u00e9 rozj\u00ed\u017e\u010fce. Vojta Ko\u0161ka se bohu\u017eel rozhodl po druh\u00e9m dne ze z\u00e1vodu odstoupit pro v\u00e1\u017en\u00e9 rodinn\u00e9 d\u016fvody a na rychlo odcestoval zp\u011bt do \u010cR.\u00a0<\/div><div>Suma sum\u00e1rum z\u00e1vodili jsem dva dny, um\u00edst\u011bn\u00ed pr\u016fm\u011brn\u00e1, ale o to v\u00edc douf\u00e1me, \u017ee si l\u00e9pe zajezd\u00edme koncem kv\u011btna na Sardinii a kone\u010dn\u011b z\u00faro\u010d\u00edme hodiny zimn\u00ed d\u0159iny na vod\u011b i v posilovn\u011b. Na Sardinii \u010dek\u00e1 Dominika a Vojtu Mistrovstv\u00ed Evropy junior\u016f pod 21let. Moniku pak Mistrovstv\u00ed Sv\u011bta Masters, tedy senior\u016f nad 35let.<\/div><\/div>\t\t\t\t\t\t\t\t<\/div>\n\t\t\t\t<\/div>\n\t\t\t\t<div class=\"elementor-element elementor-element-02e31ba elementor-widget elementor-widget-text-editor\" data-id=\"02e31ba\" data-element_type=\"widget\" data-e-type=\"widget\" data-widget_type=\"text-editor.default\">\n\t\t\t\t<div class=\"elementor-widget-container\">\n\t\t\t\t\t\t\t\t\t<div>\u010c\u00edsla z Francie 2023:<\/div><div>&#8212;&#8212;&#8212;&#8212;&#8212;&#8212;&#8212;&#8212;&#8212;&#8212;<\/div><div>Monika \u017di\u017elavsk\u00e1 44.-45.m\u00edsto<\/div><div>Dominika Braunov\u00e1 47.m\u00edsto<\/div><div>celkem 50 \u017een<\/div><div>\u00a0<\/div><div>Vojt\u011bch Ko\u0161ka 85.m\u00edsto<\/div><div>celkem 92 mu\u017e\u016f<\/div><div>\u00a0<\/div><div>V\u00fdsledky zde:\u00a0\u00a0<span style=\"background-color: transparent;\"><u>https:\/\/sof.regatta.ffvoile.fr\/en\/default\/races\/race-resultsall<\/u><\/span><\/div>\t\t\t\t\t\t\t\t<\/div>\n\t\t\t\t<\/div>\n\t\t\t\t\t<\/div>\n\t\t<\/div>\n\t\t\t\t<div class=\"elementor-column elementor-col-50 elementor-top-column elementor-element elementor-element-20f5c56\" data-id=\"20f5c56\" data-element_type=\"column\" data-e-type=\"column\">\n\t\t\t<div class=\"elementor-widget-wrap elementor-element-populated\">\n\t\t\t\t\t\t<div class=\"elementor-element elementor-element-ab6775c elementor-widget elementor-widget-image-gallery\" data-id=\"ab6775c\" data-element_type=\"widget\" data-e-type=\"widget\" data-widget_type=\"image-gallery.default\">\n\t\t\t\t<div class=\"elementor-widget-container\">\n\t\t\t\t\t\t\t<div class=\"elementor-image-gallery\">\n\t\t\t<div id='gallery-1' class='gallery galleryid-3234 gallery-columns-4 gallery-size-thumbnail'><figure class='gallery-item'>\n\t\t\t<div class='gallery-icon landscape'>\n\t\t\t\t<a data-elementor-open-lightbox=\"yes\" data-elementor-lightbox-slideshow=\"ab6775c\" data-elementor-lightbox-title=\"4AF097D4-0E76-4199-88F0-944BAA679CAF\" data-e-action-hash=\"#elementor-action%3Aaction%3Dlightbox%26settings%3DeyJpZCI6MzIzNiwidXJsIjoiaHR0cHM6XC9cL3NhaWxpbmctcGFsYXZhLmNvbVwvd3AtY29udGVudFwvdXBsb2Fkc1wvMjAyM1wvMDVcLzRBRjA5N0Q0LTBFNzYtNDE5OS04OEYwLTk0NEJBQTY3OUNBRi5qcGVnIiwic2xpZGVzaG93IjoiYWI2Nzc1YyJ9\" href='https:\/\/sailing-palava.com\/wp-content\/uploads\/2023\/05\/4AF097D4-0E76-4199-88F0-944BAA679CAF.jpeg'><img decoding=\"async\" width=\"150\" height=\"150\" src=\"https:\/\/sailing-palava.com\/wp-content\/uploads\/2023\/05\/4AF097D4-0E76-4199-88F0-944BAA679CAF-150x150.jpeg\" class=\"attachment-thumbnail size-thumbnail\" alt=\"\" \/><\/a>\n\t\t\t<\/div><\/figure><figure class='gallery-item'>\n\t\t\t<div class='gallery-icon landscape'>\n\t\t\t\t<a data-elementor-open-lightbox=\"yes\" data-elementor-lightbox-slideshow=\"ab6775c\" data-elementor-lightbox-title=\"8892BB55-299B-4AE1-9EAE-6312CBD61800\" data-e-action-hash=\"#elementor-action%3Aaction%3Dlightbox%26settings%3DeyJpZCI6MzIzNywidXJsIjoiaHR0cHM6XC9cL3NhaWxpbmctcGFsYXZhLmNvbVwvd3AtY29udGVudFwvdXBsb2Fkc1wvMjAyM1wvMDVcLzg4OTJCQjU1LTI5OUItNEFFMS05RUFFLTYzMTJDQkQ2MTgwMC5qcGVnIiwic2xpZGVzaG93IjoiYWI2Nzc1YyJ9\" href='https:\/\/sailing-palava.com\/wp-content\/uploads\/2023\/05\/8892BB55-299B-4AE1-9EAE-6312CBD61800.jpeg'><img decoding=\"async\" width=\"150\" height=\"150\" src=\"https:\/\/sailing-palava.com\/wp-content\/uploads\/2023\/05\/8892BB55-299B-4AE1-9EAE-6312CBD61800-150x150.jpeg\" class=\"attachment-thumbnail size-thumbnail\" alt=\"\" srcset=\"https:\/\/sailing-palava.com\/wp-content\/uploads\/2023\/05\/8892BB55-299B-4AE1-9EAE-6312CBD61800-150x150.jpeg 150w, https:\/\/sailing-palava.com\/wp-content\/uploads\/2023\/05\/8892BB55-299B-4AE1-9EAE-6312CBD61800-500x500.jpeg 500w\" sizes=\"(max-width: 150px) 100vw, 150px\" \/><\/a>\n\t\t\t<\/div><\/figure><figure class='gallery-item'>\n\t\t\t<div class='gallery-icon portrait'>\n\t\t\t\t<a data-elementor-open-lightbox=\"yes\" data-elementor-lightbox-slideshow=\"ab6775c\" data-elementor-lightbox-title=\"384201D8-DE2C-42B1-B323-432CE39F2818\" data-e-action-hash=\"#elementor-action%3Aaction%3Dlightbox%26settings%3DeyJpZCI6MzIzOCwidXJsIjoiaHR0cHM6XC9cL3NhaWxpbmctcGFsYXZhLmNvbVwvd3AtY29udGVudFwvdXBsb2Fkc1wvMjAyM1wvMDVcLzM4NDIwMUQ4LURFMkMtNDJCMS1CMzIzLTQzMkNFMzlGMjgxOC5qcGVnIiwic2xpZGVzaG93IjoiYWI2Nzc1YyJ9\" href='https:\/\/sailing-palava.com\/wp-content\/uploads\/2023\/05\/384201D8-DE2C-42B1-B323-432CE39F2818.jpeg'><img decoding=\"async\" width=\"150\" height=\"150\" src=\"https:\/\/sailing-palava.com\/wp-content\/uploads\/2023\/05\/384201D8-DE2C-42B1-B323-432CE39F2818-150x150.jpeg\" class=\"attachment-thumbnail size-thumbnail\" alt=\"\" srcset=\"https:\/\/sailing-palava.com\/wp-content\/uploads\/2023\/05\/384201D8-DE2C-42B1-B323-432CE39F2818-150x150.jpeg 150w, https:\/\/sailing-palava.com\/wp-content\/uploads\/2023\/05\/384201D8-DE2C-42B1-B323-432CE39F2818-500x500.jpeg 500w\" sizes=\"(max-width: 150px) 100vw, 150px\" \/><\/a>\n\t\t\t<\/div><\/figure><figure class='gallery-item'>\n\t\t\t<div class='gallery-icon portrait'>\n\t\t\t\t<a data-elementor-open-lightbox=\"yes\" data-elementor-lightbox-slideshow=\"ab6775c\" data-elementor-lightbox-title=\"A19E0CEC-10A7-4E4B-BA78-9A3FC47A3A7F\" data-e-action-hash=\"#elementor-action%3Aaction%3Dlightbox%26settings%3DeyJpZCI6MzIzOSwidXJsIjoiaHR0cHM6XC9cL3NhaWxpbmctcGFsYXZhLmNvbVwvd3AtY29udGVudFwvdXBsb2Fkc1wvMjAyM1wvMDVcL0ExOUUwQ0VDLTEwQTctNEU0Qi1CQTc4LTlBM0ZDNDdBM0E3Ri5qcGVnIiwic2xpZGVzaG93IjoiYWI2Nzc1YyJ9\" href='https:\/\/sailing-palava.com\/wp-content\/uploads\/2023\/05\/A19E0CEC-10A7-4E4B-BA78-9A3FC47A3A7F.jpeg'><img loading=\"lazy\" decoding=\"async\" width=\"150\" height=\"150\" src=\"https:\/\/sailing-palava.com\/wp-content\/uploads\/2023\/05\/A19E0CEC-10A7-4E4B-BA78-9A3FC47A3A7F-150x150.jpeg\" class=\"attachment-thumbnail size-thumbnail\" alt=\"\" srcset=\"https:\/\/sailing-palava.com\/wp-content\/uploads\/2023\/05\/A19E0CEC-10A7-4E4B-BA78-9A3FC47A3A7F-150x150.jpeg 150w, https:\/\/sailing-palava.com\/wp-content\/uploads\/2023\/05\/A19E0CEC-10A7-4E4B-BA78-9A3FC47A3A7F-500x500.jpeg 500w\" sizes=\"(max-width: 150px) 100vw, 150px\" \/><\/a>\n\t\t\t<\/div><\/figure><figure class='gallery-item'>\n\t\t\t<div class='gallery-icon portrait'>\n\t\t\t\t<a data-elementor-open-lightbox=\"yes\" data-elementor-lightbox-slideshow=\"ab6775c\" data-elementor-lightbox-title=\"A477907E-8093-4C42-8010-2C651C0742DA\" data-e-action-hash=\"#elementor-action%3Aaction%3Dlightbox%26settings%3DeyJpZCI6MzI0MCwidXJsIjoiaHR0cHM6XC9cL3NhaWxpbmctcGFsYXZhLmNvbVwvd3AtY29udGVudFwvdXBsb2Fkc1wvMjAyM1wvMDVcL0E0Nzc5MDdFLTgwOTMtNEM0Mi04MDEwLTJDNjUxQzA3NDJEQS5qcGVnIiwic2xpZGVzaG93IjoiYWI2Nzc1YyJ9\" href='https:\/\/sailing-palava.com\/wp-content\/uploads\/2023\/05\/A477907E-8093-4C42-8010-2C651C0742DA.jpeg'><img loading=\"lazy\" decoding=\"async\" width=\"150\" height=\"150\" src=\"https:\/\/sailing-palava.com\/wp-content\/uploads\/2023\/05\/A477907E-8093-4C42-8010-2C651C0742DA-150x150.jpeg\" class=\"attachment-thumbnail size-thumbnail\" alt=\"\" srcset=\"https:\/\/sailing-palava.com\/wp-content\/uploads\/2023\/05\/A477907E-8093-4C42-8010-2C651C0742DA-150x150.jpeg 150w, https:\/\/sailing-palava.com\/wp-content\/uploads\/2023\/05\/A477907E-8093-4C42-8010-2C651C0742DA-500x500.jpeg 500w\" sizes=\"(max-width: 150px) 100vw, 150px\" \/><\/a>\n\t\t\t<\/div><\/figure><figure class='gallery-item'>\n\t\t\t<div class='gallery-icon landscape'>\n\t\t\t\t<a data-elementor-open-lightbox=\"yes\" data-elementor-lightbox-slideshow=\"ab6775c\" data-elementor-lightbox-title=\"54th Semaine Olympique Fran\u00e7aise - Toulon Provence M\u00e9diterran\u00e9e\" data-e-action-hash=\"#elementor-action%3Aaction%3Dlightbox%26settings%3DeyJpZCI6MzI0MSwidXJsIjoiaHR0cHM6XC9cL3NhaWxpbmctcGFsYXZhLmNvbVwvd3AtY29udGVudFwvdXBsb2Fkc1wvMjAyM1wvMDVcL0JERjhCMDlCLTZFRjctNDNGRS05MjMyLUFDQ0QxMUU4QUY1RC5qcGVnIiwic2xpZGVzaG93IjoiYWI2Nzc1YyJ9\" href='https:\/\/sailing-palava.com\/wp-content\/uploads\/2023\/05\/BDF8B09B-6EF7-43FE-9232-ACCD11E8AF5D.jpeg'><img loading=\"lazy\" decoding=\"async\" width=\"150\" height=\"150\" src=\"https:\/\/sailing-palava.com\/wp-content\/uploads\/2023\/05\/BDF8B09B-6EF7-43FE-9232-ACCD11E8AF5D-150x150.jpeg\" class=\"attachment-thumbnail size-thumbnail\" alt=\"\" srcset=\"https:\/\/sailing-palava.com\/wp-content\/uploads\/2023\/05\/BDF8B09B-6EF7-43FE-9232-ACCD11E8AF5D-150x150.jpeg 150w, https:\/\/sailing-palava.com\/wp-content\/uploads\/2023\/05\/BDF8B09B-6EF7-43FE-9232-ACCD11E8AF5D-500x500.jpeg 500w\" sizes=\"(max-width: 150px) 100vw, 150px\" \/><\/a>\n\t\t\t<\/div><\/figure><figure class='gallery-item'>\n\t\t\t<div class='gallery-icon landscape'>\n\t\t\t\t<a data-elementor-open-lightbox=\"yes\" data-elementor-lightbox-slideshow=\"ab6775c\" data-elementor-lightbox-title=\"E9A853CB-2675-44F8-8A7B-A5AC09A39409\" data-e-action-hash=\"#elementor-action%3Aaction%3Dlightbox%26settings%3DeyJpZCI6MzI0MiwidXJsIjoiaHR0cHM6XC9cL3NhaWxpbmctcGFsYXZhLmNvbVwvd3AtY29udGVudFwvdXBsb2Fkc1wvMjAyM1wvMDVcL0U5QTg1M0NCLTI2NzUtNDRGOC04QTdCLUE1QUMwOUEzOTQwOS1zY2FsZWQuanBlZyIsInNsaWRlc2hvdyI6ImFiNjc3NWMifQ%3D%3D\" href='https:\/\/sailing-palava.com\/wp-content\/uploads\/2023\/05\/E9A853CB-2675-44F8-8A7B-A5AC09A39409-scaled.jpeg'><img loading=\"lazy\" decoding=\"async\" width=\"150\" height=\"150\" src=\"https:\/\/sailing-palava.com\/wp-content\/uploads\/2023\/05\/E9A853CB-2675-44F8-8A7B-A5AC09A39409-150x150.jpeg\" class=\"attachment-thumbnail size-thumbnail\" alt=\"\" srcset=\"https:\/\/sailing-palava.com\/wp-content\/uploads\/2023\/05\/E9A853CB-2675-44F8-8A7B-A5AC09A39409-150x150.jpeg 150w, https:\/\/sailing-palava.com\/wp-content\/uploads\/2023\/05\/E9A853CB-2675-44F8-8A7B-A5AC09A39409-500x500.jpeg 500w\" sizes=\"(max-width: 150px) 100vw, 150px\" \/><\/a>\n\t\t\t<\/div><\/figure>\n\t\t<\/div>\n\t\t<\/div>\n\t\t\t\t\t\t<\/div>\n\t\t\t\t<\/div>\n\t\t\t\t\t<\/div>\n\t\t<\/div>\n\t\t\t\t\t<\/div>\n\t\t<\/section>\n\t\t\t\t<\/div>","protected":false},"excerpt":{"rendered":"<p>Francie: Hy\u00e8res 2023 22.-29.4.2023\u00a0 Dal\u0161\u00ed s\u00e9rie sv\u011btov\u00e9ho poh\u00e1ru Zd\u00e1lo by se, \u017ee se nikam neposouv\u00e1m, ale opak je pravdou. \u017densk\u00fd i mu\u017esk\u00fd fleet\u00a0 je po zim\u011b v\u00fdrazn\u011b siln\u011bj\u0161\u00ed, a i my d\u011bl\u00e1me pokroky. P\u0159ed rokem bychom je\u0161t\u011b do v\u011btru 25-30knot\u016f \u010di 7-9knot\u016f nenastoupili ( \u010di mo\u017en\u00e1 nastoupili, ale v\u00fdsledek by z toho nebyl , mo\u017en\u00e1&hellip;<\/p>","protected":false},"author":1,"featured_media":3237,"parent":0,"menu_order":0,"comment_status":"closed","ping_status":"closed","template":"","meta":{"footnotes":""},"class_list":["post-3234","page","type-page","status-publish","has-post-thumbnail","hentry"],"_links":{"self":[{"href":"https:\/\/sailing-palava.com\/en\/wp-json\/wp\/v2\/pages\/3234","targetHints":{"allow":["GET"]}}],"collection":[{"href":"https:\/\/sailing-palava.com\/en\/wp-json\/wp\/v2\/pages"}],"about":[{"href":"https:\/\/sailing-palava.com\/en\/wp-json\/wp\/v2\/types\/page"}],"author":[{"embeddable":true,"href":"https:\/\/sailing-palava.com\/en\/wp-json\/wp\/v2\/users\/1"}],"replies":[{"embeddable":true,"href":"https:\/\/sailing-palava.com\/en\/wp-json\/wp\/v2\/comments?post=3234"}],"version-history":[{"count":7,"href":"https:\/\/sailing-palava.com\/en\/wp-json\/wp\/v2\/pages\/3234\/revisions"}],"predecessor-version":[{"id":3248,"href":"https:\/\/sailing-palava.com\/en\/wp-json\/wp\/v2\/pages\/3234\/revisions\/3248"}],"wp:featuredmedia":[{"embeddable":true,"href":"https:\/\/sailing-palava.com\/en\/wp-json\/wp\/v2\/media\/3237"}],"wp:attachment":[{"href":"https:\/\/sailing-palava.com\/en\/wp-json\/wp\/v2\/media?parent=3234"}],"curies":[{"name":"wp","href":"https:\/\/api.w.org\/{rel}","templated":true}]}}