{"id":3350,"date":"2025-05-13T16:36:03","date_gmt":"2025-05-13T14:36:03","guid":{"rendered":"https:\/\/sailing-palava.com\/?page_id=3350"},"modified":"2025-05-13T16:55:17","modified_gmt":"2025-05-13T14:55:17","slug":"poprve-ve-zlate-skupine-na-me-mezi-dospelymi","status":"publish","type":"page","link":"https:\/\/sailing-palava.com\/en\/poprve-ve-zlate-skupine-na-me-mezi-dospelymi\/","title":{"rendered":"Poprv\u00e9 ve zlat\u00e9 skupin\u011b na ME mezi dosp\u011bl\u00fdmi"},"content":{"rendered":"<div data-elementor-type=\"wp-page\" data-elementor-id=\"3350\" class=\"elementor elementor-3350\">\n\t\t\t\t\t\t<section class=\"elementor-section elementor-top-section elementor-element elementor-element-26c9bb5 elementor-section-boxed elementor-section-height-default elementor-section-height-default\" data-id=\"26c9bb5\" data-element_type=\"section\" data-e-type=\"section\">\n\t\t\t\t\t\t<div class=\"elementor-container elementor-column-gap-default\">\n\t\t\t\t\t<div class=\"elementor-column elementor-col-50 elementor-top-column elementor-element elementor-element-ad41094\" data-id=\"ad41094\" data-element_type=\"column\" data-e-type=\"column\">\n\t\t\t<div class=\"elementor-widget-wrap elementor-element-populated\">\n\t\t\t\t\t\t<div class=\"elementor-element elementor-element-54cea8a elementor-widget elementor-widget-text-editor\" data-id=\"54cea8a\" data-element_type=\"widget\" data-e-type=\"widget\" data-widget_type=\"text-editor.default\">\n\t\t\t\t<div class=\"elementor-widget-container\">\n\t\t\t\t\t\t\t\t\t<div dir=\"auto\" style=\"font-family: inherit; animation-name: none!important; transition-property: none!important;\">\n<p class=\"-wm-MsoNormal\" style=\"margin-bottom: 0cm; line-height: normal; background-image: initial; background-position: initial; background-size: initial; background-repeat: initial; background-attachment: initial; background-origin: initial; background-clip: initial;\"><strong><span style=\"font-size: 12pt; font-family: Arial, sans-serif; color: #000080; background: whitesmoke;\">Poprv\u00e9 ve zlat\u00e9 skupin\u011b na ME mezi dosp\u011bl\u00fdmi<\/span><\/strong><\/p>\n<\/p>\n<\/div>\n<div><\/div>\n<div dir=\"auto\" style=\"font-family: inherit; animation-name: none!important; transition-property: none!important;\">\n<div><\/div>\n<p class=\"-wm-MsoNormal\" style=\"margin-bottom: 0cm; line-height: normal; background-image: initial; background-position: initial; background-size: initial; background-repeat: initial; background-attachment: initial; background-origin: initial; background-clip: initial;\"><span style=\"font-size: 12pt; font-family: 'Arial',sans-serif; mso-fareast-font-family: 'Times New Roman'; color: #003399; mso-fareast-language: CS;\">MISTROVSTV\u00cd EVROPY<\/span><\/p>\n<p class=\"-wm-MsoNormal\" style=\"margin-bottom: 0cm; line-height: normal; background-image: initial; background-position: initial; background-size: initial; background-repeat: initial; background-attachment: initial; background-origin: initial; background-clip: initial;\"><span style=\"font-size: 12pt; line-height: 107%; font-family: 'Arial',sans-serif; mso-fareast-font-family: 'Times New Roman'; color: #003399; mso-fareast-language: CS;\">B\u0158EZEN 2024<\/span><\/p>\n<\/p>\n<p style=\"font-weight: 400;\">Mistrovstv\u00ed Evropy olympijsk\u00e9 t\u0159\u00eddy Formula Kite se jelo v Los Alc\u00e1zares pobl\u00ed\u017e \u0161pan\u011blsk\u00e9 Cartageny.<\/p>\n<p style=\"font-weight: 400;\">Z\u00e1vodu se z\u00fa\u010dastnil Vojt\u011bch Ko\u0161ka. Po prosincov\u00e9m \u00farazu a zlomenin\u011b kl\u00ed\u010dn\u00ed kosti se sna\u017e\u00ed vr\u00e1tit do formy, aby mohl zabojovat v\u00a0dubnu na Last Chance Regatt\u011b ve francouzsk\u00e9m Hy\u00e8res o posledn\u00edch p\u011bt nomina\u010dn\u00edch m\u00edst na OH 2024 a v\u00a0kv\u011btnu na stejn\u00e9m m\u00edst\u011b na mistrovstv\u00ed sv\u011bta.<\/p>\n<p style=\"font-weight: 400;\">Pro mu\u017ee byl stanoven celkov\u00fd limit 90 startuj\u00edc\u00edch sportovc\u016f a \u010cesko z\u00edskalo jen jedno m\u00edsto. Z\u00e1vodn\u00edci, kter\u00fdch nakonec startovalo 86, byly rozd\u011bleni do t\u0159ech fleet\u016f a Vojta se probojoval do zlat\u00e9 skupiny.<\/p>\n<p style=\"font-weight: 400;\"><em>\u201eMistrovstv\u00ed Evropy byl prvn\u00ed hlavn\u00ed z\u00e1vod v olympijsk\u00fd sezon\u011b, na kter\u00fd dorazila cel\u00e1 sv\u011btov\u00e1 \u0161pi\u010dka z\u00e1vodn\u00edk\u016f z v\u0161ech kout\u016f sv\u011bta. Z\u00e1vod jsem ukon\u010dil na 24. m\u00edst\u011b, co\u017e pova\u017euju za velk\u00fd \u00fasp\u011bch. Kvalifikoval jsem se poprv\u00e9 do zlat\u00e9 flotily pro 25 nejlep\u0161\u00edch z\u00a020. m\u00edsta. Sv\u00e9mu tren\u00e9rovi jsem t\u00edm ud\u011blal radost a taky s\u00e1m sob\u011b. T\u00edm, \u017ee jsem m\u011bl kr\u00e1tkou intenzivn\u00ed zimn\u00ed p\u0159\u00edpravu z d\u016fvodu zran\u011bn\u00ed, zlomen\u00e9 kl\u00ed\u010dn\u00ed kosti.\u00a0Te\u010f je\u0161t\u011b p\u00e1r dn\u00ed z\u016fst\u00e1v\u00e1m tr\u00e9novat na m\u00edst\u011b kon\u00e1n\u00ed ME v Los Alc\u00e1zares. Pak se p\u0159esouv\u00e1m na Mallorku, kde prob\u011bhne regata Princesa de Sof\u00eda, kde mi nep\u016fjde \u00fapln\u011b o kone\u010dn\u00fd v\u00fdsledek, ale o dolad\u011bn\u00ed formy a z\u00edsk\u00e1n\u00ed zku\u0161enost\u00ed od sv\u011btov\u00e9 \u0161pi\u010dky.\u00a0Z Mallorky se pak p\u0159esouv\u00e1m do Hy\u00e8res, kde bude posledn\u00ed kvalifika\u010dn\u00ed z\u00e1vod na OH a kde se bude bojovat o posledn\u00edch 5 m\u00edst na olympi\u00e1du v\u00a0Pa\u0159\u00ed\u017ei,\u201c<\/em> nast\u00ednil Volta sv\u00e9 pl\u00e1ny.<\/p>\n<em>Foto IKA MEDIA\/ Robert Hajduk<\/em>\n\n<\/div>\t\t\t\t\t\t\t\t<\/div>\n\t\t\t\t<\/div>\n\t\t\t\t<div class=\"elementor-element elementor-element-02e31ba elementor-widget elementor-widget-text-editor\" data-id=\"02e31ba\" data-element_type=\"widget\" data-e-type=\"widget\" data-widget_type=\"text-editor.default\">\n\t\t\t\t<div class=\"elementor-widget-container\">\n\t\t\t\t\t\t\t\t\t<p><a href=\"https:\/\/www.formulakite.org\/sailwave\/Rankings\/men\/_overall_men.php\" target=\"_blank\" rel=\"noopener\">Results HERE<\/a><\/p>\t\t\t\t\t\t\t\t<\/div>\n\t\t\t\t<\/div>\n\t\t\t\t\t<\/div>\n\t\t<\/div>\n\t\t\t\t<div class=\"elementor-column elementor-col-50 elementor-top-column elementor-element elementor-element-20f5c56\" data-id=\"20f5c56\" data-element_type=\"column\" data-e-type=\"column\">\n\t\t\t<div class=\"elementor-widget-wrap elementor-element-populated\">\n\t\t\t\t\t\t<div class=\"elementor-element elementor-element-ab6775c elementor-widget elementor-widget-image-gallery\" data-id=\"ab6775c\" data-element_type=\"widget\" data-e-type=\"widget\" data-widget_type=\"image-gallery.default\">\n\t\t\t\t<div class=\"elementor-widget-container\">\n\t\t\t\t\t\t\t<div class=\"elementor-image-gallery\">\n\t\t\t<div id='gallery-1' class='gallery galleryid-3350 gallery-columns-1 gallery-size-medium_large'><figure class='gallery-item'>\n\t\t\t<div class='gallery-icon landscape'>\n\t\t\t\t<a data-elementor-open-lightbox=\"yes\" data-elementor-lightbox-slideshow=\"ab6775c\" data-elementor-lightbox-title=\"IMG_1424\" data-e-action-hash=\"#elementor-action%3Aaction%3Dlightbox%26settings%3DeyJpZCI6MzM2NCwidXJsIjoiaHR0cHM6XC9cL3NhaWxpbmctcGFsYXZhLmNvbVwvd3AtY29udGVudFwvdXBsb2Fkc1wvMjAyNVwvMDVcL0lNR18xNDI0LmpwZyIsInNsaWRlc2hvdyI6ImFiNjc3NWMifQ%3D%3D\" href='https:\/\/sailing-palava.com\/wp-content\/uploads\/2025\/05\/IMG_1424.jpg'><img fetchpriority=\"high\" decoding=\"async\" width=\"640\" height=\"388\" src=\"https:\/\/sailing-palava.com\/wp-content\/uploads\/2025\/05\/IMG_1424-768x466.jpg\" class=\"attachment-medium_large size-medium_large\" alt=\"\" srcset=\"https:\/\/sailing-palava.com\/wp-content\/uploads\/2025\/05\/IMG_1424-768x466.jpg 768w, https:\/\/sailing-palava.com\/wp-content\/uploads\/2025\/05\/IMG_1424-300x182.jpg 300w, https:\/\/sailing-palava.com\/wp-content\/uploads\/2025\/05\/IMG_1424-1024x622.jpg 1024w, https:\/\/sailing-palava.com\/wp-content\/uploads\/2025\/05\/IMG_1424-1536x932.jpg 1536w, https:\/\/sailing-palava.com\/wp-content\/uploads\/2025\/05\/IMG_1424.jpg 1588w\" sizes=\"(max-width: 640px) 100vw, 640px\" \/><\/a>\n\t\t\t<\/div><\/figure><figure class='gallery-item'>\n\t\t\t<div class='gallery-icon landscape'>\n\t\t\t\t<a data-elementor-open-lightbox=\"yes\" data-elementor-lightbox-slideshow=\"ab6775c\" data-elementor-lightbox-title=\"IMG_1426\" data-e-action-hash=\"#elementor-action%3Aaction%3Dlightbox%26settings%3DeyJpZCI6MzM2NSwidXJsIjoiaHR0cHM6XC9cL3NhaWxpbmctcGFsYXZhLmNvbVwvd3AtY29udGVudFwvdXBsb2Fkc1wvMjAyNVwvMDVcL0lNR18xNDI2LmpwZyIsInNsaWRlc2hvdyI6ImFiNjc3NWMifQ%3D%3D\" href='https:\/\/sailing-palava.com\/wp-content\/uploads\/2025\/05\/IMG_1426.jpg'><img decoding=\"async\" width=\"640\" height=\"427\" src=\"https:\/\/sailing-palava.com\/wp-content\/uploads\/2025\/05\/IMG_1426-768x512.jpg\" class=\"attachment-medium_large size-medium_large\" alt=\"\" srcset=\"https:\/\/sailing-palava.com\/wp-content\/uploads\/2025\/05\/IMG_1426-768x512.jpg 768w, https:\/\/sailing-palava.com\/wp-content\/uploads\/2025\/05\/IMG_1426-300x200.jpg 300w, https:\/\/sailing-palava.com\/wp-content\/uploads\/2025\/05\/IMG_1426-1024x682.jpg 1024w, https:\/\/sailing-palava.com\/wp-content\/uploads\/2025\/05\/IMG_1426-1536x1024.jpg 1536w, https:\/\/sailing-palava.com\/wp-content\/uploads\/2025\/05\/IMG_1426.jpg 2000w\" sizes=\"(max-width: 640px) 100vw, 640px\" \/><\/a>\n\t\t\t<\/div><\/figure><figure class='gallery-item'>\n\t\t\t<div class='gallery-icon landscape'>\n\t\t\t\t<a data-elementor-open-lightbox=\"yes\" data-elementor-lightbox-slideshow=\"ab6775c\" data-elementor-lightbox-title=\"IMG_1448\" data-e-action-hash=\"#elementor-action%3Aaction%3Dlightbox%26settings%3DeyJpZCI6MzM2NywidXJsIjoiaHR0cHM6XC9cL3NhaWxpbmctcGFsYXZhLmNvbVwvd3AtY29udGVudFwvdXBsb2Fkc1wvMjAyNVwvMDVcL0lNR18xNDQ4LmpwZyIsInNsaWRlc2hvdyI6ImFiNjc3NWMifQ%3D%3D\" href='https:\/\/sailing-palava.com\/wp-content\/uploads\/2025\/05\/IMG_1448.jpg'><img decoding=\"async\" width=\"640\" height=\"359\" src=\"https:\/\/sailing-palava.com\/wp-content\/uploads\/2025\/05\/IMG_1448-768x431.jpg\" class=\"attachment-medium_large size-medium_large\" alt=\"\" srcset=\"https:\/\/sailing-palava.com\/wp-content\/uploads\/2025\/05\/IMG_1448-768x431.jpg 768w, https:\/\/sailing-palava.com\/wp-content\/uploads\/2025\/05\/IMG_1448-300x168.jpg 300w, https:\/\/sailing-palava.com\/wp-content\/uploads\/2025\/05\/IMG_1448-1024x575.jpg 1024w, https:\/\/sailing-palava.com\/wp-content\/uploads\/2025\/05\/IMG_1448-1536x862.jpg 1536w, https:\/\/sailing-palava.com\/wp-content\/uploads\/2025\/05\/IMG_1448.jpg 2000w\" sizes=\"(max-width: 640px) 100vw, 640px\" \/><\/a>\n\t\t\t<\/div><\/figure><figure class='gallery-item'>\n\t\t\t<div class='gallery-icon landscape'>\n\t\t\t\t<a data-elementor-open-lightbox=\"yes\" data-elementor-lightbox-slideshow=\"ab6775c\" data-elementor-lightbox-title=\"IMG_1449\" data-e-action-hash=\"#elementor-action%3Aaction%3Dlightbox%26settings%3DeyJpZCI6MzM2OCwidXJsIjoiaHR0cHM6XC9cL3NhaWxpbmctcGFsYXZhLmNvbVwvd3AtY29udGVudFwvdXBsb2Fkc1wvMjAyNVwvMDVcL0lNR18xNDQ5LmpwZyIsInNsaWRlc2hvdyI6ImFiNjc3NWMifQ%3D%3D\" href='https:\/\/sailing-palava.com\/wp-content\/uploads\/2025\/05\/IMG_1449.jpg'><img loading=\"lazy\" decoding=\"async\" width=\"640\" height=\"294\" src=\"https:\/\/sailing-palava.com\/wp-content\/uploads\/2025\/05\/IMG_1449-768x353.jpg\" class=\"attachment-medium_large size-medium_large\" alt=\"\" srcset=\"https:\/\/sailing-palava.com\/wp-content\/uploads\/2025\/05\/IMG_1449-768x353.jpg 768w, https:\/\/sailing-palava.com\/wp-content\/uploads\/2025\/05\/IMG_1449-300x138.jpg 300w, https:\/\/sailing-palava.com\/wp-content\/uploads\/2025\/05\/IMG_1449-1024x470.jpg 1024w, https:\/\/sailing-palava.com\/wp-content\/uploads\/2025\/05\/IMG_1449-1536x705.jpg 1536w, https:\/\/sailing-palava.com\/wp-content\/uploads\/2025\/05\/IMG_1449.jpg 2000w\" sizes=\"(max-width: 640px) 100vw, 640px\" \/><\/a>\n\t\t\t<\/div><\/figure>\n\t\t<\/div>\n\t\t<\/div>\n\t\t\t\t\t\t<\/div>\n\t\t\t\t<\/div>\n\t\t\t\t\t<\/div>\n\t\t<\/div>\n\t\t\t\t\t<\/div>\n\t\t<\/section>\n\t\t\t\t<\/div>","protected":false},"excerpt":{"rendered":"<p>Poprv\u00e9 ve zlat\u00e9 skupin\u011b na ME mezi dosp\u011bl\u00fdmi MISTROVSTV\u00cd EVROPY B\u0158EZEN 2024 Mistrovstv\u00ed Evropy olympijsk\u00e9 t\u0159\u00eddy Formula Kite se jelo v Los Alc\u00e1zares pobl\u00ed\u017e \u0161pan\u011blsk\u00e9 Cartageny. Z\u00e1vodu se z\u00fa\u010dastnil Vojt\u011bch Ko\u0161ka. Po prosincov\u00e9m \u00farazu a zlomenin\u011b kl\u00ed\u010dn\u00ed kosti se sna\u017e\u00ed vr\u00e1tit do formy, aby mohl zabojovat v\u00a0dubnu na Last Chance Regatt\u011b ve francouzsk\u00e9m Hy\u00e8res o&hellip;<\/p>","protected":false},"author":1,"featured_media":3366,"parent":0,"menu_order":0,"comment_status":"closed","ping_status":"closed","template":"","meta":{"footnotes":""},"class_list":["post-3350","page","type-page","status-publish","has-post-thumbnail","hentry"],"_links":{"self":[{"href":"https:\/\/sailing-palava.com\/en\/wp-json\/wp\/v2\/pages\/3350","targetHints":{"allow":["GET"]}}],"collection":[{"href":"https:\/\/sailing-palava.com\/en\/wp-json\/wp\/v2\/pages"}],"about":[{"href":"https:\/\/sailing-palava.com\/en\/wp-json\/wp\/v2\/types\/page"}],"author":[{"embeddable":true,"href":"https:\/\/sailing-palava.com\/en\/wp-json\/wp\/v2\/users\/1"}],"replies":[{"embeddable":true,"href":"https:\/\/sailing-palava.com\/en\/wp-json\/wp\/v2\/comments?post=3350"}],"version-history":[{"count":22,"href":"https:\/\/sailing-palava.com\/en\/wp-json\/wp\/v2\/pages\/3350\/revisions"}],"predecessor-version":[{"id":3381,"href":"https:\/\/sailing-palava.com\/en\/wp-json\/wp\/v2\/pages\/3350\/revisions\/3381"}],"wp:featuredmedia":[{"embeddable":true,"href":"https:\/\/sailing-palava.com\/en\/wp-json\/wp\/v2\/media\/3366"}],"wp:attachment":[{"href":"https:\/\/sailing-palava.com\/en\/wp-json\/wp\/v2\/media?parent=3350"}],"curies":[{"name":"wp","href":"https:\/\/api.w.org\/{rel}","templated":true}]}}