{"id":3382,"date":"2025-05-13T16:57:44","date_gmt":"2025-05-13T14:57:44","guid":{"rendered":"https:\/\/sailing-palava.com\/?page_id=3382"},"modified":"2025-05-13T17:20:15","modified_gmt":"2025-05-13T15:20:15","slug":"olympijska-kvalifikace-plna-emoci","status":"publish","type":"page","link":"https:\/\/sailing-palava.com\/en\/olympijska-kvalifikace-plna-emoci\/","title":{"rendered":"Olympijsk\u00e1 kvalifikace pln\u00e1 emoc\u00ed"},"content":{"rendered":"<div data-elementor-type=\"wp-page\" data-elementor-id=\"3382\" class=\"elementor elementor-3382\">\n\t\t\t\t\t\t<section class=\"elementor-section elementor-top-section elementor-element elementor-element-26c9bb5 elementor-section-boxed elementor-section-height-default elementor-section-height-default\" data-id=\"26c9bb5\" data-element_type=\"section\" data-e-type=\"section\">\n\t\t\t\t\t\t<div class=\"elementor-container elementor-column-gap-default\">\n\t\t\t\t\t<div class=\"elementor-column elementor-col-50 elementor-top-column elementor-element elementor-element-ad41094\" data-id=\"ad41094\" data-element_type=\"column\" data-e-type=\"column\">\n\t\t\t<div class=\"elementor-widget-wrap elementor-element-populated\">\n\t\t\t\t\t\t<div class=\"elementor-element elementor-element-54cea8a elementor-widget elementor-widget-text-editor\" data-id=\"54cea8a\" data-element_type=\"widget\" data-e-type=\"widget\" data-widget_type=\"text-editor.default\">\n\t\t\t\t<div class=\"elementor-widget-container\">\n\t\t\t\t\t\t\t\t\t<div dir=\"auto\" style=\"font-family: inherit; animation-name: none!important; transition-property: none!important;\"><p class=\"-wm-MsoNormal\" style=\"margin-bottom: 0cm; line-height: normal; background-image: initial; background-position: initial; background-size: initial; background-repeat: initial; background-attachment: initial; background-origin: initial; background-clip: initial;\"><strong><span style=\"font-size: 12pt; font-family: Arial, sans-serif; color: #000080; background: whitesmoke;\">Olympijsk\u00e1 kvalifikace pln\u00e1 emoc\u00ed<\/span><\/strong><\/p><div>\u00a0<\/div><div>\u00a0<\/div><p class=\"-wm-MsoNormal\" style=\"margin-bottom: 0cm; line-height: normal; background-image: initial; background-position: initial; background-size: initial; background-repeat: initial; background-attachment: initial; background-origin: initial; background-clip: initial;\"><span style=\"font-size: 12pt; font-family: 'Arial',sans-serif; mso-fareast-font-family: 'Times New Roman'; color: #003399; mso-fareast-language: CS;\">LAST CHANCE REGATTA<\/span><\/p><p class=\"-wm-MsoNormal\" style=\"margin-bottom: 0cm; line-height: normal; background-image: initial; background-position: initial; background-size: initial; background-repeat: initial; background-attachment: initial; background-origin: initial; background-clip: initial;\"><span style=\"font-size: 12pt; line-height: 107%; font-family: 'Arial',sans-serif; mso-fareast-font-family: 'Times New Roman'; color: #003399; mso-fareast-language: CS;\">21.\u201326. 4. 2024<\/span><\/p><p>\u00a0<\/p><p style=\"font-weight: 400;\">Last Chance Regatta skon\u010dila v p\u00e1tek 26. dubna ve francouzsk\u00e9m Hyeres. P\u0159inesla radost i zklam\u00e1n\u00ed. Vid\u011bli jsme slzy \u0161t\u011bst\u00ed, slzy bolesti i velk\u00fd smutek.<\/p><p style=\"font-weight: 400;\">\u00a0<\/p><p style=\"font-weight: 400;\">\u0160est dn\u016f pro\u017e\u00edvali z\u00e1vodn\u00edci i tren\u00e9\u0159i nervy dr\u00e1saj\u00edc\u00ed chv\u00edle na vod\u011b stejn\u011b jako fanou\u0161ci u po\u010d\u00edta\u010d\u016f p\u0159i \u017eiv\u00e9m sledov\u00e1n\u00ed jednotliv\u00fdch rozj\u00ed\u017ed\u011bk. Pro \u010cesko byl z\u00e1vod velmi \u00fasp\u011b\u0161n\u00fd \u2013 t\u0159i na\u0161e z\u00e1vodnice se na OH kvalifikovaly. Bohu\u017eel Vojtovi Ko\u0161kovi to t\u011bsn\u011b nevy\u0161lo.<\/p><p style=\"font-weight: 400;\">\u00a0<\/p><p style=\"font-weight: 400;\">Vojt\u011bch Ko\u0161ka byl po\u00a0z\u00e1kladn\u00ed \u010d\u00e1sti, v\u00a0n\u00ed\u017e jezdil v\u00fdborn\u011b, sedm\u00fd a postoupil do semifin\u00e1le. Vstoupil do n\u011bj skv\u011ble, kdy\u017e vyhr\u00e1l prvn\u00ed j\u00edzdu. Sta\u010dilo, aby druhou rozj\u00ed\u017e\u010fku vyhr\u00e1l favorit \u2013 polsk\u00fd z\u00e1vodn\u00edk a spole\u010dn\u011b by postoupili do fin\u00e1le. Bohu\u017eel ale Pol\u00e1k spadl pouh\u00fdch 100 metr\u016f p\u0159ed c\u00edlem z\u00a0prvn\u00edho m\u00edsta a ostatn\u00ed ho p\u0159edjeli. Musela se tak jet dal\u0161\u00ed j\u00edzda. Vojtu to rozhodilo, fanou\u0161ci u po\u010d\u00edta\u010d\u016f tajili dech. Pak p\u0159i\u0161la penalizace za p\u0159\u00edli\u0161 dlouh\u00fd pobyt u \u010dlunu mezi j\u00edzdami. Tren\u00e9r se sna\u017eil Vojtu povzbudit a zapomn\u011bli na \u010das\u2026 T\u00edm se kompletn\u011b zm\u011bnil bodov\u00fd sou\u010det a Vojta do fin\u00e1le nepostoupil. Nav\u00edc kv\u016fli penalizaci spadl a\u017e na celkov\u00e9 9. m\u00edsto.<\/p><p style=\"font-weight: 400;\">\u00a0<\/p><p style=\"font-weight: 400;\"><strong>Formula Kite mu\u017ei<\/strong><\/p><p style=\"font-weight: 400;\">Z\u00a0tohoto z\u00e1vodu se kvalifikovalo na olympi\u00e1du p\u011bt zem\u00ed, ale je vysoce pravd\u011bpodobn\u00e9, \u017ee se uvoln\u00ed dal\u0161\u00ed dv\u011b m\u00edsta, proto\u017ee n\u011bkter\u00e9 zem\u011b sv\u00e9 ji\u017e kvalifikovan\u00e9 z\u00e1vodn\u00edky kv\u016fli jejich n\u00edzk\u00e9 v\u00fdkonnosti na OH nakonec nepo\u0161lou. M\u00edsta budou alokov\u00e1na na dal\u0161\u00ed dv\u011b zem\u011b v\u00a0po\u0159ad\u00ed, tak\u017ee pro celkov\u011b \u0161estou a sedmou zemi. Vojta skon\u010dil na osm\u00e9m m\u00edst\u011b v\u00a0po\u0159ad\u00ed n\u00e1rod\u016f. Bylo to tak bl\u00edzko! Zklam\u00e1n\u00ed bylo obrovsk\u00e9. Ale za \u010dty\u0159i roky Vojta podle sv\u00fdch slov u\u017e nebude bojovat o kvalifikaci na olympi\u00e1du, ale rovnou o olympijsk\u00e9 medaile! V\u011b\u0159\u00ed ve sv\u00e9 schopnosti a zlep\u0161en\u00ed.<\/p><p style=\"font-weight: 400;\">\u00a0<\/p><p style=\"font-weight: 400;\"><strong>Formula Kite \u017eeny<\/strong><\/p><p style=\"font-weight: 400;\"><span style=\"font-weight: 400;\">Mezi \u017eenami skon\u010dila na 16. m\u00edst\u011b Monika \u017di\u017elavsk\u00e1. Na 19. m\u00edst\u011b skon\u010dila juniorka Dominika Braunov\u00e1, jej\u00edm\u017e c\u00edlem je olympi\u00e1da v\u00a0roce 2028 v\u00a0Los Angeles.<\/span><\/p><\/div><p><em>Photo Sailing Energy<\/em><\/p>\t\t\t\t\t\t\t\t<\/div>\n\t\t\t\t<\/div>\n\t\t\t\t<div class=\"elementor-element elementor-element-02e31ba elementor-widget elementor-widget-text-editor\" data-id=\"02e31ba\" data-element_type=\"widget\" data-e-type=\"widget\" data-widget_type=\"text-editor.default\">\n\t\t\t\t<div class=\"elementor-widget-container\">\n\t\t\t\t\t\t\t\t\t<p><a href=\"https:\/\/www.trofeoprincesasofia.org\/en\/default\/races\/race-resultsall\" target=\"_blank\" rel=\"noopener\">Results HERE<\/a><\/p>\t\t\t\t\t\t\t\t<\/div>\n\t\t\t\t<\/div>\n\t\t\t\t\t<\/div>\n\t\t<\/div>\n\t\t\t\t<div class=\"elementor-column elementor-col-50 elementor-top-column elementor-element elementor-element-20f5c56\" data-id=\"20f5c56\" data-element_type=\"column\" data-e-type=\"column\">\n\t\t\t<div class=\"elementor-widget-wrap elementor-element-populated\">\n\t\t\t\t\t\t<div class=\"elementor-element elementor-element-ab6775c elementor-widget elementor-widget-image-gallery\" data-id=\"ab6775c\" data-element_type=\"widget\" data-e-type=\"widget\" data-widget_type=\"image-gallery.default\">\n\t\t\t\t<div class=\"elementor-widget-container\">\n\t\t\t\t\t\t\t<div class=\"elementor-image-gallery\">\n\t\t\t<div id='gallery-1' class='gallery galleryid-3382 gallery-columns-1 gallery-size-medium_large'><figure class='gallery-item'>\n\t\t\t<div class='gallery-icon landscape'>\n\t\t\t\t<a data-elementor-open-lightbox=\"yes\" data-elementor-lightbox-slideshow=\"ab6775c\" data-elementor-lightbox-title=\"55th Semaine Olympique Fran\u00e7aise and Last Chance Regatta\" data-e-action-hash=\"#elementor-action%3Aaction%3Dlightbox%26settings%3DeyJpZCI6MzM4OSwidXJsIjoiaHR0cHM6XC9cL3NhaWxpbmctcGFsYXZhLmNvbVwvd3AtY29udGVudFwvdXBsb2Fkc1wvMjAyNVwvMDVcLzI0MDQyNV9TT0YyMDI0X1NBSUxJTkdFTkVSR1lfMzQ2M18zMTYxLmpwZyIsInNsaWRlc2hvdyI6ImFiNjc3NWMifQ%3D%3D\" href='https:\/\/sailing-palava.com\/wp-content\/uploads\/2025\/05\/240425_SOF2024_SAILINGENERGY_3463_3161.jpg'><img fetchpriority=\"high\" decoding=\"async\" width=\"640\" height=\"427\" src=\"https:\/\/sailing-palava.com\/wp-content\/uploads\/2025\/05\/240425_SOF2024_SAILINGENERGY_3463_3161-768x512.jpg\" class=\"attachment-medium_large size-medium_large\" alt=\"\" aria-describedby=\"gallery-1-3389\" srcset=\"https:\/\/sailing-palava.com\/wp-content\/uploads\/2025\/05\/240425_SOF2024_SAILINGENERGY_3463_3161-768x512.jpg 768w, https:\/\/sailing-palava.com\/wp-content\/uploads\/2025\/05\/240425_SOF2024_SAILINGENERGY_3463_3161-300x200.jpg 300w, https:\/\/sailing-palava.com\/wp-content\/uploads\/2025\/05\/240425_SOF2024_SAILINGENERGY_3463_3161-1024x683.jpg 1024w, https:\/\/sailing-palava.com\/wp-content\/uploads\/2025\/05\/240425_SOF2024_SAILINGENERGY_3463_3161.jpg 1200w\" sizes=\"(max-width: 640px) 100vw, 640px\" \/><\/a>\n\t\t\t<\/div>\n\t\t\t\t<figcaption class='wp-caption-text gallery-caption' id='gallery-1-3389'>\n\t\t\t\tVojt\u011bch Ko\u0161ka\n\t\t\t\t<\/figcaption><\/figure><figure class='gallery-item'>\n\t\t\t<div class='gallery-icon landscape'>\n\t\t\t\t<a data-elementor-open-lightbox=\"yes\" data-elementor-lightbox-slideshow=\"ab6775c\" data-elementor-lightbox-title=\"55th Semaine Olympique Fran\u00e7aise and Last Chance Regatta\" data-e-action-hash=\"#elementor-action%3Aaction%3Dlightbox%26settings%3DeyJpZCI6MzM5MSwidXJsIjoiaHR0cHM6XC9cL3NhaWxpbmctcGFsYXZhLmNvbVwvd3AtY29udGVudFwvdXBsb2Fkc1wvMjAyNVwvMDVcL1pJemkuanBnIiwic2xpZGVzaG93IjoiYWI2Nzc1YyJ9\" href='https:\/\/sailing-palava.com\/wp-content\/uploads\/2025\/05\/ZIzi.jpg'><img decoding=\"async\" width=\"640\" height=\"427\" src=\"https:\/\/sailing-palava.com\/wp-content\/uploads\/2025\/05\/ZIzi-768x512.jpg\" class=\"attachment-medium_large size-medium_large\" alt=\"\" aria-describedby=\"gallery-1-3391\" srcset=\"https:\/\/sailing-palava.com\/wp-content\/uploads\/2025\/05\/ZIzi-768x512.jpg 768w, https:\/\/sailing-palava.com\/wp-content\/uploads\/2025\/05\/ZIzi-300x200.jpg 300w, https:\/\/sailing-palava.com\/wp-content\/uploads\/2025\/05\/ZIzi-1024x683.jpg 1024w, https:\/\/sailing-palava.com\/wp-content\/uploads\/2025\/05\/ZIzi.jpg 1200w\" sizes=\"(max-width: 640px) 100vw, 640px\" \/><\/a>\n\t\t\t<\/div>\n\t\t\t\t<figcaption class='wp-caption-text gallery-caption' id='gallery-1-3391'>\n\t\t\t\tMonika \u017di\u017elavsk\u00e1\n\t\t\t\t<\/figcaption><\/figure><figure class='gallery-item'>\n\t\t\t<div class='gallery-icon landscape'>\n\t\t\t\t<a data-elementor-open-lightbox=\"yes\" data-elementor-lightbox-slideshow=\"ab6775c\" data-elementor-lightbox-title=\"55th Semaine Olympique Fran\u00e7aise and Last Chance Regatta\" data-e-action-hash=\"#elementor-action%3Aaction%3Dlightbox%26settings%3DeyJpZCI6MzM5MCwidXJsIjoiaHR0cHM6XC9cL3NhaWxpbmctcGFsYXZhLmNvbVwvd3AtY29udGVudFwvdXBsb2Fkc1wvMjAyNVwvMDVcL0RvbWluaWthLmpwZyIsInNsaWRlc2hvdyI6ImFiNjc3NWMifQ%3D%3D\" href='https:\/\/sailing-palava.com\/wp-content\/uploads\/2025\/05\/Dominika.jpg'><img decoding=\"async\" width=\"640\" height=\"427\" src=\"https:\/\/sailing-palava.com\/wp-content\/uploads\/2025\/05\/Dominika-768x512.jpg\" class=\"attachment-medium_large size-medium_large\" alt=\"\" aria-describedby=\"gallery-1-3390\" srcset=\"https:\/\/sailing-palava.com\/wp-content\/uploads\/2025\/05\/Dominika-768x512.jpg 768w, https:\/\/sailing-palava.com\/wp-content\/uploads\/2025\/05\/Dominika-300x200.jpg 300w, https:\/\/sailing-palava.com\/wp-content\/uploads\/2025\/05\/Dominika-1024x683.jpg 1024w, https:\/\/sailing-palava.com\/wp-content\/uploads\/2025\/05\/Dominika.jpg 1200w\" sizes=\"(max-width: 640px) 100vw, 640px\" \/><\/a>\n\t\t\t<\/div>\n\t\t\t\t<figcaption class='wp-caption-text gallery-caption' id='gallery-1-3390'>\n\t\t\t\tDominika Braunov\u00e1\n\t\t\t\t<\/figcaption><\/figure><figure class='gallery-item'>\n\t\t\t<div class='gallery-icon landscape'>\n\t\t\t\t<a data-elementor-open-lightbox=\"yes\" data-elementor-lightbox-slideshow=\"ab6775c\" data-elementor-lightbox-title=\"55th Semaine Olympique Fran\u00e7aise and Last Chance Regatta\" data-e-action-hash=\"#elementor-action%3Aaction%3Dlightbox%26settings%3DeyJpZCI6MzM4OCwidXJsIjoiaHR0cHM6XC9cL3NhaWxpbmctcGFsYXZhLmNvbVwvd3AtY29udGVudFwvdXBsb2Fkc1wvMjAyNVwvMDVcLzI0MDQyNV9TT0YyMDI0X1NBSUxJTkdFTkVSR1lfMzM5OV8yNzM5LmpwZyIsInNsaWRlc2hvdyI6ImFiNjc3NWMifQ%3D%3D\" href='https:\/\/sailing-palava.com\/wp-content\/uploads\/2025\/05\/240425_SOF2024_SAILINGENERGY_3399_2739.jpg'><img loading=\"lazy\" decoding=\"async\" width=\"640\" height=\"427\" src=\"https:\/\/sailing-palava.com\/wp-content\/uploads\/2025\/05\/240425_SOF2024_SAILINGENERGY_3399_2739-768x512.jpg\" class=\"attachment-medium_large size-medium_large\" alt=\"\" srcset=\"https:\/\/sailing-palava.com\/wp-content\/uploads\/2025\/05\/240425_SOF2024_SAILINGENERGY_3399_2739-768x512.jpg 768w, https:\/\/sailing-palava.com\/wp-content\/uploads\/2025\/05\/240425_SOF2024_SAILINGENERGY_3399_2739-300x200.jpg 300w, https:\/\/sailing-palava.com\/wp-content\/uploads\/2025\/05\/240425_SOF2024_SAILINGENERGY_3399_2739-1024x683.jpg 1024w, https:\/\/sailing-palava.com\/wp-content\/uploads\/2025\/05\/240425_SOF2024_SAILINGENERGY_3399_2739.jpg 1200w\" sizes=\"(max-width: 640px) 100vw, 640px\" \/><\/a>\n\t\t\t<\/div><\/figure>\n\t\t<\/div>\n\t\t<\/div>\n\t\t\t\t\t\t<\/div>\n\t\t\t\t<\/div>\n\t\t\t\t\t<\/div>\n\t\t<\/div>\n\t\t\t\t\t<\/div>\n\t\t<\/section>\n\t\t\t\t<\/div>","protected":false},"excerpt":{"rendered":"<p>Olympijsk\u00e1 kvalifikace pln\u00e1 emoc\u00ed \u00a0\u00a0 LAST CHANCE REGATTA 21.\u201326. 4. 2024 \u00a0 Last Chance Regatta skon\u010dila v p\u00e1tek 26. dubna ve francouzsk\u00e9m Hyeres. P\u0159inesla radost i zklam\u00e1n\u00ed. Vid\u011bli jsme slzy \u0161t\u011bst\u00ed, slzy bolesti i velk\u00fd smutek. \u00a0 \u0160est dn\u016f pro\u017e\u00edvali z\u00e1vodn\u00edci i tren\u00e9\u0159i nervy dr\u00e1saj\u00edc\u00ed chv\u00edle na vod\u011b stejn\u011b jako fanou\u0161ci u po\u010d\u00edta\u010d\u016f p\u0159i \u017eiv\u00e9m&hellip;<\/p>","protected":false},"author":1,"featured_media":3387,"parent":0,"menu_order":0,"comment_status":"closed","ping_status":"closed","template":"","meta":{"footnotes":""},"class_list":["post-3382","page","type-page","status-publish","has-post-thumbnail","hentry"],"_links":{"self":[{"href":"https:\/\/sailing-palava.com\/en\/wp-json\/wp\/v2\/pages\/3382","targetHints":{"allow":["GET"]}}],"collection":[{"href":"https:\/\/sailing-palava.com\/en\/wp-json\/wp\/v2\/pages"}],"about":[{"href":"https:\/\/sailing-palava.com\/en\/wp-json\/wp\/v2\/types\/page"}],"author":[{"embeddable":true,"href":"https:\/\/sailing-palava.com\/en\/wp-json\/wp\/v2\/users\/1"}],"replies":[{"embeddable":true,"href":"https:\/\/sailing-palava.com\/en\/wp-json\/wp\/v2\/comments?post=3382"}],"version-history":[{"count":11,"href":"https:\/\/sailing-palava.com\/en\/wp-json\/wp\/v2\/pages\/3382\/revisions"}],"predecessor-version":[{"id":3400,"href":"https:\/\/sailing-palava.com\/en\/wp-json\/wp\/v2\/pages\/3382\/revisions\/3400"}],"wp:featuredmedia":[{"embeddable":true,"href":"https:\/\/sailing-palava.com\/en\/wp-json\/wp\/v2\/media\/3387"}],"wp:attachment":[{"href":"https:\/\/sailing-palava.com\/en\/wp-json\/wp\/v2\/media?parent=3382"}],"curies":[{"name":"wp","href":"https:\/\/api.w.org\/{rel}","templated":true}]}}