{"id":4282,"date":"2025-11-25T10:24:29","date_gmt":"2025-11-25T09:24:29","guid":{"rendered":"https:\/\/sailing-palava.com\/?page_id=4282"},"modified":"2025-11-25T10:30:45","modified_gmt":"2025-11-25T09:30:45","slug":"kiterem-roku-je-znovu-vojtech-koska-kiterkou-roku-dominika-braunova","status":"publish","type":"page","link":"https:\/\/sailing-palava.com\/en\/kiterem-roku-je-znovu-vojtech-koska-kiterkou-roku-dominika-braunova\/","title":{"rendered":"Kiterem roku je znovu Vojt\u011bch Ko\u0161ka, kiterkou roku Dominika Braunov\u00e1"},"content":{"rendered":"<div data-elementor-type=\"wp-page\" data-elementor-id=\"4282\" class=\"elementor elementor-4282\">\n\t\t\t\t\t\t<section class=\"elementor-section elementor-top-section elementor-element elementor-element-26c9bb5 elementor-section-boxed elementor-section-height-default elementor-section-height-default\" data-id=\"26c9bb5\" data-element_type=\"section\" data-e-type=\"section\">\n\t\t\t\t\t\t<div class=\"elementor-container elementor-column-gap-default\">\n\t\t\t\t\t<div class=\"elementor-column elementor-col-50 elementor-top-column elementor-element elementor-element-ad41094\" data-id=\"ad41094\" data-element_type=\"column\" data-e-type=\"column\">\n\t\t\t<div class=\"elementor-widget-wrap elementor-element-populated\">\n\t\t\t\t\t\t<div class=\"elementor-element elementor-element-54cea8a elementor-widget elementor-widget-text-editor\" data-id=\"54cea8a\" data-element_type=\"widget\" data-e-type=\"widget\" data-widget_type=\"text-editor.default\">\n\t\t\t\t<div class=\"elementor-widget-container\">\n\t\t\t\t\t\t\t\t\t<div dir=\"auto\" style=\"font-family: inherit; animation-name: none!important; transition-property: none!important;\"><p style=\"margin-bottom: 0cm; line-height: normal; background-image: initial; background-position: initial; background-size: initial; background-repeat: initial; background-attachment: initial; background-origin: initial; background-clip: initial;\"><strong><span style=\"font-size: 12pt; font-family: Arial, sans-serif; color: #000080; background: whitesmoke;\">Kiterem roku je znovu Vojt\u011bch Ko\u0161ka, kiterkou roku Dominika Braunov\u00e1<\/span><\/strong><\/p><\/div><div dir=\"auto\" style=\"font-family: inherit; animation-name: none!important; transition-property: none!important;\"><p style=\"font-weight: 400;\">\u00a0<\/p><p style=\"font-weight: 400;\"><strong>Vyhl\u00e1\u0161en\u00ed prob\u011bhlo <\/strong><strong>v r\u00e1mci Galave\u010dera <\/strong><strong>\u010desk\u00e9ho jachtinu 22. 11. 2025 v\u00a0N\u00e1rodn\u00edm dom\u011b v\u00a0Praze na Vinohradech.<\/strong><\/p><p style=\"font-weight: 400;\">O v\u00fdsledc\u00edch rozhodla \u0161esti\u010dlenn\u00e1 porota, kter\u00e1 m\u011bla za c\u00edl ohodnotit v\u00fdkony kiter\u016f bez ohledu na typ kitov\u00e9 discipl\u00edny.<\/p><p style=\"font-weight: 400;\"><strong>\u00a0<\/strong><strong>Vojt<\/strong><strong>\u011bch<\/strong><strong> Ko\u0161ka<\/strong>\u00a0b\u011bhem sezony 2025 zaj\u00ed\u017ed\u011bl stabiln\u00ed v\u00fdsledky ve sv\u011btov\u00e9 \u0161pi\u010dce, a proto titul kitera roku obh\u00e1jil.\u00a0<em>\u201eMrz\u00ed m\u011b, \u017ee jsem se <\/em><em>nemohl <\/em><em>z\u00fa\u010dastnit <\/em><em>s<\/em><em>lavnostn\u00edho vyhl\u00e1\u0161en\u00ed, ale p\u0159\u00ed\u0161t\u00ed rok m\u011b \u010dekaj\u00ed prvn\u00ed kvalifika\u010dn\u00ed pokusy na OH 2028. Vzhledem k tomu, \u017ee se konkurence rok od roku st\u00e1le p\u0159iost\u0159uje, nechci tu p\u0159\u00edle\u017eitost nechat n\u00e1hod\u011b,\u201c<\/em>\u00a0p\u00ed\u0161e Vojt\u011bch Ko\u0161ka ze zimn\u00edho soust\u0159ed\u011bn\u00ed na Sardinii. Na galave\u010deru se vyhla\u0161ovala tak\u00e9 anketa Jachta\u0159 roku \u2013 v\u00a0n\u00ed Vojta skon\u010dil na 3. m\u00edst\u011b v kategorii mu\u017ei.<\/p><p style=\"font-weight: 400;\">Kiterka roku\u00a0<strong>Dominika Braunov\u00e1<\/strong>, si trofej p\u0159evzala osobn\u011b: <em>\u201eJe\u0161t\u011b vloni jsme se na z\u00e1vodech potk\u00e1valy s Monikou \u017di\u017elavskou. Letos to u\u017e bylo jin\u00e9. Ano, potk\u00e1v\u00e1me se na z\u00e1vodech s dal\u0161\u00edmi z\u00e1vodnicemi z jin\u00fdch zem\u00ed, se kter\u00fdmi se m\u016f\u017eeme srovn\u00e1vat, ale je jednozna\u010dn\u00e9, \u017ee by mi velice pomohlo m\u00edt mo\u017enost i kvalitn\u00ed t\u00fdmov\u00e9<\/em> <em>p\u0159\u00edpravy,<\/em><em>\u201c<\/em> uvedla.<\/p><p style=\"font-weight: 400;\">\u00a0<\/p><p style=\"font-weight: 400;\">V\u00edce zde: <a href=\"https:\/\/kitelife.cz\/kiter-roku-pro-sezonu-2025-vyhlasen-obhajce-oceneni-na-podium-doprovodili-dominika-braunova-a-tom-jaros\/\">https:\/\/kitelife.cz\/kiter-roku-pro-sezonu-2025-vyhlasen-obhajce-oceneni-na-podium-doprovodili-dominika-braunova-a-tom-jaros\/<\/a><\/p><p style=\"font-weight: 400;\">\u00a0<\/p><p style=\"font-weight: 400;\"><em>Foto Mark\u00e9ta Navr\u00e1tilov\u00e1, KITElife<\/em><\/p><p style=\"font-weight: 400;\">\u00a0<\/p><\/div>\t\t\t\t\t\t\t\t<\/div>\n\t\t\t\t<\/div>\n\t\t\t\t\t<\/div>\n\t\t<\/div>\n\t\t\t\t<div class=\"elementor-column elementor-col-50 elementor-top-column elementor-element elementor-element-20f5c56\" data-id=\"20f5c56\" data-element_type=\"column\" data-e-type=\"column\">\n\t\t\t<div class=\"elementor-widget-wrap elementor-element-populated\">\n\t\t\t\t\t\t<div class=\"elementor-element elementor-element-ab6775c elementor-widget elementor-widget-image-gallery\" data-id=\"ab6775c\" data-element_type=\"widget\" data-e-type=\"widget\" data-widget_type=\"image-gallery.default\">\n\t\t\t\t<div class=\"elementor-widget-container\">\n\t\t\t\t\t\t\t<div class=\"elementor-image-gallery\">\n\t\t\t<div id='gallery-1' class='gallery galleryid-4282 gallery-columns-1 gallery-size-medium_large'><figure class='gallery-item'>\n\t\t\t<div class='gallery-icon landscape'>\n\t\t\t\t<a data-elementor-open-lightbox=\"yes\" data-elementor-lightbox-slideshow=\"ab6775c\" data-elementor-lightbox-title=\"M1N0541-ve-velke-velikosti\" data-e-action-hash=\"#elementor-action%3Aaction%3Dlightbox%26settings%3DeyJpZCI6NDI5MSwidXJsIjoiaHR0cHM6XC9cL3NhaWxpbmctcGFsYXZhLmNvbVwvd3AtY29udGVudFwvdXBsb2Fkc1wvMjAyNVwvMTFcL00xTjA1NDEtdmUtdmVsa2UtdmVsaWtvc3RpLTEud2VicCIsInNsaWRlc2hvdyI6ImFiNjc3NWMifQ%3D%3D\" href='https:\/\/sailing-palava.com\/wp-content\/uploads\/2025\/11\/M1N0541-ve-velke-velikosti-1.webp'><img fetchpriority=\"high\" decoding=\"async\" width=\"640\" height=\"427\" src=\"https:\/\/sailing-palava.com\/wp-content\/uploads\/2025\/11\/M1N0541-ve-velke-velikosti-1-768x512.webp\" class=\"attachment-medium_large size-medium_large\" alt=\"\" srcset=\"https:\/\/sailing-palava.com\/wp-content\/uploads\/2025\/11\/M1N0541-ve-velke-velikosti-1-768x512.webp 768w, https:\/\/sailing-palava.com\/wp-content\/uploads\/2025\/11\/M1N0541-ve-velke-velikosti-1-300x200.webp 300w, https:\/\/sailing-palava.com\/wp-content\/uploads\/2025\/11\/M1N0541-ve-velke-velikosti-1-1024x683.webp 1024w, https:\/\/sailing-palava.com\/wp-content\/uploads\/2025\/11\/M1N0541-ve-velke-velikosti-1.webp 1280w\" sizes=\"(max-width: 640px) 100vw, 640px\" \/><\/a>\n\t\t\t<\/div><\/figure><figure class='gallery-item'>\n\t\t\t<div class='gallery-icon landscape'>\n\t\t\t\t<a data-elementor-open-lightbox=\"yes\" data-elementor-lightbox-slideshow=\"ab6775c\" data-elementor-lightbox-title=\"M2N0375-ve-velke-velikosti\" data-e-action-hash=\"#elementor-action%3Aaction%3Dlightbox%26settings%3DeyJpZCI6NDI5MywidXJsIjoiaHR0cHM6XC9cL3NhaWxpbmctcGFsYXZhLmNvbVwvd3AtY29udGVudFwvdXBsb2Fkc1wvMjAyNVwvMTFcL00yTjAzNzUtdmUtdmVsa2UtdmVsaWtvc3RpLTEud2VicCIsInNsaWRlc2hvdyI6ImFiNjc3NWMifQ%3D%3D\" href='https:\/\/sailing-palava.com\/wp-content\/uploads\/2025\/11\/M2N0375-ve-velke-velikosti-1.webp'><img decoding=\"async\" width=\"640\" height=\"427\" src=\"https:\/\/sailing-palava.com\/wp-content\/uploads\/2025\/11\/M2N0375-ve-velke-velikosti-1-768x512.webp\" class=\"attachment-medium_large size-medium_large\" alt=\"\" srcset=\"https:\/\/sailing-palava.com\/wp-content\/uploads\/2025\/11\/M2N0375-ve-velke-velikosti-1-768x512.webp 768w, https:\/\/sailing-palava.com\/wp-content\/uploads\/2025\/11\/M2N0375-ve-velke-velikosti-1-300x200.webp 300w, https:\/\/sailing-palava.com\/wp-content\/uploads\/2025\/11\/M2N0375-ve-velke-velikosti-1-1024x683.webp 1024w, https:\/\/sailing-palava.com\/wp-content\/uploads\/2025\/11\/M2N0375-ve-velke-velikosti-1.webp 1280w\" sizes=\"(max-width: 640px) 100vw, 640px\" \/><\/a>\n\t\t\t<\/div><\/figure><figure class='gallery-item'>\n\t\t\t<div class='gallery-icon landscape'>\n\t\t\t\t<a data-elementor-open-lightbox=\"yes\" data-elementor-lightbox-slideshow=\"ab6775c\" data-elementor-lightbox-title=\"M1N0715-ve-velke-velikosti\" data-e-action-hash=\"#elementor-action%3Aaction%3Dlightbox%26settings%3DeyJpZCI6NDI5MiwidXJsIjoiaHR0cHM6XC9cL3NhaWxpbmctcGFsYXZhLmNvbVwvd3AtY29udGVudFwvdXBsb2Fkc1wvMjAyNVwvMTFcL00xTjA3MTUtdmUtdmVsa2UtdmVsaWtvc3RpLTEud2VicCIsInNsaWRlc2hvdyI6ImFiNjc3NWMifQ%3D%3D\" href='https:\/\/sailing-palava.com\/wp-content\/uploads\/2025\/11\/M1N0715-ve-velke-velikosti-1.webp'><img decoding=\"async\" width=\"640\" height=\"427\" src=\"https:\/\/sailing-palava.com\/wp-content\/uploads\/2025\/11\/M1N0715-ve-velke-velikosti-1-768x512.webp\" class=\"attachment-medium_large size-medium_large\" alt=\"\" srcset=\"https:\/\/sailing-palava.com\/wp-content\/uploads\/2025\/11\/M1N0715-ve-velke-velikosti-1-768x512.webp 768w, https:\/\/sailing-palava.com\/wp-content\/uploads\/2025\/11\/M1N0715-ve-velke-velikosti-1-300x200.webp 300w, https:\/\/sailing-palava.com\/wp-content\/uploads\/2025\/11\/M1N0715-ve-velke-velikosti-1-1024x683.webp 1024w, https:\/\/sailing-palava.com\/wp-content\/uploads\/2025\/11\/M1N0715-ve-velke-velikosti-1.webp 1280w\" sizes=\"(max-width: 640px) 100vw, 640px\" \/><\/a>\n\t\t\t<\/div><\/figure>\n\t\t<\/div>\n\t\t<\/div>\n\t\t\t\t\t\t<\/div>\n\t\t\t\t<\/div>\n\t\t\t\t\t<\/div>\n\t\t<\/div>\n\t\t\t\t\t<\/div>\n\t\t<\/section>\n\t\t\t\t<\/div>","protected":false},"excerpt":{"rendered":"<p>Kiterem roku je znovu Vojt\u011bch Ko\u0161ka, kiterkou roku Dominika Braunov\u00e1 \u00a0 Vyhl\u00e1\u0161en\u00ed prob\u011bhlo v r\u00e1mci Galave\u010dera \u010desk\u00e9ho jachtinu 22. 11. 2025 v\u00a0N\u00e1rodn\u00edm dom\u011b v\u00a0Praze na Vinohradech. O v\u00fdsledc\u00edch rozhodla \u0161esti\u010dlenn\u00e1 porota, kter\u00e1 m\u011bla za c\u00edl ohodnotit v\u00fdkony kiter\u016f bez ohledu na typ kitov\u00e9 discipl\u00edny. \u00a0Vojt\u011bch Ko\u0161ka\u00a0b\u011bhem sezony 2025 zaj\u00ed\u017ed\u011bl stabiln\u00ed v\u00fdsledky ve sv\u011btov\u00e9 \u0161pi\u010dce, a&hellip;<\/p>","protected":false},"author":1,"featured_media":4287,"parent":0,"menu_order":0,"comment_status":"closed","ping_status":"closed","template":"","meta":{"footnotes":""},"class_list":["post-4282","page","type-page","status-publish","has-post-thumbnail","hentry"],"_links":{"self":[{"href":"https:\/\/sailing-palava.com\/en\/wp-json\/wp\/v2\/pages\/4282","targetHints":{"allow":["GET"]}}],"collection":[{"href":"https:\/\/sailing-palava.com\/en\/wp-json\/wp\/v2\/pages"}],"about":[{"href":"https:\/\/sailing-palava.com\/en\/wp-json\/wp\/v2\/types\/page"}],"author":[{"embeddable":true,"href":"https:\/\/sailing-palava.com\/en\/wp-json\/wp\/v2\/users\/1"}],"replies":[{"embeddable":true,"href":"https:\/\/sailing-palava.com\/en\/wp-json\/wp\/v2\/comments?post=4282"}],"version-history":[{"count":7,"href":"https:\/\/sailing-palava.com\/en\/wp-json\/wp\/v2\/pages\/4282\/revisions"}],"predecessor-version":[{"id":4296,"href":"https:\/\/sailing-palava.com\/en\/wp-json\/wp\/v2\/pages\/4282\/revisions\/4296"}],"wp:featuredmedia":[{"embeddable":true,"href":"https:\/\/sailing-palava.com\/en\/wp-json\/wp\/v2\/media\/4287"}],"wp:attachment":[{"href":"https:\/\/sailing-palava.com\/en\/wp-json\/wp\/v2\/media?parent=4282"}],"curies":[{"name":"wp","href":"https:\/\/api.w.org\/{rel}","templated":true}]}}