{"id":4565,"date":"2026-02-10T17:13:08","date_gmt":"2026-02-10T16:13:08","guid":{"rendered":"https:\/\/sailing-palava.com\/?page_id=4565"},"modified":"2026-02-15T17:15:23","modified_gmt":"2026-02-15T16:15:23","slug":"docasne-uzavreni-arealu-pro-verejnost-2","status":"publish","type":"page","link":"https:\/\/sailing-palava.com\/en\/docasne-uzavreni-arealu-pro-verejnost-2\/","title":{"rendered":"Do\u010dasn\u00e9 uzav\u0159en\u00ed are\u00e1lu pro ve\u0159ejnost"},"content":{"rendered":"<div data-elementor-type=\"wp-page\" data-elementor-id=\"4565\" class=\"elementor elementor-4565\">\n\t\t\t\t\t\t<section class=\"elementor-section elementor-top-section elementor-element elementor-element-26c9bb5 elementor-section-boxed elementor-section-height-default elementor-section-height-default\" data-id=\"26c9bb5\" data-element_type=\"section\" data-e-type=\"section\">\n\t\t\t\t\t\t<div class=\"elementor-container elementor-column-gap-default\">\n\t\t\t\t\t<div class=\"elementor-column elementor-col-50 elementor-top-column elementor-element elementor-element-ad41094\" data-id=\"ad41094\" data-element_type=\"column\" data-e-type=\"column\">\n\t\t\t<div class=\"elementor-widget-wrap elementor-element-populated\">\n\t\t\t\t\t\t<div class=\"elementor-element elementor-element-54cea8a elementor-widget__width-initial elementor-widget elementor-widget-text-editor\" data-id=\"54cea8a\" data-element_type=\"widget\" data-e-type=\"widget\" data-widget_type=\"text-editor.default\">\n\t\t\t\t<div class=\"elementor-widget-container\">\n\t\t\t\t\t\t\t\t\t<div dir=\"auto\" style=\"font-family: inherit; animation-name: none!important; transition-property: none!important;\"><p style=\"margin-bottom: 0cm; line-height: normal; background-image: initial; background-position: initial; background-size: initial; background-repeat: initial; background-attachment: initial; background-origin: initial; background-clip: initial;\"><strong><span style=\"font-size: 12pt; font-family: Arial, sans-serif; color: #000080; background: whitesmoke;\">Do\u010dasn\u00e9 uzav\u0159en\u00ed are\u00e1lu pro ve\u0159ejnost<\/span><\/strong><span style=\"caret-color: #000000; color: #000000; font-size: 11pt; line-height: 16.866667px; font-family: Arial, sans-serif;\"><br \/><\/span><\/p><\/div><div>\u00a0<\/div><div>\u00a0<\/div><div dir=\"auto\" style=\"font-family: inherit; animation-name: none!important; transition-property: none!important;\"><div><p style=\"font-weight: 400;\"><span style=\"color: #000080;\">Od 18. 1. 2026 je Sportovn\u00ed centrum Sailing P\u00e1lava do\u010dasn\u011b uzav\u0159eno pro ve\u0159ejnost z d\u016fvodu prob\u00edhaj\u00edc\u00edch p\u0159\u00edprav. Vstup do are\u00e1lu je umo\u017en\u011bn pouze rezident\u016fm, sportovc\u016fm a osob\u00e1m s opr\u00e1vn\u011bn\u00edm. <\/span><\/p><p style=\"font-weight: 400;\"><span style=\"color: #808080;\">P\u0159edpokl\u00e1dan\u00fd term\u00edn otev\u0159en\u00ed Sportovn\u00edho centra Sailing P\u00e1lava pro ve\u0159ejnost je stanoven na 1. 4. 2026. Term\u00edn m\u016f\u017ee b\u00fdt upraven dle pr\u016fb\u011bhu p\u0159\u00edpravn\u00fdch prac\u00ed.<\/span><\/p><p>\u00a0<\/p><\/div><\/div>\t\t\t\t\t\t\t\t<\/div>\n\t\t\t\t<\/div>\n\t\t\t\t\t<\/div>\n\t\t<\/div>\n\t\t\t\t<div class=\"elementor-column elementor-col-50 elementor-top-column elementor-element elementor-element-20f5c56\" data-id=\"20f5c56\" data-element_type=\"column\" data-e-type=\"column\">\n\t\t\t<div class=\"elementor-widget-wrap elementor-element-populated\">\n\t\t\t\t\t\t\t<\/div>\n\t\t<\/div>\n\t\t\t\t\t<\/div>\n\t\t<\/section>\n\t\t\t\t<\/div>","protected":false},"excerpt":{"rendered":"<p>Do\u010dasn\u00e9 uzav\u0159en\u00ed are\u00e1lu pro ve\u0159ejnost \u00a0\u00a0 Od 18. 1. 2026 je Sportovn\u00ed centrum Sailing P\u00e1lava do\u010dasn\u011b uzav\u0159eno pro ve\u0159ejnost z d\u016fvodu prob\u00edhaj\u00edc\u00edch p\u0159\u00edprav. Vstup do are\u00e1lu je umo\u017en\u011bn pouze rezident\u016fm, sportovc\u016fm a osob\u00e1m s opr\u00e1vn\u011bn\u00edm. P\u0159edpokl\u00e1dan\u00fd term\u00edn otev\u0159en\u00ed Sportovn\u00edho centra Sailing P\u00e1lava pro ve\u0159ejnost je stanoven na 1. 4. 2026. Term\u00edn m\u016f\u017ee b\u00fdt upraven dle&hellip;<\/p>","protected":false},"author":1,"featured_media":4525,"parent":0,"menu_order":0,"comment_status":"closed","ping_status":"closed","template":"","meta":{"footnotes":""},"class_list":["post-4565","page","type-page","status-publish","has-post-thumbnail","hentry"],"_links":{"self":[{"href":"https:\/\/sailing-palava.com\/en\/wp-json\/wp\/v2\/pages\/4565","targetHints":{"allow":["GET"]}}],"collection":[{"href":"https:\/\/sailing-palava.com\/en\/wp-json\/wp\/v2\/pages"}],"about":[{"href":"https:\/\/sailing-palava.com\/en\/wp-json\/wp\/v2\/types\/page"}],"author":[{"embeddable":true,"href":"https:\/\/sailing-palava.com\/en\/wp-json\/wp\/v2\/users\/1"}],"replies":[{"embeddable":true,"href":"https:\/\/sailing-palava.com\/en\/wp-json\/wp\/v2\/comments?post=4565"}],"version-history":[{"count":10,"href":"https:\/\/sailing-palava.com\/en\/wp-json\/wp\/v2\/pages\/4565\/revisions"}],"predecessor-version":[{"id":4575,"href":"https:\/\/sailing-palava.com\/en\/wp-json\/wp\/v2\/pages\/4565\/revisions\/4575"}],"wp:featuredmedia":[{"embeddable":true,"href":"https:\/\/sailing-palava.com\/en\/wp-json\/wp\/v2\/media\/4525"}],"wp:attachment":[{"href":"https:\/\/sailing-palava.com\/en\/wp-json\/wp\/v2\/media?parent=4565"}],"curies":[{"name":"wp","href":"https:\/\/api.w.org\/{rel}","templated":true}]}}