{"id":4885,"date":"2026-04-16T09:30:46","date_gmt":"2026-04-16T07:30:46","guid":{"rendered":"https:\/\/sailing-palava.com\/?page_id=4885"},"modified":"2026-04-16T09:37:56","modified_gmt":"2026-04-16T07:37:56","slug":"jachtarske-zavody-na-novych-mlynech","status":"publish","type":"page","link":"https:\/\/sailing-palava.com\/en\/jachtarske-zavody-na-novych-mlynech\/","title":{"rendered":"Sailing races on Lake Nov\u00e9 Ml\u00fdny"},"content":{"rendered":"<div data-elementor-type=\"wp-page\" data-elementor-id=\"4885\" class=\"elementor elementor-4885\">\n\t\t\t\t\t\t<section class=\"elementor-section elementor-top-section elementor-element elementor-element-26c9bb5 elementor-section-boxed elementor-section-height-default elementor-section-height-default\" data-id=\"26c9bb5\" data-element_type=\"section\" data-e-type=\"section\">\n\t\t\t\t\t\t<div class=\"elementor-container elementor-column-gap-default\">\n\t\t\t\t\t<div class=\"elementor-column elementor-col-50 elementor-top-column elementor-element elementor-element-ad41094\" data-id=\"ad41094\" data-element_type=\"column\" data-e-type=\"column\">\n\t\t\t<div class=\"elementor-widget-wrap elementor-element-populated\">\n\t\t\t\t\t\t<div class=\"elementor-element elementor-element-54cea8a elementor-widget__width-initial elementor-widget elementor-widget-text-editor\" data-id=\"54cea8a\" data-element_type=\"widget\" data-e-type=\"widget\" data-widget_type=\"text-editor.default\">\n\t\t\t\t<div class=\"elementor-widget-container\">\n\t\t\t\t\t\t\t\t\t<div dir=\"auto\" style=\"font-family: inherit; animation-name: none!important; transition-property: none!important;\"><p style=\"margin-bottom: 0cm; line-height: normal; background-image: initial; background-position: initial; background-size: initial; background-repeat: initial; background-attachment: initial; background-origin: initial; background-clip: initial;\"><strong><span style=\"font-size: 12pt; font-family: Arial, sans-serif; color: #000080; background: whitesmoke;\">Sailing races on Lake Nov\u00e9 Ml\u00fdny<\/span><\/strong><span style=\"caret-color: #000000; color: #000000; font-size: 11pt; line-height: 16.866667px; font-family: Arial, sans-serif;\"><br \/><\/span><\/p><div>\u00a0<\/div><div><p style=\"font-weight: 400;\"><span style=\"color: #000080;\">TJ Sailing P\u00e1lava is ready to provide facilities for sailing races in cooperation with YC Dyje.<\/span><\/p><p style=\"font-weight: 400;\">TJ Sailing P\u00e1lava announces that it is fully prepared to provide quality facilities for all planned yachting regattas of all boat classes on the dates published on the club's website.\u00a0<a href=\"https:\/\/sailing-palava.com\/en\/?page_id=4588\">HERE<\/a>.<\/p><p style=\"font-weight: 400;\">Race organisation is carried out in close cooperation with the neighbouring club YC Dyje. Both sites will be functionally linked during the races, creating a strong and well-organised environment in terms of capacity for both competitors and organisational teams. This link will enable efficient use of accommodation areas, the technical facilities of the race committee, and associated services in the marina.<\/p><p style=\"font-weight: 400;\">TJ Sailing P\u00e1lava now has its own reception, which is accessible via a separately marked exit with a parking area. The reception will be open daily from 8:00 AM to 8:00 PM during competitions and will provide support to participants in resolving their requests. The complex is equipped with a system barrier, an entrance gate, and a wicket gate, which allow for controlled and smooth entry and access to the complex.<\/p><p style=\"font-weight: 400;\">Concurrently, temporary catering facilities are being established at the former \u201e\u017dlu\u0165\u00e1k\u201c site, which will eventually be replaced by new club facilities with a full-scale gastronomic operation, meeting standards common in other racing destinations. Temporary catering will be available from 1st May 2026.<\/p><p style=\"font-weight: 400;\">As part of its ongoing development, the club is currently launching an online booking system which will significantly simplify and speed up the arrival and stay process at the grounds. The system will be linked to number plate recognition, allowing participants to automatically enter the grounds even late at night without the need for reception assistance. During the pilot operation period for the races, reception support will also be provided during night hours (until midnight).<\/p><p style=\"font-weight: 400;\">We will soon be publishing information about the full launch of this\u00a0<a href=\"https:\/\/sailing-palava.recepce-online.cz\/\">online booking system<\/a>\u00a0on our website.<\/p><p style=\"font-weight: 400;\">More information about accommodation prices and services can be found\u00a0<a href=\"https:\/\/sailing-palava.com\/en\/?page_id=4624\">HERE<\/a>.<\/p><p style=\"font-weight: 400;\">During all planned races, TJ Sailing P\u00e1lava will not charge accommodation for boat trailers or their storage on the premises.<\/p><p style=\"font-weight: 400;\">\u00a0<\/p><p style=\"font-weight: 400;\">We look forward to seeing you<br \/>TJ Sailing P\u00e1lava Team<br \/><br \/><\/p><p style=\"font-weight: 400;\"><strong>TJ Sailing P\u00e1lava Reception<\/strong><br \/>e-mail:\u00a0<a href=\"mailto:sekretariat@sailing-palava.com\">recepce@sailing-palava.com<\/a><br \/>tel.: +420 775 786 918\u00a0 \u00a0<\/p><\/div><\/div>\t\t\t\t\t\t\t\t<\/div>\n\t\t\t\t<\/div>\n\t\t\t\t\t<\/div>\n\t\t<\/div>\n\t\t\t\t<div class=\"elementor-column elementor-col-50 elementor-top-column elementor-element elementor-element-20f5c56\" data-id=\"20f5c56\" data-element_type=\"column\" data-e-type=\"column\">\n\t\t\t<div class=\"elementor-widget-wrap elementor-element-populated\">\n\t\t\t\t\t\t<div class=\"elementor-element elementor-element-ab6775c elementor-widget elementor-widget-image-gallery\" data-id=\"ab6775c\" data-element_type=\"widget\" data-e-type=\"widget\" data-widget_type=\"image-gallery.default\">\n\t\t\t\t<div class=\"elementor-widget-container\">\n\t\t\t\t\t\t\t<div class=\"elementor-image-gallery\">\n\t\t\t<div id='gallery-1' class='gallery galleryid-4885 gallery-columns-1 gallery-size-medium_large'><figure class='gallery-item'>\n\t\t\t<div class='gallery-icon landscape'>\n\t\t\t\t<a data-elementor-open-lightbox=\"yes\" data-elementor-lightbox-slideshow=\"ab6775c\" data-elementor-lightbox-title=\"DJI_0192\" data-e-action-hash=\"#elementor-action%3Aaction%3Dlightbox%26settings%3DeyJpZCI6NDg5MiwidXJsIjoiaHR0cHM6XC9cL3NhaWxpbmctcGFsYXZhLmNvbVwvd3AtY29udGVudFwvdXBsb2Fkc1wvMjAyNlwvMDRcL0RKSV8wMTkyLXNjYWxlZC5qcGciLCJzbGlkZXNob3ciOiJhYjY3NzVjIn0%3D\" href='https:\/\/sailing-palava.com\/wp-content\/uploads\/2026\/04\/DJI_0192-scaled.jpg'><img fetchpriority=\"high\" decoding=\"async\" width=\"640\" height=\"360\" src=\"https:\/\/sailing-palava.com\/wp-content\/uploads\/2026\/04\/DJI_0192-768x432.jpg\" class=\"attachment-medium_large size-medium_large\" alt=\"\" srcset=\"https:\/\/sailing-palava.com\/wp-content\/uploads\/2026\/04\/DJI_0192-768x432.jpg 768w, https:\/\/sailing-palava.com\/wp-content\/uploads\/2026\/04\/DJI_0192-300x169.jpg 300w, https:\/\/sailing-palava.com\/wp-content\/uploads\/2026\/04\/DJI_0192-1024x575.jpg 1024w, https:\/\/sailing-palava.com\/wp-content\/uploads\/2026\/04\/DJI_0192-100x56.jpg 100w, https:\/\/sailing-palava.com\/wp-content\/uploads\/2026\/04\/DJI_0192-1536x863.jpg 1536w, https:\/\/sailing-palava.com\/wp-content\/uploads\/2026\/04\/DJI_0192-2048x1151.jpg 2048w\" sizes=\"(max-width: 640px) 100vw, 640px\" \/><\/a>\n\t\t\t<\/div><\/figure><figure class='gallery-item'>\n\t\t\t<div class='gallery-icon landscape'>\n\t\t\t\t<a data-elementor-open-lightbox=\"yes\" data-elementor-lightbox-slideshow=\"ab6775c\" data-elementor-lightbox-title=\"_H7D0095\" data-e-action-hash=\"#elementor-action%3Aaction%3Dlightbox%26settings%3DeyJpZCI6NDg5MSwidXJsIjoiaHR0cHM6XC9cL3NhaWxpbmctcGFsYXZhLmNvbVwvd3AtY29udGVudFwvdXBsb2Fkc1wvMjAyNlwvMDRcL0g3RDAwOTUtc2NhbGVkLmpwZyIsInNsaWRlc2hvdyI6ImFiNjc3NWMifQ%3D%3D\" href='https:\/\/sailing-palava.com\/wp-content\/uploads\/2026\/04\/H7D0095-scaled.jpg'><img decoding=\"async\" width=\"640\" height=\"427\" src=\"https:\/\/sailing-palava.com\/wp-content\/uploads\/2026\/04\/H7D0095-768x512.jpg\" class=\"attachment-medium_large size-medium_large\" alt=\"\" srcset=\"https:\/\/sailing-palava.com\/wp-content\/uploads\/2026\/04\/H7D0095-768x512.jpg 768w, https:\/\/sailing-palava.com\/wp-content\/uploads\/2026\/04\/H7D0095-300x200.jpg 300w, https:\/\/sailing-palava.com\/wp-content\/uploads\/2026\/04\/H7D0095-1024x683.jpg 1024w, https:\/\/sailing-palava.com\/wp-content\/uploads\/2026\/04\/H7D0095-100x67.jpg 100w, https:\/\/sailing-palava.com\/wp-content\/uploads\/2026\/04\/H7D0095-1536x1024.jpg 1536w, https:\/\/sailing-palava.com\/wp-content\/uploads\/2026\/04\/H7D0095-2048x1365.jpg 2048w\" sizes=\"(max-width: 640px) 100vw, 640px\" \/><\/a>\n\t\t\t<\/div><\/figure>\n\t\t<\/div>\n\t\t<\/div>\n\t\t\t\t\t\t<\/div>\n\t\t\t\t<\/div>\n\t\t\t\t\t<\/div>\n\t\t<\/div>\n\t\t\t\t\t<\/div>\n\t\t<\/section>\n\t\t\t\t<\/div>","protected":false},"excerpt":{"rendered":"<p>Jachta\u0159sk\u00e9 z\u00e1vody na Nov\u00fdch Ml\u00fdnech \u00a0 TJ Sailing P\u00e1lava je p\u0159ipravena zajistit z\u00e1zem\u00ed pro jachta\u0159sk\u00e9 z\u00e1vody ve spolupr\u00e1ci s YC Dyje. TJ Sailing P\u00e1lava oznamuje, \u017ee je pln\u011b p\u0159ipravena poskytnout kvalitn\u00ed z\u00e1zem\u00ed pro v\u0161echny pl\u00e1novan\u00e9 jachta\u0159sk\u00e9 z\u00e1vody v\u0161ech lodn\u00edch t\u0159\u00edd v term\u00ednech zve\u0159ejn\u011bn\u00fdch na webov\u00fdch str\u00e1nk\u00e1ch klubu\u00a0ZDE. Zaji\u0161t\u011bn\u00ed z\u00e1vod\u016f prob\u00edh\u00e1 v \u00fazk\u00e9 spolupr\u00e1ci se sousedn\u00edm&hellip;<\/p>","protected":false},"author":1,"featured_media":4890,"parent":0,"menu_order":0,"comment_status":"closed","ping_status":"closed","template":"","meta":{"footnotes":""},"class_list":["post-4885","page","type-page","status-publish","has-post-thumbnail","hentry"],"_links":{"self":[{"href":"https:\/\/sailing-palava.com\/en\/wp-json\/wp\/v2\/pages\/4885","targetHints":{"allow":["GET"]}}],"collection":[{"href":"https:\/\/sailing-palava.com\/en\/wp-json\/wp\/v2\/pages"}],"about":[{"href":"https:\/\/sailing-palava.com\/en\/wp-json\/wp\/v2\/types\/page"}],"author":[{"embeddable":true,"href":"https:\/\/sailing-palava.com\/en\/wp-json\/wp\/v2\/users\/1"}],"replies":[{"embeddable":true,"href":"https:\/\/sailing-palava.com\/en\/wp-json\/wp\/v2\/comments?post=4885"}],"version-history":[{"count":10,"href":"https:\/\/sailing-palava.com\/en\/wp-json\/wp\/v2\/pages\/4885\/revisions"}],"predecessor-version":[{"id":4898,"href":"https:\/\/sailing-palava.com\/en\/wp-json\/wp\/v2\/pages\/4885\/revisions\/4898"}],"wp:featuredmedia":[{"embeddable":true,"href":"https:\/\/sailing-palava.com\/en\/wp-json\/wp\/v2\/media\/4890"}],"wp:attachment":[{"href":"https:\/\/sailing-palava.com\/en\/wp-json\/wp\/v2\/media?parent=4885"}],"curies":[{"name":"wp","href":"https:\/\/api.w.org\/{rel}","templated":true}]}}