{"id":4940,"date":"2026-04-27T16:47:11","date_gmt":"2026-04-27T14:47:11","guid":{"rendered":"https:\/\/sailing-palava.com\/?page_id=4940"},"modified":"2026-04-27T17:52:09","modified_gmt":"2026-04-27T15:52:09","slug":"svetovy-pohar-v-hyeres","status":"publish","type":"page","link":"https:\/\/sailing-palava.com\/en\/svetovy-pohar-v-hyeres\/","title":{"rendered":"Hyeres World Cup"},"content":{"rendered":"<div data-elementor-type=\"wp-page\" data-elementor-id=\"4940\" class=\"elementor elementor-4940\">\n\t\t\t\t\t\t<section class=\"elementor-section elementor-top-section elementor-element elementor-element-26c9bb5 elementor-section-boxed elementor-section-height-default elementor-section-height-default\" data-id=\"26c9bb5\" data-element_type=\"section\" data-e-type=\"section\">\n\t\t\t\t\t\t<div class=\"elementor-container elementor-column-gap-default\">\n\t\t\t\t\t<div class=\"elementor-column elementor-col-50 elementor-top-column elementor-element elementor-element-ad41094\" data-id=\"ad41094\" data-element_type=\"column\" data-e-type=\"column\">\n\t\t\t<div class=\"elementor-widget-wrap elementor-element-populated\">\n\t\t\t\t\t\t<div class=\"elementor-element elementor-element-54cea8a elementor-widget elementor-widget-text-editor\" data-id=\"54cea8a\" data-element_type=\"widget\" data-e-type=\"widget\" data-widget_type=\"text-editor.default\">\n\t\t\t\t<div class=\"elementor-widget-container\">\n\t\t\t\t\t\t\t\t\t<div dir=\"auto\" style=\"font-family: inherit; animation-name: none!important; transition-property: none!important;\"><p style=\"margin-bottom: 0cm; line-height: normal; background-image: initial; background-position: initial; background-size: initial; background-repeat: initial; background-attachment: initial; background-origin: initial; background-clip: initial;\"><strong><span style=\"font-size: 12pt; font-family: Arial, sans-serif; color: #000080; background: whitesmoke;\">Hyeres World Cup<\/span><\/strong><\/p><p>\u00a0<\/p><p style=\"margin-bottom: 0cm; line-height: normal; background-image: initial; background-position: initial; background-size: initial; background-repeat: initial; background-attachment: initial; background-origin: initial; background-clip: initial;\"><span style=\"font-size: 12pt; font-family: 'Arial',sans-serif; mso-fareast-font-family: 'Times New Roman'; color: #003399; mso-fareast-language: CS;\">French Olympic Week<\/span><\/p><p style=\"margin-bottom: 0cm; line-height: normal; background-image: initial; background-position: initial; background-size: initial; background-repeat: initial; background-attachment: initial; background-origin: initial; background-clip: initial;\"><span style=\"font-size: 12pt; line-height: 107%; font-family: 'Arial',sans-serif; mso-fareast-font-family: 'Times New Roman'; color: #003399; mso-fareast-language: CS;\">20.\u201324. 4. 2026<\/span><\/p><p>\u00a0<\/p><p style=\"font-weight: 400;\"><strong>The French Olympic Week 2026, the second World Cup event for Olympic sailing classes, took place in Hy\u00e8res, France, from Monday, April 20 to Friday, April 24. The 56th edition of this prestigious regatta hosted more than 700 boats, windsurfers, and kites from 59 countries across all Olympic classes. Czech kiteboarding was represented by Vojt\u011bch Ko\u0161ka and Dominika Braunov\u00e1 from TJ Sailing P\u00e1lava.<\/strong>.<\/p><p style=\"font-weight: 400;\">After the qualifying series, Vojta advanced to the final day in eighth place. He won the quarterfinal and moved on to the semifinal, where it was no longer enough for him to advance to the final.<\/p><p style=\"font-weight: 400;\">\u00a0<\/p><p style=\"font-weight: 400;\"><em>\u201cI finished in seventh place, which is a great result for me, although I\u2019m disappointed about the semifinal. I had a well-started race and was leading, but at the bottom mark another competitor ran into me, caught my kite, I crashed, and ended up finishing last, which cost me a place in the final. Otherwise, I felt good on the water, my starts were working well and I had good speed. The conditions were quite challenging all week \u2013 the first two days there was almost no wind, then an offshore wind came in and gradually shifted to the right. In addition to my regular coach Mario Calbucci, I was also supported in Hy\u00e8res by experienced former Olympic ILCA sailor Martin Tr\u010dka, who came to see me and helped me look for new things we can keep working on.\u201d<\/em>Vojta said.<\/p><p style=\"font-weight: 400;\">\u00a0<\/p><p style=\"font-weight: 400;\">With his seventh-place finish, Vojt\u011bch Ko\u0161ka improved by one position compared to the opening regatta of the season in Mallorca. Dominika Braunov\u00e1 placed 21st among the women. Both will now compete at the Formula Kite World Championship, which will take place from May 9 to 16 in Viana do Castelo, Portugal.<\/p><p style=\"font-weight: 400;\">\u00a0<\/p><p style=\"font-weight: 400;\">Vojt\u011bch Ko\u0161ka\u2019s result confirms his consistent world-class performance and his ability to compete successfully even in a strong international field. The French Olympic Week has long been one of the most prestigious events in Olympic sailing and regularly attracts the very top athletes in each class. For both Czech competitors, the regatta also served as an important test of form ahead of the upcoming World Championship, which will be one of the highlights of this season.<\/p><p style=\"font-weight: 400;\"><em style=\"font-family: inherit;\">Photo Sailing Energy<\/em><\/p><\/div>\t\t\t\t\t\t\t\t<\/div>\n\t\t\t\t<\/div>\n\t\t\t\t<div class=\"elementor-element elementor-element-02e31ba elementor-widget elementor-widget-text-editor\" data-id=\"02e31ba\" data-element_type=\"widget\" data-e-type=\"widget\" data-widget_type=\"text-editor.default\">\n\t\t\t\t<div class=\"elementor-widget-container\">\n\t\t\t\t\t\t\t\t\t<p><a href=\"\/\/sof.ffvoile.fr\" target=\"_blank\" rel=\"noopener\">Results HERE<\/a><\/p>\t\t\t\t\t\t\t\t<\/div>\n\t\t\t\t<\/div>\n\t\t\t\t\t<\/div>\n\t\t<\/div>\n\t\t\t\t<div class=\"elementor-column elementor-col-50 elementor-top-column elementor-element elementor-element-20f5c56\" data-id=\"20f5c56\" data-element_type=\"column\" data-e-type=\"column\">\n\t\t\t<div class=\"elementor-widget-wrap elementor-element-populated\">\n\t\t\t\t\t\t<div class=\"elementor-element elementor-element-ab6775c elementor-widget elementor-widget-image-gallery\" data-id=\"ab6775c\" data-element_type=\"widget\" data-e-type=\"widget\" data-widget_type=\"image-gallery.default\">\n\t\t\t\t<div class=\"elementor-widget-container\">\n\t\t\t\t\t\t\t<div class=\"elementor-image-gallery\">\n\t\t\t<div id='gallery-1' class='gallery galleryid-4940 gallery-columns-1 gallery-size-medium_large'><figure class='gallery-item'>\n\t\t\t<div class='gallery-icon landscape'>\n\t\t\t\t<a data-elementor-open-lightbox=\"yes\" data-elementor-lightbox-slideshow=\"ab6775c\" data-elementor-lightbox-title=\"57th French Olympic Week Hy\u00e8res \u2013 TPM (SOF)2026.\" data-e-action-hash=\"#elementor-action%3Aaction%3Dlightbox%26settings%3DeyJpZCI6NDk0NSwidXJsIjoiaHR0cHM6XC9cL3NhaWxpbmctcGFsYXZhLmNvbVwvd3AtY29udGVudFwvdXBsb2Fkc1wvMjAyNlwvMDRcLzI2MDQyMF9TYWlsaW5nRW5lcmd5X1NPRjI2X0pSMV80OTAyMjFkNS5qcGciLCJzbGlkZXNob3ciOiJhYjY3NzVjIn0%3D\" href='https:\/\/sailing-palava.com\/wp-content\/uploads\/2026\/04\/260420_SailingEnergy_SOF26_JR1_490221d5.jpg'><img fetchpriority=\"high\" decoding=\"async\" width=\"640\" height=\"427\" src=\"https:\/\/sailing-palava.com\/wp-content\/uploads\/2026\/04\/260420_SailingEnergy_SOF26_JR1_490221d5.jpg\" class=\"attachment-medium_large size-medium_large\" alt=\"\" aria-describedby=\"gallery-1-4945\" srcset=\"https:\/\/sailing-palava.com\/wp-content\/uploads\/2026\/04\/260420_SailingEnergy_SOF26_JR1_490221d5.jpg 700w, https:\/\/sailing-palava.com\/wp-content\/uploads\/2026\/04\/260420_SailingEnergy_SOF26_JR1_490221d5-300x200.jpg 300w, https:\/\/sailing-palava.com\/wp-content\/uploads\/2026\/04\/260420_SailingEnergy_SOF26_JR1_490221d5-18x12.jpg 18w\" sizes=\"(max-width: 640px) 100vw, 640px\" \/><\/a>\n\t\t\t<\/div>\n\t\t\t\t<figcaption class='wp-caption-text gallery-caption' id='gallery-1-4945'>\n\t\t\t\tFrench Olympic Week\n\t\t\t\t<\/figcaption><\/figure><figure class='gallery-item'>\n\t\t\t<div class='gallery-icon landscape'>\n\t\t\t\t<a data-elementor-open-lightbox=\"yes\" data-elementor-lightbox-slideshow=\"ab6775c\" data-elementor-lightbox-title=\"57th French Olympic Week Hy\u00e8res \u2013 TPM (SOF)2026.\" data-e-action-hash=\"#elementor-action%3Aaction%3Dlightbox%26settings%3DeyJpZCI6NDk0NiwidXJsIjoiaHR0cHM6XC9cL3NhaWxpbmctcGFsYXZhLmNvbVwvd3AtY29udGVudFwvdXBsb2Fkc1wvMjAyNlwvMDRcLzI2MDQyM19TYWlsaW5nRW5lcmd5X1NPRjI2X0pSMV81OTc4YzQyMS5qcGciLCJzbGlkZXNob3ciOiJhYjY3NzVjIn0%3D\" href='https:\/\/sailing-palava.com\/wp-content\/uploads\/2026\/04\/260423_SailingEnergy_SOF26_JR1_5978c421.jpg'><img decoding=\"async\" width=\"640\" height=\"427\" src=\"https:\/\/sailing-palava.com\/wp-content\/uploads\/2026\/04\/260423_SailingEnergy_SOF26_JR1_5978c421-768x512.jpg\" class=\"attachment-medium_large size-medium_large\" alt=\"\" aria-describedby=\"gallery-1-4946\" srcset=\"https:\/\/sailing-palava.com\/wp-content\/uploads\/2026\/04\/260423_SailingEnergy_SOF26_JR1_5978c421-768x512.jpg 768w, https:\/\/sailing-palava.com\/wp-content\/uploads\/2026\/04\/260423_SailingEnergy_SOF26_JR1_5978c421-300x200.jpg 300w, https:\/\/sailing-palava.com\/wp-content\/uploads\/2026\/04\/260423_SailingEnergy_SOF26_JR1_5978c421-1024x683.jpg 1024w, https:\/\/sailing-palava.com\/wp-content\/uploads\/2026\/04\/260423_SailingEnergy_SOF26_JR1_5978c421-1536x1024.jpg 1536w, https:\/\/sailing-palava.com\/wp-content\/uploads\/2026\/04\/260423_SailingEnergy_SOF26_JR1_5978c421-18x12.jpg 18w, https:\/\/sailing-palava.com\/wp-content\/uploads\/2026\/04\/260423_SailingEnergy_SOF26_JR1_5978c421.jpg 1980w\" sizes=\"(max-width: 640px) 100vw, 640px\" \/><\/a>\n\t\t\t<\/div>\n\t\t\t\t<figcaption class='wp-caption-text gallery-caption' id='gallery-1-4946'>\n\t\t\t\tFrench Olympic Week\n\t\t\t\t<\/figcaption><\/figure><figure class='gallery-item'>\n\t\t\t<div class='gallery-icon landscape'>\n\t\t\t\t<a data-elementor-open-lightbox=\"yes\" data-elementor-lightbox-slideshow=\"ab6775c\" data-elementor-lightbox-title=\"Screenshot\" data-e-action-hash=\"#elementor-action%3Aaction%3Dlightbox%26settings%3DeyJpZCI6NDk0OCwidXJsIjoiaHR0cHM6XC9cL3NhaWxpbmctcGFsYXZhLmNvbVwvd3AtY29udGVudFwvdXBsb2Fkc1wvMjAyNlwvMDRcL1NuaW1lay1vYnJhem92a3ktMjAyNi0wNC0yMy12LTEzLjQ5LjU1LmpwZWciLCJzbGlkZXNob3ciOiJhYjY3NzVjIn0%3D\" href='https:\/\/sailing-palava.com\/wp-content\/uploads\/2026\/04\/Snimek-obrazovky-2026-04-23-v-13.49.55.jpeg'><img decoding=\"async\" width=\"640\" height=\"424\" src=\"https:\/\/sailing-palava.com\/wp-content\/uploads\/2026\/04\/Snimek-obrazovky-2026-04-23-v-13.49.55-768x509.jpeg\" class=\"attachment-medium_large size-medium_large\" alt=\"\" aria-describedby=\"gallery-1-4948\" srcset=\"https:\/\/sailing-palava.com\/wp-content\/uploads\/2026\/04\/Snimek-obrazovky-2026-04-23-v-13.49.55-768x509.jpeg 768w, https:\/\/sailing-palava.com\/wp-content\/uploads\/2026\/04\/Snimek-obrazovky-2026-04-23-v-13.49.55-300x199.jpeg 300w, https:\/\/sailing-palava.com\/wp-content\/uploads\/2026\/04\/Snimek-obrazovky-2026-04-23-v-13.49.55-1024x678.jpeg 1024w, https:\/\/sailing-palava.com\/wp-content\/uploads\/2026\/04\/Snimek-obrazovky-2026-04-23-v-13.49.55-1536x1017.jpeg 1536w, https:\/\/sailing-palava.com\/wp-content\/uploads\/2026\/04\/Snimek-obrazovky-2026-04-23-v-13.49.55-2048x1356.jpeg 2048w, https:\/\/sailing-palava.com\/wp-content\/uploads\/2026\/04\/Snimek-obrazovky-2026-04-23-v-13.49.55-18x12.jpeg 18w\" sizes=\"(max-width: 640px) 100vw, 640px\" \/><\/a>\n\t\t\t<\/div>\n\t\t\t\t<figcaption class='wp-caption-text gallery-caption' id='gallery-1-4948'>\n\t\t\t\tVojt\u011bch Ko\u0161ka\n\t\t\t\t<\/figcaption><\/figure><figure class='gallery-item'>\n\t\t\t<div class='gallery-icon landscape'>\n\t\t\t\t<a data-elementor-open-lightbox=\"yes\" data-elementor-lightbox-slideshow=\"ab6775c\" data-elementor-lightbox-title=\"Screenshot\" data-e-action-hash=\"#elementor-action%3Aaction%3Dlightbox%26settings%3DeyJpZCI6NDk0OSwidXJsIjoiaHR0cHM6XC9cL3NhaWxpbmctcGFsYXZhLmNvbVwvd3AtY29udGVudFwvdXBsb2Fkc1wvMjAyNlwvMDRcL1ZvanRhMS5qcGciLCJzbGlkZXNob3ciOiJhYjY3NzVjIn0%3D\" href='https:\/\/sailing-palava.com\/wp-content\/uploads\/2026\/04\/Vojta1.jpg'><img loading=\"lazy\" decoding=\"async\" width=\"640\" height=\"433\" src=\"https:\/\/sailing-palava.com\/wp-content\/uploads\/2026\/04\/Vojta1-768x520.jpg\" class=\"attachment-medium_large size-medium_large\" alt=\"\" aria-describedby=\"gallery-1-4949\" srcset=\"https:\/\/sailing-palava.com\/wp-content\/uploads\/2026\/04\/Vojta1-768x520.jpg 768w, https:\/\/sailing-palava.com\/wp-content\/uploads\/2026\/04\/Vojta1-300x203.jpg 300w, https:\/\/sailing-palava.com\/wp-content\/uploads\/2026\/04\/Vojta1-1024x693.jpg 1024w, https:\/\/sailing-palava.com\/wp-content\/uploads\/2026\/04\/Vojta1-1536x1040.jpg 1536w, https:\/\/sailing-palava.com\/wp-content\/uploads\/2026\/04\/Vojta1-2048x1387.jpg 2048w, https:\/\/sailing-palava.com\/wp-content\/uploads\/2026\/04\/Vojta1-18x12.jpg 18w\" sizes=\"(max-width: 640px) 100vw, 640px\" \/><\/a>\n\t\t\t<\/div>\n\t\t\t\t<figcaption class='wp-caption-text gallery-caption' id='gallery-1-4949'>\n\t\t\t\tVojt\u011bch Ko\u0161ka\n\t\t\t\t<\/figcaption><\/figure><figure class='gallery-item'>\n\t\t\t<div class='gallery-icon landscape'>\n\t\t\t\t<a data-elementor-open-lightbox=\"yes\" data-elementor-lightbox-slideshow=\"ab6775c\" data-elementor-lightbox-title=\"Screenshot\" data-e-action-hash=\"#elementor-action%3Aaction%3Dlightbox%26settings%3DeyJpZCI6NDk0NywidXJsIjoiaHR0cHM6XC9cL3NhaWxpbmctcGFsYXZhLmNvbVwvd3AtY29udGVudFwvdXBsb2Fkc1wvMjAyNlwvMDRcL0RvbWluaWthLmpwZyIsInNsaWRlc2hvdyI6ImFiNjc3NWMifQ%3D%3D\" href='https:\/\/sailing-palava.com\/wp-content\/uploads\/2026\/04\/Dominika.jpg'><img loading=\"lazy\" decoding=\"async\" width=\"640\" height=\"425\" src=\"https:\/\/sailing-palava.com\/wp-content\/uploads\/2026\/04\/Dominika-768x510.jpg\" class=\"attachment-medium_large size-medium_large\" alt=\"\" aria-describedby=\"gallery-1-4947\" srcset=\"https:\/\/sailing-palava.com\/wp-content\/uploads\/2026\/04\/Dominika-768x510.jpg 768w, https:\/\/sailing-palava.com\/wp-content\/uploads\/2026\/04\/Dominika-300x199.jpg 300w, https:\/\/sailing-palava.com\/wp-content\/uploads\/2026\/04\/Dominika-1024x680.jpg 1024w, https:\/\/sailing-palava.com\/wp-content\/uploads\/2026\/04\/Dominika-1536x1020.jpg 1536w, https:\/\/sailing-palava.com\/wp-content\/uploads\/2026\/04\/Dominika-2048x1360.jpg 2048w, https:\/\/sailing-palava.com\/wp-content\/uploads\/2026\/04\/Dominika-18x12.jpg 18w\" sizes=\"(max-width: 640px) 100vw, 640px\" \/><\/a>\n\t\t\t<\/div>\n\t\t\t\t<figcaption class='wp-caption-text gallery-caption' id='gallery-1-4947'>\n\t\t\t\tDominka Braunov\u00e1\n\t\t\t\t<\/figcaption><\/figure><figure class='gallery-item'>\n\t\t\t<div class='gallery-icon portrait'>\n\t\t\t\t<a data-elementor-open-lightbox=\"yes\" data-elementor-lightbox-slideshow=\"ab6775c\" data-elementor-lightbox-title=\"WhatsApp Image 2026-04-24 at 16.14.07 (1)\" data-e-action-hash=\"#elementor-action%3Aaction%3Dlightbox%26settings%3DeyJpZCI6NDk1MCwidXJsIjoiaHR0cHM6XC9cL3NhaWxpbmctcGFsYXZhLmNvbVwvd3AtY29udGVudFwvdXBsb2Fkc1wvMjAyNlwvMDRcL1doYXRzQXBwLUltYWdlLTIwMjYtMDQtMjQtYXQtMTYuMTQuMDctMS5qcGVnIiwic2xpZGVzaG93IjoiYWI2Nzc1YyJ9\" href='https:\/\/sailing-palava.com\/wp-content\/uploads\/2026\/04\/WhatsApp-Image-2026-04-24-at-16.14.07-1.jpeg'><img loading=\"lazy\" decoding=\"async\" width=\"640\" height=\"853\" src=\"https:\/\/sailing-palava.com\/wp-content\/uploads\/2026\/04\/WhatsApp-Image-2026-04-24-at-16.14.07-1-768x1024.jpeg\" class=\"attachment-medium_large size-medium_large\" alt=\"\" aria-describedby=\"gallery-1-4950\" srcset=\"https:\/\/sailing-palava.com\/wp-content\/uploads\/2026\/04\/WhatsApp-Image-2026-04-24-at-16.14.07-1-768x1024.jpeg 768w, https:\/\/sailing-palava.com\/wp-content\/uploads\/2026\/04\/WhatsApp-Image-2026-04-24-at-16.14.07-1-225x300.jpeg 225w, https:\/\/sailing-palava.com\/wp-content\/uploads\/2026\/04\/WhatsApp-Image-2026-04-24-at-16.14.07-1-1152x1536.jpeg 1152w, https:\/\/sailing-palava.com\/wp-content\/uploads\/2026\/04\/WhatsApp-Image-2026-04-24-at-16.14.07-1-9x12.jpeg 9w, https:\/\/sailing-palava.com\/wp-content\/uploads\/2026\/04\/WhatsApp-Image-2026-04-24-at-16.14.07-1.jpeg 1200w\" sizes=\"(max-width: 640px) 100vw, 640px\" \/><\/a>\n\t\t\t<\/div>\n\t\t\t\t<figcaption class='wp-caption-text gallery-caption' id='gallery-1-4950'>\n\t\t\t\tVojt\u011bch Ko\u0161ka and crew of 49erFX Zofia Burska and S\u00e1ra Tkadlecov\u00e1\n\t\t\t\t<\/figcaption><\/figure>\n\t\t<\/div>\n\t\t<\/div>\n\t\t\t\t\t\t<\/div>\n\t\t\t\t<\/div>\n\t\t\t\t\t<\/div>\n\t\t<\/div>\n\t\t\t\t\t<\/div>\n\t\t<\/section>\n\t\t\t\t<\/div>","protected":false},"excerpt":{"rendered":"<p>Sv\u011btov\u00fd poh\u00e1r v Hyeres \u00a0 French Olympic Week 20.\u201324. 4. 2026 \u00a0 Ve francouzsk\u00e9m Hyeres se od pond\u011bl\u00ed 20. dubna do p\u00e1tku 24. dubna konal French Olympic Week 2026, druh\u00fd sv\u011btov\u00fd poh\u00e1r jachta\u0159sk\u00fdch olympijsk\u00fdch t\u0159\u00edd. 56. ro\u010dn\u00edk tohoto slavn\u00e9ho z\u00e1vodu hostil v\u00edce ne\u017e 700 lod\u00ed, surf\u016f a kit\u016f z\u00a059 zem\u00ed ve v\u0161ech olympijsk\u00fdch t\u0159\u00edd\u00e1ch. \u010cesk\u00fd&hellip;<\/p>","protected":false},"author":1,"featured_media":4946,"parent":0,"menu_order":0,"comment_status":"closed","ping_status":"closed","template":"","meta":{"footnotes":""},"class_list":["post-4940","page","type-page","status-publish","has-post-thumbnail","hentry"],"_links":{"self":[{"href":"https:\/\/sailing-palava.com\/en\/wp-json\/wp\/v2\/pages\/4940","targetHints":{"allow":["GET"]}}],"collection":[{"href":"https:\/\/sailing-palava.com\/en\/wp-json\/wp\/v2\/pages"}],"about":[{"href":"https:\/\/sailing-palava.com\/en\/wp-json\/wp\/v2\/types\/page"}],"author":[{"embeddable":true,"href":"https:\/\/sailing-palava.com\/en\/wp-json\/wp\/v2\/users\/1"}],"replies":[{"embeddable":true,"href":"https:\/\/sailing-palava.com\/en\/wp-json\/wp\/v2\/comments?post=4940"}],"version-history":[{"count":10,"href":"https:\/\/sailing-palava.com\/en\/wp-json\/wp\/v2\/pages\/4940\/revisions"}],"predecessor-version":[{"id":4957,"href":"https:\/\/sailing-palava.com\/en\/wp-json\/wp\/v2\/pages\/4940\/revisions\/4957"}],"wp:featuredmedia":[{"embeddable":true,"href":"https:\/\/sailing-palava.com\/en\/wp-json\/wp\/v2\/media\/4946"}],"wp:attachment":[{"href":"https:\/\/sailing-palava.com\/en\/wp-json\/wp\/v2\/media?parent=4940"}],"curies":[{"name":"wp","href":"https:\/\/api.w.org\/{rel}","templated":true}]}}